{"id":629,"date":"2022-03-24T11:48:49","date_gmt":"2022-03-24T11:48:49","guid":{"rendered":"https:\/\/organic-in-conversion.com\/la-strada-verso-un-cotone-piu-biologico\/"},"modified":"2022-04-11T08:40:31","modified_gmt":"2022-04-11T08:40:31","slug":"la-strada-verso-un-cotone-piu-biologico","status":"publish","type":"page","link":"https:\/\/organic-in-conversion.com\/it\/la-strada-verso-un-cotone-piu-biologico\/","title":{"rendered":"La strada verso un cotone pi\u00f9 biologico"},"content":{"rendered":"<div class=\"wpb-content-wrapper\"><p>[vc_row row_height_percent=&#8221;0&#8243; override_padding=&#8221;yes&#8221; h_padding=&#8221;2&#8243; top_padding=&#8221;2&#8243; bottom_padding=&#8221;1&#8243; overlay_alpha=&#8221;50&#8243; gutter_size=&#8221;3&#8243; column_width_percent=&#8221;100&#8243; shift_y=&#8221;0&#8243; z_index=&#8221;0&#8243; uncode_shortcode_id=&#8221;168112&#8243;][vc_column width=&#8221;1\/1&#8243;][vc_empty_space empty_h=&#8221;3&#8243;][vc_row_inner][vc_column_inner column_width_percent=&#8221;100&#8243; gutter_size=&#8221;1&#8243; overlay_alpha=&#8221;50&#8243; shift_x=&#8221;0&#8243; shift_y=&#8221;0&#8243; shift_y_down=&#8221;0&#8243; z_index=&#8221;0&#8243; medium_width=&#8221;0&#8243; mobile_width=&#8221;0&#8243; width=&#8221;2\/6&#8243; uncode_shortcode_id=&#8221;270358&#8243;][vc_custom_heading heading_semantic=&#8221;h1&#8243; text_size=&#8221;fontsize-172371&#8243; text_transform=&#8221;uppercase&#8221; uncode_shortcode_id=&#8221;394071&#8243;]IL COTONE BIOLOGICO IN CONVERSIONE, LA STRADA VERSO UN COTONE PI\u00d9 BIOLOGICO[\/vc_custom_heading][\/vc_column_inner][vc_column_inner column_width_percent=&#8221;100&#8243; gutter_size=&#8221;3&#8243; overlay_alpha=&#8221;50&#8243; shift_x=&#8221;0&#8243; shift_y=&#8221;0&#8243; shift_y_down=&#8221;0&#8243; z_index=&#8221;0&#8243; medium_width=&#8221;0&#8243; mobile_visibility=&#8221;yes&#8221; mobile_width=&#8221;0&#8243; width=&#8221;3\/6&#8243; uncode_shortcode_id=&#8221;972815&#8243;][\/vc_column_inner][vc_column_inner column_width_percent=&#8221;100&#8243; position_vertical=&#8221;bottom&#8221; gutter_size=&#8221;3&#8243; overlay_alpha=&#8221;50&#8243; shift_x=&#8221;0&#8243; shift_y=&#8221;0&#8243; shift_y_down=&#8221;0&#8243; z_index=&#8221;0&#8243; medium_width=&#8221;0&#8243; mobile_width=&#8221;0&#8243; width=&#8221;1\/6&#8243; uncode_shortcode_id=&#8221;175373&#8243;][vc_empty_space empty_h=&#8221;0&#8243; desktop_visibility=&#8221;yes&#8221; medium_visibility=&#8221;yes&#8221;][uncode_socials][\/vc_column_inner][\/vc_row_inner][\/vc_column][\/vc_row][vc_row unlock_row_content=&#8221;yes&#8221; row_height_percent=&#8221;0&#8243; overlay_alpha=&#8221;50&#8243; gutter_size=&#8221;3&#8243; column_width_percent=&#8221;100&#8243; shift_y=&#8221;0&#8243; z_index=&#8221;0&#8243; uncode_shortcode_id=&#8221;175269&#8243;][vc_column column_width_percent=&#8221;100&#8243; gutter_size=&#8221;3&#8243; overlay_alpha=&#8221;50&#8243; shift_x=&#8221;0&#8243; shift_y=&#8221;0&#8243; shift_y_down=&#8221;0&#8243; z_index=&#8221;0&#8243; medium_width=&#8221;0&#8243; mobile_width=&#8221;0&#8243; width=&#8221;1\/1&#8243; uncode_shortcode_id=&#8221;113539&#8243; el_id=&#8221;header__intern__image&#8221;][vc_single_image media=&#8221;463&#8243; media_width_percent=&#8221;100&#8243; uncode_shortcode_id=&#8221;156844&#8243;][\/vc_column][\/vc_row][vc_row][vc_column width=&#8221;1\/1&#8243;][vc_row_inner][vc_column_inner width=&#8221;1\/6&#8243;][\/vc_column_inner][vc_column_inner column_width_percent=&#8221;100&#8243; gutter_size=&#8221;2&#8243; overlay_alpha=&#8221;50&#8243; shift_x=&#8221;0&#8243; shift_y=&#8221;0&#8243; shift_y_down=&#8221;0&#8243; z_index=&#8221;0&#8243; medium_width=&#8221;0&#8243; mobile_width=&#8221;0&#8243; width=&#8221;1\/2&#8243; uncode_shortcode_id=&#8221;145349&#8243;][vc_custom_heading text_size=&#8221;fontsize-551415&#8243; text_transform=&#8221;uppercase&#8221; uncode_shortcode_id=&#8221;105702&#8243;]IL MONDO HA BISOGNO DI PI\u00d9 COLTIVAZIONI BIOLOGICHE[\/vc_custom_heading][vc_column_text uncode_shortcode_id=&#8221;140756&#8243;]Di pi\u00f9 cotone biologico. Ecco cosa serve al mondo ed \u00e8 quello che desideriamo noi d B&amp;C. Un&#8217;abbondante fornitura di cotone biologico si traduce in un pianeta pi\u00f9 sano e in migliori condizioni sociali per i coltivatori. E crediamo che la nostra maggiore possibilit\u00e0 per raggiungere questo obiettivo \u00e8 quella di supportare il cotone biologico in conversione, l&#8217;aumento di fibra prodotta dai coltivatori che stanno trasformando la loro coltivazione tradizionale in biologica.<\/p>\n<p>Per anni, la fornitura di cotone biologico \u00e8 rimasta ferma all&#8217;1% della produzione globale di cotone. Non pu\u00f2 aumentare di molto poich\u00e9 i rifornimenti annuali provengono principalmente da piccoli coltivatori che non dispongono di risorse sufficienti per espandere la propria attivit\u00e0 commerciale.<\/p>\n<p>Per ora, il modo pi\u00f9 sicuro per aumentare la produzione di cotone biologico \u00e8 convincere un numero maggiore di coltivatori tradizionali ad intraprendere la produzione biologica. Se solo fosse facile&#8230;[\/vc_column_text][\/vc_column_inner][vc_column_inner column_width_percent=&#8221;100&#8243; gutter_size=&#8221;3&#8243; overlay_alpha=&#8221;50&#8243; shift_x=&#8221;0&#8243; shift_y=&#8221;0&#8243; shift_y_down=&#8221;0&#8243; z_index=&#8221;0&#8243; medium_width=&#8221;0&#8243; mobile_visibility=&#8221;yes&#8221; mobile_width=&#8221;0&#8243; width=&#8221;1\/3&#8243; uncode_shortcode_id=&#8221;100206&#8243;][\/vc_column_inner][\/vc_row_inner][vc_empty_space empty_h=&#8221;2&#8243; mobile_visibility=&#8221;yes&#8221;][vc_row_inner][vc_column_inner column_width_percent=&#8221;100&#8243; gutter_size=&#8221;3&#8243; overlay_alpha=&#8221;50&#8243; shift_x=&#8221;0&#8243; shift_y=&#8221;0&#8243; shift_y_down=&#8221;0&#8243; z_index=&#8221;0&#8243; medium_width=&#8221;0&#8243; mobile_visibility=&#8221;yes&#8221; mobile_width=&#8221;0&#8243; width=&#8221;1\/6&#8243; uncode_shortcode_id=&#8221;782390&#8243;][\/vc_column_inner][vc_column_inner width=&#8221;2\/3&#8243;][vc_single_image media=&#8221;1509&#8243; media_width_percent=&#8221;100&#8243; uncode_shortcode_id=&#8221;347692&#8243;][\/vc_column_inner][vc_column_inner width=&#8221;1\/6&#8243;][\/vc_column_inner][\/vc_row_inner][vc_empty_space empty_h=&#8221;2&#8243;][vc_row_inner][vc_column_inner width=&#8221;1\/2&#8243;][vc_raw_html]PGlmcmFtZSB3aWR0aD0iNTYwIiBoZWlnaHQ9IjMxNSIgc3JjPSJodHRwczovL3d3dy55b3V0dWJlLmNvbS9lbWJlZC96M2Q5RkNpaWE4WSIgdGl0bGU9IllvdVR1YmUgdmlkZW8gcGxheWVyIiBmcmFtZWJvcmRlcj0iMCIgYWxsb3c9ImFjY2VsZXJvbWV0ZXI7IGF1dG9wbGF5OyBjbGlwYm9hcmQtd3JpdGU7IGVuY3J5cHRlZC1tZWRpYTsgZ3lyb3Njb3BlOyBwaWN0dXJlLWluLXBpY3R1cmUiIGFsbG93ZnVsbHNjcmVlbj0iIj48L2lmcmFtZT4=[\/vc_raw_html][\/vc_column_inner][vc_column_inner width=&#8221;1\/12&#8243;][\/vc_column_inner][vc_column_inner column_width_percent=&#8221;100&#8243; position_vertical=&#8221;bottom&#8221; gutter_size=&#8221;2&#8243; overlay_alpha=&#8221;50&#8243; shift_x=&#8221;0&#8243; shift_y=&#8221;0&#8243; shift_y_down=&#8221;0&#8243; z_index=&#8221;0&#8243; medium_width=&#8221;0&#8243; mobile_width=&#8221;0&#8243; width=&#8221;5\/12&#8243; uncode_shortcode_id=&#8221;146859&#8243;][vc_custom_heading text_size=&#8221;fontsize-551415&#8243; text_transform=&#8221;uppercase&#8221; uncode_shortcode_id=&#8221;198647&#8243;]LA STRADA LUNGA E TORTUOSA VERSO LA COLTIVAZIONE BIOLOGICA[\/vc_custom_heading][vc_column_text uncode_shortcode_id=&#8221;289465&#8243;]Per vendere cotone biologico, i coltivatori devono essere certificati. E il processo per ottenere la certificazione biologica \u00e8 molto complesso.<\/p>\n<p>In base ai regolamenti internazionali, i campi di cotone devono essere privi di sostanze chimiche e OGM per tre interi anni prima di essere dichiarati biologici al 100%. E inoltre i pesticidi e i fertilizzanti sintetici sono totalmente vietati dal momento in cui il coltivatore passa a un campo biologico. Per il terreno, \u00e8 come una purificazione chimica. Dopo anni di dipendenza dalle sostanze chimiche, il terreno presenta sintomi da astinenza e produce meno rispetto al passato.<\/p>\n<p>A peggiorare la situazione, il cotone biologico in conversione non pu\u00f2 essere venduto allo stesso prezzo del cotone biologico certificato venduto a un prezzo pi\u00f9 alto. L&#8217;agricoltore deve affrontare i costi elevati di una produzione biologica senza guadagnare gli stessi utili di una fornitura di cotone migliore e pi\u00f9 sostenibile.[\/vc_column_text][\/vc_column_inner][\/vc_row_inner][vc_empty_space empty_h=&#8221;2&#8243;][vc_row_inner][vc_column_inner width=&#8221;1\/6&#8243;][\/vc_column_inner][vc_column_inner column_width_percent=&#8221;100&#8243; gutter_size=&#8221;2&#8243; overlay_alpha=&#8221;50&#8243; shift_x=&#8221;0&#8243; shift_y=&#8221;0&#8243; shift_y_down=&#8221;0&#8243; z_index=&#8221;0&#8243; medium_width=&#8221;0&#8243; mobile_width=&#8221;0&#8243; width=&#8221;5\/12&#8243; uncode_shortcode_id=&#8221;108165&#8243;][vc_custom_heading text_size=&#8221;fontsize-551415&#8243; text_transform=&#8221;uppercase&#8221; uncode_shortcode_id=&#8221;152270&#8243;]IL COTONE BIOLOGICO IN CONVERSIONE \u00c8 LA STRADA DA SEGUIRE[\/vc_custom_heading][vc_column_text uncode_shortcode_id=&#8221;528777&#8243;]I coltivatori hanno bisogno del nostro aiuto per sopravvivere alle difficolt\u00e0 di una transizione verso il cotone biologico. E tutti noi abbiamo bisogno di garantire la nostra fornitura di cotone sostenibile. Sostenere i coltivatori in fase di transizione aggiungendo una differenza di prezzo rispetto al cotone tradizionale \u00e8 l&#8217;unico modo per realizzare questo obiettivo.<\/p>\n<p>Se la conversione alla produzione biologica si dimostra sufficientemente redditizia e gratificante, sempre pi\u00f9 coltivatori di cotone troveranno il coraggio e la motivazione per abbandonare la produzione basata sulla chimica a favore di un&#8217;agricoltura pi\u00f9 sostenibile. E se il mondo guadagna pi\u00f9 coltivatori biologici, non sar\u00e0 solo un vantaggio per la terra, ma anche noi potremo aumentare la disponibilit\u00e0 di cotone biologico.[\/vc_column_text][\/vc_column_inner][vc_column_inner width=&#8221;5\/12&#8243;][\/vc_column_inner][\/vc_row_inner][vc_empty_space empty_h=&#8221;2&#8243;][vc_row_inner][vc_column_inner width=&#8221;1\/12&#8243;][\/vc_column_inner][vc_column_inner width=&#8221;5\/6&#8243;][vc_single_image media=&#8221;924&#8243; media_width_percent=&#8221;100&#8243; uncode_shortcode_id=&#8221;499590&#8243;][\/vc_column_inner][vc_column_inner width=&#8221;1\/12&#8243;][\/vc_column_inner][\/vc_row_inner][vc_empty_space empty_h=&#8221;1&#8243;][\/vc_column][\/vc_row][vc_row unlock_row_content=&#8221;yes&#8221; row_height_percent=&#8221;0&#8243; overlay_alpha=&#8221;60&#8243; gutter_size=&#8221;3&#8243; column_width_percent=&#8221;100&#8243; shift_y=&#8221;0&#8243; z_index=&#8221;0&#8243; uncode_shortcode_id=&#8221;892096&#8243; el_class=&#8221;postblock-large-intern&#8221;][vc_column column_width_percent=&#8221;100&#8243; position_vertical=&#8221;middle&#8221; align_horizontal=&#8221;align_center&#8221; gutter_size=&#8221;2&#8243; back_image=&#8221;476&#8243; back_repeat=&#8221;no-repeat&#8221; overlay_color=&#8221;color-118961&#8243; overlay_alpha=&#8221;60&#8243; shift_x=&#8221;0&#8243; shift_y=&#8221;0&#8243; shift_y_down=&#8221;0&#8243; z_index=&#8221;0&#8243; medium_width=&#8221;0&#8243; mobile_width=&#8221;0&#8243; width=&#8221;1\/1&#8243; uncode_shortcode_id=&#8221;108711&#8243; overlay_color_type=&#8221;uncode-palette&#8221; link_to=&#8221;url:%2Feverything-you-should-know%2F|title:Everything%20you%20should%20know&#8221;][vc_column_text text_color=&#8221;color-xsdn&#8221; uncode_shortcode_id=&#8221;112686&#8243; text_color_type=&#8221;uncode-palette&#8221;]NEXT[\/vc_column_text][vc_custom_heading text_color=&#8221;color-xsdn&#8221; heading_semantic=&#8221;h3&#8243; text_size=&#8221;fontsize-828145&#8243; text_transform=&#8221;uppercase&#8221; uncode_shortcode_id=&#8221;198794&#8243; text_color_type=&#8221;uncode-palette&#8221;]Tutto ci\u00f2 che dovete sapere[\/vc_custom_heading][\/vc_column][\/vc_row]<\/p>\n<\/div>","protected":false},"excerpt":{"rendered":"<p>[vc_row row_height_percent=&#8221;0&#8243; override_padding=&#8221;yes&#8221; h_padding=&#8221;2&#8243; top_padding=&#8221;2&#8243; bottom_padding=&#8221;1&#8243; overlay_alpha=&#8221;50&#8243; gutter_size=&#8221;3&#8243; column_width_percent=&#8221;100&#8243; shift_y=&#8221;0&#8243; z_index=&#8221;0&#8243; uncode_shortcode_id=&#8221;168112&#8243;][vc_column width=&#8221;1\/1&#8243;][vc_empty_space empty_h=&#8221;3&#8243;][vc_row_inner][vc_column_inner column_width_percent=&#8221;100&#8243; gutter_size=&#8221;1&#8243; overlay_alpha=&#8221;50&#8243; shift_x=&#8221;0&#8243; shift_y=&#8221;0&#8243; shift_y_down=&#8221;0&#8243; [&hellip;]<\/p>\n","protected":false},"author":1,"featured_media":467,"parent":0,"menu_order":0,"comment_status":"closed","ping_status":"closed","template":"","meta":{"footnotes":""},"class_list":["post-629","page","type-page","status-publish","has-post-thumbnail","hentry"],"yoast_head":"<!-- This site is optimized with the Yoast SEO plugin v23.1 - https:\/\/yoast.com\/wordpress\/plugins\/seo\/ -->\n<title>La strada verso un cotone pi\u00f9 biologico - Organic in conversion<\/title>\n<meta name=\"description\" content=\"Il mondo ha bisogno di pi\u00f9 coltivatori che producano cotone biologico. Sostenere il cotone in conversione \u00e8 il modo migliore per incoraggiare sempre pi\u00f9 coltivatori a convertirsi all&#039;agricoltura biologica.\" \/>\n<meta name=\"robots\" content=\"index, follow, max-snippet:-1, max-image-preview:large, max-video-preview:-1\" \/>\n<link rel=\"canonical\" href=\"https:\/\/organic-in-conversion.com\/it\/la-strada-verso-un-cotone-piu-biologico\/\" \/>\n<meta property=\"og:locale\" content=\"it_IT\" \/>\n<meta property=\"og:type\" content=\"article\" \/>\n<meta property=\"og:title\" content=\"La strada verso un cotone pi\u00f9 biologico - Organic in conversion\" \/>\n<meta property=\"og:description\" content=\"Il mondo ha bisogno di pi\u00f9 coltivatori che producano cotone biologico. Sostenere il cotone in conversione \u00e8 il modo migliore per incoraggiare sempre pi\u00f9 coltivatori a convertirsi all&#039;agricoltura biologica.\" \/>\n<meta property=\"og:url\" content=\"https:\/\/organic-in-conversion.com\/it\/la-strada-verso-un-cotone-piu-biologico\/\" \/>\n<meta property=\"og:site_name\" content=\"Organic in conversion\" \/>\n<meta property=\"article:modified_time\" content=\"2022-04-11T08:40:31+00:00\" \/>\n<meta property=\"og:image\" content=\"https:\/\/organic-in-conversion.com\/wp-content\/uploads\/2022\/03\/2203_BC_Site_OrganicInConversion_1_way-to-more_header.jpeg\" \/>\n\t<meta property=\"og:image:width\" content=\"1920\" \/>\n\t<meta property=\"og:image:height\" content=\"760\" \/>\n\t<meta property=\"og:image:type\" content=\"image\/jpeg\" \/>\n<meta name=\"twitter:card\" content=\"summary_large_image\" \/>\n<meta name=\"twitter:label1\" content=\"Tempo di lettura stimato\" \/>\n\t<meta name=\"twitter:data1\" content=\"3 minuti\" \/>\n<script type=\"application\/ld+json\" class=\"yoast-schema-graph\">{\"@context\":\"https:\/\/schema.org\",\"@graph\":[{\"@type\":\"WebPage\",\"@id\":\"https:\/\/organic-in-conversion.com\/it\/la-strada-verso-un-cotone-piu-biologico\/\",\"url\":\"https:\/\/organic-in-conversion.com\/it\/la-strada-verso-un-cotone-piu-biologico\/\",\"name\":\"La strada verso un cotone pi\u00f9 biologico - Organic in conversion\",\"isPartOf\":{\"@id\":\"https:\/\/organic-in-conversion.com\/it\/#website\"},\"primaryImageOfPage\":{\"@id\":\"https:\/\/organic-in-conversion.com\/it\/la-strada-verso-un-cotone-piu-biologico\/#primaryimage\"},\"image\":{\"@id\":\"https:\/\/organic-in-conversion.com\/it\/la-strada-verso-un-cotone-piu-biologico\/#primaryimage\"},\"thumbnailUrl\":\"https:\/\/organic-in-conversion.com\/wp-content\/uploads\/2022\/03\/2203_BC_Site_OrganicInConversion_1_way-to-more_header.jpeg\",\"datePublished\":\"2022-03-24T11:48:49+00:00\",\"dateModified\":\"2022-04-11T08:40:31+00:00\",\"description\":\"Il mondo ha bisogno di pi\u00f9 coltivatori che producano cotone biologico. Sostenere il cotone in conversione \u00e8 il modo migliore per incoraggiare sempre pi\u00f9 coltivatori a convertirsi all'agricoltura biologica.\",\"breadcrumb\":{\"@id\":\"https:\/\/organic-in-conversion.com\/it\/la-strada-verso-un-cotone-piu-biologico\/#breadcrumb\"},\"inLanguage\":\"it-IT\",\"potentialAction\":[{\"@type\":\"ReadAction\",\"target\":[\"https:\/\/organic-in-conversion.com\/it\/la-strada-verso-un-cotone-piu-biologico\/\"]}]},{\"@type\":\"ImageObject\",\"inLanguage\":\"it-IT\",\"@id\":\"https:\/\/organic-in-conversion.com\/it\/la-strada-verso-un-cotone-piu-biologico\/#primaryimage\",\"url\":\"https:\/\/organic-in-conversion.com\/wp-content\/uploads\/2022\/03\/2203_BC_Site_OrganicInConversion_1_way-to-more_header.jpeg\",\"contentUrl\":\"https:\/\/organic-in-conversion.com\/wp-content\/uploads\/2022\/03\/2203_BC_Site_OrganicInConversion_1_way-to-more_header.jpeg\",\"width\":1920,\"height\":760},{\"@type\":\"BreadcrumbList\",\"@id\":\"https:\/\/organic-in-conversion.com\/it\/la-strada-verso-un-cotone-piu-biologico\/#breadcrumb\",\"itemListElement\":[{\"@type\":\"ListItem\",\"position\":1,\"name\":\"Home\",\"item\":\"https:\/\/organic-in-conversion.com\/it\/\"},{\"@type\":\"ListItem\",\"position\":2,\"name\":\"La strada verso un cotone pi\u00f9 biologico\"}]},{\"@type\":\"WebSite\",\"@id\":\"https:\/\/organic-in-conversion.com\/it\/#website\",\"url\":\"https:\/\/organic-in-conversion.com\/it\/\",\"name\":\"Organic in conversion\",\"description\":\"\",\"potentialAction\":[{\"@type\":\"SearchAction\",\"target\":{\"@type\":\"EntryPoint\",\"urlTemplate\":\"https:\/\/organic-in-conversion.com\/it\/?s={search_term_string}\"},\"query-input\":\"required name=search_term_string\"}],\"inLanguage\":\"it-IT\"}]}<\/script>\n<!-- \/ Yoast SEO plugin. -->","yoast_head_json":{"title":"La strada verso un cotone pi\u00f9 biologico - Organic in conversion","description":"Il mondo ha bisogno di pi\u00f9 coltivatori che producano cotone biologico. Sostenere il cotone in conversione \u00e8 il modo migliore per incoraggiare sempre pi\u00f9 coltivatori a convertirsi all'agricoltura biologica.","robots":{"index":"index","follow":"follow","max-snippet":"max-snippet:-1","max-image-preview":"max-image-preview:large","max-video-preview":"max-video-preview:-1"},"canonical":"https:\/\/organic-in-conversion.com\/it\/la-strada-verso-un-cotone-piu-biologico\/","og_locale":"it_IT","og_type":"article","og_title":"La strada verso un cotone pi\u00f9 biologico - Organic in conversion","og_description":"Il mondo ha bisogno di pi\u00f9 coltivatori che producano cotone biologico. Sostenere il cotone in conversione \u00e8 il modo migliore per incoraggiare sempre pi\u00f9 coltivatori a convertirsi all'agricoltura biologica.","og_url":"https:\/\/organic-in-conversion.com\/it\/la-strada-verso-un-cotone-piu-biologico\/","og_site_name":"Organic in conversion","article_modified_time":"2022-04-11T08:40:31+00:00","og_image":[{"width":1920,"height":760,"url":"https:\/\/organic-in-conversion.com\/wp-content\/uploads\/2022\/03\/2203_BC_Site_OrganicInConversion_1_way-to-more_header.jpeg","type":"image\/jpeg"}],"twitter_card":"summary_large_image","twitter_misc":{"Tempo di lettura stimato":"3 minuti"},"schema":{"@context":"https:\/\/schema.org","@graph":[{"@type":"WebPage","@id":"https:\/\/organic-in-conversion.com\/it\/la-strada-verso-un-cotone-piu-biologico\/","url":"https:\/\/organic-in-conversion.com\/it\/la-strada-verso-un-cotone-piu-biologico\/","name":"La strada verso un cotone pi\u00f9 biologico - Organic in conversion","isPartOf":{"@id":"https:\/\/organic-in-conversion.com\/it\/#website"},"primaryImageOfPage":{"@id":"https:\/\/organic-in-conversion.com\/it\/la-strada-verso-un-cotone-piu-biologico\/#primaryimage"},"image":{"@id":"https:\/\/organic-in-conversion.com\/it\/la-strada-verso-un-cotone-piu-biologico\/#primaryimage"},"thumbnailUrl":"https:\/\/organic-in-conversion.com\/wp-content\/uploads\/2022\/03\/2203_BC_Site_OrganicInConversion_1_way-to-more_header.jpeg","datePublished":"2022-03-24T11:48:49+00:00","dateModified":"2022-04-11T08:40:31+00:00","description":"Il mondo ha bisogno di pi\u00f9 coltivatori che producano cotone biologico. Sostenere il cotone in conversione \u00e8 il modo migliore per incoraggiare sempre pi\u00f9 coltivatori a convertirsi all'agricoltura biologica.","breadcrumb":{"@id":"https:\/\/organic-in-conversion.com\/it\/la-strada-verso-un-cotone-piu-biologico\/#breadcrumb"},"inLanguage":"it-IT","potentialAction":[{"@type":"ReadAction","target":["https:\/\/organic-in-conversion.com\/it\/la-strada-verso-un-cotone-piu-biologico\/"]}]},{"@type":"ImageObject","inLanguage":"it-IT","@id":"https:\/\/organic-in-conversion.com\/it\/la-strada-verso-un-cotone-piu-biologico\/#primaryimage","url":"https:\/\/organic-in-conversion.com\/wp-content\/uploads\/2022\/03\/2203_BC_Site_OrganicInConversion_1_way-to-more_header.jpeg","contentUrl":"https:\/\/organic-in-conversion.com\/wp-content\/uploads\/2022\/03\/2203_BC_Site_OrganicInConversion_1_way-to-more_header.jpeg","width":1920,"height":760},{"@type":"BreadcrumbList","@id":"https:\/\/organic-in-conversion.com\/it\/la-strada-verso-un-cotone-piu-biologico\/#breadcrumb","itemListElement":[{"@type":"ListItem","position":1,"name":"Home","item":"https:\/\/organic-in-conversion.com\/it\/"},{"@type":"ListItem","position":2,"name":"La strada verso un cotone pi\u00f9 biologico"}]},{"@type":"WebSite","@id":"https:\/\/organic-in-conversion.com\/it\/#website","url":"https:\/\/organic-in-conversion.com\/it\/","name":"Organic in conversion","description":"","potentialAction":[{"@type":"SearchAction","target":{"@type":"EntryPoint","urlTemplate":"https:\/\/organic-in-conversion.com\/it\/?s={search_term_string}"},"query-input":"required name=search_term_string"}],"inLanguage":"it-IT"}]}},"_links":{"self":[{"href":"https:\/\/organic-in-conversion.com\/it\/wp-json\/wp\/v2\/pages\/629","targetHints":{"allow":["GET"]}}],"collection":[{"href":"https:\/\/organic-in-conversion.com\/it\/wp-json\/wp\/v2\/pages"}],"about":[{"href":"https:\/\/organic-in-conversion.com\/it\/wp-json\/wp\/v2\/types\/page"}],"author":[{"embeddable":true,"href":"https:\/\/organic-in-conversion.com\/it\/wp-json\/wp\/v2\/users\/1"}],"replies":[{"embeddable":true,"href":"https:\/\/organic-in-conversion.com\/it\/wp-json\/wp\/v2\/comments?post=629"}],"version-history":[{"count":17,"href":"https:\/\/organic-in-conversion.com\/it\/wp-json\/wp\/v2\/pages\/629\/revisions"}],"predecessor-version":[{"id":1515,"href":"https:\/\/organic-in-conversion.com\/it\/wp-json\/wp\/v2\/pages\/629\/revisions\/1515"}],"wp:featuredmedia":[{"embeddable":true,"href":"https:\/\/organic-in-conversion.com\/it\/wp-json\/wp\/v2\/media\/467"}],"wp:attachment":[{"href":"https:\/\/organic-in-conversion.com\/it\/wp-json\/wp\/v2\/media?parent=629"}],"curies":[{"name":"wp","href":"https:\/\/api.w.org\/{rel}","templated":true}]}}