{"id":614,"date":"2022-03-24T11:48:03","date_gmt":"2022-03-24T11:48:03","guid":{"rendered":"https:\/\/organic-in-conversion.com\/perche-noi-di-bc-siamo-impegnati-per-il-cotone-biologico-in-conversione\/"},"modified":"2022-04-11T08:09:28","modified_gmt":"2022-04-11T08:09:28","slug":"perche-noi-di-bc-siamo-impegnati-per-il-cotone-biologico-in-conversione","status":"publish","type":"page","link":"https:\/\/organic-in-conversion.com\/it\/perche-noi-di-bc-siamo-impegnati-per-il-cotone-biologico-in-conversione\/","title":{"rendered":"Il cotone biologico ha bisogno di un po&#8217; di aiuto"},"content":{"rendered":"<div class=\"wpb-content-wrapper\"><p>[vc_row row_height_percent=&#8221;0&#8243; override_padding=&#8221;yes&#8221; h_padding=&#8221;2&#8243; top_padding=&#8221;2&#8243; bottom_padding=&#8221;1&#8243; overlay_alpha=&#8221;50&#8243; gutter_size=&#8221;3&#8243; column_width_percent=&#8221;100&#8243; shift_y=&#8221;0&#8243; z_index=&#8221;0&#8243; uncode_shortcode_id=&#8221;168112&#8243;][vc_column width=&#8221;1\/1&#8243;][vc_empty_space empty_h=&#8221;3&#8243;][vc_row_inner][vc_column_inner column_width_percent=&#8221;100&#8243; gutter_size=&#8221;1&#8243; overlay_alpha=&#8221;50&#8243; shift_x=&#8221;0&#8243; shift_y=&#8221;0&#8243; shift_y_down=&#8221;0&#8243; z_index=&#8221;0&#8243; medium_width=&#8221;0&#8243; mobile_width=&#8221;0&#8243; width=&#8221;2\/6&#8243; uncode_shortcode_id=&#8221;270358&#8243;][vc_custom_heading heading_semantic=&#8221;h1&#8243; text_size=&#8221;fontsize-172371&#8243; text_transform=&#8221;uppercase&#8221; uncode_shortcode_id=&#8221;480253&#8243;]Perch\u00e9 B&amp;C si sta orientando verso il cotone biologico in conversione?[\/vc_custom_heading][\/vc_column_inner][vc_column_inner column_width_percent=&#8221;100&#8243; gutter_size=&#8221;3&#8243; overlay_alpha=&#8221;50&#8243; shift_x=&#8221;0&#8243; shift_y=&#8221;0&#8243; shift_y_down=&#8221;0&#8243; z_index=&#8221;0&#8243; medium_width=&#8221;0&#8243; mobile_visibility=&#8221;yes&#8221; mobile_width=&#8221;0&#8243; width=&#8221;3\/6&#8243; uncode_shortcode_id=&#8221;584271&#8243;][\/vc_column_inner][vc_column_inner column_width_percent=&#8221;100&#8243; position_vertical=&#8221;bottom&#8221; gutter_size=&#8221;3&#8243; overlay_alpha=&#8221;50&#8243; shift_x=&#8221;0&#8243; shift_y=&#8221;0&#8243; shift_y_down=&#8221;0&#8243; z_index=&#8221;0&#8243; medium_width=&#8221;0&#8243; mobile_width=&#8221;0&#8243; width=&#8221;1\/6&#8243; uncode_shortcode_id=&#8221;175373&#8243;][vc_empty_space empty_h=&#8221;0&#8243;][uncode_socials][\/vc_column_inner][\/vc_row_inner][\/vc_column][\/vc_row][vc_row unlock_row_content=&#8221;yes&#8221; row_height_percent=&#8221;0&#8243; overlay_alpha=&#8221;50&#8243; gutter_size=&#8221;3&#8243; column_width_percent=&#8221;100&#8243; shift_y=&#8221;0&#8243; z_index=&#8221;0&#8243; mobile_visibility=&#8221;yes&#8221; uncode_shortcode_id=&#8221;161744&#8243;][vc_column column_width_percent=&#8221;100&#8243; gutter_size=&#8221;3&#8243; overlay_alpha=&#8221;50&#8243; shift_x=&#8221;0&#8243; shift_y=&#8221;0&#8243; shift_y_down=&#8221;0&#8243; z_index=&#8221;0&#8243; medium_width=&#8221;0&#8243; mobile_width=&#8221;0&#8243; width=&#8221;1\/1&#8243; uncode_shortcode_id=&#8221;343403&#8243; el_id=&#8221;header__intern__image&#8221;][vc_single_image dynamic=&#8221;yes&#8221; media_width_percent=&#8221;100&#8243; uncode_shortcode_id=&#8221;181252&#8243;][\/vc_column][\/vc_row][vc_row unlock_row_content=&#8221;yes&#8221; row_height_percent=&#8221;0&#8243; override_padding=&#8221;yes&#8221; h_padding=&#8221;0&#8243; top_padding=&#8221;2&#8243; bottom_padding=&#8221;2&#8243; overlay_alpha=&#8221;50&#8243; gutter_size=&#8221;3&#8243; column_width_percent=&#8221;100&#8243; shift_y=&#8221;0&#8243; z_index=&#8221;0&#8243; desktop_visibility=&#8221;yes&#8221; medium_visibility=&#8221;yes&#8221; uncode_shortcode_id=&#8221;159907&#8243;][vc_column column_width_percent=&#8221;100&#8243; gutter_size=&#8221;3&#8243; overlay_alpha=&#8221;50&#8243; shift_x=&#8221;0&#8243; shift_y=&#8221;0&#8243; shift_y_down=&#8221;0&#8243; z_index=&#8221;0&#8243; medium_width=&#8221;0&#8243; mobile_width=&#8221;0&#8243; width=&#8221;1\/1&#8243; uncode_shortcode_id=&#8221;343403&#8243; el_id=&#8221;header__intern__image&#8221;][vc_single_image dynamic=&#8221;yes&#8221; dynamic_source=&#8221;secondary&#8221; media_width_percent=&#8221;100&#8243; uncode_shortcode_id=&#8221;544737&#8243;][\/vc_column][\/vc_row][vc_row][vc_column width=&#8221;1\/1&#8243;][vc_row_inner][vc_column_inner width=&#8221;1\/6&#8243;][\/vc_column_inner][vc_column_inner column_width_percent=&#8221;100&#8243; gutter_size=&#8221;2&#8243; overlay_alpha=&#8221;50&#8243; shift_x=&#8221;0&#8243; shift_y=&#8221;0&#8243; shift_y_down=&#8221;0&#8243; z_index=&#8221;0&#8243; medium_width=&#8221;0&#8243; mobile_width=&#8221;0&#8243; width=&#8221;1\/2&#8243; uncode_shortcode_id=&#8221;145349&#8243;][vc_custom_heading text_size=&#8221;fontsize-551415&#8243; text_transform=&#8221;uppercase&#8221; uncode_shortcode_id=&#8221;114196&#8243;]Il cotone biologico ha bisogno di un po&#8217; di aiuto[\/vc_custom_heading][vc_column_text uncode_shortcode_id=&#8221;793303&#8243;]C&#8217;\u00e8 stato un tempo in cui tutti noi abbiamo pensato che il cotone biologico fosse la chiave per promuovere una maggiore sostenibilit\u00e0. Numerosi marchi di abbigliamento e di etichette di moda hanno accolto il cotone biologico come se fosse la soluzione vincente, e anche noi.<\/p>\n<p>Sei anni fa, B&amp;C Collection ha introdotto una linea di prodotti realizzati in cotone biologico. A quel tempo, ci sembrava la decisione migliore ed eravamo desiderosi di agire in linea con il nostro impegno verso la sostenibilit\u00e0 ambientale, sociale ed economica. Ma presto \u00e8 risultato evidente che il cotone biologico da solo non era la soluzione.<\/p>\n<p>Non per colpa del cotone biologico, per il quale la richiesta era in costante crescita, ma perch\u00e9 la sua fornitura rimaneva al di sotto dell&#8217;1% della produzione globale di cotone. A chi non piacerebbe il cotone biologico? \u00c8 il frutto di una crescita salutare e di una buona coltivazione. Ma il periodo di transizione \u00e8 cos\u00ec difficile per i coltivatori di cotone che soli pochi sono in grado di affrontare questo percorso.<\/p>\n<p>Oggi il 99% di loro utilizza tuttora i vecchi metodi di coltivazione tradizionale.<\/p>\n<p>Anche se la coltivazione biologica aumenta di anno in anno, la produzione tradizionale continua ad essere nettamente superiore. Il cotone biologico non pu\u00f2 stare al passo, mettendo a rischio l&#8217;intera filiera. Ha chiaramente bisogno di un aiuto da parte dei brand nel promuovere la causa della sostenibilit\u00e0. Perci\u00f2 noi di B&amp;C abbiamo preso una decisione: impegnarci sul percorso del cotone in conversione.[\/vc_column_text][\/vc_column_inner][vc_column_inner width=&#8221;1\/3&#8243;][\/vc_column_inner][\/vc_row_inner][vc_empty_space empty_h=&#8221;2&#8243; mobile_visibility=&#8221;yes&#8221;][vc_row_inner][vc_column_inner column_width_percent=&#8221;100&#8243; gutter_size=&#8221;3&#8243; overlay_alpha=&#8221;50&#8243; shift_x=&#8221;0&#8243; shift_y=&#8221;0&#8243; shift_y_down=&#8221;0&#8243; z_index=&#8221;0&#8243; medium_width=&#8221;0&#8243; mobile_visibility=&#8221;yes&#8221; mobile_width=&#8221;0&#8243; width=&#8221;1\/6&#8243; uncode_shortcode_id=&#8221;198517&#8243;][\/vc_column_inner][vc_column_inner width=&#8221;2\/3&#8243;][vc_single_image media=&#8221;1315&#8243; media_width_percent=&#8221;100&#8243; uncode_shortcode_id=&#8221;174693&#8243;][\/vc_column_inner][vc_column_inner width=&#8221;1\/6&#8243;][\/vc_column_inner][\/vc_row_inner][vc_empty_space empty_h=&#8221;2&#8243;][vc_row_inner][vc_column_inner column_width_percent=&#8221;100&#8243; gutter_size=&#8221;3&#8243; overlay_alpha=&#8221;50&#8243; shift_x=&#8221;0&#8243; shift_y=&#8221;0&#8243; shift_y_down=&#8221;0&#8243; z_index=&#8221;0&#8243; medium_width=&#8221;0&#8243; mobile_visibility=&#8221;yes&#8221; mobile_width=&#8221;0&#8243; width=&#8221;1\/2&#8243; uncode_shortcode_id=&#8221;211073&#8243;][vc_single_image media=&#8221;1321&#8243; media_width_percent=&#8221;100&#8243; uncode_shortcode_id=&#8221;213784&#8243;][\/vc_column_inner][vc_column_inner width=&#8221;1\/12&#8243;][\/vc_column_inner][vc_column_inner column_width_percent=&#8221;100&#8243; position_vertical=&#8221;bottom&#8221; gutter_size=&#8221;2&#8243; overlay_alpha=&#8221;50&#8243; shift_x=&#8221;0&#8243; shift_y=&#8221;0&#8243; shift_y_down=&#8221;0&#8243; z_index=&#8221;0&#8243; medium_width=&#8221;0&#8243; mobile_width=&#8221;0&#8243; width=&#8221;5\/12&#8243; uncode_shortcode_id=&#8221;655484&#8243;][vc_custom_heading text_size=&#8221;fontsize-551415&#8243; text_transform=&#8221;uppercase&#8221; uncode_shortcode_id=&#8221;489575&#8243;]Cos&#8217;\u00e8 il cotone biologico in conversione?<\/p>\n<p>[\/vc_custom_heading][vc_column_text uncode_shortcode_id=&#8221;747895&#8243;]Il cotone biologico in conversione \u00e8 la fibra prodotta dai coltivatori durante la transizione dalla coltivazione tradizionale a quella biologica. Per ottenere la certificazione biologica, i coltivatori di cotone devono rispettare tutte le regole dell&#8217;agricoltura biologica e astenersi dall&#8217;uso di prodotti chimici o OGM dall&#8217;inizio alla fine per un periodo di transizione di 3 anni. Questo cotone \u00e8 sostenibile esattamente come il cotone biologico e certificato come biologico in conversione.[\/vc_column_text][\/vc_column_inner][\/vc_row_inner][vc_empty_space empty_h=&#8221;2&#8243;][vc_row_inner][vc_column_inner column_width_percent=&#8221;100&#8243; gutter_size=&#8221;3&#8243; overlay_alpha=&#8221;50&#8243; shift_x=&#8221;0&#8243; shift_y=&#8221;0&#8243; shift_y_down=&#8221;0&#8243; z_index=&#8221;0&#8243; desktop_visibility=&#8221;yes&#8221; medium_visibility=&#8221;yes&#8221; medium_width=&#8221;0&#8243; mobile_width=&#8221;0&#8243; width=&#8221;1\/1&#8243; uncode_shortcode_id=&#8221;627494&#8243;][vc_single_image media=&#8221;1321&#8243; media_width_percent=&#8221;100&#8243; uncode_shortcode_id=&#8221;198845&#8243;][\/vc_column_inner][\/vc_row_inner][vc_empty_space empty_h=&#8221;2&#8243;][vc_row_inner][vc_column_inner width=&#8221;1\/6&#8243;][\/vc_column_inner][vc_column_inner column_width_percent=&#8221;100&#8243; gutter_size=&#8221;2&#8243; overlay_alpha=&#8221;50&#8243; shift_x=&#8221;0&#8243; shift_y=&#8221;0&#8243; shift_y_down=&#8221;0&#8243; z_index=&#8221;0&#8243; medium_width=&#8221;0&#8243; mobile_width=&#8221;0&#8243; width=&#8221;5\/12&#8243; uncode_shortcode_id=&#8221;108165&#8243;][vc_custom_heading text_size=&#8221;fontsize-551415&#8243; text_transform=&#8221;uppercase&#8221; uncode_shortcode_id=&#8221;164790&#8243;]Per una sostenibilit\u00e0 autentica e durevole[\/vc_custom_heading][vc_column_text uncode_shortcode_id=&#8221;272164&#8243;]Il nostro obiettivo a lungo termine \u00e8 di invertire i numeri e spostare l&#8217;ago della bilancia a favore della coltivazione biologica. E crediamo che l&#8217;unico modo per raggiungere questo obiettivo sia supportare i coltivatori che oggi stanno passando all&#8217;agricoltura biologica.<\/p>\n<p>La certificazione biologica \u00e8 soggetta a un processo lungo e rigoroso che pu\u00f2 stravolgere il mondo di un coltivatore. Per ottenere la certificazione, i produttori di cotone devono evitare per tre anni l&#8217;impiego di prodotti chimici e OGM sui loro terreni. In questo periodo, il raccolto potrebbe diminuire a causa dei cambiamenti drastici e i coltivatori potrebbero perdere ingenti guadagni.<\/p>\n<p>Il nostro impegno verso la sostenibilit\u00e0 sociale, ambientale ed economica ci spinge a intervenire. Con il nostro sostegno al cotone biologico in conversione, oltre che al cotone biologico, la nostra speranza \u00e8 che sempre pi\u00f9 coltivatori si convertano alla coltivazione biologica, che l&#8217;agricoltura basata sulla chimica diminuisca e che il cotone biologico diventi accessibile, come era previsto.[\/vc_column_text][\/vc_column_inner][vc_column_inner width=&#8221;5\/12&#8243;][\/vc_column_inner][\/vc_row_inner][vc_empty_space empty_h=&#8221;2&#8243;][vc_row_inner][vc_column_inner width=&#8221;1\/12&#8243;][\/vc_column_inner][vc_column_inner width=&#8221;5\/6&#8243;][vc_raw_html]PGlmcmFtZSB3aWR0aD0iNTYwIiBoZWlnaHQ9IjUwMCIgc3JjPSJodHRwczovL3d3dy55b3V0dWJlLmNvbS9lbWJlZC9BWjBRblNiTlVpTSIgdGl0bGU9IllvdVR1YmUgdmlkZW8gcGxheWVyIiBmcmFtZWJvcmRlcj0iMCIgYWxsb3c9ImFjY2VsZXJvbWV0ZXI7IGF1dG9wbGF5OyBjbGlwYm9hcmQtd3JpdGU7IGVuY3J5cHRlZC1tZWRpYTsgZ3lyb3Njb3BlOyBwaWN0dXJlLWluLXBpY3R1cmUiIGFsbG93ZnVsbHNjcmVlbj0iIj48L2lmcmFtZT4=[\/vc_raw_html][\/vc_column_inner][vc_column_inner width=&#8221;1\/12&#8243;][\/vc_column_inner][\/vc_row_inner][vc_empty_space empty_h=&#8221;1&#8243;][\/vc_column][\/vc_row][vc_row unlock_row_content=&#8221;yes&#8221; row_height_percent=&#8221;0&#8243; overlay_alpha=&#8221;60&#8243; gutter_size=&#8221;3&#8243; column_width_percent=&#8221;100&#8243; shift_y=&#8221;0&#8243; z_index=&#8221;0&#8243; uncode_shortcode_id=&#8221;892096&#8243; el_class=&#8221;postblock-large-intern&#8221;][vc_column column_width_percent=&#8221;100&#8243; position_vertical=&#8221;middle&#8221; align_horizontal=&#8221;align_center&#8221; gutter_size=&#8221;2&#8243; back_image=&#8221;97&#8243; back_repeat=&#8221;no-repeat&#8221; overlay_color=&#8221;color-118961&#8243; overlay_alpha=&#8221;75&#8243; shift_x=&#8221;0&#8243; shift_y=&#8221;0&#8243; shift_y_down=&#8221;0&#8243; z_index=&#8221;0&#8243; medium_width=&#8221;0&#8243; mobile_width=&#8221;0&#8243; width=&#8221;1\/1&#8243; uncode_shortcode_id=&#8221;147343&#8243; overlay_color_type=&#8221;uncode-palette&#8221; link_to=&#8221;url:%2Ffor-you-for-what%2F|title:For%20you%2C%20For%20what&#8221;][vc_column_text text_color=&#8221;color-xsdn&#8221; uncode_shortcode_id=&#8221;112686&#8243; text_color_type=&#8221;uncode-palette&#8221;]NEXT[\/vc_column_text][vc_custom_heading text_color=&#8221;color-xsdn&#8221; heading_semantic=&#8221;h3&#8243; text_size=&#8221;fontsize-828145&#8243; text_transform=&#8221;uppercase&#8221; uncode_shortcode_id=&#8221;157053&#8243; text_color_type=&#8221;uncode-palette&#8221;]PER VOI, PER TUTTO[\/vc_custom_heading][\/vc_column][\/vc_row]<\/p>\n<\/div>","protected":false},"excerpt":{"rendered":"<p>[vc_row row_height_percent=&#8221;0&#8243; override_padding=&#8221;yes&#8221; h_padding=&#8221;2&#8243; top_padding=&#8221;2&#8243; bottom_padding=&#8221;1&#8243; overlay_alpha=&#8221;50&#8243; gutter_size=&#8221;3&#8243; column_width_percent=&#8221;100&#8243; shift_y=&#8221;0&#8243; z_index=&#8221;0&#8243; uncode_shortcode_id=&#8221;168112&#8243;][vc_column width=&#8221;1\/1&#8243;][vc_empty_space empty_h=&#8221;3&#8243;][vc_row_inner][vc_column_inner column_width_percent=&#8221;100&#8243; gutter_size=&#8221;1&#8243; overlay_alpha=&#8221;50&#8243; shift_x=&#8221;0&#8243; shift_y=&#8221;0&#8243; shift_y_down=&#8221;0&#8243; [&hellip;]<\/p>\n","protected":false},"author":1,"featured_media":427,"parent":0,"menu_order":0,"comment_status":"closed","ping_status":"closed","template":"","meta":{"footnotes":""},"class_list":["post-614","page","type-page","status-publish","has-post-thumbnail","hentry"],"yoast_head":"<!-- This site is optimized with the Yoast SEO plugin v23.1 - https:\/\/yoast.com\/wordpress\/plugins\/seo\/ -->\n<title>Il cotone biologico ha bisogno di un po&#039; di aiuto - Organic in conversion<\/title>\n<meta name=\"description\" content=\"Le immagini parlano da sole: la produzione mondiale di cotone biologico \u00e8 insufficiente a soddisfare la richiesta. In B&amp;C abbiamo trovato un&#039;alternativa altrettanto sostenibile: il cotone biologico in conversione.\" \/>\n<meta name=\"robots\" content=\"index, follow, max-snippet:-1, max-image-preview:large, max-video-preview:-1\" \/>\n<link rel=\"canonical\" href=\"https:\/\/organic-in-conversion.com\/it\/perche-noi-di-bc-siamo-impegnati-per-il-cotone-biologico-in-conversione\/\" \/>\n<meta property=\"og:locale\" content=\"it_IT\" \/>\n<meta property=\"og:type\" content=\"article\" \/>\n<meta property=\"og:title\" content=\"Il cotone biologico ha bisogno di un po&#039; di aiuto - Organic in conversion\" \/>\n<meta property=\"og:description\" content=\"Le immagini parlano da sole: la produzione mondiale di cotone biologico \u00e8 insufficiente a soddisfare la richiesta. In B&amp;C abbiamo trovato un&#039;alternativa altrettanto sostenibile: il cotone biologico in conversione.\" \/>\n<meta property=\"og:url\" content=\"https:\/\/organic-in-conversion.com\/it\/perche-noi-di-bc-siamo-impegnati-per-il-cotone-biologico-in-conversione\/\" \/>\n<meta property=\"og:site_name\" content=\"Organic in conversion\" \/>\n<meta property=\"article:modified_time\" content=\"2022-04-11T08:09:28+00:00\" \/>\n<meta property=\"og:image\" content=\"https:\/\/organic-in-conversion.com\/wp-content\/uploads\/2022\/03\/WHY-DID-BC-ENGAGE-IN-ORGANIC-IN-CONVERSION.jpeg\" \/>\n\t<meta property=\"og:image:width\" content=\"1920\" \/>\n\t<meta property=\"og:image:height\" content=\"760\" \/>\n\t<meta property=\"og:image:type\" content=\"image\/jpeg\" \/>\n<meta name=\"twitter:card\" content=\"summary_large_image\" \/>\n<meta name=\"twitter:label1\" content=\"Tempo di lettura stimato\" \/>\n\t<meta name=\"twitter:data1\" content=\"4 minuti\" \/>\n<script type=\"application\/ld+json\" class=\"yoast-schema-graph\">{\"@context\":\"https:\/\/schema.org\",\"@graph\":[{\"@type\":\"WebPage\",\"@id\":\"https:\/\/organic-in-conversion.com\/it\/perche-noi-di-bc-siamo-impegnati-per-il-cotone-biologico-in-conversione\/\",\"url\":\"https:\/\/organic-in-conversion.com\/it\/perche-noi-di-bc-siamo-impegnati-per-il-cotone-biologico-in-conversione\/\",\"name\":\"Il cotone biologico ha bisogno di un po' di aiuto - Organic in conversion\",\"isPartOf\":{\"@id\":\"https:\/\/organic-in-conversion.com\/it\/#website\"},\"primaryImageOfPage\":{\"@id\":\"https:\/\/organic-in-conversion.com\/it\/perche-noi-di-bc-siamo-impegnati-per-il-cotone-biologico-in-conversione\/#primaryimage\"},\"image\":{\"@id\":\"https:\/\/organic-in-conversion.com\/it\/perche-noi-di-bc-siamo-impegnati-per-il-cotone-biologico-in-conversione\/#primaryimage\"},\"thumbnailUrl\":\"https:\/\/organic-in-conversion.com\/wp-content\/uploads\/2022\/03\/WHY-DID-BC-ENGAGE-IN-ORGANIC-IN-CONVERSION.jpeg\",\"datePublished\":\"2022-03-24T11:48:03+00:00\",\"dateModified\":\"2022-04-11T08:09:28+00:00\",\"description\":\"Le immagini parlano da sole: la produzione mondiale di cotone biologico \u00e8 insufficiente a soddisfare la richiesta. In B&C abbiamo trovato un'alternativa altrettanto sostenibile: il cotone biologico in conversione.\",\"breadcrumb\":{\"@id\":\"https:\/\/organic-in-conversion.com\/it\/perche-noi-di-bc-siamo-impegnati-per-il-cotone-biologico-in-conversione\/#breadcrumb\"},\"inLanguage\":\"it-IT\",\"potentialAction\":[{\"@type\":\"ReadAction\",\"target\":[\"https:\/\/organic-in-conversion.com\/it\/perche-noi-di-bc-siamo-impegnati-per-il-cotone-biologico-in-conversione\/\"]}]},{\"@type\":\"ImageObject\",\"inLanguage\":\"it-IT\",\"@id\":\"https:\/\/organic-in-conversion.com\/it\/perche-noi-di-bc-siamo-impegnati-per-il-cotone-biologico-in-conversione\/#primaryimage\",\"url\":\"https:\/\/organic-in-conversion.com\/wp-content\/uploads\/2022\/03\/WHY-DID-BC-ENGAGE-IN-ORGANIC-IN-CONVERSION.jpeg\",\"contentUrl\":\"https:\/\/organic-in-conversion.com\/wp-content\/uploads\/2022\/03\/WHY-DID-BC-ENGAGE-IN-ORGANIC-IN-CONVERSION.jpeg\",\"width\":1920,\"height\":760},{\"@type\":\"BreadcrumbList\",\"@id\":\"https:\/\/organic-in-conversion.com\/it\/perche-noi-di-bc-siamo-impegnati-per-il-cotone-biologico-in-conversione\/#breadcrumb\",\"itemListElement\":[{\"@type\":\"ListItem\",\"position\":1,\"name\":\"Home\",\"item\":\"https:\/\/organic-in-conversion.com\/it\/\"},{\"@type\":\"ListItem\",\"position\":2,\"name\":\"Il cotone biologico ha bisogno di un po&#8217; di aiuto\"}]},{\"@type\":\"WebSite\",\"@id\":\"https:\/\/organic-in-conversion.com\/it\/#website\",\"url\":\"https:\/\/organic-in-conversion.com\/it\/\",\"name\":\"Organic in conversion\",\"description\":\"\",\"potentialAction\":[{\"@type\":\"SearchAction\",\"target\":{\"@type\":\"EntryPoint\",\"urlTemplate\":\"https:\/\/organic-in-conversion.com\/it\/?s={search_term_string}\"},\"query-input\":\"required name=search_term_string\"}],\"inLanguage\":\"it-IT\"}]}<\/script>\n<!-- \/ Yoast SEO plugin. -->","yoast_head_json":{"title":"Il cotone biologico ha bisogno di un po' di aiuto - Organic in conversion","description":"Le immagini parlano da sole: la produzione mondiale di cotone biologico \u00e8 insufficiente a soddisfare la richiesta. In B&C abbiamo trovato un'alternativa altrettanto sostenibile: il cotone biologico in conversione.","robots":{"index":"index","follow":"follow","max-snippet":"max-snippet:-1","max-image-preview":"max-image-preview:large","max-video-preview":"max-video-preview:-1"},"canonical":"https:\/\/organic-in-conversion.com\/it\/perche-noi-di-bc-siamo-impegnati-per-il-cotone-biologico-in-conversione\/","og_locale":"it_IT","og_type":"article","og_title":"Il cotone biologico ha bisogno di un po' di aiuto - Organic in conversion","og_description":"Le immagini parlano da sole: la produzione mondiale di cotone biologico \u00e8 insufficiente a soddisfare la richiesta. In B&C abbiamo trovato un'alternativa altrettanto sostenibile: il cotone biologico in conversione.","og_url":"https:\/\/organic-in-conversion.com\/it\/perche-noi-di-bc-siamo-impegnati-per-il-cotone-biologico-in-conversione\/","og_site_name":"Organic in conversion","article_modified_time":"2022-04-11T08:09:28+00:00","og_image":[{"width":1920,"height":760,"url":"https:\/\/organic-in-conversion.com\/wp-content\/uploads\/2022\/03\/WHY-DID-BC-ENGAGE-IN-ORGANIC-IN-CONVERSION.jpeg","type":"image\/jpeg"}],"twitter_card":"summary_large_image","twitter_misc":{"Tempo di lettura stimato":"4 minuti"},"schema":{"@context":"https:\/\/schema.org","@graph":[{"@type":"WebPage","@id":"https:\/\/organic-in-conversion.com\/it\/perche-noi-di-bc-siamo-impegnati-per-il-cotone-biologico-in-conversione\/","url":"https:\/\/organic-in-conversion.com\/it\/perche-noi-di-bc-siamo-impegnati-per-il-cotone-biologico-in-conversione\/","name":"Il cotone biologico ha bisogno di un po' di aiuto - Organic in conversion","isPartOf":{"@id":"https:\/\/organic-in-conversion.com\/it\/#website"},"primaryImageOfPage":{"@id":"https:\/\/organic-in-conversion.com\/it\/perche-noi-di-bc-siamo-impegnati-per-il-cotone-biologico-in-conversione\/#primaryimage"},"image":{"@id":"https:\/\/organic-in-conversion.com\/it\/perche-noi-di-bc-siamo-impegnati-per-il-cotone-biologico-in-conversione\/#primaryimage"},"thumbnailUrl":"https:\/\/organic-in-conversion.com\/wp-content\/uploads\/2022\/03\/WHY-DID-BC-ENGAGE-IN-ORGANIC-IN-CONVERSION.jpeg","datePublished":"2022-03-24T11:48:03+00:00","dateModified":"2022-04-11T08:09:28+00:00","description":"Le immagini parlano da sole: la produzione mondiale di cotone biologico \u00e8 insufficiente a soddisfare la richiesta. In B&C abbiamo trovato un'alternativa altrettanto sostenibile: il cotone biologico in conversione.","breadcrumb":{"@id":"https:\/\/organic-in-conversion.com\/it\/perche-noi-di-bc-siamo-impegnati-per-il-cotone-biologico-in-conversione\/#breadcrumb"},"inLanguage":"it-IT","potentialAction":[{"@type":"ReadAction","target":["https:\/\/organic-in-conversion.com\/it\/perche-noi-di-bc-siamo-impegnati-per-il-cotone-biologico-in-conversione\/"]}]},{"@type":"ImageObject","inLanguage":"it-IT","@id":"https:\/\/organic-in-conversion.com\/it\/perche-noi-di-bc-siamo-impegnati-per-il-cotone-biologico-in-conversione\/#primaryimage","url":"https:\/\/organic-in-conversion.com\/wp-content\/uploads\/2022\/03\/WHY-DID-BC-ENGAGE-IN-ORGANIC-IN-CONVERSION.jpeg","contentUrl":"https:\/\/organic-in-conversion.com\/wp-content\/uploads\/2022\/03\/WHY-DID-BC-ENGAGE-IN-ORGANIC-IN-CONVERSION.jpeg","width":1920,"height":760},{"@type":"BreadcrumbList","@id":"https:\/\/organic-in-conversion.com\/it\/perche-noi-di-bc-siamo-impegnati-per-il-cotone-biologico-in-conversione\/#breadcrumb","itemListElement":[{"@type":"ListItem","position":1,"name":"Home","item":"https:\/\/organic-in-conversion.com\/it\/"},{"@type":"ListItem","position":2,"name":"Il cotone biologico ha bisogno di un po&#8217; di aiuto"}]},{"@type":"WebSite","@id":"https:\/\/organic-in-conversion.com\/it\/#website","url":"https:\/\/organic-in-conversion.com\/it\/","name":"Organic in conversion","description":"","potentialAction":[{"@type":"SearchAction","target":{"@type":"EntryPoint","urlTemplate":"https:\/\/organic-in-conversion.com\/it\/?s={search_term_string}"},"query-input":"required name=search_term_string"}],"inLanguage":"it-IT"}]}},"_links":{"self":[{"href":"https:\/\/organic-in-conversion.com\/it\/wp-json\/wp\/v2\/pages\/614","targetHints":{"allow":["GET"]}}],"collection":[{"href":"https:\/\/organic-in-conversion.com\/it\/wp-json\/wp\/v2\/pages"}],"about":[{"href":"https:\/\/organic-in-conversion.com\/it\/wp-json\/wp\/v2\/types\/page"}],"author":[{"embeddable":true,"href":"https:\/\/organic-in-conversion.com\/it\/wp-json\/wp\/v2\/users\/1"}],"replies":[{"embeddable":true,"href":"https:\/\/organic-in-conversion.com\/it\/wp-json\/wp\/v2\/comments?post=614"}],"version-history":[{"count":17,"href":"https:\/\/organic-in-conversion.com\/it\/wp-json\/wp\/v2\/pages\/614\/revisions"}],"predecessor-version":[{"id":1329,"href":"https:\/\/organic-in-conversion.com\/it\/wp-json\/wp\/v2\/pages\/614\/revisions\/1329"}],"wp:featuredmedia":[{"embeddable":true,"href":"https:\/\/organic-in-conversion.com\/it\/wp-json\/wp\/v2\/media\/427"}],"wp:attachment":[{"href":"https:\/\/organic-in-conversion.com\/it\/wp-json\/wp\/v2\/media?parent=614"}],"curies":[{"name":"wp","href":"https:\/\/api.w.org\/{rel}","templated":true}]}}