{"id":599,"date":"2022-03-24T11:48:18","date_gmt":"2022-03-24T11:48:18","guid":{"rendered":"https:\/\/organic-in-conversion.com\/per-voi-per-tutto\/"},"modified":"2022-04-11T08:24:23","modified_gmt":"2022-04-11T08:24:23","slug":"per-voi-per-tutto","status":"publish","type":"page","link":"https:\/\/organic-in-conversion.com\/it\/per-voi-per-tutto\/","title":{"rendered":"Per voi, per tutto"},"content":{"rendered":"<div class=\"wpb-content-wrapper\"><p>[vc_row row_height_percent=&#8221;0&#8243; override_padding=&#8221;yes&#8221; h_padding=&#8221;2&#8243; top_padding=&#8221;2&#8243; bottom_padding=&#8221;1&#8243; overlay_alpha=&#8221;50&#8243; gutter_size=&#8221;3&#8243; column_width_percent=&#8221;100&#8243; shift_y=&#8221;0&#8243; z_index=&#8221;0&#8243; uncode_shortcode_id=&#8221;168112&#8243;][vc_column width=&#8221;1\/1&#8243;][vc_empty_space empty_h=&#8221;3&#8243;][vc_empty_space empty_h=&#8221;0&#8243; desktop_visibility=&#8221;yes&#8221; medium_visibility=&#8221;yes&#8221;][vc_row_inner][vc_column_inner column_width_percent=&#8221;100&#8243; gutter_size=&#8221;1&#8243; overlay_alpha=&#8221;50&#8243; shift_x=&#8221;0&#8243; shift_y=&#8221;0&#8243; shift_y_down=&#8221;0&#8243; z_index=&#8221;0&#8243; medium_width=&#8221;0&#8243; mobile_width=&#8221;0&#8243; width=&#8221;2\/6&#8243; uncode_shortcode_id=&#8221;270358&#8243;][vc_custom_heading heading_semantic=&#8221;h1&#8243; text_size=&#8221;fontsize-172371&#8243; text_transform=&#8221;uppercase&#8221; uncode_shortcode_id=&#8221;783847&#8243;]Per voi<br \/>\nper tutto[\/vc_custom_heading][\/vc_column_inner][vc_column_inner column_width_percent=&#8221;100&#8243; gutter_size=&#8221;3&#8243; overlay_alpha=&#8221;50&#8243; shift_x=&#8221;0&#8243; shift_y=&#8221;0&#8243; shift_y_down=&#8221;0&#8243; z_index=&#8221;0&#8243; medium_width=&#8221;0&#8243; mobile_visibility=&#8221;yes&#8221; mobile_width=&#8221;0&#8243; width=&#8221;3\/6&#8243; uncode_shortcode_id=&#8221;139844&#8243;][\/vc_column_inner][vc_column_inner column_width_percent=&#8221;100&#8243; position_vertical=&#8221;bottom&#8221; gutter_size=&#8221;3&#8243; overlay_alpha=&#8221;50&#8243; shift_x=&#8221;0&#8243; shift_y=&#8221;0&#8243; shift_y_down=&#8221;0&#8243; z_index=&#8221;0&#8243; medium_width=&#8221;0&#8243; mobile_width=&#8221;0&#8243; width=&#8221;1\/6&#8243; uncode_shortcode_id=&#8221;175373&#8243;][uncode_socials][\/vc_column_inner][\/vc_row_inner][\/vc_column][\/vc_row][vc_row unlock_row_content=&#8221;yes&#8221; row_height_percent=&#8221;0&#8243; overlay_alpha=&#8221;50&#8243; gutter_size=&#8221;3&#8243; column_width_percent=&#8221;100&#8243; shift_y=&#8221;0&#8243; z_index=&#8221;0&#8243; mobile_visibility=&#8221;yes&#8221; uncode_shortcode_id=&#8221;205629&#8243;][vc_column column_width_percent=&#8221;100&#8243; gutter_size=&#8221;3&#8243; overlay_alpha=&#8221;50&#8243; shift_x=&#8221;0&#8243; shift_y=&#8221;0&#8243; shift_y_down=&#8221;0&#8243; z_index=&#8221;0&#8243; medium_width=&#8221;0&#8243; mobile_width=&#8221;0&#8243; width=&#8221;1\/1&#8243; uncode_shortcode_id=&#8221;185160&#8243; el_id=&#8221;header__intern__image&#8221;][vc_single_image dynamic=&#8221;yes&#8221; media_width_percent=&#8221;100&#8243; uncode_shortcode_id=&#8221;612278&#8243;][\/vc_column][\/vc_row][vc_row unlock_row_content=&#8221;yes&#8221; row_height_percent=&#8221;0&#8243; override_padding=&#8221;yes&#8221; h_padding=&#8221;0&#8243; top_padding=&#8221;2&#8243; bottom_padding=&#8221;2&#8243; overlay_alpha=&#8221;50&#8243; gutter_size=&#8221;3&#8243; column_width_percent=&#8221;100&#8243; shift_y=&#8221;0&#8243; z_index=&#8221;0&#8243; desktop_visibility=&#8221;yes&#8221; medium_visibility=&#8221;yes&#8221; uncode_shortcode_id=&#8221;180229&#8243;][vc_column column_width_percent=&#8221;100&#8243; gutter_size=&#8221;3&#8243; overlay_alpha=&#8221;50&#8243; shift_x=&#8221;0&#8243; shift_y=&#8221;0&#8243; shift_y_down=&#8221;0&#8243; z_index=&#8221;0&#8243; medium_width=&#8221;0&#8243; mobile_width=&#8221;0&#8243; width=&#8221;1\/1&#8243; uncode_shortcode_id=&#8221;185160&#8243; el_id=&#8221;header__intern__image&#8221;][vc_single_image dynamic=&#8221;yes&#8221; dynamic_source=&#8221;secondary&#8221; media_width_percent=&#8221;100&#8243; uncode_shortcode_id=&#8221;159053&#8243;][\/vc_column][\/vc_row][vc_row][vc_column width=&#8221;1\/1&#8243;][vc_row_inner][vc_column_inner width=&#8221;1\/6&#8243;][\/vc_column_inner][vc_column_inner column_width_percent=&#8221;100&#8243; gutter_size=&#8221;2&#8243; overlay_alpha=&#8221;50&#8243; shift_x=&#8221;0&#8243; shift_y=&#8221;0&#8243; shift_y_down=&#8221;0&#8243; z_index=&#8221;0&#8243; medium_width=&#8221;0&#8243; mobile_width=&#8221;0&#8243; width=&#8221;1\/2&#8243; uncode_shortcode_id=&#8221;145349&#8243;][vc_single_image media=&#8221;100&#8243; media_width_use_pixel=&#8221;yes&#8221; uncode_shortcode_id=&#8221;122009&#8243; media_width_pixel=&#8221;211&#8243;][vc_custom_heading text_size=&#8221;fontsize-551415&#8243; text_transform=&#8221;uppercase&#8221; uncode_shortcode_id=&#8221;140170&#8243;]IL COTONE BIOLOGICO IN CONVERSIONE:<br \/>\nUNA SOLUZIONE PER SODDISFARE<br \/>\nLA DOMANDA CRESCENTE DI ABBIGLIAMENTO SOSTENIBILE[\/vc_custom_heading][vc_column_text uncode_shortcode_id=&#8221;204144&#8243;]Nonostante tutto ci\u00f2 che amiamo nel cotone biologico, la pura e semplice verit\u00e0 \u00e8 che la sua disponibilit\u00e0 \u00e8 estremamente bassa. Quanta offerta di cotone biologico \u00e8 disponibile ogni anno a livello mondiale? Un misero 1% dell&#8217;intera produzione di cotone. E questo \u00e8 un vero problema poich\u00e9, fortunatamente, ogni anno sempre pi\u00f9 consumatori si stanno orientando verso un abbigliamento sostenibile. I produttori di indumenti devono rinnovare le loro strategie di approvvigionamento e incrementare le loro linee di abbigliamento sostenibile per restare competenti ed evitare di perdere le opportunit\u00e0 offerte dal mercato.<\/p>\n<p>Il cotone biologico in conversione offre alle aziende un&#8217;alternativa per soddisfare le loro esigenze di cotone sostenibile e per restare al passo con la richiesta crescente di abbigliamento sostenibile. Esattamente come il cotone biologico, il cotone biologico in conversione viene prodotto secondo i processi della coltivazione biologica. L&#8217;unica differenza \u00e8 che viene coltivato da agricoltori che sono ancora in attesa di ottenere la certificazione biologica. Ma durante l&#8217;intero periodo di transizione di tre anni, il cotone viene piantato e coltivato senza alcun uso di OGM, pesticidi chimici, fertilizzanti sintetici e altri prodotti chimici nocivi.[\/vc_column_text][\/vc_column_inner][vc_column_inner width=&#8221;1\/3&#8243;][\/vc_column_inner][\/vc_row_inner][vc_empty_space empty_h=&#8221;2&#8243; mobile_visibility=&#8221;yes&#8221;][vc_row_inner][vc_column_inner column_width_percent=&#8221;100&#8243; gutter_size=&#8221;3&#8243; overlay_alpha=&#8221;50&#8243; shift_x=&#8221;0&#8243; shift_y=&#8221;0&#8243; shift_y_down=&#8221;0&#8243; z_index=&#8221;0&#8243; medium_width=&#8221;0&#8243; mobile_visibility=&#8221;yes&#8221; mobile_width=&#8221;0&#8243; width=&#8221;1\/6&#8243; uncode_shortcode_id=&#8221;115045&#8243;][\/vc_column_inner][vc_column_inner width=&#8221;2\/3&#8243;][vc_single_image media=&#8221;1415&#8243; media_width_percent=&#8221;100&#8243; uncode_shortcode_id=&#8221;179832&#8243;][\/vc_column_inner][vc_column_inner width=&#8221;1\/6&#8243;][\/vc_column_inner][\/vc_row_inner][vc_empty_space empty_h=&#8221;2&#8243;][vc_row_inner][vc_column_inner column_width_percent=&#8221;100&#8243; gutter_size=&#8221;3&#8243; overlay_alpha=&#8221;50&#8243; shift_x=&#8221;0&#8243; shift_y=&#8221;0&#8243; shift_y_down=&#8221;0&#8243; z_index=&#8221;0&#8243; medium_width=&#8221;0&#8243; mobile_visibility=&#8221;yes&#8221; mobile_width=&#8221;0&#8243; width=&#8221;1\/2&#8243; uncode_shortcode_id=&#8221;209288&#8243;][vc_single_image media=&#8221;1421&#8243; media_width_percent=&#8221;100&#8243; uncode_shortcode_id=&#8221;513026&#8243;][\/vc_column_inner][vc_column_inner width=&#8221;1\/12&#8243;][\/vc_column_inner][vc_column_inner column_width_percent=&#8221;100&#8243; position_vertical=&#8221;bottom&#8221; gutter_size=&#8221;2&#8243; overlay_alpha=&#8221;50&#8243; shift_x=&#8221;0&#8243; shift_y=&#8221;0&#8243; shift_y_down=&#8221;0&#8243; z_index=&#8221;0&#8243; medium_width=&#8221;0&#8243; mobile_width=&#8221;0&#8243; width=&#8221;5\/12&#8243; uncode_shortcode_id=&#8221;146859&#8243;][vc_custom_heading text_size=&#8221;fontsize-551415&#8243; text_transform=&#8221;uppercase&#8221; uncode_shortcode_id=&#8221;115952&#8243;]COTONE DI ALTA QUALIT\u00c0<br \/>\nSENZA ALCUNA CONCESSIONE[\/vc_custom_heading][vc_column_text uncode_shortcode_id=&#8221;113112&#8243;]Fedeli al nostro impegno verso la sostenibilit\u00e0 e la qualit\u00e0, noi di B&amp;C applichiamo la stessa cura, le stesse tecniche e lo stesso controllo di qualit\u00e0 a tutti i prodotti in cotone, siano essi tradizionali, biologici in conversione o biologici. Tutte le t-shirt, le polo e le felpe della nostra collezione di cotone biologico in conversione garantiscono lo stesso livello di resa di stampa, flessibilit\u00e0 nei colori, abilit\u00e0 di design, resistenza e durevolezza senza richiedere modifiche ai processi di stampaggio e alle tecniche di design.<\/p>\n<p>Aggiungendo il cotone biologico in conversione alla vostra collezione, potete ampliare la scelta di abbigliamento sostenibile di alta qualit\u00e0 per i vostri clienti. Senza rischiare interruzioni nella fornitura a causa della carenza di cotone biologico.[\/vc_column_text][\/vc_column_inner][\/vc_row_inner][vc_empty_space empty_h=&#8221;2&#8243;][vc_row_inner][vc_column_inner column_width_percent=&#8221;100&#8243; gutter_size=&#8221;3&#8243; overlay_alpha=&#8221;50&#8243; shift_x=&#8221;0&#8243; shift_y=&#8221;0&#8243; shift_y_down=&#8221;0&#8243; z_index=&#8221;0&#8243; desktop_visibility=&#8221;yes&#8221; medium_visibility=&#8221;yes&#8221; medium_width=&#8221;0&#8243; mobile_width=&#8221;0&#8243; width=&#8221;1\/1&#8243; uncode_shortcode_id=&#8221;175909&#8243;][vc_single_image media=&#8221;1421&#8243; media_width_percent=&#8221;100&#8243; uncode_shortcode_id=&#8221;770962&#8243;][\/vc_column_inner][\/vc_row_inner][vc_empty_space empty_h=&#8221;2&#8243;][vc_row_inner][vc_column_inner width=&#8221;1\/6&#8243;][\/vc_column_inner][vc_column_inner column_width_percent=&#8221;100&#8243; gutter_size=&#8221;2&#8243; overlay_alpha=&#8221;50&#8243; shift_x=&#8221;0&#8243; shift_y=&#8221;0&#8243; shift_y_down=&#8221;0&#8243; z_index=&#8221;0&#8243; medium_width=&#8221;0&#8243; mobile_width=&#8221;0&#8243; width=&#8221;5\/12&#8243; uncode_shortcode_id=&#8221;108165&#8243;][vc_custom_heading text_size=&#8221;fontsize-551415&#8243; text_transform=&#8221;uppercase&#8221; uncode_shortcode_id=&#8221;207642&#8243;]COTONE SOSTENIBILE<br \/>\nPER TUTTE LE AZIENDE CHE RISPETTANO L&#8217;AMBIENTE[\/vc_custom_heading][vc_column_text uncode_shortcode_id=&#8221;847238&#8243;]Immaginate la differenza se i marchi di abbigliamento decidessero di adottare il cotone biologico in conversione. Darebbero un contributo fondamentale per costruire un mondo pi\u00f9 sostenibile, supportare i coltivatori nel loro percorso, lungo e faticoso, verso la certificazione biologica e per aprire la strada a una maggiore coltivazione biologica in futuro.<\/p>\n<p>B&amp;C Collection immagina un mondo in cui l&#8217;abbigliamento sostenibile sia sempre accessibile, i tessuti biologici abbiano prezzi ragionevoli e i coltivatori di cotone siano ricompensati in modo equo per avere scelto una produzione sostenibile. Questo \u00e8 il tipo di futuro che speriamo di creare supportando oggi il cotone biologico in conversione.[\/vc_column_text][\/vc_column_inner][vc_column_inner width=&#8221;5\/12&#8243;][\/vc_column_inner][\/vc_row_inner][vc_empty_space empty_h=&#8221;2&#8243;][vc_row_inner][vc_column_inner width=&#8221;1\/12&#8243;][\/vc_column_inner][vc_column_inner width=&#8221;5\/6&#8243;][vc_raw_html]PGlmcmFtZSB3aWR0aD0iNTYwIiBoZWlnaHQ9IjUwMCIgc3JjPSJodHRwczovL3d3dy55b3V0dWJlLmNvbS9lbWJlZC9rbkxabDNhcXhNbyIgdGl0bGU9IllvdVR1YmUgdmlkZW8gcGxheWVyIiBmcmFtZWJvcmRlcj0iMCIgYWxsb3c9ImFjY2VsZXJvbWV0ZXI7IGF1dG9wbGF5OyBjbGlwYm9hcmQtd3JpdGU7IGVuY3J5cHRlZC1tZWRpYTsgZ3lyb3Njb3BlOyBwaWN0dXJlLWluLXBpY3R1cmUiIGFsbG93ZnVsbHNjcmVlbj0iIj48L2lmcmFtZT4=[\/vc_raw_html][\/vc_column_inner][vc_column_inner width=&#8221;1\/12&#8243;][\/vc_column_inner][\/vc_row_inner][vc_empty_space empty_h=&#8221;1&#8243;][\/vc_column][\/vc_row][vc_row unlock_row_content=&#8221;yes&#8221; row_height_percent=&#8221;0&#8243; overlay_alpha=&#8221;60&#8243; gutter_size=&#8221;3&#8243; column_width_percent=&#8221;100&#8243; shift_y=&#8221;0&#8243; z_index=&#8221;0&#8243; uncode_shortcode_id=&#8221;892096&#8243; el_class=&#8221;postblock-large-intern&#8221;][vc_column column_width_percent=&#8221;100&#8243; position_vertical=&#8221;middle&#8221; align_horizontal=&#8221;align_center&#8221; gutter_size=&#8221;2&#8243; back_image=&#8221;442&#8243; back_repeat=&#8221;no-repeat&#8221; overlay_color=&#8221;color-118961&#8243; overlay_alpha=&#8221;60&#8243; shift_x=&#8221;0&#8243; shift_y=&#8221;0&#8243; shift_y_down=&#8221;0&#8243; z_index=&#8221;0&#8243; medium_width=&#8221;0&#8243; mobile_width=&#8221;0&#8243; width=&#8221;1\/1&#8243; uncode_shortcode_id=&#8221;960035&#8243; overlay_color_type=&#8221;uncode-palette&#8221; link_to=&#8221;url:%2Ffor-lasting-sustainability%2F|title:For%20lasting%20sustainability&#8221;][vc_column_text text_color=&#8221;color-xsdn&#8221; uncode_shortcode_id=&#8221;112686&#8243; text_color_type=&#8221;uncode-palette&#8221;]NEXT[\/vc_column_text][vc_custom_heading text_color=&#8221;color-xsdn&#8221; heading_semantic=&#8221;h3&#8243; text_size=&#8221;fontsize-828145&#8243; text_transform=&#8221;uppercase&#8221; uncode_shortcode_id=&#8221;138895&#8243; text_color_type=&#8221;uncode-palette&#8221;]MAGGIORE<br \/>\nSOSTENIBILITA[\/vc_custom_heading][\/vc_column][\/vc_row]<\/p>\n<\/div>","protected":false},"excerpt":{"rendered":"<p>[vc_row row_height_percent=&#8221;0&#8243; override_padding=&#8221;yes&#8221; h_padding=&#8221;2&#8243; top_padding=&#8221;2&#8243; bottom_padding=&#8221;1&#8243; overlay_alpha=&#8221;50&#8243; gutter_size=&#8221;3&#8243; column_width_percent=&#8221;100&#8243; shift_y=&#8221;0&#8243; z_index=&#8221;0&#8243; uncode_shortcode_id=&#8221;168112&#8243;][vc_column width=&#8221;1\/1&#8243;][vc_empty_space empty_h=&#8221;3&#8243;][vc_empty_space empty_h=&#8221;0&#8243; desktop_visibility=&#8221;yes&#8221; medium_visibility=&#8221;yes&#8221;][vc_row_inner][vc_column_inner column_width_percent=&#8221;100&#8243; gutter_size=&#8221;1&#8243; overlay_alpha=&#8221;50&#8243; [&hellip;]<\/p>\n","protected":false},"author":1,"featured_media":355,"parent":0,"menu_order":0,"comment_status":"closed","ping_status":"closed","template":"","meta":{"footnotes":""},"class_list":["post-599","page","type-page","status-publish","has-post-thumbnail","hentry"],"yoast_head":"<!-- This site is optimized with the Yoast SEO plugin v23.1 - https:\/\/yoast.com\/wordpress\/plugins\/seo\/ -->\n<title>Per voi, per tutto - Organic in conversion<\/title>\n<meta name=\"description\" content=\"Il cotone in conversione offre alle aziende un&#039;alternativa per soddisfare le loro esigenze di cotone sostenibile e per restare al passo con la richiesta crescente di abbigliamento sostenibile.\" \/>\n<meta name=\"robots\" content=\"index, follow, max-snippet:-1, max-image-preview:large, max-video-preview:-1\" \/>\n<link rel=\"canonical\" href=\"https:\/\/organic-in-conversion.com\/it\/per-voi-per-tutto\/\" \/>\n<meta property=\"og:locale\" content=\"it_IT\" \/>\n<meta property=\"og:type\" content=\"article\" \/>\n<meta property=\"og:title\" content=\"Per voi, per tutto - Organic in conversion\" \/>\n<meta property=\"og:description\" content=\"Il cotone in conversione offre alle aziende un&#039;alternativa per soddisfare le loro esigenze di cotone sostenibile e per restare al passo con la richiesta crescente di abbigliamento sostenibile.\" \/>\n<meta property=\"og:url\" content=\"https:\/\/organic-in-conversion.com\/it\/per-voi-per-tutto\/\" \/>\n<meta property=\"og:site_name\" content=\"Organic in conversion\" \/>\n<meta property=\"article:modified_time\" content=\"2022-04-11T08:24:23+00:00\" \/>\n<meta property=\"og:image\" content=\"https:\/\/organic-in-conversion.com\/wp-content\/uploads\/2022\/03\/2203_BC_Site_OrganicInConversion_1_for-you-for-what_header.jpg\" \/>\n\t<meta property=\"og:image:width\" content=\"1920\" \/>\n\t<meta property=\"og:image:height\" content=\"760\" \/>\n\t<meta property=\"og:image:type\" content=\"image\/jpeg\" \/>\n<meta name=\"twitter:card\" content=\"summary_large_image\" \/>\n<meta name=\"twitter:label1\" content=\"Tempo di lettura stimato\" \/>\n\t<meta name=\"twitter:data1\" content=\"4 minuti\" \/>\n<script type=\"application\/ld+json\" class=\"yoast-schema-graph\">{\"@context\":\"https:\/\/schema.org\",\"@graph\":[{\"@type\":\"WebPage\",\"@id\":\"https:\/\/organic-in-conversion.com\/it\/per-voi-per-tutto\/\",\"url\":\"https:\/\/organic-in-conversion.com\/it\/per-voi-per-tutto\/\",\"name\":\"Per voi, per tutto - Organic in conversion\",\"isPartOf\":{\"@id\":\"https:\/\/organic-in-conversion.com\/it\/#website\"},\"primaryImageOfPage\":{\"@id\":\"https:\/\/organic-in-conversion.com\/it\/per-voi-per-tutto\/#primaryimage\"},\"image\":{\"@id\":\"https:\/\/organic-in-conversion.com\/it\/per-voi-per-tutto\/#primaryimage\"},\"thumbnailUrl\":\"https:\/\/organic-in-conversion.com\/wp-content\/uploads\/2022\/03\/2203_BC_Site_OrganicInConversion_1_for-you-for-what_header.jpg\",\"datePublished\":\"2022-03-24T11:48:18+00:00\",\"dateModified\":\"2022-04-11T08:24:23+00:00\",\"description\":\"Il cotone in conversione offre alle aziende un'alternativa per soddisfare le loro esigenze di cotone sostenibile e per restare al passo con la richiesta crescente di abbigliamento sostenibile.\",\"breadcrumb\":{\"@id\":\"https:\/\/organic-in-conversion.com\/it\/per-voi-per-tutto\/#breadcrumb\"},\"inLanguage\":\"it-IT\",\"potentialAction\":[{\"@type\":\"ReadAction\",\"target\":[\"https:\/\/organic-in-conversion.com\/it\/per-voi-per-tutto\/\"]}]},{\"@type\":\"ImageObject\",\"inLanguage\":\"it-IT\",\"@id\":\"https:\/\/organic-in-conversion.com\/it\/per-voi-per-tutto\/#primaryimage\",\"url\":\"https:\/\/organic-in-conversion.com\/wp-content\/uploads\/2022\/03\/2203_BC_Site_OrganicInConversion_1_for-you-for-what_header.jpg\",\"contentUrl\":\"https:\/\/organic-in-conversion.com\/wp-content\/uploads\/2022\/03\/2203_BC_Site_OrganicInConversion_1_for-you-for-what_header.jpg\",\"width\":1920,\"height\":760},{\"@type\":\"BreadcrumbList\",\"@id\":\"https:\/\/organic-in-conversion.com\/it\/per-voi-per-tutto\/#breadcrumb\",\"itemListElement\":[{\"@type\":\"ListItem\",\"position\":1,\"name\":\"Home\",\"item\":\"https:\/\/organic-in-conversion.com\/it\/\"},{\"@type\":\"ListItem\",\"position\":2,\"name\":\"Per voi, per tutto\"}]},{\"@type\":\"WebSite\",\"@id\":\"https:\/\/organic-in-conversion.com\/it\/#website\",\"url\":\"https:\/\/organic-in-conversion.com\/it\/\",\"name\":\"Organic in conversion\",\"description\":\"\",\"potentialAction\":[{\"@type\":\"SearchAction\",\"target\":{\"@type\":\"EntryPoint\",\"urlTemplate\":\"https:\/\/organic-in-conversion.com\/it\/?s={search_term_string}\"},\"query-input\":\"required name=search_term_string\"}],\"inLanguage\":\"it-IT\"}]}<\/script>\n<!-- \/ Yoast SEO plugin. -->","yoast_head_json":{"title":"Per voi, per tutto - Organic in conversion","description":"Il cotone in conversione offre alle aziende un'alternativa per soddisfare le loro esigenze di cotone sostenibile e per restare al passo con la richiesta crescente di abbigliamento sostenibile.","robots":{"index":"index","follow":"follow","max-snippet":"max-snippet:-1","max-image-preview":"max-image-preview:large","max-video-preview":"max-video-preview:-1"},"canonical":"https:\/\/organic-in-conversion.com\/it\/per-voi-per-tutto\/","og_locale":"it_IT","og_type":"article","og_title":"Per voi, per tutto - Organic in conversion","og_description":"Il cotone in conversione offre alle aziende un'alternativa per soddisfare le loro esigenze di cotone sostenibile e per restare al passo con la richiesta crescente di abbigliamento sostenibile.","og_url":"https:\/\/organic-in-conversion.com\/it\/per-voi-per-tutto\/","og_site_name":"Organic in conversion","article_modified_time":"2022-04-11T08:24:23+00:00","og_image":[{"width":1920,"height":760,"url":"https:\/\/organic-in-conversion.com\/wp-content\/uploads\/2022\/03\/2203_BC_Site_OrganicInConversion_1_for-you-for-what_header.jpg","type":"image\/jpeg"}],"twitter_card":"summary_large_image","twitter_misc":{"Tempo di lettura stimato":"4 minuti"},"schema":{"@context":"https:\/\/schema.org","@graph":[{"@type":"WebPage","@id":"https:\/\/organic-in-conversion.com\/it\/per-voi-per-tutto\/","url":"https:\/\/organic-in-conversion.com\/it\/per-voi-per-tutto\/","name":"Per voi, per tutto - Organic in conversion","isPartOf":{"@id":"https:\/\/organic-in-conversion.com\/it\/#website"},"primaryImageOfPage":{"@id":"https:\/\/organic-in-conversion.com\/it\/per-voi-per-tutto\/#primaryimage"},"image":{"@id":"https:\/\/organic-in-conversion.com\/it\/per-voi-per-tutto\/#primaryimage"},"thumbnailUrl":"https:\/\/organic-in-conversion.com\/wp-content\/uploads\/2022\/03\/2203_BC_Site_OrganicInConversion_1_for-you-for-what_header.jpg","datePublished":"2022-03-24T11:48:18+00:00","dateModified":"2022-04-11T08:24:23+00:00","description":"Il cotone in conversione offre alle aziende un'alternativa per soddisfare le loro esigenze di cotone sostenibile e per restare al passo con la richiesta crescente di abbigliamento sostenibile.","breadcrumb":{"@id":"https:\/\/organic-in-conversion.com\/it\/per-voi-per-tutto\/#breadcrumb"},"inLanguage":"it-IT","potentialAction":[{"@type":"ReadAction","target":["https:\/\/organic-in-conversion.com\/it\/per-voi-per-tutto\/"]}]},{"@type":"ImageObject","inLanguage":"it-IT","@id":"https:\/\/organic-in-conversion.com\/it\/per-voi-per-tutto\/#primaryimage","url":"https:\/\/organic-in-conversion.com\/wp-content\/uploads\/2022\/03\/2203_BC_Site_OrganicInConversion_1_for-you-for-what_header.jpg","contentUrl":"https:\/\/organic-in-conversion.com\/wp-content\/uploads\/2022\/03\/2203_BC_Site_OrganicInConversion_1_for-you-for-what_header.jpg","width":1920,"height":760},{"@type":"BreadcrumbList","@id":"https:\/\/organic-in-conversion.com\/it\/per-voi-per-tutto\/#breadcrumb","itemListElement":[{"@type":"ListItem","position":1,"name":"Home","item":"https:\/\/organic-in-conversion.com\/it\/"},{"@type":"ListItem","position":2,"name":"Per voi, per tutto"}]},{"@type":"WebSite","@id":"https:\/\/organic-in-conversion.com\/it\/#website","url":"https:\/\/organic-in-conversion.com\/it\/","name":"Organic in conversion","description":"","potentialAction":[{"@type":"SearchAction","target":{"@type":"EntryPoint","urlTemplate":"https:\/\/organic-in-conversion.com\/it\/?s={search_term_string}"},"query-input":"required name=search_term_string"}],"inLanguage":"it-IT"}]}},"_links":{"self":[{"href":"https:\/\/organic-in-conversion.com\/it\/wp-json\/wp\/v2\/pages\/599","targetHints":{"allow":["GET"]}}],"collection":[{"href":"https:\/\/organic-in-conversion.com\/it\/wp-json\/wp\/v2\/pages"}],"about":[{"href":"https:\/\/organic-in-conversion.com\/it\/wp-json\/wp\/v2\/types\/page"}],"author":[{"embeddable":true,"href":"https:\/\/organic-in-conversion.com\/it\/wp-json\/wp\/v2\/users\/1"}],"replies":[{"embeddable":true,"href":"https:\/\/organic-in-conversion.com\/it\/wp-json\/wp\/v2\/comments?post=599"}],"version-history":[{"count":16,"href":"https:\/\/organic-in-conversion.com\/it\/wp-json\/wp\/v2\/pages\/599\/revisions"}],"predecessor-version":[{"id":1427,"href":"https:\/\/organic-in-conversion.com\/it\/wp-json\/wp\/v2\/pages\/599\/revisions\/1427"}],"wp:featuredmedia":[{"embeddable":true,"href":"https:\/\/organic-in-conversion.com\/it\/wp-json\/wp\/v2\/media\/355"}],"wp:attachment":[{"href":"https:\/\/organic-in-conversion.com\/it\/wp-json\/wp\/v2\/media?parent=599"}],"curies":[{"name":"wp","href":"https:\/\/api.w.org\/{rel}","templated":true}]}}