{"id":584,"date":"2022-03-24T11:48:33","date_gmt":"2022-03-24T11:48:33","guid":{"rendered":"https:\/\/organic-in-conversion.com\/cotone-biologico-in-conversione-un-passo-avanti-verso-un-mondo-piu-sostenibile\/"},"modified":"2022-04-19T07:46:45","modified_gmt":"2022-04-19T07:46:45","slug":"cotone-biologico-in-conversione-un-passo-avanti-verso-un-mondo-piu-sostenibile","status":"publish","type":"page","link":"https:\/\/organic-in-conversion.com\/it\/cotone-biologico-in-conversione-un-passo-avanti-verso-un-mondo-piu-sostenibile\/","title":{"rendered":"Maggiore sostenibilit\u00e0"},"content":{"rendered":"<div class=\"wpb-content-wrapper\"><p>[vc_row row_height_percent=&#8221;0&#8243; override_padding=&#8221;yes&#8221; h_padding=&#8221;2&#8243; top_padding=&#8221;2&#8243; bottom_padding=&#8221;1&#8243; overlay_alpha=&#8221;50&#8243; gutter_size=&#8221;3&#8243; column_width_percent=&#8221;100&#8243; shift_y=&#8221;0&#8243; z_index=&#8221;0&#8243; uncode_shortcode_id=&#8221;168112&#8243;][vc_column width=&#8221;1\/1&#8243;][vc_empty_space empty_h=&#8221;3&#8243;][vc_row_inner][vc_column_inner column_width_percent=&#8221;100&#8243; gutter_size=&#8221;1&#8243; overlay_alpha=&#8221;50&#8243; shift_x=&#8221;0&#8243; shift_y=&#8221;0&#8243; shift_y_down=&#8221;0&#8243; z_index=&#8221;0&#8243; medium_width=&#8221;0&#8243; mobile_width=&#8221;0&#8243; width=&#8221;2\/6&#8243; uncode_shortcode_id=&#8221;270358&#8243;][vc_custom_heading heading_semantic=&#8221;h1&#8243; text_size=&#8221;fontsize-172371&#8243; text_transform=&#8221;uppercase&#8221; uncode_shortcode_id=&#8221;186124&#8243;]Cotone biologico in conversione, un passo avanti verso un mondo pi\u00f9 sostenibile[\/vc_custom_heading][\/vc_column_inner][vc_column_inner column_width_percent=&#8221;100&#8243; gutter_size=&#8221;3&#8243; overlay_alpha=&#8221;50&#8243; shift_x=&#8221;0&#8243; shift_y=&#8221;0&#8243; shift_y_down=&#8221;0&#8243; z_index=&#8221;0&#8243; medium_width=&#8221;0&#8243; mobile_visibility=&#8221;yes&#8221; mobile_width=&#8221;0&#8243; width=&#8221;3\/6&#8243; uncode_shortcode_id=&#8221;116336&#8243;][\/vc_column_inner][vc_column_inner column_width_percent=&#8221;100&#8243; position_vertical=&#8221;bottom&#8221; gutter_size=&#8221;3&#8243; overlay_alpha=&#8221;50&#8243; shift_x=&#8221;0&#8243; shift_y=&#8221;0&#8243; shift_y_down=&#8221;0&#8243; z_index=&#8221;0&#8243; medium_width=&#8221;0&#8243; mobile_width=&#8221;0&#8243; width=&#8221;1\/6&#8243; uncode_shortcode_id=&#8221;175373&#8243;][vc_empty_space empty_h=&#8221;0&#8243; desktop_visibility=&#8221;yes&#8221; medium_visibility=&#8221;yes&#8221;][uncode_socials][\/vc_column_inner][\/vc_row_inner][\/vc_column][\/vc_row][vc_row unlock_row_content=&#8221;yes&#8221; row_height_percent=&#8221;0&#8243; overlay_alpha=&#8221;50&#8243; gutter_size=&#8221;3&#8243; column_width_percent=&#8221;100&#8243; shift_y=&#8221;0&#8243; z_index=&#8221;0&#8243; mobile_visibility=&#8221;yes&#8221; uncode_shortcode_id=&#8221;148895&#8243;][vc_column column_width_percent=&#8221;100&#8243; gutter_size=&#8221;3&#8243; overlay_alpha=&#8221;50&#8243; shift_x=&#8221;0&#8243; shift_y=&#8221;0&#8243; shift_y_down=&#8221;0&#8243; z_index=&#8221;0&#8243; medium_width=&#8221;0&#8243; mobile_width=&#8221;0&#8243; width=&#8221;1\/1&#8243; uncode_shortcode_id=&#8221;215426&#8243; el_id=&#8221;header__intern__image&#8221;][vc_single_image dynamic=&#8221;yes&#8221; media_width_percent=&#8221;100&#8243; uncode_shortcode_id=&#8221;918054&#8243;][\/vc_column][\/vc_row][vc_row unlock_row_content=&#8221;yes&#8221; row_height_percent=&#8221;0&#8243; override_padding=&#8221;yes&#8221; h_padding=&#8221;0&#8243; top_padding=&#8221;2&#8243; bottom_padding=&#8221;2&#8243; overlay_alpha=&#8221;50&#8243; gutter_size=&#8221;3&#8243; column_width_percent=&#8221;100&#8243; shift_y=&#8221;0&#8243; z_index=&#8221;0&#8243; desktop_visibility=&#8221;yes&#8221; medium_visibility=&#8221;yes&#8221; uncode_shortcode_id=&#8221;255651&#8243;][vc_column column_width_percent=&#8221;100&#8243; gutter_size=&#8221;3&#8243; overlay_alpha=&#8221;50&#8243; shift_x=&#8221;0&#8243; shift_y=&#8221;0&#8243; shift_y_down=&#8221;0&#8243; z_index=&#8221;0&#8243; medium_width=&#8221;0&#8243; mobile_width=&#8221;0&#8243; width=&#8221;1\/1&#8243; uncode_shortcode_id=&#8221;215426&#8243; el_id=&#8221;header__intern__image&#8221;][vc_single_image dynamic=&#8221;yes&#8221; dynamic_source=&#8221;secondary&#8221; media_width_percent=&#8221;100&#8243; uncode_shortcode_id=&#8221;205410&#8243;][\/vc_column][\/vc_row][vc_row][vc_column width=&#8221;1\/1&#8243;][vc_row_inner][vc_column_inner width=&#8221;1\/6&#8243;][\/vc_column_inner][vc_column_inner column_width_percent=&#8221;100&#8243; gutter_size=&#8221;2&#8243; overlay_alpha=&#8221;50&#8243; shift_x=&#8221;0&#8243; shift_y=&#8221;0&#8243; shift_y_down=&#8221;0&#8243; z_index=&#8221;0&#8243; medium_width=&#8221;0&#8243; mobile_width=&#8221;0&#8243; width=&#8221;1\/2&#8243; uncode_shortcode_id=&#8221;145349&#8243;][vc_custom_heading text_size=&#8221;fontsize-551415&#8243; text_transform=&#8221;uppercase&#8221; uncode_shortcode_id=&#8221;165130&#8243;]Rigorosi standard di produzione[\/vc_custom_heading][vc_column_text uncode_shortcode_id=&#8221;645637&#8243;]La coltivazione del cotone biologico in conversione segue regole ferree. Infatti sono le stesse regole imposte alla coltivazione biologica, dal primo giorno della conversione. In breve: non possono essere usate sostanze chimiche o OGM, solo fertilizzanti e repellenti biologici o naturali; le risorse devono essere usate in modo responsabile, specialmente l&#8217;acqua, e deve essere applicato un sistema adeguato di rotazione delle colture per una produzione sostenibile rispettosa del terreno, della natura e della salute. Una forte dimensione sociale \u00e8 un altro vantaggio.[\/vc_column_text][vc_button button_color=&#8221;accent&#8221; border_width=&#8221;0&#8243; link=&#8221;url:%2Fthe-way-to-more-organic-cotton%2F&#8221; button_color_type=&#8221;uncode-palette&#8221; uncode_shortcode_id=&#8221;193371&#8243;]Scopri il significato sociale del cotone in conversione[\/vc_button][\/vc_column_inner][vc_column_inner column_width_percent=&#8221;100&#8243; gutter_size=&#8221;3&#8243; overlay_alpha=&#8221;50&#8243; shift_x=&#8221;0&#8243; shift_y=&#8221;0&#8243; shift_y_down=&#8221;0&#8243; z_index=&#8221;0&#8243; medium_width=&#8221;0&#8243; mobile_visibility=&#8221;yes&#8221; mobile_width=&#8221;0&#8243; width=&#8221;1\/3&#8243; uncode_shortcode_id=&#8221;600444&#8243;][\/vc_column_inner][\/vc_row_inner][vc_empty_space empty_h=&#8221;2&#8243; mobile_visibility=&#8221;yes&#8221;][vc_row_inner][vc_column_inner column_width_percent=&#8221;100&#8243; gutter_size=&#8221;3&#8243; overlay_alpha=&#8221;50&#8243; shift_x=&#8221;0&#8243; shift_y=&#8221;0&#8243; shift_y_down=&#8221;0&#8243; z_index=&#8221;0&#8243; medium_width=&#8221;0&#8243; mobile_visibility=&#8221;yes&#8221; mobile_width=&#8221;0&#8243; width=&#8221;1\/6&#8243; uncode_shortcode_id=&#8221;126941&#8243;][\/vc_column_inner][vc_column_inner width=&#8221;2\/3&#8243;][vc_single_image media=&#8221;449&#8243; media_width_percent=&#8221;100&#8243; uncode_shortcode_id=&#8221;208271&#8243;][\/vc_column_inner][vc_column_inner width=&#8221;1\/6&#8243;][\/vc_column_inner][\/vc_row_inner][vc_empty_space empty_h=&#8221;2&#8243;][vc_row_inner][vc_column_inner column_width_percent=&#8221;100&#8243; gutter_size=&#8221;3&#8243; overlay_alpha=&#8221;50&#8243; shift_x=&#8221;0&#8243; shift_y=&#8221;0&#8243; shift_y_down=&#8221;0&#8243; z_index=&#8221;0&#8243; medium_width=&#8221;0&#8243; mobile_visibility=&#8221;yes&#8221; mobile_width=&#8221;0&#8243; width=&#8221;1\/2&#8243; uncode_shortcode_id=&#8221;418513&#8243;][vc_single_image media=&#8221;455&#8243; media_width_percent=&#8221;100&#8243; uncode_shortcode_id=&#8221;136669&#8243;][\/vc_column_inner][vc_column_inner width=&#8221;1\/12&#8243;][\/vc_column_inner][vc_column_inner column_width_percent=&#8221;100&#8243; position_vertical=&#8221;bottom&#8221; gutter_size=&#8221;2&#8243; overlay_alpha=&#8221;50&#8243; shift_x=&#8221;0&#8243; shift_y=&#8221;0&#8243; shift_y_down=&#8221;0&#8243; z_index=&#8221;0&#8243; medium_width=&#8221;0&#8243; mobile_width=&#8221;0&#8243; width=&#8221;5\/12&#8243; uncode_shortcode_id=&#8221;146859&#8243;][vc_custom_heading text_size=&#8221;fontsize-551415&#8243; text_transform=&#8221;uppercase&#8221; uncode_shortcode_id=&#8221;126084&#8243;]Tracciabilit\u00e0 garantita[\/vc_custom_heading][vc_column_text uncode_shortcode_id=&#8221;130968&#8243;]Volete sapere con precisione da dove proviene il cotone tradizionale della vostra T-shirt? \u00c8 quasi sempre impossibile!<\/p>\n<p>La nostra promessa: i nostri prodotti in cotone biologico in conversione soddisfano in ogni aspetto le normative applicate sulle procedure per il cotone biologico. Ma non dovete crederci sulla parola: abbiamo la documentazione per dimostrarlo. I certificati di transazione garantiscono la totale tracciabilit\u00e0 dei nostri prodotti.<\/p>\n<p><strong>Qualit\u00e0 equivalente e maggiore sostenibilit\u00e0<\/strong><\/p>\n<p>Volete contribuire a preservare il pianeta ma siete ancora dubbiosi sul passaggio al cotone biologico in conversione? Non preoccupatevi, non cambier\u00e0 nulla dal punto di vista quotidiano. Potete ancora offrire ai vostri clienti gli stessi design, colori e qualit\u00e0.<\/p>\n<p>Ma con un grande vantaggio: il cotone prodotto rispettando gli standard biologici e il vostro sostegno alla transizione di un&#8217;ampia superficie per la produzione di cotone tradizionale in una produzione che aderisce agli standard biologici.[\/vc_column_text][vc_button button_color=&#8221;accent&#8221; border_width=&#8221;0&#8243; link=&#8221;url:%2Ffor-you-for-what%2F&#8221; button_color_type=&#8221;uncode-palette&#8221; uncode_shortcode_id=&#8221;210710&#8243;]Scopri di pi\u00f9 sul valore aggiunto del cotone in conversione per te e i tuoi clienti[\/vc_button][\/vc_column_inner][\/vc_row_inner][vc_empty_space empty_h=&#8221;2&#8243;][vc_row_inner][vc_column_inner column_width_percent=&#8221;100&#8243; gutter_size=&#8221;3&#8243; overlay_alpha=&#8221;50&#8243; shift_x=&#8221;0&#8243; shift_y=&#8221;0&#8243; shift_y_down=&#8221;0&#8243; z_index=&#8221;0&#8243; desktop_visibility=&#8221;yes&#8221; medium_visibility=&#8221;yes&#8221; medium_width=&#8221;0&#8243; mobile_width=&#8221;0&#8243; width=&#8221;1\/1&#8243; uncode_shortcode_id=&#8221;126828&#8243;][vc_single_image media=&#8221;455&#8243; media_width_percent=&#8221;100&#8243; uncode_shortcode_id=&#8221;136669&#8243;][\/vc_column_inner][\/vc_row_inner][vc_empty_space empty_h=&#8221;2&#8243;][\/vc_column][\/vc_row][vc_row unlock_row_content=&#8221;yes&#8221; row_height_percent=&#8221;0&#8243; overlay_alpha=&#8221;60&#8243; gutter_size=&#8221;3&#8243; column_width_percent=&#8221;100&#8243; shift_y=&#8221;0&#8243; z_index=&#8221;0&#8243; uncode_shortcode_id=&#8221;892096&#8243; el_class=&#8221;postblock-large-intern&#8221;][vc_column column_width_percent=&#8221;100&#8243; position_vertical=&#8221;middle&#8221; align_horizontal=&#8221;align_center&#8221; gutter_size=&#8221;2&#8243; back_image=&#8221;463&#8243; back_repeat=&#8221;no-repeat&#8221; overlay_color=&#8221;color-118961&#8243; overlay_alpha=&#8221;60&#8243; shift_x=&#8221;0&#8243; shift_y=&#8221;0&#8243; shift_y_down=&#8221;0&#8243; z_index=&#8221;0&#8243; medium_width=&#8221;0&#8243; mobile_width=&#8221;0&#8243; width=&#8221;1\/1&#8243; uncode_shortcode_id=&#8221;207629&#8243; overlay_color_type=&#8221;uncode-palette&#8221; link_to=&#8221;url:%2Fthe-way-to-more-organic-cotton%2F|title:The%20way%20to%20more%20organic%20cotton&#8221;][vc_column_text text_color=&#8221;color-xsdn&#8221; uncode_shortcode_id=&#8221;112686&#8243; text_color_type=&#8221;uncode-palette&#8221;]NEXT[\/vc_column_text][vc_custom_heading text_color=&#8221;color-xsdn&#8221; heading_semantic=&#8221;h3&#8243; text_size=&#8221;fontsize-828145&#8243; text_transform=&#8221;uppercase&#8221; uncode_shortcode_id=&#8221;199609&#8243; text_color_type=&#8221;uncode-palette&#8221;]LA STRADA VERSO UN COTONE PI\u00d9 BIOLOGICO[\/vc_custom_heading][\/vc_column][\/vc_row]<\/p>\n<\/div>","protected":false},"excerpt":{"rendered":"<p>[vc_row row_height_percent=&#8221;0&#8243; override_padding=&#8221;yes&#8221; h_padding=&#8221;2&#8243; top_padding=&#8221;2&#8243; bottom_padding=&#8221;1&#8243; overlay_alpha=&#8221;50&#8243; gutter_size=&#8221;3&#8243; column_width_percent=&#8221;100&#8243; shift_y=&#8221;0&#8243; z_index=&#8221;0&#8243; uncode_shortcode_id=&#8221;168112&#8243;][vc_column width=&#8221;1\/1&#8243;][vc_empty_space empty_h=&#8221;3&#8243;][vc_row_inner][vc_column_inner column_width_percent=&#8221;100&#8243; gutter_size=&#8221;1&#8243; overlay_alpha=&#8221;50&#8243; shift_x=&#8221;0&#8243; shift_y=&#8221;0&#8243; shift_y_down=&#8221;0&#8243; [&hellip;]<\/p>\n","protected":false},"author":1,"featured_media":446,"parent":0,"menu_order":0,"comment_status":"closed","ping_status":"closed","template":"","meta":{"footnotes":""},"class_list":["post-584","page","type-page","status-publish","has-post-thumbnail","hentry"],"yoast_head":"<!-- This site is optimized with the Yoast SEO plugin v23.1 - https:\/\/yoast.com\/wordpress\/plugins\/seo\/ -->\n<title>Maggiore sostenibilit\u00e0 - Organic in conversion<\/title>\n<meta name=\"description\" content=\"Il cotone biologico in conversione \u00e8 molto pi\u00f9 sostenibile, tracciabile e solo leggermente pi\u00f9 costoso del cotone tradizionale e sta lentamente sostituendo il cotone biologico.\" \/>\n<meta name=\"robots\" content=\"index, follow, max-snippet:-1, max-image-preview:large, max-video-preview:-1\" \/>\n<link rel=\"canonical\" href=\"https:\/\/organic-in-conversion.com\/it\/cotone-biologico-in-conversione-un-passo-avanti-verso-un-mondo-piu-sostenibile\/\" \/>\n<meta property=\"og:locale\" content=\"it_IT\" \/>\n<meta property=\"og:type\" content=\"article\" \/>\n<meta property=\"og:title\" content=\"Maggiore sostenibilit\u00e0 - Organic in conversion\" \/>\n<meta property=\"og:description\" content=\"Il cotone biologico in conversione \u00e8 molto pi\u00f9 sostenibile, tracciabile e solo leggermente pi\u00f9 costoso del cotone tradizionale e sta lentamente sostituendo il cotone biologico.\" \/>\n<meta property=\"og:url\" content=\"https:\/\/organic-in-conversion.com\/it\/cotone-biologico-in-conversione-un-passo-avanti-verso-un-mondo-piu-sostenibile\/\" \/>\n<meta property=\"og:site_name\" content=\"Organic in conversion\" \/>\n<meta property=\"article:modified_time\" content=\"2022-04-19T07:46:45+00:00\" \/>\n<meta property=\"og:image\" content=\"https:\/\/organic-in-conversion.com\/wp-content\/uploads\/2022\/03\/2203_BC_Site_OrganicInConversion_1_step-further_header.jpeg\" \/>\n\t<meta property=\"og:image:width\" content=\"1920\" \/>\n\t<meta property=\"og:image:height\" content=\"760\" \/>\n\t<meta property=\"og:image:type\" content=\"image\/jpeg\" \/>\n<meta name=\"twitter:card\" content=\"summary_large_image\" \/>\n<meta name=\"twitter:label1\" content=\"Tempo di lettura stimato\" \/>\n\t<meta name=\"twitter:data1\" content=\"2 minuti\" \/>\n<script type=\"application\/ld+json\" class=\"yoast-schema-graph\">{\"@context\":\"https:\/\/schema.org\",\"@graph\":[{\"@type\":\"WebPage\",\"@id\":\"https:\/\/organic-in-conversion.com\/it\/cotone-biologico-in-conversione-un-passo-avanti-verso-un-mondo-piu-sostenibile\/\",\"url\":\"https:\/\/organic-in-conversion.com\/it\/cotone-biologico-in-conversione-un-passo-avanti-verso-un-mondo-piu-sostenibile\/\",\"name\":\"Maggiore sostenibilit\u00e0 - Organic in conversion\",\"isPartOf\":{\"@id\":\"https:\/\/organic-in-conversion.com\/it\/#website\"},\"primaryImageOfPage\":{\"@id\":\"https:\/\/organic-in-conversion.com\/it\/cotone-biologico-in-conversione-un-passo-avanti-verso-un-mondo-piu-sostenibile\/#primaryimage\"},\"image\":{\"@id\":\"https:\/\/organic-in-conversion.com\/it\/cotone-biologico-in-conversione-un-passo-avanti-verso-un-mondo-piu-sostenibile\/#primaryimage\"},\"thumbnailUrl\":\"https:\/\/organic-in-conversion.com\/wp-content\/uploads\/2022\/03\/2203_BC_Site_OrganicInConversion_1_step-further_header.jpeg\",\"datePublished\":\"2022-03-24T11:48:33+00:00\",\"dateModified\":\"2022-04-19T07:46:45+00:00\",\"description\":\"Il cotone biologico in conversione \u00e8 molto pi\u00f9 sostenibile, tracciabile e solo leggermente pi\u00f9 costoso del cotone tradizionale e sta lentamente sostituendo il cotone biologico.\",\"breadcrumb\":{\"@id\":\"https:\/\/organic-in-conversion.com\/it\/cotone-biologico-in-conversione-un-passo-avanti-verso-un-mondo-piu-sostenibile\/#breadcrumb\"},\"inLanguage\":\"it-IT\",\"potentialAction\":[{\"@type\":\"ReadAction\",\"target\":[\"https:\/\/organic-in-conversion.com\/it\/cotone-biologico-in-conversione-un-passo-avanti-verso-un-mondo-piu-sostenibile\/\"]}]},{\"@type\":\"ImageObject\",\"inLanguage\":\"it-IT\",\"@id\":\"https:\/\/organic-in-conversion.com\/it\/cotone-biologico-in-conversione-un-passo-avanti-verso-un-mondo-piu-sostenibile\/#primaryimage\",\"url\":\"https:\/\/organic-in-conversion.com\/wp-content\/uploads\/2022\/03\/2203_BC_Site_OrganicInConversion_1_step-further_header.jpeg\",\"contentUrl\":\"https:\/\/organic-in-conversion.com\/wp-content\/uploads\/2022\/03\/2203_BC_Site_OrganicInConversion_1_step-further_header.jpeg\",\"width\":1920,\"height\":760},{\"@type\":\"BreadcrumbList\",\"@id\":\"https:\/\/organic-in-conversion.com\/it\/cotone-biologico-in-conversione-un-passo-avanti-verso-un-mondo-piu-sostenibile\/#breadcrumb\",\"itemListElement\":[{\"@type\":\"ListItem\",\"position\":1,\"name\":\"Home\",\"item\":\"https:\/\/organic-in-conversion.com\/it\/\"},{\"@type\":\"ListItem\",\"position\":2,\"name\":\"Maggiore sostenibilit\u00e0\"}]},{\"@type\":\"WebSite\",\"@id\":\"https:\/\/organic-in-conversion.com\/it\/#website\",\"url\":\"https:\/\/organic-in-conversion.com\/it\/\",\"name\":\"Organic in conversion\",\"description\":\"\",\"potentialAction\":[{\"@type\":\"SearchAction\",\"target\":{\"@type\":\"EntryPoint\",\"urlTemplate\":\"https:\/\/organic-in-conversion.com\/it\/?s={search_term_string}\"},\"query-input\":\"required name=search_term_string\"}],\"inLanguage\":\"it-IT\"}]}<\/script>\n<!-- \/ Yoast SEO plugin. -->","yoast_head_json":{"title":"Maggiore sostenibilit\u00e0 - Organic in conversion","description":"Il cotone biologico in conversione \u00e8 molto pi\u00f9 sostenibile, tracciabile e solo leggermente pi\u00f9 costoso del cotone tradizionale e sta lentamente sostituendo il cotone biologico.","robots":{"index":"index","follow":"follow","max-snippet":"max-snippet:-1","max-image-preview":"max-image-preview:large","max-video-preview":"max-video-preview:-1"},"canonical":"https:\/\/organic-in-conversion.com\/it\/cotone-biologico-in-conversione-un-passo-avanti-verso-un-mondo-piu-sostenibile\/","og_locale":"it_IT","og_type":"article","og_title":"Maggiore sostenibilit\u00e0 - Organic in conversion","og_description":"Il cotone biologico in conversione \u00e8 molto pi\u00f9 sostenibile, tracciabile e solo leggermente pi\u00f9 costoso del cotone tradizionale e sta lentamente sostituendo il cotone biologico.","og_url":"https:\/\/organic-in-conversion.com\/it\/cotone-biologico-in-conversione-un-passo-avanti-verso-un-mondo-piu-sostenibile\/","og_site_name":"Organic in conversion","article_modified_time":"2022-04-19T07:46:45+00:00","og_image":[{"width":1920,"height":760,"url":"https:\/\/organic-in-conversion.com\/wp-content\/uploads\/2022\/03\/2203_BC_Site_OrganicInConversion_1_step-further_header.jpeg","type":"image\/jpeg"}],"twitter_card":"summary_large_image","twitter_misc":{"Tempo di lettura stimato":"2 minuti"},"schema":{"@context":"https:\/\/schema.org","@graph":[{"@type":"WebPage","@id":"https:\/\/organic-in-conversion.com\/it\/cotone-biologico-in-conversione-un-passo-avanti-verso-un-mondo-piu-sostenibile\/","url":"https:\/\/organic-in-conversion.com\/it\/cotone-biologico-in-conversione-un-passo-avanti-verso-un-mondo-piu-sostenibile\/","name":"Maggiore sostenibilit\u00e0 - Organic in conversion","isPartOf":{"@id":"https:\/\/organic-in-conversion.com\/it\/#website"},"primaryImageOfPage":{"@id":"https:\/\/organic-in-conversion.com\/it\/cotone-biologico-in-conversione-un-passo-avanti-verso-un-mondo-piu-sostenibile\/#primaryimage"},"image":{"@id":"https:\/\/organic-in-conversion.com\/it\/cotone-biologico-in-conversione-un-passo-avanti-verso-un-mondo-piu-sostenibile\/#primaryimage"},"thumbnailUrl":"https:\/\/organic-in-conversion.com\/wp-content\/uploads\/2022\/03\/2203_BC_Site_OrganicInConversion_1_step-further_header.jpeg","datePublished":"2022-03-24T11:48:33+00:00","dateModified":"2022-04-19T07:46:45+00:00","description":"Il cotone biologico in conversione \u00e8 molto pi\u00f9 sostenibile, tracciabile e solo leggermente pi\u00f9 costoso del cotone tradizionale e sta lentamente sostituendo il cotone biologico.","breadcrumb":{"@id":"https:\/\/organic-in-conversion.com\/it\/cotone-biologico-in-conversione-un-passo-avanti-verso-un-mondo-piu-sostenibile\/#breadcrumb"},"inLanguage":"it-IT","potentialAction":[{"@type":"ReadAction","target":["https:\/\/organic-in-conversion.com\/it\/cotone-biologico-in-conversione-un-passo-avanti-verso-un-mondo-piu-sostenibile\/"]}]},{"@type":"ImageObject","inLanguage":"it-IT","@id":"https:\/\/organic-in-conversion.com\/it\/cotone-biologico-in-conversione-un-passo-avanti-verso-un-mondo-piu-sostenibile\/#primaryimage","url":"https:\/\/organic-in-conversion.com\/wp-content\/uploads\/2022\/03\/2203_BC_Site_OrganicInConversion_1_step-further_header.jpeg","contentUrl":"https:\/\/organic-in-conversion.com\/wp-content\/uploads\/2022\/03\/2203_BC_Site_OrganicInConversion_1_step-further_header.jpeg","width":1920,"height":760},{"@type":"BreadcrumbList","@id":"https:\/\/organic-in-conversion.com\/it\/cotone-biologico-in-conversione-un-passo-avanti-verso-un-mondo-piu-sostenibile\/#breadcrumb","itemListElement":[{"@type":"ListItem","position":1,"name":"Home","item":"https:\/\/organic-in-conversion.com\/it\/"},{"@type":"ListItem","position":2,"name":"Maggiore sostenibilit\u00e0"}]},{"@type":"WebSite","@id":"https:\/\/organic-in-conversion.com\/it\/#website","url":"https:\/\/organic-in-conversion.com\/it\/","name":"Organic in conversion","description":"","potentialAction":[{"@type":"SearchAction","target":{"@type":"EntryPoint","urlTemplate":"https:\/\/organic-in-conversion.com\/it\/?s={search_term_string}"},"query-input":"required name=search_term_string"}],"inLanguage":"it-IT"}]}},"_links":{"self":[{"href":"https:\/\/organic-in-conversion.com\/it\/wp-json\/wp\/v2\/pages\/584","targetHints":{"allow":["GET"]}}],"collection":[{"href":"https:\/\/organic-in-conversion.com\/it\/wp-json\/wp\/v2\/pages"}],"about":[{"href":"https:\/\/organic-in-conversion.com\/it\/wp-json\/wp\/v2\/types\/page"}],"author":[{"embeddable":true,"href":"https:\/\/organic-in-conversion.com\/it\/wp-json\/wp\/v2\/users\/1"}],"replies":[{"embeddable":true,"href":"https:\/\/organic-in-conversion.com\/it\/wp-json\/wp\/v2\/comments?post=584"}],"version-history":[{"count":23,"href":"https:\/\/organic-in-conversion.com\/it\/wp-json\/wp\/v2\/pages\/584\/revisions"}],"predecessor-version":[{"id":1639,"href":"https:\/\/organic-in-conversion.com\/it\/wp-json\/wp\/v2\/pages\/584\/revisions\/1639"}],"wp:featuredmedia":[{"embeddable":true,"href":"https:\/\/organic-in-conversion.com\/it\/wp-json\/wp\/v2\/media\/446"}],"wp:attachment":[{"href":"https:\/\/organic-in-conversion.com\/it\/wp-json\/wp\/v2\/media?parent=584"}],"curies":[{"name":"wp","href":"https:\/\/api.w.org\/{rel}","templated":true}]}}