{"id":623,"date":"2022-03-24T11:48:49","date_gmt":"2022-03-24T11:48:49","guid":{"rendered":"https:\/\/organic-in-conversion.com\/la-voie-vers-plus-de-coton-biologique\/"},"modified":"2022-04-25T12:11:11","modified_gmt":"2022-04-25T12:11:11","slug":"la-voie-vers-plus-de-coton-biologique","status":"publish","type":"page","link":"https:\/\/organic-in-conversion.com\/fr\/la-voie-vers-plus-de-coton-biologique\/","title":{"rendered":"La voie vers plus de coton biologique"},"content":{"rendered":"<div class=\"wpb-content-wrapper\"><p>[vc_row row_height_percent=\u00a0\u00bb0&Prime; override_padding=\u00a0\u00bbyes\u00a0\u00bb h_padding=\u00a0\u00bb2&Prime; top_padding=\u00a0\u00bb2&Prime; bottom_padding=\u00a0\u00bb1&Prime; overlay_alpha=\u00a0\u00bb50&Prime; gutter_size=\u00a0\u00bb3&Prime; column_width_percent=\u00a0\u00bb100&Prime; shift_y=\u00a0\u00bb0&Prime; z_index=\u00a0\u00bb0&Prime; uncode_shortcode_id=\u00a0\u00bb168112&Prime;][vc_column width=\u00a0\u00bb1\/1&Prime;][vc_empty_space empty_h=\u00a0\u00bb3&Prime;][vc_row_inner][vc_column_inner column_width_percent=\u00a0\u00bb100&Prime; gutter_size=\u00a0\u00bb1&Prime; overlay_alpha=\u00a0\u00bb50&Prime; shift_x=\u00a0\u00bb0&Prime; shift_y=\u00a0\u00bb0&Prime; shift_y_down=\u00a0\u00bb0&Prime; z_index=\u00a0\u00bb0&Prime; medium_width=\u00a0\u00bb0&Prime; mobile_width=\u00a0\u00bb0&Prime; width=\u00a0\u00bb2\/6&Prime; uncode_shortcode_id=\u00a0\u00bb270358&Prime;][vc_custom_heading heading_semantic=\u00a0\u00bbh1&Prime; text_size=\u00a0\u00bbfontsize-172371&Prime; text_transform=\u00a0\u00bbuppercase\u00a0\u00bb uncode_shortcode_id=\u00a0\u00bb394071&Prime;]LE COTON BIOLOGIQUE EN CONVERSION, LE CHEMIN VERS PLUS DE COTON BIOLOGIQUE[\/vc_custom_heading][\/vc_column_inner][vc_column_inner column_width_percent=\u00a0\u00bb100&Prime; gutter_size=\u00a0\u00bb3&Prime; overlay_alpha=\u00a0\u00bb50&Prime; shift_x=\u00a0\u00bb0&Prime; shift_y=\u00a0\u00bb0&Prime; shift_y_down=\u00a0\u00bb0&Prime; z_index=\u00a0\u00bb0&Prime; medium_width=\u00a0\u00bb0&Prime; mobile_visibility=\u00a0\u00bbyes\u00a0\u00bb mobile_width=\u00a0\u00bb0&Prime; width=\u00a0\u00bb3\/6&Prime; uncode_shortcode_id=\u00a0\u00bb972815&Prime;][\/vc_column_inner][vc_column_inner column_width_percent=\u00a0\u00bb100&Prime; position_vertical=\u00a0\u00bbbottom\u00a0\u00bb gutter_size=\u00a0\u00bb3&Prime; overlay_alpha=\u00a0\u00bb50&Prime; shift_x=\u00a0\u00bb0&Prime; shift_y=\u00a0\u00bb0&Prime; shift_y_down=\u00a0\u00bb0&Prime; z_index=\u00a0\u00bb0&Prime; medium_width=\u00a0\u00bb0&Prime; mobile_width=\u00a0\u00bb0&Prime; width=\u00a0\u00bb1\/6&Prime; uncode_shortcode_id=\u00a0\u00bb175373&Prime;][vc_empty_space empty_h=\u00a0\u00bb0&Prime; desktop_visibility=\u00a0\u00bbyes\u00a0\u00bb medium_visibility=\u00a0\u00bbyes\u00a0\u00bb][uncode_socials][\/vc_column_inner][\/vc_row_inner][\/vc_column][\/vc_row][vc_row unlock_row_content=\u00a0\u00bbyes\u00a0\u00bb row_height_percent=\u00a0\u00bb0&Prime; overlay_alpha=\u00a0\u00bb50&Prime; gutter_size=\u00a0\u00bb3&Prime; column_width_percent=\u00a0\u00bb100&Prime; shift_y=\u00a0\u00bb0&Prime; z_index=\u00a0\u00bb0&Prime; mobile_visibility=\u00a0\u00bbyes\u00a0\u00bb uncode_shortcode_id=\u00a0\u00bb678488&Prime;][vc_column column_width_percent=\u00a0\u00bb100&Prime; gutter_size=\u00a0\u00bb3&Prime; overlay_alpha=\u00a0\u00bb50&Prime; shift_x=\u00a0\u00bb0&Prime; shift_y=\u00a0\u00bb0&Prime; shift_y_down=\u00a0\u00bb0&Prime; z_index=\u00a0\u00bb0&Prime; medium_width=\u00a0\u00bb0&Prime; mobile_width=\u00a0\u00bb0&Prime; width=\u00a0\u00bb1\/1&Prime; uncode_shortcode_id=\u00a0\u00bb113539&Prime; el_id=\u00a0\u00bbheader__intern__image\u00a0\u00bb][vc_single_image dynamic=\u00a0\u00bbyes\u00a0\u00bb media_width_percent=\u00a0\u00bb100&Prime; uncode_shortcode_id=\u00a0\u00bb213101&Prime;][\/vc_column][\/vc_row][vc_row unlock_row_content=\u00a0\u00bbyes\u00a0\u00bb row_height_percent=\u00a0\u00bb0&Prime; override_padding=\u00a0\u00bbyes\u00a0\u00bb h_padding=\u00a0\u00bb0&Prime; top_padding=\u00a0\u00bb2&Prime; bottom_padding=\u00a0\u00bb2&Prime; overlay_alpha=\u00a0\u00bb50&Prime; gutter_size=\u00a0\u00bb3&Prime; column_width_percent=\u00a0\u00bb100&Prime; shift_y=\u00a0\u00bb0&Prime; z_index=\u00a0\u00bb0&Prime; desktop_visibility=\u00a0\u00bbyes\u00a0\u00bb medium_visibility=\u00a0\u00bbyes\u00a0\u00bb uncode_shortcode_id=\u00a0\u00bb185014&Prime;][vc_column column_width_percent=\u00a0\u00bb100&Prime; gutter_size=\u00a0\u00bb3&Prime; overlay_alpha=\u00a0\u00bb50&Prime; shift_x=\u00a0\u00bb0&Prime; shift_y=\u00a0\u00bb0&Prime; shift_y_down=\u00a0\u00bb0&Prime; z_index=\u00a0\u00bb0&Prime; medium_width=\u00a0\u00bb0&Prime; mobile_width=\u00a0\u00bb0&Prime; width=\u00a0\u00bb1\/1&Prime; uncode_shortcode_id=\u00a0\u00bb113539&Prime; el_id=\u00a0\u00bbheader__intern__image\u00a0\u00bb][vc_single_image dynamic=\u00a0\u00bbyes\u00a0\u00bb dynamic_source=\u00a0\u00bbsecondary\u00a0\u00bb media_width_percent=\u00a0\u00bb100&Prime; uncode_shortcode_id=\u00a0\u00bb575547&Prime;][\/vc_column][\/vc_row][vc_row][vc_column width=\u00a0\u00bb1\/1&Prime;][vc_row_inner][vc_column_inner width=\u00a0\u00bb1\/6&Prime;][\/vc_column_inner][vc_column_inner column_width_percent=\u00a0\u00bb100&Prime; gutter_size=\u00a0\u00bb2&Prime; overlay_alpha=\u00a0\u00bb50&Prime; shift_x=\u00a0\u00bb0&Prime; shift_y=\u00a0\u00bb0&Prime; shift_y_down=\u00a0\u00bb0&Prime; z_index=\u00a0\u00bb0&Prime; medium_width=\u00a0\u00bb0&Prime; mobile_width=\u00a0\u00bb0&Prime; width=\u00a0\u00bb1\/2&Prime; uncode_shortcode_id=\u00a0\u00bb145349&Prime;][vc_custom_heading text_size=\u00a0\u00bbfontsize-551415&Prime; text_transform=\u00a0\u00bbuppercase\u00a0\u00bb uncode_shortcode_id=\u00a0\u00bb105702&Prime;]LE MONDE A BESOIN DE PLUS D\u2019AGRICULTURE BIOLOGIQUE[\/vc_custom_heading][vc_column_text uncode_shortcode_id=\u00a0\u00bb140756&Prime;]Plus de coton biologique, s\u2019il vous pla\u00eet. C\u2019est ce dont le monde a besoin, et c\u2019est ce que nous voulons chez B&amp;C. Une offre g\u00e9n\u00e9reuse de coton biologique permet une plan\u00e8te plus saine et de meilleures conditions sociales pour les agriculteurs. Et nous pensons que notre meilleure chance d\u2019y parvenir consiste \u00e0 soutenir le coton biologique en conversion, cultiv\u00e9 par les producteurs en transition de l\u2019agriculture conventionnelle \u00e0 l\u2019agriculture biologique.<\/p>\n<p>Depuis des ann\u00e9es, l\u2019offre de coton bio repr\u00e9sente \u00e0 peine 1 % de la production cotonni\u00e8re mondiale. Et elle n\u2019est pas pr\u00e8s d\u2019augmenter, car les provisions annuelles sont essentiellement achet\u00e9es \u00e0 de petits producteurs qui ne disposent pas de ressources suffisantes pour \u00e9tendre leur activit\u00e9.<\/p>\n<p>Pour l\u2019heure, le meilleur moyen de stimuler l\u2019offre de coton biologique est d\u2019encourager plus d\u2019agriculteurs conventionnels \u00e0 se convertir \u00e0 l\u2019agriculture biologique. Si seulement c\u2019\u00e9tait aussi simple.[\/vc_column_text][\/vc_column_inner][vc_column_inner column_width_percent=\u00a0\u00bb100&Prime; gutter_size=\u00a0\u00bb3&Prime; overlay_alpha=\u00a0\u00bb50&Prime; shift_x=\u00a0\u00bb0&Prime; shift_y=\u00a0\u00bb0&Prime; shift_y_down=\u00a0\u00bb0&Prime; z_index=\u00a0\u00bb0&Prime; medium_width=\u00a0\u00bb0&Prime; mobile_visibility=\u00a0\u00bbyes\u00a0\u00bb mobile_width=\u00a0\u00bb0&Prime; width=\u00a0\u00bb1\/3&Prime; uncode_shortcode_id=\u00a0\u00bb100206&Prime;][\/vc_column_inner][\/vc_row_inner][vc_empty_space empty_h=\u00a0\u00bb2&Prime; mobile_visibility=\u00a0\u00bbyes\u00a0\u00bb][vc_row_inner][vc_column_inner column_width_percent=\u00a0\u00bb100&Prime; gutter_size=\u00a0\u00bb3&Prime; overlay_alpha=\u00a0\u00bb50&Prime; shift_x=\u00a0\u00bb0&Prime; shift_y=\u00a0\u00bb0&Prime; shift_y_down=\u00a0\u00bb0&Prime; z_index=\u00a0\u00bb0&Prime; medium_width=\u00a0\u00bb0&Prime; mobile_visibility=\u00a0\u00bbyes\u00a0\u00bb mobile_width=\u00a0\u00bb0&Prime; width=\u00a0\u00bb1\/6&Prime; uncode_shortcode_id=\u00a0\u00bb782390&Prime;][\/vc_column_inner][vc_column_inner width=\u00a0\u00bb2\/3&Prime;][vc_single_image media=\u00a0\u00bb469&Prime; media_width_percent=\u00a0\u00bb100&Prime; uncode_shortcode_id=\u00a0\u00bb168193&Prime;][\/vc_column_inner][vc_column_inner width=\u00a0\u00bb1\/6&Prime;][\/vc_column_inner][\/vc_row_inner][vc_empty_space empty_h=\u00a0\u00bb2&Prime;][vc_row_inner][vc_column_inner column_width_percent=\u00a0\u00bb100&Prime; gutter_size=\u00a0\u00bb3&Prime; overlay_alpha=\u00a0\u00bb50&Prime; shift_x=\u00a0\u00bb0&Prime; shift_y=\u00a0\u00bb0&Prime; shift_y_down=\u00a0\u00bb0&Prime; z_index=\u00a0\u00bb0&Prime; medium_width=\u00a0\u00bb0&Prime; mobile_visibility=\u00a0\u00bbyes\u00a0\u00bb mobile_width=\u00a0\u00bb0&Prime; width=\u00a0\u00bb1\/2&Prime; uncode_shortcode_id=\u00a0\u00bb178551&Prime;][vc_raw_html]PGlmcmFtZSB3aWR0aD0iNTYwIiBoZWlnaHQ9IjMxNSIgc3JjPSJodHRwczovL3d3dy55b3V0dWJlLmNvbS9lbWJlZC96M2Q5RkNpaWE4WSIgdGl0bGU9IllvdVR1YmUgdmlkZW8gcGxheWVyIiBmcmFtZWJvcmRlcj0iMCIgYWxsb3c9ImFjY2VsZXJvbWV0ZXI7IGF1dG9wbGF5OyBjbGlwYm9hcmQtd3JpdGU7IGVuY3J5cHRlZC1tZWRpYTsgZ3lyb3Njb3BlOyBwaWN0dXJlLWluLXBpY3R1cmUiIGFsbG93ZnVsbHNjcmVlbj0iIj48L2lmcmFtZT4=[\/vc_raw_html][\/vc_column_inner][vc_column_inner width=\u00a0\u00bb1\/12&Prime;][\/vc_column_inner][vc_column_inner column_width_percent=\u00a0\u00bb100&Prime; position_vertical=\u00a0\u00bbbottom\u00a0\u00bb gutter_size=\u00a0\u00bb2&Prime; overlay_alpha=\u00a0\u00bb50&Prime; shift_x=\u00a0\u00bb0&Prime; shift_y=\u00a0\u00bb0&Prime; shift_y_down=\u00a0\u00bb0&Prime; z_index=\u00a0\u00bb0&Prime; medium_width=\u00a0\u00bb0&Prime; mobile_width=\u00a0\u00bb0&Prime; width=\u00a0\u00bb5\/12&Prime; uncode_shortcode_id=\u00a0\u00bb146859&Prime;][vc_custom_heading text_size=\u00a0\u00bbfontsize-551415&Prime; text_transform=\u00a0\u00bbuppercase\u00a0\u00bb uncode_shortcode_id=\u00a0\u00bb198647&Prime;]LE CHEMIN LONG ET TORTUEUX VERS L\u2019AGRICULTURE BIOLOGIQUE[\/vc_custom_heading][vc_column_text uncode_shortcode_id=\u00a0\u00bb289465&Prime;]Pour pouvoir vendre du coton biologique, les agriculteurs doivent \u00eatre certifi\u00e9s. Mais le processus de certification biologique est tr\u00e8s complexe.<\/p>\n<p>Les r\u00e9glementations internationales requi\u00e8rent que les champs de coton doivent \u00eatre sevr\u00e9s de tous produits chimiques et d\u2019OGM pendant trois ann\u00e9es cons\u00e9cutives pour \u00eatre d\u00e9clar\u00e9s 100 % biologiques. Les pesticides et engrais de synth\u00e8se sont totalement interdits \u00e0 partir du moment o\u00f9 un agriculteur d\u00e9cide de faire de son espace un espace biologique. Pour le sol, c\u2019est comme une purification chimique. Apr\u00e8s des ann\u00e9es de d\u00e9pendance aux substances chimiques, il pr\u00e9sente des sympt\u00f4mes de sevrage, et a des rendements moins \u00e9lev\u00e9s que d\u2019habitude.<\/p>\n<p>Le fait que le coton bio en conversion ne se vend pas au m\u00eame prix que le coton biologique certifi\u00e9 (vendu plus cher) ne fait qu\u2019aggraver la situation. L\u2019agriculteur subit les co\u00fbts \u00e9lev\u00e9s de l\u2019agriculture biologique sans r\u00e9aliser le m\u00eame b\u00e9n\u00e9fice pour la production d\u2019un coton de meilleure qualit\u00e9 et plus durable.[\/vc_column_text][\/vc_column_inner][\/vc_row_inner][vc_empty_space empty_h=\u00a0\u00bb2&Prime;][vc_row_inner][vc_column_inner column_width_percent=\u00a0\u00bb100&Prime; gutter_size=\u00a0\u00bb3&Prime; overlay_alpha=\u00a0\u00bb50&Prime; shift_x=\u00a0\u00bb0&Prime; shift_y=\u00a0\u00bb0&Prime; shift_y_down=\u00a0\u00bb0&Prime; z_index=\u00a0\u00bb0&Prime; desktop_visibility=\u00a0\u00bbyes\u00a0\u00bb medium_visibility=\u00a0\u00bbyes\u00a0\u00bb medium_width=\u00a0\u00bb0&Prime; mobile_width=\u00a0\u00bb0&Prime; width=\u00a0\u00bb1\/1&Prime; uncode_shortcode_id=\u00a0\u00bb434297&Prime;][vc_raw_html]PGlmcmFtZSB3aWR0aD0iNTYwIiBoZWlnaHQ9IjMxNSIgc3JjPSJodHRwczovL3d3dy55b3V0dWJlLmNvbS9lbWJlZC96M2Q5RkNpaWE4WSIgdGl0bGU9IllvdVR1YmUgdmlkZW8gcGxheWVyIiBmcmFtZWJvcmRlcj0iMCIgYWxsb3c9ImFjY2VsZXJvbWV0ZXI7IGF1dG9wbGF5OyBjbGlwYm9hcmQtd3JpdGU7IGVuY3J5cHRlZC1tZWRpYTsgZ3lyb3Njb3BlOyBwaWN0dXJlLWluLXBpY3R1cmUiIGFsbG93ZnVsbHNjcmVlbj0iIj48L2lmcmFtZT4=[\/vc_raw_html][\/vc_column_inner][\/vc_row_inner][vc_empty_space empty_h=\u00a0\u00bb2&Prime;][vc_row_inner][vc_column_inner width=\u00a0\u00bb1\/6&Prime;][\/vc_column_inner][vc_column_inner column_width_percent=\u00a0\u00bb100&Prime; gutter_size=\u00a0\u00bb2&Prime; overlay_alpha=\u00a0\u00bb50&Prime; shift_x=\u00a0\u00bb0&Prime; shift_y=\u00a0\u00bb0&Prime; shift_y_down=\u00a0\u00bb0&Prime; z_index=\u00a0\u00bb0&Prime; medium_width=\u00a0\u00bb0&Prime; mobile_width=\u00a0\u00bb0&Prime; width=\u00a0\u00bb5\/12&Prime; uncode_shortcode_id=\u00a0\u00bb108165&Prime;][vc_custom_heading text_size=\u00a0\u00bbfontsize-551415&Prime; text_transform=\u00a0\u00bbuppercase\u00a0\u00bb uncode_shortcode_id=\u00a0\u00bb152270&Prime;]LE COTON BIOLOGIQUE EN CONVERSION EST LA SOLUTION[\/vc_custom_heading][vc_column_text uncode_shortcode_id=\u00a0\u00bb528777&Prime;]Les producteurs ont besoin de notre aide pour survivre aux difficult\u00e9s pos\u00e9es par la transition vers l\u2019agriculture biologique. Et nous devons assurer notre approvisionnement en coton durable. Soutenir les agriculteurs en transition en ajoutant un \u00e9cart de prix par rapport au coton conventionnel est la seule fa\u00e7on d\u2019y parvenir.<\/p>\n<p>Si la conversion \u00e0 la production biologique s\u2019av\u00e8re suffisamment lucrative et gratifiante, davantage de producteurs de coton trouveront le courage et la motivation de se tourner vers une agriculture plus durable. Et si le monde compte plus d\u2019agriculteurs biologiques, la Terre se portera mieux, et nous augmenteront aussi sensiblement la quantit\u00e9 de coton biologique disponible.[\/vc_column_text][\/vc_column_inner][vc_column_inner width=\u00a0\u00bb5\/12&Prime;][\/vc_column_inner][\/vc_row_inner][vc_empty_space empty_h=\u00a0\u00bb2&Prime;][vc_row_inner][vc_column_inner width=\u00a0\u00bb1\/12&Prime;][\/vc_column_inner][vc_column_inner width=\u00a0\u00bb5\/6&Prime;][vc_single_image media=\u00a0\u00bb924&Prime; media_width_percent=\u00a0\u00bb100&Prime; uncode_shortcode_id=\u00a0\u00bb499590&Prime;][\/vc_column_inner][vc_column_inner width=\u00a0\u00bb1\/12&Prime;][\/vc_column_inner][\/vc_row_inner][vc_empty_space empty_h=\u00a0\u00bb1&Prime;][\/vc_column][\/vc_row][vc_row unlock_row_content=\u00a0\u00bbyes\u00a0\u00bb row_height_percent=\u00a0\u00bb0&Prime; overlay_alpha=\u00a0\u00bb60&Prime; gutter_size=\u00a0\u00bb3&Prime; column_width_percent=\u00a0\u00bb100&Prime; shift_y=\u00a0\u00bb0&Prime; z_index=\u00a0\u00bb0&Prime; uncode_shortcode_id=\u00a0\u00bb892096&Prime; el_class=\u00a0\u00bbpostblock-large-intern\u00a0\u00bb][vc_column column_width_percent=\u00a0\u00bb100&Prime; position_vertical=\u00a0\u00bbmiddle\u00a0\u00bb align_horizontal=\u00a0\u00bbalign_center\u00a0\u00bb gutter_size=\u00a0\u00bb2&Prime; back_image=\u00a0\u00bb476&Prime; back_repeat=\u00a0\u00bbno-repeat\u00a0\u00bb overlay_color=\u00a0\u00bbcolor-118961&Prime; overlay_alpha=\u00a0\u00bb60&Prime; shift_x=\u00a0\u00bb0&Prime; shift_y=\u00a0\u00bb0&Prime; shift_y_down=\u00a0\u00bb0&Prime; z_index=\u00a0\u00bb0&Prime; medium_width=\u00a0\u00bb0&Prime; mobile_width=\u00a0\u00bb0&Prime; width=\u00a0\u00bb1\/1&Prime; uncode_shortcode_id=\u00a0\u00bb108711&Prime; overlay_color_type=\u00a0\u00bbuncode-palette\u00a0\u00bb link_to=\u00a0\u00bburl:%2Feverything-you-should-know%2F|title:Everything%20you%20should%20know\u00a0\u00bb][vc_column_text text_color=\u00a0\u00bbcolor-xsdn\u00a0\u00bb uncode_shortcode_id=\u00a0\u00bb112686&Prime; text_color_type=\u00a0\u00bbuncode-palette\u00a0\u00bb]NEXT[\/vc_column_text][vc_custom_heading text_color=\u00a0\u00bbcolor-xsdn\u00a0\u00bb heading_semantic=\u00a0\u00bbh3&Prime; text_size=\u00a0\u00bbfontsize-828145&Prime; text_transform=\u00a0\u00bbuppercase\u00a0\u00bb uncode_shortcode_id=\u00a0\u00bb198794&Prime; text_color_type=\u00a0\u00bbuncode-palette\u00a0\u00bb]TOUT CE QUE VOUS DEVRIEZ SAVOIR[\/vc_custom_heading][\/vc_column][\/vc_row]<\/p>\n<\/div>","protected":false},"excerpt":{"rendered":"<p>[vc_row row_height_percent=\u00a0\u00bb0&Prime; override_padding=\u00a0\u00bbyes\u00a0\u00bb h_padding=\u00a0\u00bb2&Prime; top_padding=\u00a0\u00bb2&Prime; bottom_padding=\u00a0\u00bb1&Prime; overlay_alpha=\u00a0\u00bb50&Prime; gutter_size=\u00a0\u00bb3&Prime; column_width_percent=\u00a0\u00bb100&Prime; shift_y=\u00a0\u00bb0&Prime; z_index=\u00a0\u00bb0&Prime; uncode_shortcode_id=\u00a0\u00bb168112&Prime;][vc_column width=\u00a0\u00bb1\/1&Prime;][vc_empty_space empty_h=\u00a0\u00bb3&Prime;][vc_row_inner][vc_column_inner column_width_percent=\u00a0\u00bb100&Prime; gutter_size=\u00a0\u00bb1&Prime; overlay_alpha=\u00a0\u00bb50&Prime; shift_x=\u00a0\u00bb0&Prime; shift_y=\u00a0\u00bb0&Prime; shift_y_down=\u00a0\u00bb0&Prime; [&hellip;]<\/p>\n","protected":false},"author":1,"featured_media":465,"parent":0,"menu_order":0,"comment_status":"closed","ping_status":"closed","template":"","meta":{"footnotes":""},"class_list":["post-623","page","type-page","status-publish","has-post-thumbnail","hentry"],"yoast_head":"<!-- This site is optimized with the Yoast SEO plugin v23.1 - https:\/\/yoast.com\/wordpress\/plugins\/seo\/ -->\n<title>La voie vers plus de coton biologique - Organic in conversion<\/title>\n<meta name=\"description\" content=\"Le monde a besoin de plus d\u2019agriculteurs pour produire du coton biologique. Soutenir le coton en conversion est le meilleur moyen d\u2019encourager plus de producteurs de coton \u00e0 se convertir \u00e0 l\u2019agriculture biologique.\" \/>\n<meta name=\"robots\" content=\"index, follow, max-snippet:-1, max-image-preview:large, max-video-preview:-1\" \/>\n<link rel=\"canonical\" href=\"https:\/\/organic-in-conversion.com\/fr\/la-voie-vers-plus-de-coton-biologique\/\" \/>\n<meta property=\"og:locale\" content=\"fr_FR\" \/>\n<meta property=\"og:type\" content=\"article\" \/>\n<meta property=\"og:title\" content=\"La voie vers plus de coton biologique - Organic in conversion\" \/>\n<meta property=\"og:description\" content=\"Le monde a besoin de plus d\u2019agriculteurs pour produire du coton biologique. Soutenir le coton en conversion est le meilleur moyen d\u2019encourager plus de producteurs de coton \u00e0 se convertir \u00e0 l\u2019agriculture biologique.\" \/>\n<meta property=\"og:url\" content=\"https:\/\/organic-in-conversion.com\/fr\/la-voie-vers-plus-de-coton-biologique\/\" \/>\n<meta property=\"og:site_name\" content=\"Organic in conversion\" \/>\n<meta property=\"article:modified_time\" content=\"2022-04-25T12:11:11+00:00\" \/>\n<meta property=\"og:image\" content=\"https:\/\/organic-in-conversion.com\/wp-content\/uploads\/2022\/03\/2203_BC_Site_OrganicInConversion_1_way-to-more_header.jpeg\" \/>\n\t<meta property=\"og:image:width\" content=\"1920\" \/>\n\t<meta property=\"og:image:height\" content=\"760\" \/>\n\t<meta property=\"og:image:type\" content=\"image\/jpeg\" \/>\n<meta name=\"twitter:card\" content=\"summary_large_image\" \/>\n<meta name=\"twitter:label1\" content=\"Dur\u00e9e de lecture estim\u00e9e\" \/>\n\t<meta name=\"twitter:data1\" content=\"3 minutes\" \/>\n<script type=\"application\/ld+json\" class=\"yoast-schema-graph\">{\"@context\":\"https:\/\/schema.org\",\"@graph\":[{\"@type\":\"WebPage\",\"@id\":\"https:\/\/organic-in-conversion.com\/fr\/la-voie-vers-plus-de-coton-biologique\/\",\"url\":\"https:\/\/organic-in-conversion.com\/fr\/la-voie-vers-plus-de-coton-biologique\/\",\"name\":\"La voie vers plus de coton biologique - Organic in conversion\",\"isPartOf\":{\"@id\":\"https:\/\/organic-in-conversion.com\/fr\/#website\"},\"primaryImageOfPage\":{\"@id\":\"https:\/\/organic-in-conversion.com\/fr\/la-voie-vers-plus-de-coton-biologique\/#primaryimage\"},\"image\":{\"@id\":\"https:\/\/organic-in-conversion.com\/fr\/la-voie-vers-plus-de-coton-biologique\/#primaryimage\"},\"thumbnailUrl\":\"https:\/\/organic-in-conversion.com\/wp-content\/uploads\/2022\/03\/2203_BC_Site_OrganicInConversion_1_way-to-more_header.jpeg\",\"datePublished\":\"2022-03-24T11:48:49+00:00\",\"dateModified\":\"2022-04-25T12:11:11+00:00\",\"description\":\"Le monde a besoin de plus d\u2019agriculteurs pour produire du coton biologique. Soutenir le coton en conversion est le meilleur moyen d\u2019encourager plus de producteurs de coton \u00e0 se convertir \u00e0 l\u2019agriculture biologique.\",\"breadcrumb\":{\"@id\":\"https:\/\/organic-in-conversion.com\/fr\/la-voie-vers-plus-de-coton-biologique\/#breadcrumb\"},\"inLanguage\":\"fr-FR\",\"potentialAction\":[{\"@type\":\"ReadAction\",\"target\":[\"https:\/\/organic-in-conversion.com\/fr\/la-voie-vers-plus-de-coton-biologique\/\"]}]},{\"@type\":\"ImageObject\",\"inLanguage\":\"fr-FR\",\"@id\":\"https:\/\/organic-in-conversion.com\/fr\/la-voie-vers-plus-de-coton-biologique\/#primaryimage\",\"url\":\"https:\/\/organic-in-conversion.com\/wp-content\/uploads\/2022\/03\/2203_BC_Site_OrganicInConversion_1_way-to-more_header.jpeg\",\"contentUrl\":\"https:\/\/organic-in-conversion.com\/wp-content\/uploads\/2022\/03\/2203_BC_Site_OrganicInConversion_1_way-to-more_header.jpeg\",\"width\":1920,\"height\":760},{\"@type\":\"BreadcrumbList\",\"@id\":\"https:\/\/organic-in-conversion.com\/fr\/la-voie-vers-plus-de-coton-biologique\/#breadcrumb\",\"itemListElement\":[{\"@type\":\"ListItem\",\"position\":1,\"name\":\"Home\",\"item\":\"https:\/\/organic-in-conversion.com\/fr\/\"},{\"@type\":\"ListItem\",\"position\":2,\"name\":\"La voie vers plus de coton biologique\"}]},{\"@type\":\"WebSite\",\"@id\":\"https:\/\/organic-in-conversion.com\/fr\/#website\",\"url\":\"https:\/\/organic-in-conversion.com\/fr\/\",\"name\":\"Organic in conversion\",\"description\":\"\",\"potentialAction\":[{\"@type\":\"SearchAction\",\"target\":{\"@type\":\"EntryPoint\",\"urlTemplate\":\"https:\/\/organic-in-conversion.com\/fr\/?s={search_term_string}\"},\"query-input\":\"required name=search_term_string\"}],\"inLanguage\":\"fr-FR\"}]}<\/script>\n<!-- \/ Yoast SEO plugin. -->","yoast_head_json":{"title":"La voie vers plus de coton biologique - Organic in conversion","description":"Le monde a besoin de plus d\u2019agriculteurs pour produire du coton biologique. Soutenir le coton en conversion est le meilleur moyen d\u2019encourager plus de producteurs de coton \u00e0 se convertir \u00e0 l\u2019agriculture biologique.","robots":{"index":"index","follow":"follow","max-snippet":"max-snippet:-1","max-image-preview":"max-image-preview:large","max-video-preview":"max-video-preview:-1"},"canonical":"https:\/\/organic-in-conversion.com\/fr\/la-voie-vers-plus-de-coton-biologique\/","og_locale":"fr_FR","og_type":"article","og_title":"La voie vers plus de coton biologique - Organic in conversion","og_description":"Le monde a besoin de plus d\u2019agriculteurs pour produire du coton biologique. Soutenir le coton en conversion est le meilleur moyen d\u2019encourager plus de producteurs de coton \u00e0 se convertir \u00e0 l\u2019agriculture biologique.","og_url":"https:\/\/organic-in-conversion.com\/fr\/la-voie-vers-plus-de-coton-biologique\/","og_site_name":"Organic in conversion","article_modified_time":"2022-04-25T12:11:11+00:00","og_image":[{"width":1920,"height":760,"url":"https:\/\/organic-in-conversion.com\/wp-content\/uploads\/2022\/03\/2203_BC_Site_OrganicInConversion_1_way-to-more_header.jpeg","type":"image\/jpeg"}],"twitter_card":"summary_large_image","twitter_misc":{"Dur\u00e9e de lecture estim\u00e9e":"3 minutes"},"schema":{"@context":"https:\/\/schema.org","@graph":[{"@type":"WebPage","@id":"https:\/\/organic-in-conversion.com\/fr\/la-voie-vers-plus-de-coton-biologique\/","url":"https:\/\/organic-in-conversion.com\/fr\/la-voie-vers-plus-de-coton-biologique\/","name":"La voie vers plus de coton biologique - Organic in conversion","isPartOf":{"@id":"https:\/\/organic-in-conversion.com\/fr\/#website"},"primaryImageOfPage":{"@id":"https:\/\/organic-in-conversion.com\/fr\/la-voie-vers-plus-de-coton-biologique\/#primaryimage"},"image":{"@id":"https:\/\/organic-in-conversion.com\/fr\/la-voie-vers-plus-de-coton-biologique\/#primaryimage"},"thumbnailUrl":"https:\/\/organic-in-conversion.com\/wp-content\/uploads\/2022\/03\/2203_BC_Site_OrganicInConversion_1_way-to-more_header.jpeg","datePublished":"2022-03-24T11:48:49+00:00","dateModified":"2022-04-25T12:11:11+00:00","description":"Le monde a besoin de plus d\u2019agriculteurs pour produire du coton biologique. Soutenir le coton en conversion est le meilleur moyen d\u2019encourager plus de producteurs de coton \u00e0 se convertir \u00e0 l\u2019agriculture biologique.","breadcrumb":{"@id":"https:\/\/organic-in-conversion.com\/fr\/la-voie-vers-plus-de-coton-biologique\/#breadcrumb"},"inLanguage":"fr-FR","potentialAction":[{"@type":"ReadAction","target":["https:\/\/organic-in-conversion.com\/fr\/la-voie-vers-plus-de-coton-biologique\/"]}]},{"@type":"ImageObject","inLanguage":"fr-FR","@id":"https:\/\/organic-in-conversion.com\/fr\/la-voie-vers-plus-de-coton-biologique\/#primaryimage","url":"https:\/\/organic-in-conversion.com\/wp-content\/uploads\/2022\/03\/2203_BC_Site_OrganicInConversion_1_way-to-more_header.jpeg","contentUrl":"https:\/\/organic-in-conversion.com\/wp-content\/uploads\/2022\/03\/2203_BC_Site_OrganicInConversion_1_way-to-more_header.jpeg","width":1920,"height":760},{"@type":"BreadcrumbList","@id":"https:\/\/organic-in-conversion.com\/fr\/la-voie-vers-plus-de-coton-biologique\/#breadcrumb","itemListElement":[{"@type":"ListItem","position":1,"name":"Home","item":"https:\/\/organic-in-conversion.com\/fr\/"},{"@type":"ListItem","position":2,"name":"La voie vers plus de coton biologique"}]},{"@type":"WebSite","@id":"https:\/\/organic-in-conversion.com\/fr\/#website","url":"https:\/\/organic-in-conversion.com\/fr\/","name":"Organic in conversion","description":"","potentialAction":[{"@type":"SearchAction","target":{"@type":"EntryPoint","urlTemplate":"https:\/\/organic-in-conversion.com\/fr\/?s={search_term_string}"},"query-input":"required name=search_term_string"}],"inLanguage":"fr-FR"}]}},"_links":{"self":[{"href":"https:\/\/organic-in-conversion.com\/fr\/wp-json\/wp\/v2\/pages\/623","targetHints":{"allow":["GET"]}}],"collection":[{"href":"https:\/\/organic-in-conversion.com\/fr\/wp-json\/wp\/v2\/pages"}],"about":[{"href":"https:\/\/organic-in-conversion.com\/fr\/wp-json\/wp\/v2\/types\/page"}],"author":[{"embeddable":true,"href":"https:\/\/organic-in-conversion.com\/fr\/wp-json\/wp\/v2\/users\/1"}],"replies":[{"embeddable":true,"href":"https:\/\/organic-in-conversion.com\/fr\/wp-json\/wp\/v2\/comments?post=623"}],"version-history":[{"count":25,"href":"https:\/\/organic-in-conversion.com\/fr\/wp-json\/wp\/v2\/pages\/623\/revisions"}],"predecessor-version":[{"id":1689,"href":"https:\/\/organic-in-conversion.com\/fr\/wp-json\/wp\/v2\/pages\/623\/revisions\/1689"}],"wp:featuredmedia":[{"embeddable":true,"href":"https:\/\/organic-in-conversion.com\/fr\/wp-json\/wp\/v2\/media\/465"}],"wp:attachment":[{"href":"https:\/\/organic-in-conversion.com\/fr\/wp-json\/wp\/v2\/media?parent=623"}],"curies":[{"name":"wp","href":"https:\/\/api.w.org\/{rel}","templated":true}]}}