{"id":608,"date":"2022-03-24T11:48:03","date_gmt":"2022-03-24T11:48:03","guid":{"rendered":"https:\/\/organic-in-conversion.com\/pourquoi-bc-sengage-t-elle-dans-le-bio-en-conversion\/"},"modified":"2022-06-02T15:33:09","modified_gmt":"2022-06-02T15:33:09","slug":"pourquoi-bc-sengage-t-elle-dans-le-bio-en-conversion","status":"publish","type":"page","link":"https:\/\/organic-in-conversion.com\/fr\/pourquoi-bc-sengage-t-elle-dans-le-bio-en-conversion\/","title":{"rendered":"Le coton biologique a besoin d\u2019un coup de pouce"},"content":{"rendered":"<div class=\"wpb-content-wrapper\"><p>[vc_row row_height_percent=\u00a0\u00bb0&Prime; override_padding=\u00a0\u00bbyes\u00a0\u00bb h_padding=\u00a0\u00bb2&Prime; top_padding=\u00a0\u00bb2&Prime; bottom_padding=\u00a0\u00bb1&Prime; overlay_alpha=\u00a0\u00bb50&Prime; gutter_size=\u00a0\u00bb3&Prime; column_width_percent=\u00a0\u00bb100&Prime; shift_y=\u00a0\u00bb0&Prime; z_index=\u00a0\u00bb0&Prime; uncode_shortcode_id=\u00a0\u00bb168112&Prime;][vc_column width=\u00a0\u00bb1\/1&Prime;][vc_empty_space empty_h=\u00a0\u00bb3&Prime;][vc_row_inner][vc_column_inner column_width_percent=\u00a0\u00bb100&Prime; gutter_size=\u00a0\u00bb1&Prime; overlay_alpha=\u00a0\u00bb50&Prime; shift_x=\u00a0\u00bb0&Prime; shift_y=\u00a0\u00bb0&Prime; shift_y_down=\u00a0\u00bb0&Prime; z_index=\u00a0\u00bb0&Prime; medium_width=\u00a0\u00bb0&Prime; mobile_width=\u00a0\u00bb0&Prime; width=\u00a0\u00bb2\/6&Prime; uncode_shortcode_id=\u00a0\u00bb270358&Prime;][vc_custom_heading heading_semantic=\u00a0\u00bbh1&Prime; text_size=\u00a0\u00bbfontsize-172371&Prime; text_transform=\u00a0\u00bbuppercase\u00a0\u00bb uncode_shortcode_id=\u00a0\u00bb415903&Prime;]Pourquoi B&amp;C s\u2019engage dans le bio en conversion\u00a0?[\/vc_custom_heading][\/vc_column_inner][vc_column_inner column_width_percent=\u00a0\u00bb100&Prime; gutter_size=\u00a0\u00bb3&Prime; overlay_alpha=\u00a0\u00bb50&Prime; shift_x=\u00a0\u00bb0&Prime; shift_y=\u00a0\u00bb0&Prime; shift_y_down=\u00a0\u00bb0&Prime; z_index=\u00a0\u00bb0&Prime; medium_width=\u00a0\u00bb0&Prime; mobile_visibility=\u00a0\u00bbyes\u00a0\u00bb mobile_width=\u00a0\u00bb0&Prime; width=\u00a0\u00bb3\/6&Prime; uncode_shortcode_id=\u00a0\u00bb584271&Prime;][\/vc_column_inner][vc_column_inner column_width_percent=\u00a0\u00bb100&Prime; position_vertical=\u00a0\u00bbbottom\u00a0\u00bb gutter_size=\u00a0\u00bb3&Prime; overlay_alpha=\u00a0\u00bb50&Prime; shift_x=\u00a0\u00bb0&Prime; shift_y=\u00a0\u00bb0&Prime; shift_y_down=\u00a0\u00bb0&Prime; z_index=\u00a0\u00bb0&Prime; medium_width=\u00a0\u00bb0&Prime; mobile_width=\u00a0\u00bb0&Prime; width=\u00a0\u00bb1\/6&Prime; uncode_shortcode_id=\u00a0\u00bb175373&Prime;][vc_empty_space empty_h=\u00a0\u00bb0&Prime;][uncode_socials][\/vc_column_inner][\/vc_row_inner][\/vc_column][\/vc_row][vc_row unlock_row_content=\u00a0\u00bbyes\u00a0\u00bb row_height_percent=\u00a0\u00bb0&Prime; overlay_alpha=\u00a0\u00bb50&Prime; gutter_size=\u00a0\u00bb3&Prime; column_width_percent=\u00a0\u00bb100&Prime; shift_y=\u00a0\u00bb0&Prime; z_index=\u00a0\u00bb0&Prime; mobile_visibility=\u00a0\u00bbyes\u00a0\u00bb uncode_shortcode_id=\u00a0\u00bb161744&Prime;][vc_column column_width_percent=\u00a0\u00bb100&Prime; gutter_size=\u00a0\u00bb3&Prime; overlay_alpha=\u00a0\u00bb50&Prime; shift_x=\u00a0\u00bb0&Prime; shift_y=\u00a0\u00bb0&Prime; shift_y_down=\u00a0\u00bb0&Prime; z_index=\u00a0\u00bb0&Prime; medium_width=\u00a0\u00bb0&Prime; mobile_width=\u00a0\u00bb0&Prime; width=\u00a0\u00bb1\/1&Prime; uncode_shortcode_id=\u00a0\u00bb343403&Prime; el_id=\u00a0\u00bbheader__intern__image\u00a0\u00bb][vc_single_image dynamic=\u00a0\u00bbyes\u00a0\u00bb media_width_percent=\u00a0\u00bb100&Prime; uncode_shortcode_id=\u00a0\u00bb181252&Prime;][\/vc_column][\/vc_row][vc_row unlock_row_content=\u00a0\u00bbyes\u00a0\u00bb row_height_percent=\u00a0\u00bb0&Prime; override_padding=\u00a0\u00bbyes\u00a0\u00bb h_padding=\u00a0\u00bb0&Prime; top_padding=\u00a0\u00bb2&Prime; bottom_padding=\u00a0\u00bb2&Prime; overlay_alpha=\u00a0\u00bb50&Prime; gutter_size=\u00a0\u00bb3&Prime; column_width_percent=\u00a0\u00bb100&Prime; shift_y=\u00a0\u00bb0&Prime; z_index=\u00a0\u00bb0&Prime; desktop_visibility=\u00a0\u00bbyes\u00a0\u00bb medium_visibility=\u00a0\u00bbyes\u00a0\u00bb uncode_shortcode_id=\u00a0\u00bb159907&Prime;][vc_column column_width_percent=\u00a0\u00bb100&Prime; gutter_size=\u00a0\u00bb3&Prime; overlay_alpha=\u00a0\u00bb50&Prime; shift_x=\u00a0\u00bb0&Prime; shift_y=\u00a0\u00bb0&Prime; shift_y_down=\u00a0\u00bb0&Prime; z_index=\u00a0\u00bb0&Prime; medium_width=\u00a0\u00bb0&Prime; mobile_width=\u00a0\u00bb0&Prime; width=\u00a0\u00bb1\/1&Prime; uncode_shortcode_id=\u00a0\u00bb343403&Prime; el_id=\u00a0\u00bbheader__intern__image\u00a0\u00bb][vc_single_image dynamic=\u00a0\u00bbyes\u00a0\u00bb dynamic_source=\u00a0\u00bbsecondary\u00a0\u00bb media_width_percent=\u00a0\u00bb100&Prime; uncode_shortcode_id=\u00a0\u00bb544737&Prime;][\/vc_column][\/vc_row][vc_row][vc_column width=\u00a0\u00bb1\/1&Prime;][vc_row_inner][vc_column_inner width=\u00a0\u00bb1\/6&Prime;][\/vc_column_inner][vc_column_inner column_width_percent=\u00a0\u00bb100&Prime; gutter_size=\u00a0\u00bb2&Prime; overlay_alpha=\u00a0\u00bb50&Prime; shift_x=\u00a0\u00bb0&Prime; shift_y=\u00a0\u00bb0&Prime; shift_y_down=\u00a0\u00bb0&Prime; z_index=\u00a0\u00bb0&Prime; medium_width=\u00a0\u00bb0&Prime; mobile_width=\u00a0\u00bb0&Prime; width=\u00a0\u00bb1\/2&Prime; uncode_shortcode_id=\u00a0\u00bb145349&Prime;][vc_custom_heading text_size=\u00a0\u00bbfontsize-551415&Prime; text_transform=\u00a0\u00bbuppercase\u00a0\u00bb uncode_shortcode_id=\u00a0\u00bb114196&Prime;]Le coton biologique a besoin d\u2019un coup de pouce[\/vc_custom_heading][vc_column_text uncode_shortcode_id=\u00a0\u00bb793303&Prime;]Il fut un temps o\u00f9 nous consid\u00e9rions tous le coton biologique comme la cl\u00e9 qui ouvrirait la porte d\u2019un monde plus durable. Bon nombre de marques de v\u00eatements et de mode ont accueilli le coton biologique comme la solution, nous compris.<\/p>\n<p>Il y a six ans, B&amp;C Collection a lanc\u00e9 une collection de produits en coton bio. \u00c0 l\u2019\u00e9poque, cela nous paraissait \u00eatre la meilleure ligne de conduite, et nous nous r\u00e9jouissions de respecter notre engagement en faveur de la durabilit\u00e9 environnementale, sociale et \u00e9conomique. Mais il s\u2019est vite av\u00e9r\u00e9 que le coton biologique ne pouvait pas faire tout le travail \u00e0 lui seul.<\/p>\n<p>Ce n\u2019est tout de m\u00eame pas la faute du coton biologique si la demande est devenue si forte, alors que l\u2019offre repr\u00e9sente aujourd&rsquo;hui \u00e0 peine 1 % de la production cotonni\u00e8re mondiale. Qui n\u2019aimerait pas le coton bio ? C\u2019est le fruit d\u2019une culture saine et d\u2019un bon \u00e9levage. Mais la p\u00e9riode de transition est si difficile pour les producteurs de coton que tr\u00e8s peu d\u2019entre eux peuvent se permettre d\u2019emprunter cette voie.<\/p>\n<p>Aujourd\u2019hui, 99 % des producteurs de coton appliquent toujours les vieilles m\u00e9thodes de l\u2019agriculture conventionnelle.<\/p>\n<p>M\u00eame si l\u2019agriculture biologique gagne du terrain chaque ann\u00e9e, l\u2019agriculture conventionnelle est toujours pr\u00e9dominante. Le coton bio ne peut pas suivre et met ainsi la cha\u00eene d\u2019approvisionnement en danger. Il a clairement besoin de l\u2019aide des marques pour promouvoir la cause de la durabilit\u00e9. Chez B&amp;C, nous avons donc pris la d\u00e9cision d\u2019emprunter la voie prometteuse du coton en conversion.[\/vc_column_text][\/vc_column_inner][vc_column_inner width=\u00a0\u00bb1\/3&Prime;][\/vc_column_inner][\/vc_row_inner][vc_empty_space empty_h=\u00a0\u00bb2&Prime; mobile_visibility=\u00a0\u00bbyes\u00a0\u00bb][vc_row_inner][vc_column_inner column_width_percent=\u00a0\u00bb100&Prime; gutter_size=\u00a0\u00bb3&Prime; overlay_alpha=\u00a0\u00bb50&Prime; shift_x=\u00a0\u00bb0&Prime; shift_y=\u00a0\u00bb0&Prime; shift_y_down=\u00a0\u00bb0&Prime; z_index=\u00a0\u00bb0&Prime; medium_width=\u00a0\u00bb0&Prime; mobile_visibility=\u00a0\u00bbyes\u00a0\u00bb mobile_width=\u00a0\u00bb0&Prime; width=\u00a0\u00bb1\/6&Prime; uncode_shortcode_id=\u00a0\u00bb198517&Prime;][\/vc_column_inner][vc_column_inner width=\u00a0\u00bb2\/3&Prime;][vc_single_image media=\u00a0\u00bb1357&Prime; media_width_percent=\u00a0\u00bb100&Prime; uncode_shortcode_id=\u00a0\u00bb325525&Prime;][\/vc_column_inner][vc_column_inner width=\u00a0\u00bb1\/6&Prime;][\/vc_column_inner][\/vc_row_inner][vc_empty_space empty_h=\u00a0\u00bb2&Prime;][vc_row_inner][vc_column_inner column_width_percent=\u00a0\u00bb100&Prime; gutter_size=\u00a0\u00bb3&Prime; overlay_alpha=\u00a0\u00bb50&Prime; shift_x=\u00a0\u00bb0&Prime; shift_y=\u00a0\u00bb0&Prime; shift_y_down=\u00a0\u00bb0&Prime; z_index=\u00a0\u00bb0&Prime; medium_width=\u00a0\u00bb0&Prime; mobile_visibility=\u00a0\u00bbyes\u00a0\u00bb mobile_width=\u00a0\u00bb0&Prime; width=\u00a0\u00bb1\/2&Prime; uncode_shortcode_id=\u00a0\u00bb211073&Prime;][vc_single_image media=\u00a0\u00bb1363&Prime; media_width_percent=\u00a0\u00bb100&Prime; uncode_shortcode_id=\u00a0\u00bb970973&Prime;][\/vc_column_inner][vc_column_inner width=\u00a0\u00bb1\/12&Prime;][\/vc_column_inner][vc_column_inner column_width_percent=\u00a0\u00bb100&Prime; position_vertical=\u00a0\u00bbbottom\u00a0\u00bb gutter_size=\u00a0\u00bb2&Prime; overlay_alpha=\u00a0\u00bb50&Prime; shift_x=\u00a0\u00bb0&Prime; shift_y=\u00a0\u00bb0&Prime; shift_y_down=\u00a0\u00bb0&Prime; z_index=\u00a0\u00bb0&Prime; medium_width=\u00a0\u00bb0&Prime; mobile_width=\u00a0\u00bb0&Prime; width=\u00a0\u00bb5\/12&Prime; uncode_shortcode_id=\u00a0\u00bb655484&Prime;][vc_custom_heading text_size=\u00a0\u00bbfontsize-551415&Prime; text_transform=\u00a0\u00bbuppercase\u00a0\u00bb uncode_shortcode_id=\u00a0\u00bb489575&Prime;]Qu\u2019est-ce que le coton biologique en conversion ?<\/p>\n<p>[\/vc_custom_heading][vc_column_text uncode_shortcode_id=\u00a0\u00bb747895&Prime;]Le coton biologique en conversion est la fibre que les agriculteurs produisent au cours de la transition entre l\u2019agriculture conventionnelle et l\u2019agriculture biologique. Pour obtenir la certification biologique, les producteurs de coton doivent respecter toutes les r\u00e8gles de l\u2019agriculture biologique et s\u2019abstenir d\u2019utiliser des produits chimiques et des OGM du d\u00e9but \u00e0 la fin d\u2019une p\u00e9riode transitoire de trois ans. Ce coton est aussi durable que le coton biologique et certifi\u00e9 \u00ab Bio en conversion \u00bb.[\/vc_column_text][\/vc_column_inner][\/vc_row_inner][vc_empty_space empty_h=\u00a0\u00bb2&Prime;][vc_row_inner][vc_column_inner column_width_percent=\u00a0\u00bb100&Prime; gutter_size=\u00a0\u00bb3&Prime; overlay_alpha=\u00a0\u00bb50&Prime; shift_x=\u00a0\u00bb0&Prime; shift_y=\u00a0\u00bb0&Prime; shift_y_down=\u00a0\u00bb0&Prime; z_index=\u00a0\u00bb0&Prime; desktop_visibility=\u00a0\u00bbyes\u00a0\u00bb medium_visibility=\u00a0\u00bbyes\u00a0\u00bb medium_width=\u00a0\u00bb0&Prime; mobile_width=\u00a0\u00bb0&Prime; width=\u00a0\u00bb1\/1&Prime; uncode_shortcode_id=\u00a0\u00bb627494&Prime;][vc_single_image media=\u00a0\u00bb1363&Prime; media_width_percent=\u00a0\u00bb100&Prime; uncode_shortcode_id=\u00a0\u00bb111773&Prime;][\/vc_column_inner][\/vc_row_inner][vc_empty_space empty_h=\u00a0\u00bb2&Prime;][vc_row_inner][vc_column_inner width=\u00a0\u00bb1\/6&Prime;][\/vc_column_inner][vc_column_inner column_width_percent=\u00a0\u00bb100&Prime; gutter_size=\u00a0\u00bb2&Prime; overlay_alpha=\u00a0\u00bb50&Prime; shift_x=\u00a0\u00bb0&Prime; shift_y=\u00a0\u00bb0&Prime; shift_y_down=\u00a0\u00bb0&Prime; z_index=\u00a0\u00bb0&Prime; medium_width=\u00a0\u00bb0&Prime; mobile_width=\u00a0\u00bb0&Prime; width=\u00a0\u00bb5\/12&Prime; uncode_shortcode_id=\u00a0\u00bb108165&Prime;][vc_custom_heading text_size=\u00a0\u00bbfontsize-551415&Prime; text_transform=\u00a0\u00bbuppercase\u00a0\u00bb uncode_shortcode_id=\u00a0\u00bb164790&Prime;]Pour une v\u00e9ritable durabilit\u00e9[\/vc_custom_heading][vc_column_text uncode_shortcode_id=\u00a0\u00bb272164&Prime;]Notre objectif \u00e0 long terme est d\u2019inverser les chiffres et de faire pencher la balance en faveur d\u2019une agriculture plus durable. Et nous pensons que la seule mani\u00e8re d\u2019y parvenir est de soutenir les producteurs qui passent aujourd\u2019hui \u00e0 l\u2019agriculture biologique.<\/p>\n<p>La certification bio suit un processus long et rigoureux qui peut mettre le monde d\u2019un agriculteur sens dessus dessous. Pour \u00eatre certifi\u00e9s, les producteurs de coton doivent sevrer leurs terres de tous produits chimiques et des OGM durant trois ans. Pendant ce temps, le rendement peut baisser en raison des changements draconiens, et les agriculteurs risquent de perdre un revenu consid\u00e9rable.<\/p>\n<p>Notre engagement en faveur de la durabilit\u00e9 sociale, environnementale et \u00e9conomique nous pousse \u00e0 agir. En soutenant le coton en conversion, au m\u00eame titre que le coton biologique, nous esp\u00e9rons que davantage de producteurs se convertiront \u00e0 l\u2019agriculture biologique, que l\u2019agriculture chimique perdra du terrain et que le coton bio r\u00e9alisera sa destin\u00e9e : devenir une star accessible.[\/vc_column_text][\/vc_column_inner][vc_column_inner width=\u00a0\u00bb5\/12&Prime;][\/vc_column_inner][\/vc_row_inner][vc_empty_space empty_h=\u00a0\u00bb2&Prime;][vc_row_inner][vc_column_inner width=\u00a0\u00bb1\/12&Prime;][\/vc_column_inner][vc_column_inner width=\u00a0\u00bb5\/6&Prime;][vc_raw_html]PGlmcmFtZSB3aWR0aD0iNTYwIiBoZWlnaHQ9IjUwMCIgc3JjPSJodHRwczovL3d3dy55b3V0dWJlLmNvbS9lbWJlZC9BWjBRblNiTlVpTSIgdGl0bGU9IllvdVR1YmUgdmlkZW8gcGxheWVyIiBmcmFtZWJvcmRlcj0iMCIgYWxsb3c9ImFjY2VsZXJvbWV0ZXI7IGF1dG9wbGF5OyBjbGlwYm9hcmQtd3JpdGU7IGVuY3J5cHRlZC1tZWRpYTsgZ3lyb3Njb3BlOyBwaWN0dXJlLWluLXBpY3R1cmUiIGFsbG93ZnVsbHNjcmVlbj0iIj48L2lmcmFtZT4=[\/vc_raw_html][\/vc_column_inner][vc_column_inner width=\u00a0\u00bb1\/12&Prime;][\/vc_column_inner][\/vc_row_inner][vc_empty_space empty_h=\u00a0\u00bb1&Prime;][\/vc_column][\/vc_row][vc_row unlock_row_content=\u00a0\u00bbyes\u00a0\u00bb row_height_percent=\u00a0\u00bb0&Prime; overlay_alpha=\u00a0\u00bb60&Prime; gutter_size=\u00a0\u00bb3&Prime; column_width_percent=\u00a0\u00bb100&Prime; shift_y=\u00a0\u00bb0&Prime; z_index=\u00a0\u00bb0&Prime; uncode_shortcode_id=\u00a0\u00bb892096&Prime; el_class=\u00a0\u00bbpostblock-large-intern\u00a0\u00bb][vc_column column_width_percent=\u00a0\u00bb100&Prime; position_vertical=\u00a0\u00bbmiddle\u00a0\u00bb align_horizontal=\u00a0\u00bbalign_center\u00a0\u00bb gutter_size=\u00a0\u00bb2&Prime; back_image=\u00a0\u00bb97&Prime; back_repeat=\u00a0\u00bbno-repeat\u00a0\u00bb overlay_color=\u00a0\u00bbcolor-118961&Prime; overlay_alpha=\u00a0\u00bb75&Prime; shift_x=\u00a0\u00bb0&Prime; shift_y=\u00a0\u00bb0&Prime; shift_y_down=\u00a0\u00bb0&Prime; z_index=\u00a0\u00bb0&Prime; medium_width=\u00a0\u00bb0&Prime; mobile_width=\u00a0\u00bb0&Prime; width=\u00a0\u00bb1\/1&Prime; uncode_shortcode_id=\u00a0\u00bb147343&Prime; overlay_color_type=\u00a0\u00bbuncode-palette\u00a0\u00bb link_to=\u00a0\u00bburl:%2Ffor-you-for-what%2F|title:For%20you%2C%20For%20what\u00a0\u00bb][vc_column_text text_color=\u00a0\u00bbcolor-xsdn\u00a0\u00bb uncode_shortcode_id=\u00a0\u00bb112686&Prime; text_color_type=\u00a0\u00bbuncode-palette\u00a0\u00bb]NEXT[\/vc_column_text][vc_custom_heading text_color=\u00a0\u00bbcolor-xsdn\u00a0\u00bb heading_semantic=\u00a0\u00bbh3&Prime; text_size=\u00a0\u00bbfontsize-828145&Prime; text_transform=\u00a0\u00bbuppercase\u00a0\u00bb uncode_shortcode_id=\u00a0\u00bb157053&Prime; text_color_type=\u00a0\u00bbuncode-palette\u00a0\u00bb]POUR VOUS, POUR QUOI?[\/vc_custom_heading][\/vc_column][\/vc_row]<\/p>\n<\/div>","protected":false},"excerpt":{"rendered":"<p>[vc_row row_height_percent=\u00a0\u00bb0&Prime; override_padding=\u00a0\u00bbyes\u00a0\u00bb h_padding=\u00a0\u00bb2&Prime; top_padding=\u00a0\u00bb2&Prime; bottom_padding=\u00a0\u00bb1&Prime; overlay_alpha=\u00a0\u00bb50&Prime; gutter_size=\u00a0\u00bb3&Prime; column_width_percent=\u00a0\u00bb100&Prime; shift_y=\u00a0\u00bb0&Prime; z_index=\u00a0\u00bb0&Prime; uncode_shortcode_id=\u00a0\u00bb168112&Prime;][vc_column width=\u00a0\u00bb1\/1&Prime;][vc_empty_space empty_h=\u00a0\u00bb3&Prime;][vc_row_inner][vc_column_inner column_width_percent=\u00a0\u00bb100&Prime; gutter_size=\u00a0\u00bb1&Prime; overlay_alpha=\u00a0\u00bb50&Prime; shift_x=\u00a0\u00bb0&Prime; shift_y=\u00a0\u00bb0&Prime; shift_y_down=\u00a0\u00bb0&Prime; [&hellip;]<\/p>\n","protected":false},"author":1,"featured_media":425,"parent":0,"menu_order":0,"comment_status":"closed","ping_status":"closed","template":"","meta":{"footnotes":""},"class_list":["post-608","page","type-page","status-publish","has-post-thumbnail","hentry"],"yoast_head":"<!-- This site is optimized with the Yoast SEO plugin v23.1 - https:\/\/yoast.com\/wordpress\/plugins\/seo\/ -->\n<title>Le coton biologique a besoin d\u2019un coup de pouce - Organic in conversion<\/title>\n<meta name=\"description\" content=\"Les chiffres parlent d\u2019eux-m\u00eames : la production mondiale de coton biologique ne suffit pas \u00e0 couvrir la demande. Chez B&amp;C, nous avons trouv\u00e9 une alternative tout aussi durable : le coton bio en conversion.\" \/>\n<meta name=\"robots\" content=\"index, follow, max-snippet:-1, max-image-preview:large, max-video-preview:-1\" \/>\n<link rel=\"canonical\" href=\"https:\/\/organic-in-conversion.com\/fr\/pourquoi-bc-sengage-t-elle-dans-le-bio-en-conversion\/\" \/>\n<meta property=\"og:locale\" content=\"fr_FR\" \/>\n<meta property=\"og:type\" content=\"article\" \/>\n<meta property=\"og:title\" content=\"Le coton biologique a besoin d\u2019un coup de pouce - Organic in conversion\" \/>\n<meta property=\"og:description\" content=\"Les chiffres parlent d\u2019eux-m\u00eames : la production mondiale de coton biologique ne suffit pas \u00e0 couvrir la demande. Chez B&amp;C, nous avons trouv\u00e9 une alternative tout aussi durable : le coton bio en conversion.\" \/>\n<meta property=\"og:url\" content=\"https:\/\/organic-in-conversion.com\/fr\/pourquoi-bc-sengage-t-elle-dans-le-bio-en-conversion\/\" \/>\n<meta property=\"og:site_name\" content=\"Organic in conversion\" \/>\n<meta property=\"article:modified_time\" content=\"2022-06-02T15:33:09+00:00\" \/>\n<meta property=\"og:image\" content=\"https:\/\/organic-in-conversion.com\/wp-content\/uploads\/2022\/03\/WHY-DID-BC-ENGAGE-IN-ORGANIC-IN-CONVERSION.jpeg\" \/>\n\t<meta property=\"og:image:width\" content=\"1920\" \/>\n\t<meta property=\"og:image:height\" content=\"760\" \/>\n\t<meta property=\"og:image:type\" content=\"image\/jpeg\" \/>\n<meta name=\"twitter:card\" content=\"summary_large_image\" \/>\n<meta name=\"twitter:label1\" content=\"Dur\u00e9e de lecture estim\u00e9e\" \/>\n\t<meta name=\"twitter:data1\" content=\"4 minutes\" \/>\n<script type=\"application\/ld+json\" class=\"yoast-schema-graph\">{\"@context\":\"https:\/\/schema.org\",\"@graph\":[{\"@type\":\"WebPage\",\"@id\":\"https:\/\/organic-in-conversion.com\/fr\/pourquoi-bc-sengage-t-elle-dans-le-bio-en-conversion\/\",\"url\":\"https:\/\/organic-in-conversion.com\/fr\/pourquoi-bc-sengage-t-elle-dans-le-bio-en-conversion\/\",\"name\":\"Le coton biologique a besoin d\u2019un coup de pouce - Organic in conversion\",\"isPartOf\":{\"@id\":\"https:\/\/organic-in-conversion.com\/fr\/#website\"},\"primaryImageOfPage\":{\"@id\":\"https:\/\/organic-in-conversion.com\/fr\/pourquoi-bc-sengage-t-elle-dans-le-bio-en-conversion\/#primaryimage\"},\"image\":{\"@id\":\"https:\/\/organic-in-conversion.com\/fr\/pourquoi-bc-sengage-t-elle-dans-le-bio-en-conversion\/#primaryimage\"},\"thumbnailUrl\":\"https:\/\/organic-in-conversion.com\/wp-content\/uploads\/2022\/03\/WHY-DID-BC-ENGAGE-IN-ORGANIC-IN-CONVERSION.jpeg\",\"datePublished\":\"2022-03-24T11:48:03+00:00\",\"dateModified\":\"2022-06-02T15:33:09+00:00\",\"description\":\"Les chiffres parlent d\u2019eux-m\u00eames : la production mondiale de coton biologique ne suffit pas \u00e0 couvrir la demande. Chez B&C, nous avons trouv\u00e9 une alternative tout aussi durable : le coton bio en conversion.\",\"breadcrumb\":{\"@id\":\"https:\/\/organic-in-conversion.com\/fr\/pourquoi-bc-sengage-t-elle-dans-le-bio-en-conversion\/#breadcrumb\"},\"inLanguage\":\"fr-FR\",\"potentialAction\":[{\"@type\":\"ReadAction\",\"target\":[\"https:\/\/organic-in-conversion.com\/fr\/pourquoi-bc-sengage-t-elle-dans-le-bio-en-conversion\/\"]}]},{\"@type\":\"ImageObject\",\"inLanguage\":\"fr-FR\",\"@id\":\"https:\/\/organic-in-conversion.com\/fr\/pourquoi-bc-sengage-t-elle-dans-le-bio-en-conversion\/#primaryimage\",\"url\":\"https:\/\/organic-in-conversion.com\/wp-content\/uploads\/2022\/03\/WHY-DID-BC-ENGAGE-IN-ORGANIC-IN-CONVERSION.jpeg\",\"contentUrl\":\"https:\/\/organic-in-conversion.com\/wp-content\/uploads\/2022\/03\/WHY-DID-BC-ENGAGE-IN-ORGANIC-IN-CONVERSION.jpeg\",\"width\":1920,\"height\":760},{\"@type\":\"BreadcrumbList\",\"@id\":\"https:\/\/organic-in-conversion.com\/fr\/pourquoi-bc-sengage-t-elle-dans-le-bio-en-conversion\/#breadcrumb\",\"itemListElement\":[{\"@type\":\"ListItem\",\"position\":1,\"name\":\"Home\",\"item\":\"https:\/\/organic-in-conversion.com\/fr\/\"},{\"@type\":\"ListItem\",\"position\":2,\"name\":\"Le coton biologique a besoin d\u2019un coup de pouce\"}]},{\"@type\":\"WebSite\",\"@id\":\"https:\/\/organic-in-conversion.com\/fr\/#website\",\"url\":\"https:\/\/organic-in-conversion.com\/fr\/\",\"name\":\"Organic in conversion\",\"description\":\"\",\"potentialAction\":[{\"@type\":\"SearchAction\",\"target\":{\"@type\":\"EntryPoint\",\"urlTemplate\":\"https:\/\/organic-in-conversion.com\/fr\/?s={search_term_string}\"},\"query-input\":\"required name=search_term_string\"}],\"inLanguage\":\"fr-FR\"}]}<\/script>\n<!-- \/ Yoast SEO plugin. -->","yoast_head_json":{"title":"Le coton biologique a besoin d\u2019un coup de pouce - Organic in conversion","description":"Les chiffres parlent d\u2019eux-m\u00eames : la production mondiale de coton biologique ne suffit pas \u00e0 couvrir la demande. Chez B&C, nous avons trouv\u00e9 une alternative tout aussi durable : le coton bio en conversion.","robots":{"index":"index","follow":"follow","max-snippet":"max-snippet:-1","max-image-preview":"max-image-preview:large","max-video-preview":"max-video-preview:-1"},"canonical":"https:\/\/organic-in-conversion.com\/fr\/pourquoi-bc-sengage-t-elle-dans-le-bio-en-conversion\/","og_locale":"fr_FR","og_type":"article","og_title":"Le coton biologique a besoin d\u2019un coup de pouce - Organic in conversion","og_description":"Les chiffres parlent d\u2019eux-m\u00eames : la production mondiale de coton biologique ne suffit pas \u00e0 couvrir la demande. Chez B&C, nous avons trouv\u00e9 une alternative tout aussi durable : le coton bio en conversion.","og_url":"https:\/\/organic-in-conversion.com\/fr\/pourquoi-bc-sengage-t-elle-dans-le-bio-en-conversion\/","og_site_name":"Organic in conversion","article_modified_time":"2022-06-02T15:33:09+00:00","og_image":[{"width":1920,"height":760,"url":"https:\/\/organic-in-conversion.com\/wp-content\/uploads\/2022\/03\/WHY-DID-BC-ENGAGE-IN-ORGANIC-IN-CONVERSION.jpeg","type":"image\/jpeg"}],"twitter_card":"summary_large_image","twitter_misc":{"Dur\u00e9e de lecture estim\u00e9e":"4 minutes"},"schema":{"@context":"https:\/\/schema.org","@graph":[{"@type":"WebPage","@id":"https:\/\/organic-in-conversion.com\/fr\/pourquoi-bc-sengage-t-elle-dans-le-bio-en-conversion\/","url":"https:\/\/organic-in-conversion.com\/fr\/pourquoi-bc-sengage-t-elle-dans-le-bio-en-conversion\/","name":"Le coton biologique a besoin d\u2019un coup de pouce - Organic in conversion","isPartOf":{"@id":"https:\/\/organic-in-conversion.com\/fr\/#website"},"primaryImageOfPage":{"@id":"https:\/\/organic-in-conversion.com\/fr\/pourquoi-bc-sengage-t-elle-dans-le-bio-en-conversion\/#primaryimage"},"image":{"@id":"https:\/\/organic-in-conversion.com\/fr\/pourquoi-bc-sengage-t-elle-dans-le-bio-en-conversion\/#primaryimage"},"thumbnailUrl":"https:\/\/organic-in-conversion.com\/wp-content\/uploads\/2022\/03\/WHY-DID-BC-ENGAGE-IN-ORGANIC-IN-CONVERSION.jpeg","datePublished":"2022-03-24T11:48:03+00:00","dateModified":"2022-06-02T15:33:09+00:00","description":"Les chiffres parlent d\u2019eux-m\u00eames : la production mondiale de coton biologique ne suffit pas \u00e0 couvrir la demande. Chez B&C, nous avons trouv\u00e9 une alternative tout aussi durable : le coton bio en conversion.","breadcrumb":{"@id":"https:\/\/organic-in-conversion.com\/fr\/pourquoi-bc-sengage-t-elle-dans-le-bio-en-conversion\/#breadcrumb"},"inLanguage":"fr-FR","potentialAction":[{"@type":"ReadAction","target":["https:\/\/organic-in-conversion.com\/fr\/pourquoi-bc-sengage-t-elle-dans-le-bio-en-conversion\/"]}]},{"@type":"ImageObject","inLanguage":"fr-FR","@id":"https:\/\/organic-in-conversion.com\/fr\/pourquoi-bc-sengage-t-elle-dans-le-bio-en-conversion\/#primaryimage","url":"https:\/\/organic-in-conversion.com\/wp-content\/uploads\/2022\/03\/WHY-DID-BC-ENGAGE-IN-ORGANIC-IN-CONVERSION.jpeg","contentUrl":"https:\/\/organic-in-conversion.com\/wp-content\/uploads\/2022\/03\/WHY-DID-BC-ENGAGE-IN-ORGANIC-IN-CONVERSION.jpeg","width":1920,"height":760},{"@type":"BreadcrumbList","@id":"https:\/\/organic-in-conversion.com\/fr\/pourquoi-bc-sengage-t-elle-dans-le-bio-en-conversion\/#breadcrumb","itemListElement":[{"@type":"ListItem","position":1,"name":"Home","item":"https:\/\/organic-in-conversion.com\/fr\/"},{"@type":"ListItem","position":2,"name":"Le coton biologique a besoin d\u2019un coup de pouce"}]},{"@type":"WebSite","@id":"https:\/\/organic-in-conversion.com\/fr\/#website","url":"https:\/\/organic-in-conversion.com\/fr\/","name":"Organic in conversion","description":"","potentialAction":[{"@type":"SearchAction","target":{"@type":"EntryPoint","urlTemplate":"https:\/\/organic-in-conversion.com\/fr\/?s={search_term_string}"},"query-input":"required name=search_term_string"}],"inLanguage":"fr-FR"}]}},"_links":{"self":[{"href":"https:\/\/organic-in-conversion.com\/fr\/wp-json\/wp\/v2\/pages\/608","targetHints":{"allow":["GET"]}}],"collection":[{"href":"https:\/\/organic-in-conversion.com\/fr\/wp-json\/wp\/v2\/pages"}],"about":[{"href":"https:\/\/organic-in-conversion.com\/fr\/wp-json\/wp\/v2\/types\/page"}],"author":[{"embeddable":true,"href":"https:\/\/organic-in-conversion.com\/fr\/wp-json\/wp\/v2\/users\/1"}],"replies":[{"embeddable":true,"href":"https:\/\/organic-in-conversion.com\/fr\/wp-json\/wp\/v2\/comments?post=608"}],"version-history":[{"count":20,"href":"https:\/\/organic-in-conversion.com\/fr\/wp-json\/wp\/v2\/pages\/608\/revisions"}],"predecessor-version":[{"id":1704,"href":"https:\/\/organic-in-conversion.com\/fr\/wp-json\/wp\/v2\/pages\/608\/revisions\/1704"}],"wp:featuredmedia":[{"embeddable":true,"href":"https:\/\/organic-in-conversion.com\/fr\/wp-json\/wp\/v2\/media\/425"}],"wp:attachment":[{"href":"https:\/\/organic-in-conversion.com\/fr\/wp-json\/wp\/v2\/media?parent=608"}],"curies":[{"name":"wp","href":"https:\/\/api.w.org\/{rel}","templated":true}]}}