{"id":593,"date":"2022-03-24T11:48:18","date_gmt":"2022-03-24T11:48:18","guid":{"rendered":"https:\/\/organic-in-conversion.com\/pour-vous-pour-quoi\/"},"modified":"2022-04-25T12:06:52","modified_gmt":"2022-04-25T12:06:52","slug":"pour-vous-pour-quoi","status":"publish","type":"page","link":"https:\/\/organic-in-conversion.com\/fr\/pour-vous-pour-quoi\/","title":{"rendered":"Pour vous, pour quoi"},"content":{"rendered":"<div class=\"wpb-content-wrapper\"><p>[vc_row row_height_percent=\u00a0\u00bb0&Prime; override_padding=\u00a0\u00bbyes\u00a0\u00bb h_padding=\u00a0\u00bb2&Prime; top_padding=\u00a0\u00bb2&Prime; bottom_padding=\u00a0\u00bb1&Prime; overlay_alpha=\u00a0\u00bb50&Prime; gutter_size=\u00a0\u00bb3&Prime; column_width_percent=\u00a0\u00bb100&Prime; shift_y=\u00a0\u00bb0&Prime; z_index=\u00a0\u00bb0&Prime; uncode_shortcode_id=\u00a0\u00bb168112&Prime;][vc_column width=\u00a0\u00bb1\/1&Prime;][vc_empty_space empty_h=\u00a0\u00bb3&Prime;][vc_empty_space empty_h=\u00a0\u00bb0&Prime; desktop_visibility=\u00a0\u00bbyes\u00a0\u00bb medium_visibility=\u00a0\u00bbyes\u00a0\u00bb][vc_row_inner][vc_column_inner column_width_percent=\u00a0\u00bb100&Prime; gutter_size=\u00a0\u00bb1&Prime; overlay_alpha=\u00a0\u00bb50&Prime; shift_x=\u00a0\u00bb0&Prime; shift_y=\u00a0\u00bb0&Prime; shift_y_down=\u00a0\u00bb0&Prime; z_index=\u00a0\u00bb0&Prime; medium_width=\u00a0\u00bb0&Prime; mobile_width=\u00a0\u00bb0&Prime; width=\u00a0\u00bb2\/6&Prime; uncode_shortcode_id=\u00a0\u00bb270358&Prime;][vc_custom_heading heading_semantic=\u00a0\u00bbh1&Prime; text_size=\u00a0\u00bbfontsize-172371&Prime; text_transform=\u00a0\u00bbuppercase\u00a0\u00bb uncode_shortcode_id=\u00a0\u00bb783847&Prime;]Pour vous<br \/>\npour quoi[\/vc_custom_heading][\/vc_column_inner][vc_column_inner column_width_percent=\u00a0\u00bb100&Prime; gutter_size=\u00a0\u00bb3&Prime; overlay_alpha=\u00a0\u00bb50&Prime; shift_x=\u00a0\u00bb0&Prime; shift_y=\u00a0\u00bb0&Prime; shift_y_down=\u00a0\u00bb0&Prime; z_index=\u00a0\u00bb0&Prime; medium_width=\u00a0\u00bb0&Prime; mobile_visibility=\u00a0\u00bbyes\u00a0\u00bb mobile_width=\u00a0\u00bb0&Prime; width=\u00a0\u00bb3\/6&Prime; uncode_shortcode_id=\u00a0\u00bb139844&Prime;][\/vc_column_inner][vc_column_inner column_width_percent=\u00a0\u00bb100&Prime; position_vertical=\u00a0\u00bbbottom\u00a0\u00bb gutter_size=\u00a0\u00bb3&Prime; overlay_alpha=\u00a0\u00bb50&Prime; shift_x=\u00a0\u00bb0&Prime; shift_y=\u00a0\u00bb0&Prime; shift_y_down=\u00a0\u00bb0&Prime; z_index=\u00a0\u00bb0&Prime; medium_width=\u00a0\u00bb0&Prime; mobile_width=\u00a0\u00bb0&Prime; width=\u00a0\u00bb1\/6&Prime; uncode_shortcode_id=\u00a0\u00bb175373&Prime;][uncode_socials][\/vc_column_inner][\/vc_row_inner][\/vc_column][\/vc_row][vc_row unlock_row_content=\u00a0\u00bbyes\u00a0\u00bb row_height_percent=\u00a0\u00bb0&Prime; overlay_alpha=\u00a0\u00bb50&Prime; gutter_size=\u00a0\u00bb3&Prime; column_width_percent=\u00a0\u00bb100&Prime; shift_y=\u00a0\u00bb0&Prime; z_index=\u00a0\u00bb0&Prime; mobile_visibility=\u00a0\u00bbyes\u00a0\u00bb uncode_shortcode_id=\u00a0\u00bb205629&Prime;][vc_column column_width_percent=\u00a0\u00bb100&Prime; gutter_size=\u00a0\u00bb3&Prime; overlay_alpha=\u00a0\u00bb50&Prime; shift_x=\u00a0\u00bb0&Prime; shift_y=\u00a0\u00bb0&Prime; shift_y_down=\u00a0\u00bb0&Prime; z_index=\u00a0\u00bb0&Prime; medium_width=\u00a0\u00bb0&Prime; mobile_width=\u00a0\u00bb0&Prime; width=\u00a0\u00bb1\/1&Prime; uncode_shortcode_id=\u00a0\u00bb185160&Prime; el_id=\u00a0\u00bbheader__intern__image\u00a0\u00bb][vc_single_image dynamic=\u00a0\u00bbyes\u00a0\u00bb media_width_percent=\u00a0\u00bb100&Prime; uncode_shortcode_id=\u00a0\u00bb612278&Prime;][\/vc_column][\/vc_row][vc_row unlock_row_content=\u00a0\u00bbyes\u00a0\u00bb row_height_percent=\u00a0\u00bb0&Prime; override_padding=\u00a0\u00bbyes\u00a0\u00bb h_padding=\u00a0\u00bb0&Prime; top_padding=\u00a0\u00bb2&Prime; bottom_padding=\u00a0\u00bb2&Prime; overlay_alpha=\u00a0\u00bb50&Prime; gutter_size=\u00a0\u00bb3&Prime; column_width_percent=\u00a0\u00bb100&Prime; shift_y=\u00a0\u00bb0&Prime; z_index=\u00a0\u00bb0&Prime; desktop_visibility=\u00a0\u00bbyes\u00a0\u00bb medium_visibility=\u00a0\u00bbyes\u00a0\u00bb uncode_shortcode_id=\u00a0\u00bb180229&Prime;][vc_column column_width_percent=\u00a0\u00bb100&Prime; gutter_size=\u00a0\u00bb3&Prime; overlay_alpha=\u00a0\u00bb50&Prime; shift_x=\u00a0\u00bb0&Prime; shift_y=\u00a0\u00bb0&Prime; shift_y_down=\u00a0\u00bb0&Prime; z_index=\u00a0\u00bb0&Prime; medium_width=\u00a0\u00bb0&Prime; mobile_width=\u00a0\u00bb0&Prime; width=\u00a0\u00bb1\/1&Prime; uncode_shortcode_id=\u00a0\u00bb185160&Prime; el_id=\u00a0\u00bbheader__intern__image\u00a0\u00bb][vc_single_image dynamic=\u00a0\u00bbyes\u00a0\u00bb dynamic_source=\u00a0\u00bbsecondary\u00a0\u00bb media_width_percent=\u00a0\u00bb100&Prime; uncode_shortcode_id=\u00a0\u00bb159053&Prime;][\/vc_column][\/vc_row][vc_row][vc_column width=\u00a0\u00bb1\/1&Prime;][vc_row_inner][vc_column_inner width=\u00a0\u00bb1\/6&Prime;][\/vc_column_inner][vc_column_inner column_width_percent=\u00a0\u00bb100&Prime; gutter_size=\u00a0\u00bb2&Prime; overlay_alpha=\u00a0\u00bb50&Prime; shift_x=\u00a0\u00bb0&Prime; shift_y=\u00a0\u00bb0&Prime; shift_y_down=\u00a0\u00bb0&Prime; z_index=\u00a0\u00bb0&Prime; medium_width=\u00a0\u00bb0&Prime; mobile_width=\u00a0\u00bb0&Prime; width=\u00a0\u00bb1\/2&Prime; uncode_shortcode_id=\u00a0\u00bb145349&Prime;][vc_single_image media=\u00a0\u00bb100&Prime; media_width_use_pixel=\u00a0\u00bbyes\u00a0\u00bb uncode_shortcode_id=\u00a0\u00bb122009&Prime; media_width_pixel=\u00a0\u00bb211&Prime;][vc_custom_heading text_size=\u00a0\u00bbfontsize-551415&Prime; text_transform=\u00a0\u00bbuppercase\u00a0\u00bb uncode_shortcode_id=\u00a0\u00bb140170&Prime;]LE COTON BIOLOGIQUE EN CONVERSION,<br \/>\nUNE SOLUTION POUR R\u00c9PONDRE \u00c0 LA DEMANDE CROISSANTE<br \/>\nDE V\u00caTEMENTS DURABLES[\/vc_custom_heading][vc_column_text uncode_shortcode_id=\u00a0\u00bb204144&Prime;]Nous avons beau trouver beaucoup de qualit\u00e9s au coton bio, la v\u00e9rit\u00e9 est qu\u2019il se classe extr\u00eamement bas sur l\u2019indice d\u2019accessibilit\u00e9. Ann\u00e9e apr\u00e8s ann\u00e9e, l\u2019offre mondiale de coton biologique repr\u00e9sente \u00e0 peine 1 % de la production cotonni\u00e8re globale. Et c\u2019est un r\u00e9el probl\u00e8me, car, heureusement, le nombre de consommateurs qui se convertissent aux v\u00eatements durables augmente chaque ann\u00e9e. Les marques de pr\u00eat-\u00e0-porter devront revoir leurs strat\u00e9gies d\u2019approvisionnement et \u00e9largir leurs collections de v\u00eatements durables pour rester pertinentes et \u00e9viter de perdre des opportunit\u00e9s de march\u00e9 au profit de leurs concurrents.<\/p>\n<p>Pour les entreprises, le coton bio en conversion est une occasion de satisfaire leurs besoins en coton durable tout en r\u00e9pondant \u00e0 la demande croissante de v\u00eatements durables. \u00c0 l\u2019instar du coton biologique, le coton bio en conversion est un produit issu des pratiques de l\u2019agriculture biologique. La seule diff\u00e9rence r\u00e9side dans le fait qu\u2019il est cultiv\u00e9 par des agriculteurs qui attendent encore leur certification biologique. Mais tout au long de la p\u00e9riode transitoire de trois ans, le coton est plant\u00e9 et cultiv\u00e9 sans utiliser d\u2019engrais de synth\u00e8se, de pesticides chimiques, ni d\u2019autres produits chimiques nocifs.[\/vc_column_text][\/vc_column_inner][vc_column_inner width=\u00a0\u00bb1\/3&Prime;][\/vc_column_inner][\/vc_row_inner][vc_empty_space empty_h=\u00a0\u00bb2&Prime; mobile_visibility=\u00a0\u00bbyes\u00a0\u00bb][vc_row_inner][vc_column_inner column_width_percent=\u00a0\u00bb100&Prime; gutter_size=\u00a0\u00bb3&Prime; overlay_alpha=\u00a0\u00bb50&Prime; shift_x=\u00a0\u00bb0&Prime; shift_y=\u00a0\u00bb0&Prime; shift_y_down=\u00a0\u00bb0&Prime; z_index=\u00a0\u00bb0&Prime; medium_width=\u00a0\u00bb0&Prime; mobile_visibility=\u00a0\u00bbyes\u00a0\u00bb mobile_width=\u00a0\u00bb0&Prime; width=\u00a0\u00bb1\/6&Prime; uncode_shortcode_id=\u00a0\u00bb115045&Prime;][\/vc_column_inner][vc_column_inner width=\u00a0\u00bb2\/3&Prime;][vc_single_image media=\u00a0\u00bb98&Prime; media_width_percent=\u00a0\u00bb100&Prime; uncode_shortcode_id=\u00a0\u00bb743381&Prime;][\/vc_column_inner][vc_column_inner width=\u00a0\u00bb1\/6&Prime;][\/vc_column_inner][\/vc_row_inner][vc_empty_space empty_h=\u00a0\u00bb2&Prime;][vc_row_inner][vc_column_inner column_width_percent=\u00a0\u00bb100&Prime; gutter_size=\u00a0\u00bb3&Prime; overlay_alpha=\u00a0\u00bb50&Prime; shift_x=\u00a0\u00bb0&Prime; shift_y=\u00a0\u00bb0&Prime; shift_y_down=\u00a0\u00bb0&Prime; z_index=\u00a0\u00bb0&Prime; medium_width=\u00a0\u00bb0&Prime; mobile_visibility=\u00a0\u00bbyes\u00a0\u00bb mobile_width=\u00a0\u00bb0&Prime; width=\u00a0\u00bb1\/2&Prime; uncode_shortcode_id=\u00a0\u00bb209288&Prime;][vc_single_image media=\u00a0\u00bb1385&Prime; media_width_percent=\u00a0\u00bb100&Prime; uncode_shortcode_id=\u00a0\u00bb354337&Prime;][\/vc_column_inner][vc_column_inner width=\u00a0\u00bb1\/12&Prime;][\/vc_column_inner][vc_column_inner column_width_percent=\u00a0\u00bb100&Prime; position_vertical=\u00a0\u00bbbottom\u00a0\u00bb gutter_size=\u00a0\u00bb2&Prime; overlay_alpha=\u00a0\u00bb50&Prime; shift_x=\u00a0\u00bb0&Prime; shift_y=\u00a0\u00bb0&Prime; shift_y_down=\u00a0\u00bb0&Prime; z_index=\u00a0\u00bb0&Prime; medium_width=\u00a0\u00bb0&Prime; mobile_width=\u00a0\u00bb0&Prime; width=\u00a0\u00bb5\/12&Prime; uncode_shortcode_id=\u00a0\u00bb146859&Prime;][vc_custom_heading text_size=\u00a0\u00bbfontsize-551415&Prime; text_transform=\u00a0\u00bbuppercase\u00a0\u00bb uncode_shortcode_id=\u00a0\u00bb115952&Prime;]DU COTON DE HAUTE QUALIT\u00c9<br \/>\nSANS AUCUNE CONCESSION[\/vc_custom_heading][vc_column_text uncode_shortcode_id=\u00a0\u00bb113112&Prime;]Fid\u00e8les \u00e0 notre engagement en faveur de la durabilit\u00e9 et de la qualit\u00e9, chez B&amp;C, nous appliquons le m\u00eame soin, les m\u00eames techniques et le m\u00eame contr\u00f4le qualit\u00e9 \u00e0 tous les produits en coton, que ce dernier soit conventionnel, bio en conversion ou biologique. Tous les T-shirts, polos et sweat-shirts de notre collection de coton biologique en conversion garantissent le m\u00eame niveau d\u2019imprimabilit\u00e9, de flexibilit\u00e9 des couleurs, de capacit\u00e9 de conception, de r\u00e9sistance et de long\u00e9vit\u00e9, et ce sans n\u00e9cessiter le moindre ajustement des processus d\u2019impression et des techniques de conception.<\/p>\n<p>En ajoutant du coton biologique en conversion \u00e0 votre collection, vous pouvez mettre un plus grand nombre de v\u00eatements durables de haute qualit\u00e9 \u00e0 la disposition de vos clients. Sans aucun risque d\u2019interruptions d\u2019approvisionnement en raison de la p\u00e9nurie de coton biologique.[\/vc_column_text][\/vc_column_inner][\/vc_row_inner][vc_empty_space empty_h=\u00a0\u00bb2&Prime;][vc_row_inner][vc_column_inner column_width_percent=\u00a0\u00bb100&Prime; gutter_size=\u00a0\u00bb3&Prime; overlay_alpha=\u00a0\u00bb50&Prime; shift_x=\u00a0\u00bb0&Prime; shift_y=\u00a0\u00bb0&Prime; shift_y_down=\u00a0\u00bb0&Prime; z_index=\u00a0\u00bb0&Prime; desktop_visibility=\u00a0\u00bbyes\u00a0\u00bb medium_visibility=\u00a0\u00bbyes\u00a0\u00bb medium_width=\u00a0\u00bb0&Prime; mobile_width=\u00a0\u00bb0&Prime; width=\u00a0\u00bb1\/1&Prime; uncode_shortcode_id=\u00a0\u00bb175909&Prime;][vc_single_image media=\u00a0\u00bb1385&Prime; media_width_percent=\u00a0\u00bb100&Prime; uncode_shortcode_id=\u00a0\u00bb900354&Prime;][\/vc_column_inner][\/vc_row_inner][vc_empty_space empty_h=\u00a0\u00bb2&Prime;][vc_row_inner][vc_column_inner width=\u00a0\u00bb1\/6&Prime;][\/vc_column_inner][vc_column_inner column_width_percent=\u00a0\u00bb100&Prime; gutter_size=\u00a0\u00bb2&Prime; overlay_alpha=\u00a0\u00bb50&Prime; shift_x=\u00a0\u00bb0&Prime; shift_y=\u00a0\u00bb0&Prime; shift_y_down=\u00a0\u00bb0&Prime; z_index=\u00a0\u00bb0&Prime; medium_width=\u00a0\u00bb0&Prime; mobile_width=\u00a0\u00bb0&Prime; width=\u00a0\u00bb5\/12&Prime; uncode_shortcode_id=\u00a0\u00bb108165&Prime;][vc_custom_heading text_size=\u00a0\u00bbfontsize-551415&Prime; text_transform=\u00a0\u00bbuppercase\u00a0\u00bb uncode_shortcode_id=\u00a0\u00bb207642&Prime;]DU COTON DURABLE<br \/>\nPOUR CHAQUE ENTREPRISE RESPONSABLE[\/vc_custom_heading][vc_column_text uncode_shortcode_id=\u00a0\u00bb847238&Prime;]Imaginez la diff\u00e9rence que feront les marques de v\u00eatements si elles d\u00e9cident d\u2019adopter le coton biologique en conversion. Elles aideront \u00e0 construire un monde plus durable, \u00e0 soutenir les producteurs sur le chemin long et difficile de la certification biologique et \u00e0 ouvrir la voie de l\u2019 intensification de l\u2019agriculture biologique dans le futur.<\/p>\n<p>B&amp;C Collection aspire \u00e0 un monde o\u00f9 les v\u00eatements durables sont toujours accessibles, o\u00f9 les tissus biologiques sont disponibles \u00e0 des prix raisonnables, et o\u00f9 les producteurs de coton qui choisissent l\u2019agriculture biologique sont \u00e9quitablement r\u00e9mun\u00e9r\u00e9s. C\u2019est ce genre de futur que nous esp\u00e9rons cr\u00e9er en soutenant le coton biologique en conversion aujourd\u2019hui.[\/vc_column_text][\/vc_column_inner][vc_column_inner width=\u00a0\u00bb5\/12&Prime;][\/vc_column_inner][\/vc_row_inner][vc_empty_space empty_h=\u00a0\u00bb2&Prime;][vc_row_inner][vc_column_inner width=\u00a0\u00bb1\/12&Prime;][\/vc_column_inner][vc_column_inner width=\u00a0\u00bb5\/6&Prime;][vc_raw_html]PGlmcmFtZSB3aWR0aD0iNTYwIiBoZWlnaHQ9IjUwMCIgc3JjPSJodHRwczovL3d3dy55b3V0dWJlLmNvbS9lbWJlZC9rbkxabDNhcXhNbyIgdGl0bGU9IllvdVR1YmUgdmlkZW8gcGxheWVyIiBmcmFtZWJvcmRlcj0iMCIgYWxsb3c9ImFjY2VsZXJvbWV0ZXI7IGF1dG9wbGF5OyBjbGlwYm9hcmQtd3JpdGU7IGVuY3J5cHRlZC1tZWRpYTsgZ3lyb3Njb3BlOyBwaWN0dXJlLWluLXBpY3R1cmUiIGFsbG93ZnVsbHNjcmVlbj0iIj48L2lmcmFtZT4=[\/vc_raw_html][\/vc_column_inner][vc_column_inner width=\u00a0\u00bb1\/12&Prime;][\/vc_column_inner][\/vc_row_inner][vc_empty_space empty_h=\u00a0\u00bb1&Prime;][\/vc_column][\/vc_row][vc_row unlock_row_content=\u00a0\u00bbyes\u00a0\u00bb row_height_percent=\u00a0\u00bb0&Prime; overlay_alpha=\u00a0\u00bb60&Prime; gutter_size=\u00a0\u00bb3&Prime; column_width_percent=\u00a0\u00bb100&Prime; shift_y=\u00a0\u00bb0&Prime; z_index=\u00a0\u00bb0&Prime; uncode_shortcode_id=\u00a0\u00bb892096&Prime; el_class=\u00a0\u00bbpostblock-large-intern\u00a0\u00bb][vc_column column_width_percent=\u00a0\u00bb100&Prime; position_vertical=\u00a0\u00bbmiddle\u00a0\u00bb align_horizontal=\u00a0\u00bbalign_center\u00a0\u00bb gutter_size=\u00a0\u00bb2&Prime; back_image=\u00a0\u00bb442&Prime; back_repeat=\u00a0\u00bbno-repeat\u00a0\u00bb overlay_color=\u00a0\u00bbcolor-118961&Prime; overlay_alpha=\u00a0\u00bb60&Prime; shift_x=\u00a0\u00bb0&Prime; shift_y=\u00a0\u00bb0&Prime; shift_y_down=\u00a0\u00bb0&Prime; z_index=\u00a0\u00bb0&Prime; medium_width=\u00a0\u00bb0&Prime; mobile_width=\u00a0\u00bb0&Prime; width=\u00a0\u00bb1\/1&Prime; uncode_shortcode_id=\u00a0\u00bb960035&Prime; overlay_color_type=\u00a0\u00bbuncode-palette\u00a0\u00bb link_to=\u00a0\u00bburl:%2Ffor-lasting-sustainability%2F|title:For%20lasting%20sustainability\u00a0\u00bb][vc_column_text text_color=\u00a0\u00bbcolor-xsdn\u00a0\u00bb uncode_shortcode_id=\u00a0\u00bb112686&Prime; text_color_type=\u00a0\u00bbuncode-palette\u00a0\u00bb]NEXT[\/vc_column_text][vc_custom_heading text_color=\u00a0\u00bbcolor-xsdn\u00a0\u00bb heading_semantic=\u00a0\u00bbh3&Prime; text_size=\u00a0\u00bbfontsize-828145&Prime; text_transform=\u00a0\u00bbuppercase\u00a0\u00bb uncode_shortcode_id=\u00a0\u00bb138895&Prime; text_color_type=\u00a0\u00bbuncode-palette\u00a0\u00bb]Une durabilit\u00e9<br \/>\nRenforc\u00e9e[\/vc_custom_heading][\/vc_column][\/vc_row]<\/p>\n<\/div>","protected":false},"excerpt":{"rendered":"<p>[vc_row row_height_percent=\u00a0\u00bb0&Prime; override_padding=\u00a0\u00bbyes\u00a0\u00bb h_padding=\u00a0\u00bb2&Prime; top_padding=\u00a0\u00bb2&Prime; bottom_padding=\u00a0\u00bb1&Prime; overlay_alpha=\u00a0\u00bb50&Prime; gutter_size=\u00a0\u00bb3&Prime; column_width_percent=\u00a0\u00bb100&Prime; shift_y=\u00a0\u00bb0&Prime; z_index=\u00a0\u00bb0&Prime; uncode_shortcode_id=\u00a0\u00bb168112&Prime;][vc_column width=\u00a0\u00bb1\/1&Prime;][vc_empty_space empty_h=\u00a0\u00bb3&Prime;][vc_empty_space empty_h=\u00a0\u00bb0&Prime; desktop_visibility=\u00a0\u00bbyes\u00a0\u00bb medium_visibility=\u00a0\u00bbyes\u00a0\u00bb][vc_row_inner][vc_column_inner column_width_percent=\u00a0\u00bb100&Prime; gutter_size=\u00a0\u00bb1&Prime; overlay_alpha=\u00a0\u00bb50&Prime; [&hellip;]<\/p>\n","protected":false},"author":1,"featured_media":353,"parent":0,"menu_order":0,"comment_status":"closed","ping_status":"closed","template":"","meta":{"footnotes":""},"class_list":["post-593","page","type-page","status-publish","has-post-thumbnail","hentry"],"yoast_head":"<!-- This site is optimized with the Yoast SEO plugin v23.1 - https:\/\/yoast.com\/wordpress\/plugins\/seo\/ -->\n<title>Pour vous, pour quoi - Organic in conversion<\/title>\n<meta name=\"description\" content=\"Pour les entreprises, le coton bio en conversion est une occasion de satisfaire leurs besoins en coton durable tout en r\u00e9pondant \u00e0 la demande croissante de v\u00eatements durables.\" \/>\n<meta name=\"robots\" content=\"index, follow, max-snippet:-1, max-image-preview:large, max-video-preview:-1\" \/>\n<link rel=\"canonical\" href=\"https:\/\/organic-in-conversion.com\/fr\/pour-vous-pour-quoi\/\" \/>\n<meta property=\"og:locale\" content=\"fr_FR\" \/>\n<meta property=\"og:type\" content=\"article\" \/>\n<meta property=\"og:title\" content=\"Pour vous, pour quoi - Organic in conversion\" \/>\n<meta property=\"og:description\" content=\"Pour les entreprises, le coton bio en conversion est une occasion de satisfaire leurs besoins en coton durable tout en r\u00e9pondant \u00e0 la demande croissante de v\u00eatements durables.\" \/>\n<meta property=\"og:url\" content=\"https:\/\/organic-in-conversion.com\/fr\/pour-vous-pour-quoi\/\" \/>\n<meta property=\"og:site_name\" content=\"Organic in conversion\" \/>\n<meta property=\"article:modified_time\" content=\"2022-04-25T12:06:52+00:00\" \/>\n<meta property=\"og:image\" content=\"https:\/\/organic-in-conversion.com\/wp-content\/uploads\/2022\/03\/2203_BC_Site_OrganicInConversion_1_for-you-for-what_header.jpg\" \/>\n\t<meta property=\"og:image:width\" content=\"1920\" \/>\n\t<meta property=\"og:image:height\" content=\"760\" \/>\n\t<meta property=\"og:image:type\" content=\"image\/jpeg\" \/>\n<meta name=\"twitter:card\" content=\"summary_large_image\" \/>\n<meta name=\"twitter:label1\" content=\"Dur\u00e9e de lecture estim\u00e9e\" \/>\n\t<meta name=\"twitter:data1\" content=\"4 minutes\" \/>\n<script type=\"application\/ld+json\" class=\"yoast-schema-graph\">{\"@context\":\"https:\/\/schema.org\",\"@graph\":[{\"@type\":\"WebPage\",\"@id\":\"https:\/\/organic-in-conversion.com\/fr\/pour-vous-pour-quoi\/\",\"url\":\"https:\/\/organic-in-conversion.com\/fr\/pour-vous-pour-quoi\/\",\"name\":\"Pour vous, pour quoi - Organic in conversion\",\"isPartOf\":{\"@id\":\"https:\/\/organic-in-conversion.com\/fr\/#website\"},\"primaryImageOfPage\":{\"@id\":\"https:\/\/organic-in-conversion.com\/fr\/pour-vous-pour-quoi\/#primaryimage\"},\"image\":{\"@id\":\"https:\/\/organic-in-conversion.com\/fr\/pour-vous-pour-quoi\/#primaryimage\"},\"thumbnailUrl\":\"https:\/\/organic-in-conversion.com\/wp-content\/uploads\/2022\/03\/2203_BC_Site_OrganicInConversion_1_for-you-for-what_header.jpg\",\"datePublished\":\"2022-03-24T11:48:18+00:00\",\"dateModified\":\"2022-04-25T12:06:52+00:00\",\"description\":\"Pour les entreprises, le coton bio en conversion est une occasion de satisfaire leurs besoins en coton durable tout en r\u00e9pondant \u00e0 la demande croissante de v\u00eatements durables.\",\"breadcrumb\":{\"@id\":\"https:\/\/organic-in-conversion.com\/fr\/pour-vous-pour-quoi\/#breadcrumb\"},\"inLanguage\":\"fr-FR\",\"potentialAction\":[{\"@type\":\"ReadAction\",\"target\":[\"https:\/\/organic-in-conversion.com\/fr\/pour-vous-pour-quoi\/\"]}]},{\"@type\":\"ImageObject\",\"inLanguage\":\"fr-FR\",\"@id\":\"https:\/\/organic-in-conversion.com\/fr\/pour-vous-pour-quoi\/#primaryimage\",\"url\":\"https:\/\/organic-in-conversion.com\/wp-content\/uploads\/2022\/03\/2203_BC_Site_OrganicInConversion_1_for-you-for-what_header.jpg\",\"contentUrl\":\"https:\/\/organic-in-conversion.com\/wp-content\/uploads\/2022\/03\/2203_BC_Site_OrganicInConversion_1_for-you-for-what_header.jpg\",\"width\":1920,\"height\":760},{\"@type\":\"BreadcrumbList\",\"@id\":\"https:\/\/organic-in-conversion.com\/fr\/pour-vous-pour-quoi\/#breadcrumb\",\"itemListElement\":[{\"@type\":\"ListItem\",\"position\":1,\"name\":\"Home\",\"item\":\"https:\/\/organic-in-conversion.com\/fr\/\"},{\"@type\":\"ListItem\",\"position\":2,\"name\":\"Pour vous, pour quoi\"}]},{\"@type\":\"WebSite\",\"@id\":\"https:\/\/organic-in-conversion.com\/fr\/#website\",\"url\":\"https:\/\/organic-in-conversion.com\/fr\/\",\"name\":\"Organic in conversion\",\"description\":\"\",\"potentialAction\":[{\"@type\":\"SearchAction\",\"target\":{\"@type\":\"EntryPoint\",\"urlTemplate\":\"https:\/\/organic-in-conversion.com\/fr\/?s={search_term_string}\"},\"query-input\":\"required name=search_term_string\"}],\"inLanguage\":\"fr-FR\"}]}<\/script>\n<!-- \/ Yoast SEO plugin. -->","yoast_head_json":{"title":"Pour vous, pour quoi - Organic in conversion","description":"Pour les entreprises, le coton bio en conversion est une occasion de satisfaire leurs besoins en coton durable tout en r\u00e9pondant \u00e0 la demande croissante de v\u00eatements durables.","robots":{"index":"index","follow":"follow","max-snippet":"max-snippet:-1","max-image-preview":"max-image-preview:large","max-video-preview":"max-video-preview:-1"},"canonical":"https:\/\/organic-in-conversion.com\/fr\/pour-vous-pour-quoi\/","og_locale":"fr_FR","og_type":"article","og_title":"Pour vous, pour quoi - Organic in conversion","og_description":"Pour les entreprises, le coton bio en conversion est une occasion de satisfaire leurs besoins en coton durable tout en r\u00e9pondant \u00e0 la demande croissante de v\u00eatements durables.","og_url":"https:\/\/organic-in-conversion.com\/fr\/pour-vous-pour-quoi\/","og_site_name":"Organic in conversion","article_modified_time":"2022-04-25T12:06:52+00:00","og_image":[{"width":1920,"height":760,"url":"https:\/\/organic-in-conversion.com\/wp-content\/uploads\/2022\/03\/2203_BC_Site_OrganicInConversion_1_for-you-for-what_header.jpg","type":"image\/jpeg"}],"twitter_card":"summary_large_image","twitter_misc":{"Dur\u00e9e de lecture estim\u00e9e":"4 minutes"},"schema":{"@context":"https:\/\/schema.org","@graph":[{"@type":"WebPage","@id":"https:\/\/organic-in-conversion.com\/fr\/pour-vous-pour-quoi\/","url":"https:\/\/organic-in-conversion.com\/fr\/pour-vous-pour-quoi\/","name":"Pour vous, pour quoi - Organic in conversion","isPartOf":{"@id":"https:\/\/organic-in-conversion.com\/fr\/#website"},"primaryImageOfPage":{"@id":"https:\/\/organic-in-conversion.com\/fr\/pour-vous-pour-quoi\/#primaryimage"},"image":{"@id":"https:\/\/organic-in-conversion.com\/fr\/pour-vous-pour-quoi\/#primaryimage"},"thumbnailUrl":"https:\/\/organic-in-conversion.com\/wp-content\/uploads\/2022\/03\/2203_BC_Site_OrganicInConversion_1_for-you-for-what_header.jpg","datePublished":"2022-03-24T11:48:18+00:00","dateModified":"2022-04-25T12:06:52+00:00","description":"Pour les entreprises, le coton bio en conversion est une occasion de satisfaire leurs besoins en coton durable tout en r\u00e9pondant \u00e0 la demande croissante de v\u00eatements durables.","breadcrumb":{"@id":"https:\/\/organic-in-conversion.com\/fr\/pour-vous-pour-quoi\/#breadcrumb"},"inLanguage":"fr-FR","potentialAction":[{"@type":"ReadAction","target":["https:\/\/organic-in-conversion.com\/fr\/pour-vous-pour-quoi\/"]}]},{"@type":"ImageObject","inLanguage":"fr-FR","@id":"https:\/\/organic-in-conversion.com\/fr\/pour-vous-pour-quoi\/#primaryimage","url":"https:\/\/organic-in-conversion.com\/wp-content\/uploads\/2022\/03\/2203_BC_Site_OrganicInConversion_1_for-you-for-what_header.jpg","contentUrl":"https:\/\/organic-in-conversion.com\/wp-content\/uploads\/2022\/03\/2203_BC_Site_OrganicInConversion_1_for-you-for-what_header.jpg","width":1920,"height":760},{"@type":"BreadcrumbList","@id":"https:\/\/organic-in-conversion.com\/fr\/pour-vous-pour-quoi\/#breadcrumb","itemListElement":[{"@type":"ListItem","position":1,"name":"Home","item":"https:\/\/organic-in-conversion.com\/fr\/"},{"@type":"ListItem","position":2,"name":"Pour vous, pour quoi"}]},{"@type":"WebSite","@id":"https:\/\/organic-in-conversion.com\/fr\/#website","url":"https:\/\/organic-in-conversion.com\/fr\/","name":"Organic in conversion","description":"","potentialAction":[{"@type":"SearchAction","target":{"@type":"EntryPoint","urlTemplate":"https:\/\/organic-in-conversion.com\/fr\/?s={search_term_string}"},"query-input":"required name=search_term_string"}],"inLanguage":"fr-FR"}]}},"_links":{"self":[{"href":"https:\/\/organic-in-conversion.com\/fr\/wp-json\/wp\/v2\/pages\/593","targetHints":{"allow":["GET"]}}],"collection":[{"href":"https:\/\/organic-in-conversion.com\/fr\/wp-json\/wp\/v2\/pages"}],"about":[{"href":"https:\/\/organic-in-conversion.com\/fr\/wp-json\/wp\/v2\/types\/page"}],"author":[{"embeddable":true,"href":"https:\/\/organic-in-conversion.com\/fr\/wp-json\/wp\/v2\/users\/1"}],"replies":[{"embeddable":true,"href":"https:\/\/organic-in-conversion.com\/fr\/wp-json\/wp\/v2\/comments?post=593"}],"version-history":[{"count":25,"href":"https:\/\/organic-in-conversion.com\/fr\/wp-json\/wp\/v2\/pages\/593\/revisions"}],"predecessor-version":[{"id":1684,"href":"https:\/\/organic-in-conversion.com\/fr\/wp-json\/wp\/v2\/pages\/593\/revisions\/1684"}],"wp:featuredmedia":[{"embeddable":true,"href":"https:\/\/organic-in-conversion.com\/fr\/wp-json\/wp\/v2\/media\/353"}],"wp:attachment":[{"href":"https:\/\/organic-in-conversion.com\/fr\/wp-json\/wp\/v2\/media?parent=593"}],"curies":[{"name":"wp","href":"https:\/\/api.w.org\/{rel}","templated":true}]}}