{"id":810,"date":"2022-03-24T11:47:23","date_gmt":"2022-03-24T11:47:23","guid":{"rendered":"https:\/\/organic-in-conversion.com\/homepage\/"},"modified":"2022-03-31T09:07:14","modified_gmt":"2022-03-31T09:07:14","slug":"homepage","status":"publish","type":"page","link":"https:\/\/organic-in-conversion.com\/es\/","title":{"rendered":"Homepage"},"content":{"rendered":"<div class=\"wpb-content-wrapper\"><p>[vc_row unlock_row_content=\u00bbyes\u00bb row_height_percent=\u00bb0&#8243; override_padding=\u00bbyes\u00bb h_padding=\u00bb2&#8243; top_padding=\u00bb2&#8243; bottom_padding=\u00bb1&#8243; overlay_alpha=\u00bb50&#8243; gutter_size=\u00bb3&#8243; column_width_percent=\u00bb100&#8243; shift_y=\u00bb0&#8243; z_index=\u00bb0&#8243; uncode_shortcode_id=\u00bb121823&#8243;][vc_column width=\u00bb1\/1&#8243;][vc_empty_space empty_h=\u00bb3&#8243;][vc_row_inner][vc_column_inner column_width_percent=\u00bb100&#8243; gutter_size=\u00bb1&#8243; overlay_alpha=\u00bb50&#8243; shift_x=\u00bb0&#8243; shift_y=\u00bb0&#8243; shift_y_down=\u00bb0&#8243; z_index=\u00bb0&#8243; medium_width=\u00bb0&#8243; mobile_width=\u00bb0&#8243; width=\u00bb1\/1&#8243; uncode_shortcode_id=\u00bb270358&#8243;][vc_custom_heading text_color=\u00bbcolor-191485&#8243; heading_semantic=\u00bbdiv\u00bb text_size=\u00bbh6&#8243; text_weight=\u00bb400&#8243; text_transform=\u00bbuppercase\u00bb uncode_shortcode_id=\u00bb615037&#8243; text_color_type=\u00bbuncode-palette\u00bb]Sostenible[\/vc_custom_heading][vc_custom_heading heading_semantic=\u00bbh1&#8243; text_size=\u00bbfontsize-828145&#8243; text_transform=\u00bbuppercase\u00bb uncode_shortcode_id=\u00bb149695&#8243;]\u00bfPor qu\u00e9 se pasa B&amp;C<br \/>\nal algod\u00f3n org\u00e1nico en conversi\u00f3n?[\/vc_custom_heading][\/vc_column_inner][\/vc_row_inner][\/vc_column][\/vc_row][vc_row unlock_row_content=\u00bbyes\u00bb row_height_percent=\u00bb0&#8243; override_padding=\u00bbyes\u00bb h_padding=\u00bb0&#8243; top_padding=\u00bb0&#8243; bottom_padding=\u00bb0&#8243; overlay_alpha=\u00bb60&#8243; gutter_size=\u00bb3&#8243; column_width_percent=\u00bb100&#8243; border_color=\u00bbcolor-xsdn\u00bb border_style=\u00bbsolid\u00bb shift_y=\u00bb0&#8243; z_index=\u00bb0&#8243; medium_visibility=\u00bbyes\u00bb mobile_visibility=\u00bbyes\u00bb uncode_shortcode_id=\u00bb995889&#8243; border_color_type=\u00bbuncode-palette\u00bb el_class=\u00bbpostblock-large\u00bb][vc_column column_width_percent=\u00bb100&#8243; position_vertical=\u00bbbottom\u00bb gutter_size=\u00bb3&#8243; back_image=\u00bb968&#8243; back_repeat=\u00bbno-repeat\u00bb overlay_color=\u00bbcolor-118961&#8243; overlay_alpha=\u00bb60&#8243; shift_x=\u00bb0&#8243; shift_y=\u00bb0&#8243; shift_y_down=\u00bb0&#8243; z_index=\u00bb0&#8243; medium_width=\u00bb0&#8243; mobile_width=\u00bb0&#8243; width=\u00bb1\/1&#8243; uncode_shortcode_id=\u00bb210419&#8243; overlay_color_type=\u00bbuncode-palette\u00bb link_to=\u00bburl:%2Fes%2Fpor-que-se-une-bc-a-lo-organico-en-conversion%2F|title:El%20algod%C3%B3n%20org%C3%A1nico%20necesita%20un%20poco%20de%20ayuda\u00bb][vc_custom_heading text_color=\u00bbcolor-xsdn\u00bb text_size=\u00bbfontsize-189904&#8243; text_transform=\u00bbuppercase\u00bb uncode_shortcode_id=\u00bb497101&#8243; text_color_type=\u00bbuncode-palette\u00bb]El algod\u00f3n org\u00e1nico<br \/>\nnecesita un poco de ayuda[\/vc_custom_heading][\/vc_column][\/vc_row][vc_row unlock_row_content=\u00bbyes\u00bb row_height_percent=\u00bb0&#8243; override_padding=\u00bbyes\u00bb h_padding=\u00bb0&#8243; top_padding=\u00bb0&#8243; bottom_padding=\u00bb0&#8243; overlay_alpha=\u00bb50&#8243; gutter_size=\u00bb2&#8243; column_width_percent=\u00bb100&#8243; shift_y=\u00bb0&#8243; z_index=\u00bb0&#8243; desktop_visibility=\u00bbyes\u00bb medium_visibility=\u00bbyes\u00bb uncode_shortcode_id=\u00bb940909&#8243; el_class=\u00bbpostblock\u00bb][vc_column column_width_percent=\u00bb100&#8243; position_vertical=\u00bbbottom\u00bb gutter_size=\u00bb3&#8243; back_image=\u00bb120&#8243; back_repeat=\u00bbno-repeat\u00bb overlay_color=\u00bbcolor-118961&#8243; overlay_alpha=\u00bb60&#8243; shift_x=\u00bb0&#8243; shift_y=\u00bb0&#8243; shift_y_down=\u00bb0&#8243; z_index=\u00bb0&#8243; medium_width=\u00bb0&#8243; mobile_width=\u00bb0&#8243; width=\u00bb1\/2&#8243; uncode_shortcode_id=\u00bb446915&#8243; overlay_color_type=\u00bbuncode-palette\u00bb back_size=\u00bbauto\u00bb link_to=\u00bburl:%2Fes%2Fpor-que-se-une-bc-a-lo-organico-en-conversion%2F|title:EL%20ALGOD%C3%93N%20ORG%C3%81NICO%20NECESITA%20UN%20POCO%20DE%20AYUDA\u00bb][vc_custom_heading text_color=\u00bbcolor-xsdn\u00bb text_size=\u00bbfontsize-189904&#8243; text_transform=\u00bbuppercase\u00bb uncode_shortcode_id=\u00bb194278&#8243; text_color_type=\u00bbuncode-palette\u00bb]El algod\u00f3n org\u00e1nico<br \/>\nnecesita un poco de ayuda[\/vc_custom_heading][\/vc_column][vc_column column_width_percent=\u00bb100&#8243; position_vertical=\u00bbbottom\u00bb gutter_size=\u00bb3&#8243; overlay_color=\u00bbcolor-118961&#8243; overlay_alpha=\u00bb60&#8243; shift_x=\u00bb0&#8243; shift_y=\u00bb0&#8243; shift_y_down=\u00bb0&#8243; z_index=\u00bb0&#8243; desktop_visibility=\u00bbyes\u00bb medium_visibility=\u00bbyes\u00bb medium_width=\u00bb0&#8243; mobile_visibility=\u00bbyes\u00bb mobile_width=\u00bb0&#8243; width=\u00bb1\/2&#8243; uncode_shortcode_id=\u00bb210512&#8243; overlay_color_type=\u00bbuncode-palette\u00bb link_to=\u00bburl:%2Ffor-lasting-sustainability%2F|title:For%20lasting%20sustainability\u00bb][\/vc_column][\/vc_row][vc_row unlock_row_content=\u00bbyes\u00bb row_height_percent=\u00bb0&#8243; override_padding=\u00bbyes\u00bb h_padding=\u00bb0&#8243; top_padding=\u00bb0&#8243; bottom_padding=\u00bb0&#8243; overlay_alpha=\u00bb50&#8243; gutter_size=\u00bb2&#8243; column_width_percent=\u00bb100&#8243; shift_y=\u00bb0&#8243; z_index=\u00bb0&#8243; uncode_shortcode_id=\u00bb290792&#8243; el_class=\u00bbpostblock\u00bb][vc_column column_width_percent=\u00bb100&#8243; position_vertical=\u00bbbottom\u00bb gutter_size=\u00bb3&#8243; back_image=\u00bb130&#8243; back_repeat=\u00bbno-repeat\u00bb overlay_color=\u00bbcolor-118961&#8243; overlay_alpha=\u00bb60&#8243; shift_x=\u00bb0&#8243; shift_y=\u00bb0&#8243; shift_y_down=\u00bb0&#8243; z_index=\u00bb0&#8243; medium_width=\u00bb0&#8243; mobile_width=\u00bb0&#8243; width=\u00bb1\/2&#8243; uncode_shortcode_id=\u00bb629134&#8243; overlay_color_type=\u00bbuncode-palette\u00bb back_size=\u00bbauto\u00bb link_to=\u00bburl:%2Fes%2Fpara-ti-para-que%2F|title:Para%20ti%20para%20qu%C3%A9&#8243;][vc_custom_heading text_color=\u00bbcolor-xsdn\u00bb text_size=\u00bbfontsize-189904&#8243; text_transform=\u00bbuppercase\u00bb uncode_shortcode_id=\u00bb144196&#8243; text_color_type=\u00bbuncode-palette\u00bb]Para ti<br \/>\npara qu\u00e9[\/vc_custom_heading][\/vc_column][vc_column column_width_percent=\u00bb100&#8243; position_vertical=\u00bbbottom\u00bb gutter_size=\u00bb3&#8243; back_image=\u00bb131&#8243; overlay_color=\u00bbcolor-118961&#8243; overlay_alpha=\u00bb60&#8243; shift_x=\u00bb0&#8243; shift_y=\u00bb0&#8243; shift_y_down=\u00bb0&#8243; z_index=\u00bb0&#8243; medium_width=\u00bb0&#8243; mobile_width=\u00bb0&#8243; width=\u00bb1\/2&#8243; uncode_shortcode_id=\u00bb418123&#8243; overlay_color_type=\u00bbuncode-palette\u00bb link_to=\u00bburl:%2Fes%2Falgodon-organico-en-conversion-un-paso-adelante-hacia-un-mundo-mas-sostenible%2F|title:Un%20mundo%20m%C3%A1s%20sostenible\u00bb][vc_custom_heading text_color=\u00bbcolor-xsdn\u00bb text_size=\u00bbfontsize-189904&#8243; text_transform=\u00bbuppercase\u00bb uncode_shortcode_id=\u00bb719550&#8243; text_color_type=\u00bbuncode-palette\u00bb]Un mundo<br \/>\nm\u00e1s sostenible[\/vc_custom_heading][\/vc_column][\/vc_row][vc_row unlock_row_content=\u00bbyes\u00bb row_height_percent=\u00bb0&#8243; override_padding=\u00bbyes\u00bb h_padding=\u00bb0&#8243; top_padding=\u00bb0&#8243; bottom_padding=\u00bb0&#8243; overlay_alpha=\u00bb50&#8243; gutter_size=\u00bb2&#8243; column_width_percent=\u00bb100&#8243; shift_y=\u00bb0&#8243; z_index=\u00bb0&#8243; uncode_shortcode_id=\u00bb118987&#8243; el_class=\u00bbpostblock\u00bb][vc_column column_width_percent=\u00bb100&#8243; position_vertical=\u00bbbottom\u00bb gutter_size=\u00bb3&#8243; back_image=\u00bb132&#8243; back_repeat=\u00bbno-repeat\u00bb overlay_color=\u00bbcolor-118961&#8243; overlay_alpha=\u00bb60&#8243; shift_x=\u00bb0&#8243; shift_y=\u00bb0&#8243; shift_y_down=\u00bb0&#8243; z_index=\u00bb0&#8243; medium_width=\u00bb0&#8243; mobile_width=\u00bb0&#8243; width=\u00bb1\/2&#8243; uncode_shortcode_id=\u00bb955568&#8243; overlay_color_type=\u00bbuncode-palette\u00bb link_to=\u00bburl:%2Fes%2Fel-camino-hacia-mas-algodon-organico%2F|title:El%20camino%20hacia%20m%C3%A1s%20algod%C3%B3n%20org%C3%A1nico\u00bb][vc_custom_heading text_color=\u00bbcolor-xsdn\u00bb text_size=\u00bbfontsize-189904&#8243; text_transform=\u00bbuppercase\u00bb uncode_shortcode_id=\u00bb525908&#8243; text_color_type=\u00bbuncode-palette\u00bb]El camino hacia m\u00e1s<br \/>\nalgod\u00f3n org\u00e1nico[\/vc_custom_heading][\/vc_column][vc_column column_width_percent=\u00bb100&#8243; position_vertical=\u00bbbottom\u00bb gutter_size=\u00bb3&#8243; back_image=\u00bb133&#8243; back_repeat=\u00bbno-repeat\u00bb overlay_color=\u00bbcolor-118961&#8243; overlay_alpha=\u00bb60&#8243; shift_x=\u00bb0&#8243; shift_y=\u00bb0&#8243; shift_y_down=\u00bb0&#8243; z_index=\u00bb0&#8243; medium_width=\u00bb0&#8243; mobile_width=\u00bb0&#8243; width=\u00bb1\/2&#8243; uncode_shortcode_id=\u00bb197234&#8243; overlay_color_type=\u00bbuncode-palette\u00bb link_to=\u00bburl:%2Fes%2Ftodo-lo-que-hay-que-saber-sobre-el-algodon-organico-en-conversion%2F|title:Todo%20lo%20que%20necesita%20saber\u00bb][vc_custom_heading text_color=\u00bbcolor-xsdn\u00bb text_size=\u00bbfontsize-189904&#8243; text_transform=\u00bbuppercase\u00bb uncode_shortcode_id=\u00bb185739&#8243; text_color_type=\u00bbuncode-palette\u00bb]Todo lo<br \/>\nque necesita saber[\/vc_custom_heading][\/vc_column][\/vc_row][vc_row][vc_column width=\u00bb1\/1&#8243;][vc_empty_space empty_h=\u00bb1&#8243;][\/vc_column][\/vc_row]<\/p>\n<\/div>","protected":false},"excerpt":{"rendered":"<p>[vc_row unlock_row_content=\u00bbyes\u00bb row_height_percent=\u00bb0&#8243; override_padding=\u00bbyes\u00bb h_padding=\u00bb2&#8243; top_padding=\u00bb2&#8243; bottom_padding=\u00bb1&#8243; overlay_alpha=\u00bb50&#8243; gutter_size=\u00bb3&#8243; column_width_percent=\u00bb100&#8243; shift_y=\u00bb0&#8243; z_index=\u00bb0&#8243; uncode_shortcode_id=\u00bb121823&#8243;][vc_column width=\u00bb1\/1&#8243;][vc_empty_space empty_h=\u00bb3&#8243;][vc_row_inner][vc_column_inner column_width_percent=\u00bb100&#8243; gutter_size=\u00bb1&#8243; overlay_alpha=\u00bb50&#8243; shift_x=\u00bb0&#8243; shift_y=\u00bb0&#8243; [&hellip;]<\/p>\n","protected":false},"author":1,"featured_media":0,"parent":0,"menu_order":0,"comment_status":"closed","ping_status":"closed","template":"","meta":{"footnotes":""},"class_list":["post-810","page","type-page","status-publish","hentry"],"yoast_head":"<!-- This site is optimized with the Yoast SEO plugin v23.1 - https:\/\/yoast.com\/wordpress\/plugins\/seo\/ -->\n<title>Homepage | B&amp;C Collection<\/title>\n<meta name=\"description\" content=\"El algod\u00f3n org\u00e1nico en conversi\u00f3n es la fibra que los agricultores producen en la transici\u00f3n de la agricultura convencional a la org\u00e1nica.\" \/>\n<meta name=\"robots\" content=\"index, follow, max-snippet:-1, max-image-preview:large, max-video-preview:-1\" \/>\n<link rel=\"canonical\" href=\"https:\/\/organic-in-conversion.com\/es\/\" \/>\n<meta property=\"og:locale\" content=\"es_ES\" \/>\n<meta property=\"og:type\" content=\"article\" \/>\n<meta property=\"og:title\" content=\"Homepage | B&amp;C Collection\" \/>\n<meta property=\"og:description\" content=\"El algod\u00f3n org\u00e1nico en conversi\u00f3n es la fibra que los agricultores producen en la transici\u00f3n de la agricultura convencional a la org\u00e1nica.\" \/>\n<meta property=\"og:url\" content=\"https:\/\/organic-in-conversion.com\/es\/\" \/>\n<meta property=\"og:site_name\" content=\"Organic in conversion\" \/>\n<meta property=\"article:modified_time\" content=\"2022-03-31T09:07:14+00:00\" \/>\n<meta name=\"twitter:card\" content=\"summary_large_image\" \/>\n<meta name=\"twitter:label1\" content=\"Tiempo de lectura\" \/>\n\t<meta name=\"twitter:data1\" content=\"2 minutos\" \/>\n<script type=\"application\/ld+json\" class=\"yoast-schema-graph\">{\"@context\":\"https:\/\/schema.org\",\"@graph\":[{\"@type\":\"WebPage\",\"@id\":\"https:\/\/organic-in-conversion.com\/es\/\",\"url\":\"https:\/\/organic-in-conversion.com\/es\/\",\"name\":\"Homepage | B&C Collection\",\"isPartOf\":{\"@id\":\"https:\/\/organic-in-conversion.com\/es\/#website\"},\"datePublished\":\"2022-03-24T11:47:23+00:00\",\"dateModified\":\"2022-03-31T09:07:14+00:00\",\"description\":\"El algod\u00f3n org\u00e1nico en conversi\u00f3n es la fibra que los agricultores producen en la transici\u00f3n de la agricultura convencional a la org\u00e1nica.\",\"breadcrumb\":{\"@id\":\"https:\/\/organic-in-conversion.com\/es\/#breadcrumb\"},\"inLanguage\":\"es\",\"potentialAction\":[{\"@type\":\"ReadAction\",\"target\":[\"https:\/\/organic-in-conversion.com\/es\/\"]}]},{\"@type\":\"BreadcrumbList\",\"@id\":\"https:\/\/organic-in-conversion.com\/es\/#breadcrumb\",\"itemListElement\":[{\"@type\":\"ListItem\",\"position\":1,\"name\":\"Home\",\"item\":\"https:\/\/organic-in-conversion.com\/es\/\"},{\"@type\":\"ListItem\",\"position\":2,\"name\":\"Homepage\"}]},{\"@type\":\"WebSite\",\"@id\":\"https:\/\/organic-in-conversion.com\/es\/#website\",\"url\":\"https:\/\/organic-in-conversion.com\/es\/\",\"name\":\"Organic in conversion\",\"description\":\"\",\"potentialAction\":[{\"@type\":\"SearchAction\",\"target\":{\"@type\":\"EntryPoint\",\"urlTemplate\":\"https:\/\/organic-in-conversion.com\/es\/?s={search_term_string}\"},\"query-input\":\"required name=search_term_string\"}],\"inLanguage\":\"es\"}]}<\/script>\n<!-- \/ Yoast SEO plugin. -->","yoast_head_json":{"title":"Homepage | B&C Collection","description":"El algod\u00f3n org\u00e1nico en conversi\u00f3n es la fibra que los agricultores producen en la transici\u00f3n de la agricultura convencional a la org\u00e1nica.","robots":{"index":"index","follow":"follow","max-snippet":"max-snippet:-1","max-image-preview":"max-image-preview:large","max-video-preview":"max-video-preview:-1"},"canonical":"https:\/\/organic-in-conversion.com\/es\/","og_locale":"es_ES","og_type":"article","og_title":"Homepage | B&C Collection","og_description":"El algod\u00f3n org\u00e1nico en conversi\u00f3n es la fibra que los agricultores producen en la transici\u00f3n de la agricultura convencional a la org\u00e1nica.","og_url":"https:\/\/organic-in-conversion.com\/es\/","og_site_name":"Organic in conversion","article_modified_time":"2022-03-31T09:07:14+00:00","twitter_card":"summary_large_image","twitter_misc":{"Tiempo de lectura":"2 minutos"},"schema":{"@context":"https:\/\/schema.org","@graph":[{"@type":"WebPage","@id":"https:\/\/organic-in-conversion.com\/es\/","url":"https:\/\/organic-in-conversion.com\/es\/","name":"Homepage | B&C Collection","isPartOf":{"@id":"https:\/\/organic-in-conversion.com\/es\/#website"},"datePublished":"2022-03-24T11:47:23+00:00","dateModified":"2022-03-31T09:07:14+00:00","description":"El algod\u00f3n org\u00e1nico en conversi\u00f3n es la fibra que los agricultores producen en la transici\u00f3n de la agricultura convencional a la org\u00e1nica.","breadcrumb":{"@id":"https:\/\/organic-in-conversion.com\/es\/#breadcrumb"},"inLanguage":"es","potentialAction":[{"@type":"ReadAction","target":["https:\/\/organic-in-conversion.com\/es\/"]}]},{"@type":"BreadcrumbList","@id":"https:\/\/organic-in-conversion.com\/es\/#breadcrumb","itemListElement":[{"@type":"ListItem","position":1,"name":"Home","item":"https:\/\/organic-in-conversion.com\/es\/"},{"@type":"ListItem","position":2,"name":"Homepage"}]},{"@type":"WebSite","@id":"https:\/\/organic-in-conversion.com\/es\/#website","url":"https:\/\/organic-in-conversion.com\/es\/","name":"Organic in conversion","description":"","potentialAction":[{"@type":"SearchAction","target":{"@type":"EntryPoint","urlTemplate":"https:\/\/organic-in-conversion.com\/es\/?s={search_term_string}"},"query-input":"required name=search_term_string"}],"inLanguage":"es"}]}},"_links":{"self":[{"href":"https:\/\/organic-in-conversion.com\/es\/wp-json\/wp\/v2\/pages\/810","targetHints":{"allow":["GET"]}}],"collection":[{"href":"https:\/\/organic-in-conversion.com\/es\/wp-json\/wp\/v2\/pages"}],"about":[{"href":"https:\/\/organic-in-conversion.com\/es\/wp-json\/wp\/v2\/types\/page"}],"author":[{"embeddable":true,"href":"https:\/\/organic-in-conversion.com\/es\/wp-json\/wp\/v2\/users\/1"}],"replies":[{"embeddable":true,"href":"https:\/\/organic-in-conversion.com\/es\/wp-json\/wp\/v2\/comments?post=810"}],"version-history":[{"count":7,"href":"https:\/\/organic-in-conversion.com\/es\/wp-json\/wp\/v2\/pages\/810\/revisions"}],"predecessor-version":[{"id":974,"href":"https:\/\/organic-in-conversion.com\/es\/wp-json\/wp\/v2\/pages\/810\/revisions\/974"}],"wp:attachment":[{"href":"https:\/\/organic-in-conversion.com\/es\/wp-json\/wp\/v2\/media?parent=810"}],"curies":[{"name":"wp","href":"https:\/\/api.w.org\/{rel}","templated":true}]}}