{"id":632,"date":"2022-03-24T11:48:49","date_gmt":"2022-03-24T11:48:49","guid":{"rendered":"https:\/\/organic-in-conversion.com\/el-camino-hacia-mas-algodon-organico\/"},"modified":"2022-04-11T08:42:04","modified_gmt":"2022-04-11T08:42:04","slug":"el-camino-hacia-mas-algodon-organico","status":"publish","type":"page","link":"https:\/\/organic-in-conversion.com\/es\/el-camino-hacia-mas-algodon-organico\/","title":{"rendered":"El camino hacia m\u00e1s algod\u00f3n org\u00e1nico"},"content":{"rendered":"<div class=\"wpb-content-wrapper\"><p>[vc_row row_height_percent=\u00bb0&#8243; override_padding=\u00bbyes\u00bb h_padding=\u00bb2&#8243; top_padding=\u00bb2&#8243; bottom_padding=\u00bb1&#8243; overlay_alpha=\u00bb50&#8243; gutter_size=\u00bb3&#8243; column_width_percent=\u00bb100&#8243; shift_y=\u00bb0&#8243; z_index=\u00bb0&#8243; uncode_shortcode_id=\u00bb168112&#8243;][vc_column width=\u00bb1\/1&#8243;][vc_empty_space empty_h=\u00bb3&#8243;][vc_row_inner][vc_column_inner column_width_percent=\u00bb100&#8243; gutter_size=\u00bb1&#8243; overlay_alpha=\u00bb50&#8243; shift_x=\u00bb0&#8243; shift_y=\u00bb0&#8243; shift_y_down=\u00bb0&#8243; z_index=\u00bb0&#8243; medium_width=\u00bb0&#8243; mobile_width=\u00bb0&#8243; width=\u00bb2\/6&#8243; uncode_shortcode_id=\u00bb270358&#8243;][vc_custom_heading heading_semantic=\u00bbh1&#8243; text_size=\u00bbfontsize-172371&#8243; text_transform=\u00bbuppercase\u00bb uncode_shortcode_id=\u00bb394071&#8243;]ALGOD\u00d3N ORG\u00c1NICO EN CONVERSI\u00d3N, EL CAMINO HACIA M\u00c1S ALGOD\u00d3N ORG\u00c1NICO[\/vc_custom_heading][\/vc_column_inner][vc_column_inner column_width_percent=\u00bb100&#8243; gutter_size=\u00bb3&#8243; overlay_alpha=\u00bb50&#8243; shift_x=\u00bb0&#8243; shift_y=\u00bb0&#8243; shift_y_down=\u00bb0&#8243; z_index=\u00bb0&#8243; medium_width=\u00bb0&#8243; mobile_visibility=\u00bbyes\u00bb mobile_width=\u00bb0&#8243; width=\u00bb3\/6&#8243; uncode_shortcode_id=\u00bb972815&#8243;][\/vc_column_inner][vc_column_inner column_width_percent=\u00bb100&#8243; position_vertical=\u00bbbottom\u00bb gutter_size=\u00bb3&#8243; overlay_alpha=\u00bb50&#8243; shift_x=\u00bb0&#8243; shift_y=\u00bb0&#8243; shift_y_down=\u00bb0&#8243; z_index=\u00bb0&#8243; medium_width=\u00bb0&#8243; mobile_width=\u00bb0&#8243; width=\u00bb1\/6&#8243; uncode_shortcode_id=\u00bb175373&#8243;][vc_empty_space empty_h=\u00bb0&#8243; desktop_visibility=\u00bbyes\u00bb medium_visibility=\u00bbyes\u00bb][uncode_socials][\/vc_column_inner][\/vc_row_inner][\/vc_column][\/vc_row][vc_row unlock_row_content=\u00bbyes\u00bb row_height_percent=\u00bb0&#8243; overlay_alpha=\u00bb50&#8243; gutter_size=\u00bb3&#8243; column_width_percent=\u00bb100&#8243; shift_y=\u00bb0&#8243; z_index=\u00bb0&#8243; uncode_shortcode_id=\u00bb175269&#8243;][vc_column column_width_percent=\u00bb100&#8243; gutter_size=\u00bb3&#8243; overlay_alpha=\u00bb50&#8243; shift_x=\u00bb0&#8243; shift_y=\u00bb0&#8243; shift_y_down=\u00bb0&#8243; z_index=\u00bb0&#8243; medium_width=\u00bb0&#8243; mobile_width=\u00bb0&#8243; width=\u00bb1\/1&#8243; uncode_shortcode_id=\u00bb113539&#8243; el_id=\u00bbheader__intern__image\u00bb][vc_single_image media=\u00bb463&#8243; media_width_percent=\u00bb100&#8243; uncode_shortcode_id=\u00bb156844&#8243;][\/vc_column][\/vc_row][vc_row][vc_column width=\u00bb1\/1&#8243;][vc_row_inner][vc_column_inner width=\u00bb1\/6&#8243;][\/vc_column_inner][vc_column_inner column_width_percent=\u00bb100&#8243; gutter_size=\u00bb2&#8243; overlay_alpha=\u00bb50&#8243; shift_x=\u00bb0&#8243; shift_y=\u00bb0&#8243; shift_y_down=\u00bb0&#8243; z_index=\u00bb0&#8243; medium_width=\u00bb0&#8243; mobile_width=\u00bb0&#8243; width=\u00bb1\/2&#8243; uncode_shortcode_id=\u00bb145349&#8243;][vc_custom_heading text_size=\u00bbfontsize-551415&#8243; text_transform=\u00bbuppercase\u00bb uncode_shortcode_id=\u00bb105702&#8243;]EL MUNDO NECESITA M\u00c1S AGRICULTURA ORG\u00c1NICA[\/vc_custom_heading][vc_column_text uncode_shortcode_id=\u00bb140756&#8243;]M\u00e1s algod\u00f3n org\u00e1nico, por favor. Eso es lo que el mundo necesita, y lo que deseamos en B&amp;C. Un suministro abundante de algod\u00f3n org\u00e1nico se traduce en un planeta m\u00e1s sano y en mejores condiciones sociales para los agricultores. Y creemos que la mejor forma de garantizarlo es apoyar el algod\u00f3n org\u00e1nico en conversi\u00f3n, la fibra que cultivan los agricultores en su transici\u00f3n de agricultura convencional a org\u00e1nica.<\/p>\n<p>Durante a\u00f1os, el suministro de algod\u00f3n org\u00e1nico ha supuesto menos de un raqu\u00edtico 1 % de la producci\u00f3n mundial de algod\u00f3n. Era dif\u00edcil aumentarlo porque las provisiones anuales provienen principalmente de peque\u00f1os agricultores, sin recursos suficientes para ampliar su negocio.<\/p>\n<p>Por ahora, la forma m\u00e1s segura de impulsar el suministro de algod\u00f3n org\u00e1nico, es hacer que m\u00e1s agricultores convencionales adopten la agricultura org\u00e1nica. Ojal\u00e1 fuera tan sencillo.[\/vc_column_text][\/vc_column_inner][vc_column_inner column_width_percent=\u00bb100&#8243; gutter_size=\u00bb3&#8243; overlay_alpha=\u00bb50&#8243; shift_x=\u00bb0&#8243; shift_y=\u00bb0&#8243; shift_y_down=\u00bb0&#8243; z_index=\u00bb0&#8243; medium_width=\u00bb0&#8243; mobile_visibility=\u00bbyes\u00bb mobile_width=\u00bb0&#8243; width=\u00bb1\/3&#8243; uncode_shortcode_id=\u00bb100206&#8243;][\/vc_column_inner][\/vc_row_inner][vc_empty_space empty_h=\u00bb2&#8243; mobile_visibility=\u00bbyes\u00bb][vc_row_inner][vc_column_inner column_width_percent=\u00bb100&#8243; gutter_size=\u00bb3&#8243; overlay_alpha=\u00bb50&#8243; shift_x=\u00bb0&#8243; shift_y=\u00bb0&#8243; shift_y_down=\u00bb0&#8243; z_index=\u00bb0&#8243; medium_width=\u00bb0&#8243; mobile_visibility=\u00bbyes\u00bb mobile_width=\u00bb0&#8243; width=\u00bb1\/6&#8243; uncode_shortcode_id=\u00bb782390&#8243;][\/vc_column_inner][vc_column_inner width=\u00bb2\/3&#8243;][vc_single_image media=\u00bb1524&#8243; media_width_percent=\u00bb100&#8243; uncode_shortcode_id=\u00bb100807&#8243;][\/vc_column_inner][vc_column_inner width=\u00bb1\/6&#8243;][\/vc_column_inner][\/vc_row_inner][vc_empty_space empty_h=\u00bb2&#8243;][vc_row_inner][vc_column_inner width=\u00bb1\/2&#8243;][vc_raw_html]PGlmcmFtZSB3aWR0aD0iNTYwIiBoZWlnaHQ9IjMxNSIgc3JjPSJodHRwczovL3d3dy55b3V0dWJlLmNvbS9lbWJlZC96M2Q5RkNpaWE4WSIgdGl0bGU9IllvdVR1YmUgdmlkZW8gcGxheWVyIiBmcmFtZWJvcmRlcj0iMCIgYWxsb3c9ImFjY2VsZXJvbWV0ZXI7IGF1dG9wbGF5OyBjbGlwYm9hcmQtd3JpdGU7IGVuY3J5cHRlZC1tZWRpYTsgZ3lyb3Njb3BlOyBwaWN0dXJlLWluLXBpY3R1cmUiIGFsbG93ZnVsbHNjcmVlbj0iIj48L2lmcmFtZT4=[\/vc_raw_html][\/vc_column_inner][vc_column_inner width=\u00bb1\/12&#8243;][\/vc_column_inner][vc_column_inner column_width_percent=\u00bb100&#8243; position_vertical=\u00bbbottom\u00bb gutter_size=\u00bb2&#8243; overlay_alpha=\u00bb50&#8243; shift_x=\u00bb0&#8243; shift_y=\u00bb0&#8243; shift_y_down=\u00bb0&#8243; z_index=\u00bb0&#8243; medium_width=\u00bb0&#8243; mobile_width=\u00bb0&#8243; width=\u00bb5\/12&#8243; uncode_shortcode_id=\u00bb146859&#8243;][vc_custom_heading text_size=\u00bbfontsize-551415&#8243; text_transform=\u00bbuppercase\u00bb uncode_shortcode_id=\u00bb198647&#8243;]EL LARGO Y TORTUOSO CAMINO HACIA LA AGRICULTURA ORG\u00c1NICA[\/vc_custom_heading][vc_column_text uncode_shortcode_id=\u00bb289465&#8243;]Los agricultores deben tener un certificado para vender algod\u00f3n org\u00e1nico. Y el proceso para obtener la certificaci\u00f3n org\u00e1nica es de lo m\u00e1s complejo.<\/p>\n<p>Seg\u00fan los reglamentos internacionales, en los campos de algod\u00f3n deben entrar cero productos qu\u00edmicos u OMG durante tres a\u00f1os seguidos antes de que se declaren 100 % org\u00e1nicos. Y los pesticidas y fertilizantes sint\u00e9ticos est\u00e1n terminantemente prohibidos desde el mismo momento en que el agricultor pasa a territorio org\u00e1nico. Para el suelo, es como una depuraci\u00f3n qu\u00edmica. Despu\u00e9s de a\u00f1os de dependencia de las sustancias qu\u00edmicas, sufre s\u00edndrome de abstinencia y rinde menos de lo habitual.<\/p>\n<p>Para empeorar las cosas, el algod\u00f3n org\u00e1nico en conversi\u00f3n no se puede vender al mismo precio que el algod\u00f3n ecol\u00f3gico certificado m\u00e1s caro. El agricultor tiene que costear la agricultura org\u00e1nica, pero sin obtener el mismo beneficio por proporcionar un algod\u00f3n mejor y m\u00e1s sostenible.[\/vc_column_text][\/vc_column_inner][\/vc_row_inner][vc_empty_space empty_h=\u00bb2&#8243;][vc_row_inner][vc_column_inner width=\u00bb1\/6&#8243;][\/vc_column_inner][vc_column_inner column_width_percent=\u00bb100&#8243; gutter_size=\u00bb2&#8243; overlay_alpha=\u00bb50&#8243; shift_x=\u00bb0&#8243; shift_y=\u00bb0&#8243; shift_y_down=\u00bb0&#8243; z_index=\u00bb0&#8243; medium_width=\u00bb0&#8243; mobile_width=\u00bb0&#8243; width=\u00bb5\/12&#8243; uncode_shortcode_id=\u00bb108165&#8243;][vc_custom_heading text_size=\u00bbfontsize-551415&#8243; text_transform=\u00bbuppercase\u00bb uncode_shortcode_id=\u00bb152270&#8243;]ALGOD\u00d3N ORG\u00c1NICO EN CONVERSI\u00d3N ES LA RESPUESTA[\/vc_custom_heading][vc_column_text uncode_shortcode_id=\u00bb528777&#8243;]Los agricultores necesitan nuestra ayuda para sobrevivir en la transici\u00f3n hacia la agricultura org\u00e1nica. Y todos necesitamos garantizar nuestro suministro de algod\u00f3n sostenible. Apoyar a los agricultores en transici\u00f3n a\u00f1adiendo un diferencial de precio sobre el algod\u00f3n convencional es la \u00fanica forma de conseguir que esto suceda.<\/p>\n<p>Si se demuestra que la conversi\u00f3n a la producci\u00f3n org\u00e1nica es lo suficientemente lucrativa y reporta ventajas, habr\u00e1 m\u00e1s agricultores de algod\u00f3n que encuentren el coraje y la motivaci\u00f3n para abandonar la agricultura qu\u00edmica en favor de una agricultura m\u00e1s sostenible. Y si el mundo gana agricultores org\u00e1nicos, no solo mejoraremos la Tierra, sino que tambi\u00e9n aumentaremos enormemente la cantidad de algod\u00f3n org\u00e1nico disponible.[\/vc_column_text][\/vc_column_inner][vc_column_inner width=\u00bb5\/12&#8243;][\/vc_column_inner][\/vc_row_inner][vc_empty_space empty_h=\u00bb2&#8243;][vc_row_inner][vc_column_inner width=\u00bb1\/12&#8243;][\/vc_column_inner][vc_column_inner width=\u00bb5\/6&#8243;][vc_single_image media=\u00bb924&#8243; media_width_percent=\u00bb100&#8243; uncode_shortcode_id=\u00bb499590&#8243;][\/vc_column_inner][vc_column_inner width=\u00bb1\/12&#8243;][\/vc_column_inner][\/vc_row_inner][vc_empty_space empty_h=\u00bb1&#8243;][\/vc_column][\/vc_row][vc_row unlock_row_content=\u00bbyes\u00bb row_height_percent=\u00bb0&#8243; overlay_alpha=\u00bb60&#8243; gutter_size=\u00bb3&#8243; column_width_percent=\u00bb100&#8243; shift_y=\u00bb0&#8243; z_index=\u00bb0&#8243; uncode_shortcode_id=\u00bb892096&#8243; el_class=\u00bbpostblock-large-intern\u00bb][vc_column column_width_percent=\u00bb100&#8243; position_vertical=\u00bbmiddle\u00bb align_horizontal=\u00bbalign_center\u00bb gutter_size=\u00bb2&#8243; back_image=\u00bb476&#8243; back_repeat=\u00bbno-repeat\u00bb overlay_color=\u00bbcolor-118961&#8243; overlay_alpha=\u00bb60&#8243; shift_x=\u00bb0&#8243; shift_y=\u00bb0&#8243; shift_y_down=\u00bb0&#8243; z_index=\u00bb0&#8243; medium_width=\u00bb0&#8243; mobile_width=\u00bb0&#8243; width=\u00bb1\/1&#8243; uncode_shortcode_id=\u00bb108711&#8243; overlay_color_type=\u00bbuncode-palette\u00bb link_to=\u00bburl:%2Feverything-you-should-know%2F|title:Everything%20you%20should%20know\u00bb][vc_column_text text_color=\u00bbcolor-xsdn\u00bb uncode_shortcode_id=\u00bb112686&#8243; text_color_type=\u00bbuncode-palette\u00bb]NEXT[\/vc_column_text][vc_custom_heading text_color=\u00bbcolor-xsdn\u00bb heading_semantic=\u00bbh3&#8243; text_size=\u00bbfontsize-828145&#8243; text_transform=\u00bbuppercase\u00bb uncode_shortcode_id=\u00bb198794&#8243; text_color_type=\u00bbuncode-palette\u00bb]Todo lo que necesita saber[\/vc_custom_heading][\/vc_column][\/vc_row]<\/p>\n<\/div>","protected":false},"excerpt":{"rendered":"<p>[vc_row row_height_percent=\u00bb0&#8243; override_padding=\u00bbyes\u00bb h_padding=\u00bb2&#8243; top_padding=\u00bb2&#8243; bottom_padding=\u00bb1&#8243; overlay_alpha=\u00bb50&#8243; gutter_size=\u00bb3&#8243; column_width_percent=\u00bb100&#8243; shift_y=\u00bb0&#8243; z_index=\u00bb0&#8243; uncode_shortcode_id=\u00bb168112&#8243;][vc_column width=\u00bb1\/1&#8243;][vc_empty_space empty_h=\u00bb3&#8243;][vc_row_inner][vc_column_inner column_width_percent=\u00bb100&#8243; gutter_size=\u00bb1&#8243; overlay_alpha=\u00bb50&#8243; shift_x=\u00bb0&#8243; shift_y=\u00bb0&#8243; shift_y_down=\u00bb0&#8243; [&hellip;]<\/p>\n","protected":false},"author":1,"featured_media":468,"parent":0,"menu_order":0,"comment_status":"closed","ping_status":"closed","template":"","meta":{"footnotes":""},"class_list":["post-632","page","type-page","status-publish","has-post-thumbnail","hentry"],"yoast_head":"<!-- This site is optimized with the Yoast SEO plugin v23.1 - https:\/\/yoast.com\/wordpress\/plugins\/seo\/ -->\n<title>El camino hacia m\u00e1s algod\u00f3n org\u00e1nico - Organic in conversion<\/title>\n<meta name=\"description\" content=\"El mundo necesita m\u00e1s agricultores que produzcan algod\u00f3n org\u00e1nico. Apoyar al algod\u00f3n en conversi\u00f3n es la mejor forma de animar a los cultivadores de algod\u00f3n a cambiar a la agricultura org\u00e1nica.\" \/>\n<meta name=\"robots\" content=\"index, follow, max-snippet:-1, max-image-preview:large, max-video-preview:-1\" \/>\n<link rel=\"canonical\" href=\"https:\/\/organic-in-conversion.com\/es\/el-camino-hacia-mas-algodon-organico\/\" \/>\n<meta property=\"og:locale\" content=\"es_ES\" \/>\n<meta property=\"og:type\" content=\"article\" \/>\n<meta property=\"og:title\" content=\"El camino hacia m\u00e1s algod\u00f3n org\u00e1nico - Organic in conversion\" \/>\n<meta property=\"og:description\" content=\"El mundo necesita m\u00e1s agricultores que produzcan algod\u00f3n org\u00e1nico. Apoyar al algod\u00f3n en conversi\u00f3n es la mejor forma de animar a los cultivadores de algod\u00f3n a cambiar a la agricultura org\u00e1nica.\" \/>\n<meta property=\"og:url\" content=\"https:\/\/organic-in-conversion.com\/es\/el-camino-hacia-mas-algodon-organico\/\" \/>\n<meta property=\"og:site_name\" content=\"Organic in conversion\" \/>\n<meta property=\"article:modified_time\" content=\"2022-04-11T08:42:04+00:00\" \/>\n<meta property=\"og:image\" content=\"https:\/\/organic-in-conversion.com\/wp-content\/uploads\/2022\/03\/2203_BC_Site_OrganicInConversion_1_way-to-more_header.jpeg\" \/>\n\t<meta property=\"og:image:width\" content=\"1920\" \/>\n\t<meta property=\"og:image:height\" content=\"760\" \/>\n\t<meta property=\"og:image:type\" content=\"image\/jpeg\" \/>\n<meta name=\"twitter:card\" content=\"summary_large_image\" \/>\n<meta name=\"twitter:label1\" content=\"Tiempo de lectura\" \/>\n\t<meta name=\"twitter:data1\" content=\"3 minutos\" \/>\n<script type=\"application\/ld+json\" class=\"yoast-schema-graph\">{\"@context\":\"https:\/\/schema.org\",\"@graph\":[{\"@type\":\"WebPage\",\"@id\":\"https:\/\/organic-in-conversion.com\/es\/el-camino-hacia-mas-algodon-organico\/\",\"url\":\"https:\/\/organic-in-conversion.com\/es\/el-camino-hacia-mas-algodon-organico\/\",\"name\":\"El camino hacia m\u00e1s algod\u00f3n org\u00e1nico - Organic in conversion\",\"isPartOf\":{\"@id\":\"https:\/\/organic-in-conversion.com\/es\/#website\"},\"primaryImageOfPage\":{\"@id\":\"https:\/\/organic-in-conversion.com\/es\/el-camino-hacia-mas-algodon-organico\/#primaryimage\"},\"image\":{\"@id\":\"https:\/\/organic-in-conversion.com\/es\/el-camino-hacia-mas-algodon-organico\/#primaryimage\"},\"thumbnailUrl\":\"https:\/\/organic-in-conversion.com\/wp-content\/uploads\/2022\/03\/2203_BC_Site_OrganicInConversion_1_way-to-more_header.jpeg\",\"datePublished\":\"2022-03-24T11:48:49+00:00\",\"dateModified\":\"2022-04-11T08:42:04+00:00\",\"description\":\"El mundo necesita m\u00e1s agricultores que produzcan algod\u00f3n org\u00e1nico. Apoyar al algod\u00f3n en conversi\u00f3n es la mejor forma de animar a los cultivadores de algod\u00f3n a cambiar a la agricultura org\u00e1nica.\",\"breadcrumb\":{\"@id\":\"https:\/\/organic-in-conversion.com\/es\/el-camino-hacia-mas-algodon-organico\/#breadcrumb\"},\"inLanguage\":\"es\",\"potentialAction\":[{\"@type\":\"ReadAction\",\"target\":[\"https:\/\/organic-in-conversion.com\/es\/el-camino-hacia-mas-algodon-organico\/\"]}]},{\"@type\":\"ImageObject\",\"inLanguage\":\"es\",\"@id\":\"https:\/\/organic-in-conversion.com\/es\/el-camino-hacia-mas-algodon-organico\/#primaryimage\",\"url\":\"https:\/\/organic-in-conversion.com\/wp-content\/uploads\/2022\/03\/2203_BC_Site_OrganicInConversion_1_way-to-more_header.jpeg\",\"contentUrl\":\"https:\/\/organic-in-conversion.com\/wp-content\/uploads\/2022\/03\/2203_BC_Site_OrganicInConversion_1_way-to-more_header.jpeg\",\"width\":1920,\"height\":760},{\"@type\":\"BreadcrumbList\",\"@id\":\"https:\/\/organic-in-conversion.com\/es\/el-camino-hacia-mas-algodon-organico\/#breadcrumb\",\"itemListElement\":[{\"@type\":\"ListItem\",\"position\":1,\"name\":\"Home\",\"item\":\"https:\/\/organic-in-conversion.com\/es\/\"},{\"@type\":\"ListItem\",\"position\":2,\"name\":\"El camino hacia m\u00e1s algod\u00f3n org\u00e1nico\"}]},{\"@type\":\"WebSite\",\"@id\":\"https:\/\/organic-in-conversion.com\/es\/#website\",\"url\":\"https:\/\/organic-in-conversion.com\/es\/\",\"name\":\"Organic in conversion\",\"description\":\"\",\"potentialAction\":[{\"@type\":\"SearchAction\",\"target\":{\"@type\":\"EntryPoint\",\"urlTemplate\":\"https:\/\/organic-in-conversion.com\/es\/?s={search_term_string}\"},\"query-input\":\"required name=search_term_string\"}],\"inLanguage\":\"es\"}]}<\/script>\n<!-- \/ Yoast SEO plugin. -->","yoast_head_json":{"title":"El camino hacia m\u00e1s algod\u00f3n org\u00e1nico - Organic in conversion","description":"El mundo necesita m\u00e1s agricultores que produzcan algod\u00f3n org\u00e1nico. Apoyar al algod\u00f3n en conversi\u00f3n es la mejor forma de animar a los cultivadores de algod\u00f3n a cambiar a la agricultura org\u00e1nica.","robots":{"index":"index","follow":"follow","max-snippet":"max-snippet:-1","max-image-preview":"max-image-preview:large","max-video-preview":"max-video-preview:-1"},"canonical":"https:\/\/organic-in-conversion.com\/es\/el-camino-hacia-mas-algodon-organico\/","og_locale":"es_ES","og_type":"article","og_title":"El camino hacia m\u00e1s algod\u00f3n org\u00e1nico - Organic in conversion","og_description":"El mundo necesita m\u00e1s agricultores que produzcan algod\u00f3n org\u00e1nico. Apoyar al algod\u00f3n en conversi\u00f3n es la mejor forma de animar a los cultivadores de algod\u00f3n a cambiar a la agricultura org\u00e1nica.","og_url":"https:\/\/organic-in-conversion.com\/es\/el-camino-hacia-mas-algodon-organico\/","og_site_name":"Organic in conversion","article_modified_time":"2022-04-11T08:42:04+00:00","og_image":[{"width":1920,"height":760,"url":"https:\/\/organic-in-conversion.com\/wp-content\/uploads\/2022\/03\/2203_BC_Site_OrganicInConversion_1_way-to-more_header.jpeg","type":"image\/jpeg"}],"twitter_card":"summary_large_image","twitter_misc":{"Tiempo de lectura":"3 minutos"},"schema":{"@context":"https:\/\/schema.org","@graph":[{"@type":"WebPage","@id":"https:\/\/organic-in-conversion.com\/es\/el-camino-hacia-mas-algodon-organico\/","url":"https:\/\/organic-in-conversion.com\/es\/el-camino-hacia-mas-algodon-organico\/","name":"El camino hacia m\u00e1s algod\u00f3n org\u00e1nico - Organic in conversion","isPartOf":{"@id":"https:\/\/organic-in-conversion.com\/es\/#website"},"primaryImageOfPage":{"@id":"https:\/\/organic-in-conversion.com\/es\/el-camino-hacia-mas-algodon-organico\/#primaryimage"},"image":{"@id":"https:\/\/organic-in-conversion.com\/es\/el-camino-hacia-mas-algodon-organico\/#primaryimage"},"thumbnailUrl":"https:\/\/organic-in-conversion.com\/wp-content\/uploads\/2022\/03\/2203_BC_Site_OrganicInConversion_1_way-to-more_header.jpeg","datePublished":"2022-03-24T11:48:49+00:00","dateModified":"2022-04-11T08:42:04+00:00","description":"El mundo necesita m\u00e1s agricultores que produzcan algod\u00f3n org\u00e1nico. Apoyar al algod\u00f3n en conversi\u00f3n es la mejor forma de animar a los cultivadores de algod\u00f3n a cambiar a la agricultura org\u00e1nica.","breadcrumb":{"@id":"https:\/\/organic-in-conversion.com\/es\/el-camino-hacia-mas-algodon-organico\/#breadcrumb"},"inLanguage":"es","potentialAction":[{"@type":"ReadAction","target":["https:\/\/organic-in-conversion.com\/es\/el-camino-hacia-mas-algodon-organico\/"]}]},{"@type":"ImageObject","inLanguage":"es","@id":"https:\/\/organic-in-conversion.com\/es\/el-camino-hacia-mas-algodon-organico\/#primaryimage","url":"https:\/\/organic-in-conversion.com\/wp-content\/uploads\/2022\/03\/2203_BC_Site_OrganicInConversion_1_way-to-more_header.jpeg","contentUrl":"https:\/\/organic-in-conversion.com\/wp-content\/uploads\/2022\/03\/2203_BC_Site_OrganicInConversion_1_way-to-more_header.jpeg","width":1920,"height":760},{"@type":"BreadcrumbList","@id":"https:\/\/organic-in-conversion.com\/es\/el-camino-hacia-mas-algodon-organico\/#breadcrumb","itemListElement":[{"@type":"ListItem","position":1,"name":"Home","item":"https:\/\/organic-in-conversion.com\/es\/"},{"@type":"ListItem","position":2,"name":"El camino hacia m\u00e1s algod\u00f3n org\u00e1nico"}]},{"@type":"WebSite","@id":"https:\/\/organic-in-conversion.com\/es\/#website","url":"https:\/\/organic-in-conversion.com\/es\/","name":"Organic in conversion","description":"","potentialAction":[{"@type":"SearchAction","target":{"@type":"EntryPoint","urlTemplate":"https:\/\/organic-in-conversion.com\/es\/?s={search_term_string}"},"query-input":"required name=search_term_string"}],"inLanguage":"es"}]}},"_links":{"self":[{"href":"https:\/\/organic-in-conversion.com\/es\/wp-json\/wp\/v2\/pages\/632","targetHints":{"allow":["GET"]}}],"collection":[{"href":"https:\/\/organic-in-conversion.com\/es\/wp-json\/wp\/v2\/pages"}],"about":[{"href":"https:\/\/organic-in-conversion.com\/es\/wp-json\/wp\/v2\/types\/page"}],"author":[{"embeddable":true,"href":"https:\/\/organic-in-conversion.com\/es\/wp-json\/wp\/v2\/users\/1"}],"replies":[{"embeddable":true,"href":"https:\/\/organic-in-conversion.com\/es\/wp-json\/wp\/v2\/comments?post=632"}],"version-history":[{"count":18,"href":"https:\/\/organic-in-conversion.com\/es\/wp-json\/wp\/v2\/pages\/632\/revisions"}],"predecessor-version":[{"id":1530,"href":"https:\/\/organic-in-conversion.com\/es\/wp-json\/wp\/v2\/pages\/632\/revisions\/1530"}],"wp:featuredmedia":[{"embeddable":true,"href":"https:\/\/organic-in-conversion.com\/es\/wp-json\/wp\/v2\/media\/468"}],"wp:attachment":[{"href":"https:\/\/organic-in-conversion.com\/es\/wp-json\/wp\/v2\/media?parent=632"}],"curies":[{"name":"wp","href":"https:\/\/api.w.org\/{rel}","templated":true}]}}