{"id":617,"date":"2022-03-24T11:48:03","date_gmt":"2022-03-24T11:48:03","guid":{"rendered":"https:\/\/organic-in-conversion.com\/por-que-se-une-bc-a-lo-organico-en-conversion\/"},"modified":"2022-04-11T08:14:35","modified_gmt":"2022-04-11T08:14:35","slug":"por-que-se-une-bc-a-lo-organico-en-conversion","status":"publish","type":"page","link":"https:\/\/organic-in-conversion.com\/es\/por-que-se-une-bc-a-lo-organico-en-conversion\/","title":{"rendered":"El algod\u00f3n org\u00e1nico necesita un poco de ayuda"},"content":{"rendered":"<div class=\"wpb-content-wrapper\"><p>[vc_row row_height_percent=\u00bb0&#8243; override_padding=\u00bbyes\u00bb h_padding=\u00bb2&#8243; top_padding=\u00bb2&#8243; bottom_padding=\u00bb1&#8243; overlay_alpha=\u00bb50&#8243; gutter_size=\u00bb3&#8243; column_width_percent=\u00bb100&#8243; shift_y=\u00bb0&#8243; z_index=\u00bb0&#8243; uncode_shortcode_id=\u00bb168112&#8243;][vc_column width=\u00bb1\/1&#8243;][vc_empty_space empty_h=\u00bb3&#8243;][vc_row_inner][vc_column_inner column_width_percent=\u00bb100&#8243; gutter_size=\u00bb1&#8243; overlay_alpha=\u00bb50&#8243; shift_x=\u00bb0&#8243; shift_y=\u00bb0&#8243; shift_y_down=\u00bb0&#8243; z_index=\u00bb0&#8243; medium_width=\u00bb0&#8243; mobile_width=\u00bb0&#8243; width=\u00bb2\/6&#8243; uncode_shortcode_id=\u00bb270358&#8243;][vc_custom_heading heading_semantic=\u00bbh1&#8243; text_size=\u00bbfontsize-172371&#8243; text_transform=\u00bbuppercase\u00bb uncode_shortcode_id=\u00bb480253&#8243;]\u00bfPor qu\u00e9 se une B&amp;C a lo org\u00e1nico en conversi\u00f3n?[\/vc_custom_heading][\/vc_column_inner][vc_column_inner column_width_percent=\u00bb100&#8243; gutter_size=\u00bb3&#8243; overlay_alpha=\u00bb50&#8243; shift_x=\u00bb0&#8243; shift_y=\u00bb0&#8243; shift_y_down=\u00bb0&#8243; z_index=\u00bb0&#8243; medium_width=\u00bb0&#8243; mobile_visibility=\u00bbyes\u00bb mobile_width=\u00bb0&#8243; width=\u00bb3\/6&#8243; uncode_shortcode_id=\u00bb584271&#8243;][\/vc_column_inner][vc_column_inner column_width_percent=\u00bb100&#8243; position_vertical=\u00bbbottom\u00bb gutter_size=\u00bb3&#8243; overlay_alpha=\u00bb50&#8243; shift_x=\u00bb0&#8243; shift_y=\u00bb0&#8243; shift_y_down=\u00bb0&#8243; z_index=\u00bb0&#8243; medium_width=\u00bb0&#8243; mobile_width=\u00bb0&#8243; width=\u00bb1\/6&#8243; uncode_shortcode_id=\u00bb175373&#8243;][vc_empty_space empty_h=\u00bb0&#8243;][uncode_socials][\/vc_column_inner][\/vc_row_inner][\/vc_column][\/vc_row][vc_row unlock_row_content=\u00bbyes\u00bb row_height_percent=\u00bb0&#8243; overlay_alpha=\u00bb50&#8243; gutter_size=\u00bb3&#8243; column_width_percent=\u00bb100&#8243; shift_y=\u00bb0&#8243; z_index=\u00bb0&#8243; mobile_visibility=\u00bbyes\u00bb uncode_shortcode_id=\u00bb161744&#8243;][vc_column column_width_percent=\u00bb100&#8243; gutter_size=\u00bb3&#8243; overlay_alpha=\u00bb50&#8243; shift_x=\u00bb0&#8243; shift_y=\u00bb0&#8243; shift_y_down=\u00bb0&#8243; z_index=\u00bb0&#8243; medium_width=\u00bb0&#8243; mobile_width=\u00bb0&#8243; width=\u00bb1\/1&#8243; uncode_shortcode_id=\u00bb343403&#8243; el_id=\u00bbheader__intern__image\u00bb][vc_single_image dynamic=\u00bbyes\u00bb media_width_percent=\u00bb100&#8243; uncode_shortcode_id=\u00bb181252&#8243;][\/vc_column][\/vc_row][vc_row unlock_row_content=\u00bbyes\u00bb row_height_percent=\u00bb0&#8243; override_padding=\u00bbyes\u00bb h_padding=\u00bb0&#8243; top_padding=\u00bb2&#8243; bottom_padding=\u00bb2&#8243; overlay_alpha=\u00bb50&#8243; gutter_size=\u00bb3&#8243; column_width_percent=\u00bb100&#8243; shift_y=\u00bb0&#8243; z_index=\u00bb0&#8243; desktop_visibility=\u00bbyes\u00bb medium_visibility=\u00bbyes\u00bb uncode_shortcode_id=\u00bb159907&#8243;][vc_column column_width_percent=\u00bb100&#8243; gutter_size=\u00bb3&#8243; overlay_alpha=\u00bb50&#8243; shift_x=\u00bb0&#8243; shift_y=\u00bb0&#8243; shift_y_down=\u00bb0&#8243; z_index=\u00bb0&#8243; medium_width=\u00bb0&#8243; mobile_width=\u00bb0&#8243; width=\u00bb1\/1&#8243; uncode_shortcode_id=\u00bb343403&#8243; el_id=\u00bbheader__intern__image\u00bb][vc_single_image dynamic=\u00bbyes\u00bb dynamic_source=\u00bbsecondary\u00bb media_width_percent=\u00bb100&#8243; uncode_shortcode_id=\u00bb544737&#8243;][\/vc_column][\/vc_row][vc_row][vc_column width=\u00bb1\/1&#8243;][vc_row_inner][vc_column_inner width=\u00bb1\/6&#8243;][\/vc_column_inner][vc_column_inner column_width_percent=\u00bb100&#8243; gutter_size=\u00bb2&#8243; overlay_alpha=\u00bb50&#8243; shift_x=\u00bb0&#8243; shift_y=\u00bb0&#8243; shift_y_down=\u00bb0&#8243; z_index=\u00bb0&#8243; medium_width=\u00bb0&#8243; mobile_width=\u00bb0&#8243; width=\u00bb1\/2&#8243; uncode_shortcode_id=\u00bb145349&#8243;][vc_custom_heading text_size=\u00bbfontsize-551415&#8243; text_transform=\u00bbuppercase\u00bb uncode_shortcode_id=\u00bb114196&#8243;]El algod\u00f3n org\u00e1nico necesita un poco de ayuda[\/vc_custom_heading][vc_column_text uncode_shortcode_id=\u00bb793303&#8243;]Hubo un momento en el que todos pensamos que el algod\u00f3n org\u00e1nico era la clave para aumentar la sostenibilidad. Much\u00edsimas marcas de ropa y sellos de moda encumbraron el algod\u00f3n org\u00e1nico, y nosotros tambi\u00e9n lo hicimos.<\/p>\n<p>Hace seis a\u00f1os, B&amp;C Collection present\u00f3 una l\u00ednea de productos de algod\u00f3n org\u00e1nico. En aquel momento parec\u00eda lo mejor que se pod\u00eda hacer, y est\u00e1bamos ansiosos de poner en pr\u00e1ctica nuestro compromiso con la sostenibilidad medioambiental, social y econ\u00f3mica. Pero pronto se hizo evidente que el algod\u00f3n org\u00e1nico no pod\u00eda solucionarlo todo por s\u00ed mismo.<\/p>\n<p>No es culpa del algod\u00f3n org\u00e1nico que su crecimiento haya generado tanta demanda mientras la oferta sigue siendo inferior al 1 % de la producci\u00f3n mundial de algod\u00f3n. \u00bfA qui\u00e9n no le encanta el algod\u00f3n org\u00e1nico? Es el fruto de un buen cultivo y de un crecimiento sano. Pero el periodo de transici\u00f3n es tan dif\u00edcil para los agricultores de algod\u00f3n que muy pocos pueden permitirse seguir ese camino.<\/p>\n<p>Hoy, el 99 % de ellos contin\u00faan con m\u00e9todos agr\u00edcolas antiguos y convencionales.<\/p>\n<p>Aunque la agricultura ecol\u00f3gica acelera a\u00f1o tras a\u00f1o, la convencional siempre la supera. El algod\u00f3n org\u00e1nico no puede mantener el ritmo, lo cual pone en peligro la cadena de suministro. Claramente, necesita ayuda de las marcas para avanzar en la causa de la sostenibilidad. Por eso, en B&amp;C hemos tomado una decisi\u00f3n: emprender el prometedor camino del algod\u00f3n en conversi\u00f3n.[\/vc_column_text][\/vc_column_inner][vc_column_inner width=\u00bb1\/3&#8243;][\/vc_column_inner][\/vc_row_inner][vc_empty_space empty_h=\u00bb2&#8243; mobile_visibility=\u00bbyes\u00bb][vc_row_inner][vc_column_inner column_width_percent=\u00bb100&#8243; gutter_size=\u00bb3&#8243; overlay_alpha=\u00bb50&#8243; shift_x=\u00bb0&#8243; shift_y=\u00bb0&#8243; shift_y_down=\u00bb0&#8243; z_index=\u00bb0&#8243; medium_width=\u00bb0&#8243; mobile_visibility=\u00bbyes\u00bb mobile_width=\u00bb0&#8243; width=\u00bb1\/6&#8243; uncode_shortcode_id=\u00bb198517&#8243;][\/vc_column_inner][vc_column_inner width=\u00bb2\/3&#8243;][vc_single_image media=\u00bb1344&#8243; media_width_percent=\u00bb100&#8243; uncode_shortcode_id=\u00bb211248&#8243;][\/vc_column_inner][vc_column_inner width=\u00bb1\/6&#8243;][\/vc_column_inner][\/vc_row_inner][vc_empty_space empty_h=\u00bb2&#8243;][vc_row_inner][vc_column_inner column_width_percent=\u00bb100&#8243; gutter_size=\u00bb3&#8243; overlay_alpha=\u00bb50&#8243; shift_x=\u00bb0&#8243; shift_y=\u00bb0&#8243; shift_y_down=\u00bb0&#8243; z_index=\u00bb0&#8243; medium_width=\u00bb0&#8243; mobile_visibility=\u00bbyes\u00bb mobile_width=\u00bb0&#8243; width=\u00bb1\/2&#8243; uncode_shortcode_id=\u00bb211073&#8243;][vc_single_image media=\u00bb1350&#8243; media_width_percent=\u00bb100&#8243; uncode_shortcode_id=\u00bb209189&#8243;][\/vc_column_inner][vc_column_inner width=\u00bb1\/12&#8243;][\/vc_column_inner][vc_column_inner column_width_percent=\u00bb100&#8243; position_vertical=\u00bbbottom\u00bb gutter_size=\u00bb2&#8243; overlay_alpha=\u00bb50&#8243; shift_x=\u00bb0&#8243; shift_y=\u00bb0&#8243; shift_y_down=\u00bb0&#8243; z_index=\u00bb0&#8243; medium_width=\u00bb0&#8243; mobile_width=\u00bb0&#8243; width=\u00bb5\/12&#8243; uncode_shortcode_id=\u00bb655484&#8243;][vc_custom_heading text_size=\u00bbfontsize-551415&#8243; text_transform=\u00bbuppercase\u00bb uncode_shortcode_id=\u00bb489575&#8243;]\u00bfQu\u00e9 es el algod\u00f3n org\u00e1nico en conversi\u00f3n?<\/p>\n<p>[\/vc_custom_heading][vc_column_text uncode_shortcode_id=\u00bb747895&#8243;]El algod\u00f3n org\u00e1nico en conversi\u00f3n es la fibra que los agricultores producen en la transici\u00f3n de la agricultura convencional a la org\u00e1nica. Para obtener la certificaci\u00f3n org\u00e1nica, los agricultores de algod\u00f3n cumplen todas las normas de la agricultura org\u00e1nica y renuncian a usar productos qu\u00edmicos u OMG de principio a fin por un periodo de transici\u00f3n de 3 a\u00f1os. Es tan sostenible como el algod\u00f3n org\u00e1nico y tiene la certificaci\u00f3n de org\u00e1nico en conversi\u00f3n.[\/vc_column_text][\/vc_column_inner][\/vc_row_inner][vc_empty_space empty_h=\u00bb2&#8243;][vc_row_inner][vc_column_inner column_width_percent=\u00bb100&#8243; gutter_size=\u00bb3&#8243; overlay_alpha=\u00bb50&#8243; shift_x=\u00bb0&#8243; shift_y=\u00bb0&#8243; shift_y_down=\u00bb0&#8243; z_index=\u00bb0&#8243; desktop_visibility=\u00bbyes\u00bb medium_visibility=\u00bbyes\u00bb medium_width=\u00bb0&#8243; mobile_width=\u00bb0&#8243; width=\u00bb1\/1&#8243; uncode_shortcode_id=\u00bb627494&#8243;][vc_single_image media=\u00bb1350&#8243; media_width_percent=\u00bb100&#8243; uncode_shortcode_id=\u00bb676748&#8243;][\/vc_column_inner][\/vc_row_inner][vc_empty_space empty_h=\u00bb2&#8243;][vc_row_inner][vc_column_inner width=\u00bb1\/6&#8243;][\/vc_column_inner][vc_column_inner column_width_percent=\u00bb100&#8243; gutter_size=\u00bb2&#8243; overlay_alpha=\u00bb50&#8243; shift_x=\u00bb0&#8243; shift_y=\u00bb0&#8243; shift_y_down=\u00bb0&#8243; z_index=\u00bb0&#8243; medium_width=\u00bb0&#8243; mobile_width=\u00bb0&#8243; width=\u00bb5\/12&#8243; uncode_shortcode_id=\u00bb108165&#8243;][vc_custom_heading text_size=\u00bbfontsize-551415&#8243; text_transform=\u00bbuppercase\u00bb uncode_shortcode_id=\u00bb164790&#8243;]Para una sostenibilidad genuina y duradera[\/vc_custom_heading][vc_column_text uncode_shortcode_id=\u00bb272164&#8243;]Nuestro objetivo a largo plazo es invertir las cifras e inclinar la balanza hacia una mayor agricultura org\u00e1nica. Y creemos que la \u00fanica forma de lograrlo es apoyar a los agricultores que est\u00e1n cambiando a la agricultura org\u00e1nica hoy.<\/p>\n<p>La certificaci\u00f3n org\u00e1nica sigue un proceso largo y riguroso que puede poner el mundo del agricultor patas arriba. Para conseguir la certificaci\u00f3n, los cultivadores de algod\u00f3n deben prescindir de productos qu\u00edmicos y los OMG en sus tierras durante tres a\u00f1os. Mientras, las cosechas pueden disminuir por los cambios dr\u00e1sticos y los agricultores se enfrentan a considerables p\u00e9rdidas de beneficios.<\/p>\n<p>Nuestro compromiso con la sostenibilidad social, medioambiental y econ\u00f3mica nos obliga a actuar. Al apoyar al algod\u00f3n org\u00e1nico en conversi\u00f3n, junto con el algod\u00f3n org\u00e1nico, esperamos que m\u00e1s agricultores se pasen a la agricultura org\u00e1nica, que la agricultura qu\u00edmica termine por reducirse y que el algod\u00f3n org\u00e1nico se convierta en la estrella accesible que siempre estuvo destinado a ser.[\/vc_column_text][\/vc_column_inner][vc_column_inner width=\u00bb5\/12&#8243;][\/vc_column_inner][\/vc_row_inner][vc_empty_space empty_h=\u00bb2&#8243;][vc_row_inner][vc_column_inner width=\u00bb1\/12&#8243;][\/vc_column_inner][vc_column_inner width=\u00bb5\/6&#8243;][vc_raw_html]PGlmcmFtZSB3aWR0aD0iNTYwIiBoZWlnaHQ9IjUwMCIgc3JjPSJodHRwczovL3d3dy55b3V0dWJlLmNvbS9lbWJlZC9BWjBRblNiTlVpTSIgdGl0bGU9IllvdVR1YmUgdmlkZW8gcGxheWVyIiBmcmFtZWJvcmRlcj0iMCIgYWxsb3c9ImFjY2VsZXJvbWV0ZXI7IGF1dG9wbGF5OyBjbGlwYm9hcmQtd3JpdGU7IGVuY3J5cHRlZC1tZWRpYTsgZ3lyb3Njb3BlOyBwaWN0dXJlLWluLXBpY3R1cmUiIGFsbG93ZnVsbHNjcmVlbj0iIj48L2lmcmFtZT4=[\/vc_raw_html][\/vc_column_inner][vc_column_inner width=\u00bb1\/12&#8243;][\/vc_column_inner][\/vc_row_inner][vc_empty_space empty_h=\u00bb1&#8243;][\/vc_column][\/vc_row][vc_row unlock_row_content=\u00bbyes\u00bb row_height_percent=\u00bb0&#8243; overlay_alpha=\u00bb60&#8243; gutter_size=\u00bb3&#8243; column_width_percent=\u00bb100&#8243; shift_y=\u00bb0&#8243; z_index=\u00bb0&#8243; uncode_shortcode_id=\u00bb892096&#8243; el_class=\u00bbpostblock-large-intern\u00bb][vc_column column_width_percent=\u00bb100&#8243; position_vertical=\u00bbmiddle\u00bb align_horizontal=\u00bbalign_center\u00bb gutter_size=\u00bb2&#8243; back_image=\u00bb97&#8243; back_repeat=\u00bbno-repeat\u00bb overlay_color=\u00bbcolor-118961&#8243; overlay_alpha=\u00bb75&#8243; shift_x=\u00bb0&#8243; shift_y=\u00bb0&#8243; shift_y_down=\u00bb0&#8243; z_index=\u00bb0&#8243; medium_width=\u00bb0&#8243; mobile_width=\u00bb0&#8243; width=\u00bb1\/1&#8243; uncode_shortcode_id=\u00bb147343&#8243; overlay_color_type=\u00bbuncode-palette\u00bb link_to=\u00bburl:%2Ffor-you-for-what%2F|title:For%20you%2C%20For%20what\u00bb][vc_column_text text_color=\u00bbcolor-xsdn\u00bb uncode_shortcode_id=\u00bb112686&#8243; text_color_type=\u00bbuncode-palette\u00bb]NEXT[\/vc_column_text][vc_custom_heading text_color=\u00bbcolor-xsdn\u00bb heading_semantic=\u00bbh3&#8243; text_size=\u00bbfontsize-828145&#8243; text_transform=\u00bbuppercase\u00bb uncode_shortcode_id=\u00bb157053&#8243; text_color_type=\u00bbuncode-palette\u00bb]PARA TI, PARA QUE?[\/vc_custom_heading][\/vc_column][\/vc_row]<\/p>\n<\/div>","protected":false},"excerpt":{"rendered":"<p>[vc_row row_height_percent=\u00bb0&#8243; override_padding=\u00bbyes\u00bb h_padding=\u00bb2&#8243; top_padding=\u00bb2&#8243; bottom_padding=\u00bb1&#8243; overlay_alpha=\u00bb50&#8243; gutter_size=\u00bb3&#8243; column_width_percent=\u00bb100&#8243; shift_y=\u00bb0&#8243; z_index=\u00bb0&#8243; uncode_shortcode_id=\u00bb168112&#8243;][vc_column width=\u00bb1\/1&#8243;][vc_empty_space empty_h=\u00bb3&#8243;][vc_row_inner][vc_column_inner column_width_percent=\u00bb100&#8243; gutter_size=\u00bb1&#8243; overlay_alpha=\u00bb50&#8243; shift_x=\u00bb0&#8243; shift_y=\u00bb0&#8243; shift_y_down=\u00bb0&#8243; [&hellip;]<\/p>\n","protected":false},"author":1,"featured_media":428,"parent":0,"menu_order":0,"comment_status":"closed","ping_status":"closed","template":"","meta":{"footnotes":""},"class_list":["post-617","page","type-page","status-publish","has-post-thumbnail","hentry"],"yoast_head":"<!-- This site is optimized with the Yoast SEO plugin v23.1 - https:\/\/yoast.com\/wordpress\/plugins\/seo\/ -->\n<title>El algod\u00f3n org\u00e1nico necesita un poco de ayuda - Organic in conversion<\/title>\n<meta name=\"description\" content=\"Las cifras hablan por s\u00ed mismas: la producci\u00f3n mundial de algod\u00f3n org\u00e1nico no es suficiente para satisfacer la demanda. En B&amp;C, hemos encontrado una alternativa igualmente sostenible: algod\u00f3n org\u00e1nico en conversi\u00f3n.\" \/>\n<meta name=\"robots\" content=\"index, follow, max-snippet:-1, max-image-preview:large, max-video-preview:-1\" \/>\n<link rel=\"canonical\" href=\"https:\/\/organic-in-conversion.com\/es\/por-que-se-une-bc-a-lo-organico-en-conversion\/\" \/>\n<meta property=\"og:locale\" content=\"es_ES\" \/>\n<meta property=\"og:type\" content=\"article\" \/>\n<meta property=\"og:title\" content=\"El algod\u00f3n org\u00e1nico necesita un poco de ayuda - Organic in conversion\" \/>\n<meta property=\"og:description\" content=\"Las cifras hablan por s\u00ed mismas: la producci\u00f3n mundial de algod\u00f3n org\u00e1nico no es suficiente para satisfacer la demanda. En B&amp;C, hemos encontrado una alternativa igualmente sostenible: algod\u00f3n org\u00e1nico en conversi\u00f3n.\" \/>\n<meta property=\"og:url\" content=\"https:\/\/organic-in-conversion.com\/es\/por-que-se-une-bc-a-lo-organico-en-conversion\/\" \/>\n<meta property=\"og:site_name\" content=\"Organic in conversion\" \/>\n<meta property=\"article:modified_time\" content=\"2022-04-11T08:14:35+00:00\" \/>\n<meta property=\"og:image\" content=\"https:\/\/organic-in-conversion.com\/wp-content\/uploads\/2022\/03\/WHY-DID-BC-ENGAGE-IN-ORGANIC-IN-CONVERSION.jpeg\" \/>\n\t<meta property=\"og:image:width\" content=\"1920\" \/>\n\t<meta property=\"og:image:height\" content=\"760\" \/>\n\t<meta property=\"og:image:type\" content=\"image\/jpeg\" \/>\n<meta name=\"twitter:card\" content=\"summary_large_image\" \/>\n<meta name=\"twitter:label1\" content=\"Tiempo de lectura\" \/>\n\t<meta name=\"twitter:data1\" content=\"4 minutos\" \/>\n<script type=\"application\/ld+json\" class=\"yoast-schema-graph\">{\"@context\":\"https:\/\/schema.org\",\"@graph\":[{\"@type\":\"WebPage\",\"@id\":\"https:\/\/organic-in-conversion.com\/es\/por-que-se-une-bc-a-lo-organico-en-conversion\/\",\"url\":\"https:\/\/organic-in-conversion.com\/es\/por-que-se-une-bc-a-lo-organico-en-conversion\/\",\"name\":\"El algod\u00f3n org\u00e1nico necesita un poco de ayuda - Organic in conversion\",\"isPartOf\":{\"@id\":\"https:\/\/organic-in-conversion.com\/es\/#website\"},\"primaryImageOfPage\":{\"@id\":\"https:\/\/organic-in-conversion.com\/es\/por-que-se-une-bc-a-lo-organico-en-conversion\/#primaryimage\"},\"image\":{\"@id\":\"https:\/\/organic-in-conversion.com\/es\/por-que-se-une-bc-a-lo-organico-en-conversion\/#primaryimage\"},\"thumbnailUrl\":\"https:\/\/organic-in-conversion.com\/wp-content\/uploads\/2022\/03\/WHY-DID-BC-ENGAGE-IN-ORGANIC-IN-CONVERSION.jpeg\",\"datePublished\":\"2022-03-24T11:48:03+00:00\",\"dateModified\":\"2022-04-11T08:14:35+00:00\",\"description\":\"Las cifras hablan por s\u00ed mismas: la producci\u00f3n mundial de algod\u00f3n org\u00e1nico no es suficiente para satisfacer la demanda. En B&C, hemos encontrado una alternativa igualmente sostenible: algod\u00f3n org\u00e1nico en conversi\u00f3n.\",\"breadcrumb\":{\"@id\":\"https:\/\/organic-in-conversion.com\/es\/por-que-se-une-bc-a-lo-organico-en-conversion\/#breadcrumb\"},\"inLanguage\":\"es\",\"potentialAction\":[{\"@type\":\"ReadAction\",\"target\":[\"https:\/\/organic-in-conversion.com\/es\/por-que-se-une-bc-a-lo-organico-en-conversion\/\"]}]},{\"@type\":\"ImageObject\",\"inLanguage\":\"es\",\"@id\":\"https:\/\/organic-in-conversion.com\/es\/por-que-se-une-bc-a-lo-organico-en-conversion\/#primaryimage\",\"url\":\"https:\/\/organic-in-conversion.com\/wp-content\/uploads\/2022\/03\/WHY-DID-BC-ENGAGE-IN-ORGANIC-IN-CONVERSION.jpeg\",\"contentUrl\":\"https:\/\/organic-in-conversion.com\/wp-content\/uploads\/2022\/03\/WHY-DID-BC-ENGAGE-IN-ORGANIC-IN-CONVERSION.jpeg\",\"width\":1920,\"height\":760},{\"@type\":\"BreadcrumbList\",\"@id\":\"https:\/\/organic-in-conversion.com\/es\/por-que-se-une-bc-a-lo-organico-en-conversion\/#breadcrumb\",\"itemListElement\":[{\"@type\":\"ListItem\",\"position\":1,\"name\":\"Home\",\"item\":\"https:\/\/organic-in-conversion.com\/es\/\"},{\"@type\":\"ListItem\",\"position\":2,\"name\":\"El algod\u00f3n org\u00e1nico necesita un poco de ayuda\"}]},{\"@type\":\"WebSite\",\"@id\":\"https:\/\/organic-in-conversion.com\/es\/#website\",\"url\":\"https:\/\/organic-in-conversion.com\/es\/\",\"name\":\"Organic in conversion\",\"description\":\"\",\"potentialAction\":[{\"@type\":\"SearchAction\",\"target\":{\"@type\":\"EntryPoint\",\"urlTemplate\":\"https:\/\/organic-in-conversion.com\/es\/?s={search_term_string}\"},\"query-input\":\"required name=search_term_string\"}],\"inLanguage\":\"es\"}]}<\/script>\n<!-- \/ Yoast SEO plugin. -->","yoast_head_json":{"title":"El algod\u00f3n org\u00e1nico necesita un poco de ayuda - Organic in conversion","description":"Las cifras hablan por s\u00ed mismas: la producci\u00f3n mundial de algod\u00f3n org\u00e1nico no es suficiente para satisfacer la demanda. En B&C, hemos encontrado una alternativa igualmente sostenible: algod\u00f3n org\u00e1nico en conversi\u00f3n.","robots":{"index":"index","follow":"follow","max-snippet":"max-snippet:-1","max-image-preview":"max-image-preview:large","max-video-preview":"max-video-preview:-1"},"canonical":"https:\/\/organic-in-conversion.com\/es\/por-que-se-une-bc-a-lo-organico-en-conversion\/","og_locale":"es_ES","og_type":"article","og_title":"El algod\u00f3n org\u00e1nico necesita un poco de ayuda - Organic in conversion","og_description":"Las cifras hablan por s\u00ed mismas: la producci\u00f3n mundial de algod\u00f3n org\u00e1nico no es suficiente para satisfacer la demanda. En B&C, hemos encontrado una alternativa igualmente sostenible: algod\u00f3n org\u00e1nico en conversi\u00f3n.","og_url":"https:\/\/organic-in-conversion.com\/es\/por-que-se-une-bc-a-lo-organico-en-conversion\/","og_site_name":"Organic in conversion","article_modified_time":"2022-04-11T08:14:35+00:00","og_image":[{"width":1920,"height":760,"url":"https:\/\/organic-in-conversion.com\/wp-content\/uploads\/2022\/03\/WHY-DID-BC-ENGAGE-IN-ORGANIC-IN-CONVERSION.jpeg","type":"image\/jpeg"}],"twitter_card":"summary_large_image","twitter_misc":{"Tiempo de lectura":"4 minutos"},"schema":{"@context":"https:\/\/schema.org","@graph":[{"@type":"WebPage","@id":"https:\/\/organic-in-conversion.com\/es\/por-que-se-une-bc-a-lo-organico-en-conversion\/","url":"https:\/\/organic-in-conversion.com\/es\/por-que-se-une-bc-a-lo-organico-en-conversion\/","name":"El algod\u00f3n org\u00e1nico necesita un poco de ayuda - Organic in conversion","isPartOf":{"@id":"https:\/\/organic-in-conversion.com\/es\/#website"},"primaryImageOfPage":{"@id":"https:\/\/organic-in-conversion.com\/es\/por-que-se-une-bc-a-lo-organico-en-conversion\/#primaryimage"},"image":{"@id":"https:\/\/organic-in-conversion.com\/es\/por-que-se-une-bc-a-lo-organico-en-conversion\/#primaryimage"},"thumbnailUrl":"https:\/\/organic-in-conversion.com\/wp-content\/uploads\/2022\/03\/WHY-DID-BC-ENGAGE-IN-ORGANIC-IN-CONVERSION.jpeg","datePublished":"2022-03-24T11:48:03+00:00","dateModified":"2022-04-11T08:14:35+00:00","description":"Las cifras hablan por s\u00ed mismas: la producci\u00f3n mundial de algod\u00f3n org\u00e1nico no es suficiente para satisfacer la demanda. En B&C, hemos encontrado una alternativa igualmente sostenible: algod\u00f3n org\u00e1nico en conversi\u00f3n.","breadcrumb":{"@id":"https:\/\/organic-in-conversion.com\/es\/por-que-se-une-bc-a-lo-organico-en-conversion\/#breadcrumb"},"inLanguage":"es","potentialAction":[{"@type":"ReadAction","target":["https:\/\/organic-in-conversion.com\/es\/por-que-se-une-bc-a-lo-organico-en-conversion\/"]}]},{"@type":"ImageObject","inLanguage":"es","@id":"https:\/\/organic-in-conversion.com\/es\/por-que-se-une-bc-a-lo-organico-en-conversion\/#primaryimage","url":"https:\/\/organic-in-conversion.com\/wp-content\/uploads\/2022\/03\/WHY-DID-BC-ENGAGE-IN-ORGANIC-IN-CONVERSION.jpeg","contentUrl":"https:\/\/organic-in-conversion.com\/wp-content\/uploads\/2022\/03\/WHY-DID-BC-ENGAGE-IN-ORGANIC-IN-CONVERSION.jpeg","width":1920,"height":760},{"@type":"BreadcrumbList","@id":"https:\/\/organic-in-conversion.com\/es\/por-que-se-une-bc-a-lo-organico-en-conversion\/#breadcrumb","itemListElement":[{"@type":"ListItem","position":1,"name":"Home","item":"https:\/\/organic-in-conversion.com\/es\/"},{"@type":"ListItem","position":2,"name":"El algod\u00f3n org\u00e1nico necesita un poco de ayuda"}]},{"@type":"WebSite","@id":"https:\/\/organic-in-conversion.com\/es\/#website","url":"https:\/\/organic-in-conversion.com\/es\/","name":"Organic in conversion","description":"","potentialAction":[{"@type":"SearchAction","target":{"@type":"EntryPoint","urlTemplate":"https:\/\/organic-in-conversion.com\/es\/?s={search_term_string}"},"query-input":"required name=search_term_string"}],"inLanguage":"es"}]}},"_links":{"self":[{"href":"https:\/\/organic-in-conversion.com\/es\/wp-json\/wp\/v2\/pages\/617","targetHints":{"allow":["GET"]}}],"collection":[{"href":"https:\/\/organic-in-conversion.com\/es\/wp-json\/wp\/v2\/pages"}],"about":[{"href":"https:\/\/organic-in-conversion.com\/es\/wp-json\/wp\/v2\/types\/page"}],"author":[{"embeddable":true,"href":"https:\/\/organic-in-conversion.com\/es\/wp-json\/wp\/v2\/users\/1"}],"replies":[{"embeddable":true,"href":"https:\/\/organic-in-conversion.com\/es\/wp-json\/wp\/v2\/comments?post=617"}],"version-history":[{"count":14,"href":"https:\/\/organic-in-conversion.com\/es\/wp-json\/wp\/v2\/pages\/617\/revisions"}],"predecessor-version":[{"id":1356,"href":"https:\/\/organic-in-conversion.com\/es\/wp-json\/wp\/v2\/pages\/617\/revisions\/1356"}],"wp:featuredmedia":[{"embeddable":true,"href":"https:\/\/organic-in-conversion.com\/es\/wp-json\/wp\/v2\/media\/428"}],"wp:attachment":[{"href":"https:\/\/organic-in-conversion.com\/es\/wp-json\/wp\/v2\/media?parent=617"}],"curies":[{"name":"wp","href":"https:\/\/api.w.org\/{rel}","templated":true}]}}