{"id":602,"date":"2022-03-24T11:48:18","date_gmt":"2022-03-24T11:48:18","guid":{"rendered":"https:\/\/organic-in-conversion.com\/para-ti-para-que\/"},"modified":"2022-04-11T08:27:33","modified_gmt":"2022-04-11T08:27:33","slug":"para-ti-para-que","status":"publish","type":"page","link":"https:\/\/organic-in-conversion.com\/es\/para-ti-para-que\/","title":{"rendered":"Para ti, para qu\u00e9"},"content":{"rendered":"<div class=\"wpb-content-wrapper\"><p>[vc_row row_height_percent=\u00bb0&#8243; override_padding=\u00bbyes\u00bb h_padding=\u00bb2&#8243; top_padding=\u00bb2&#8243; bottom_padding=\u00bb1&#8243; overlay_alpha=\u00bb50&#8243; gutter_size=\u00bb3&#8243; column_width_percent=\u00bb100&#8243; shift_y=\u00bb0&#8243; z_index=\u00bb0&#8243; uncode_shortcode_id=\u00bb168112&#8243;][vc_column width=\u00bb1\/1&#8243;][vc_empty_space empty_h=\u00bb3&#8243;][vc_empty_space empty_h=\u00bb0&#8243; desktop_visibility=\u00bbyes\u00bb medium_visibility=\u00bbyes\u00bb][vc_row_inner][vc_column_inner column_width_percent=\u00bb100&#8243; gutter_size=\u00bb1&#8243; overlay_alpha=\u00bb50&#8243; shift_x=\u00bb0&#8243; shift_y=\u00bb0&#8243; shift_y_down=\u00bb0&#8243; z_index=\u00bb0&#8243; medium_width=\u00bb0&#8243; mobile_width=\u00bb0&#8243; width=\u00bb2\/6&#8243; uncode_shortcode_id=\u00bb270358&#8243;][vc_custom_heading heading_semantic=\u00bbh1&#8243; text_size=\u00bbfontsize-172371&#8243; text_transform=\u00bbuppercase\u00bb uncode_shortcode_id=\u00bb783847&#8243;]Para ti<br \/>\npara qu\u00e9[\/vc_custom_heading][\/vc_column_inner][vc_column_inner column_width_percent=\u00bb100&#8243; gutter_size=\u00bb3&#8243; overlay_alpha=\u00bb50&#8243; shift_x=\u00bb0&#8243; shift_y=\u00bb0&#8243; shift_y_down=\u00bb0&#8243; z_index=\u00bb0&#8243; medium_width=\u00bb0&#8243; mobile_visibility=\u00bbyes\u00bb mobile_width=\u00bb0&#8243; width=\u00bb3\/6&#8243; uncode_shortcode_id=\u00bb139844&#8243;][\/vc_column_inner][vc_column_inner column_width_percent=\u00bb100&#8243; position_vertical=\u00bbbottom\u00bb gutter_size=\u00bb3&#8243; overlay_alpha=\u00bb50&#8243; shift_x=\u00bb0&#8243; shift_y=\u00bb0&#8243; shift_y_down=\u00bb0&#8243; z_index=\u00bb0&#8243; medium_width=\u00bb0&#8243; mobile_width=\u00bb0&#8243; width=\u00bb1\/6&#8243; uncode_shortcode_id=\u00bb175373&#8243;][uncode_socials][\/vc_column_inner][\/vc_row_inner][\/vc_column][\/vc_row][vc_row unlock_row_content=\u00bbyes\u00bb row_height_percent=\u00bb0&#8243; overlay_alpha=\u00bb50&#8243; gutter_size=\u00bb3&#8243; column_width_percent=\u00bb100&#8243; shift_y=\u00bb0&#8243; z_index=\u00bb0&#8243; mobile_visibility=\u00bbyes\u00bb uncode_shortcode_id=\u00bb205629&#8243;][vc_column column_width_percent=\u00bb100&#8243; gutter_size=\u00bb3&#8243; overlay_alpha=\u00bb50&#8243; shift_x=\u00bb0&#8243; shift_y=\u00bb0&#8243; shift_y_down=\u00bb0&#8243; z_index=\u00bb0&#8243; medium_width=\u00bb0&#8243; mobile_width=\u00bb0&#8243; width=\u00bb1\/1&#8243; uncode_shortcode_id=\u00bb185160&#8243; el_id=\u00bbheader__intern__image\u00bb][vc_single_image dynamic=\u00bbyes\u00bb media_width_percent=\u00bb100&#8243; uncode_shortcode_id=\u00bb612278&#8243;][\/vc_column][\/vc_row][vc_row unlock_row_content=\u00bbyes\u00bb row_height_percent=\u00bb0&#8243; override_padding=\u00bbyes\u00bb h_padding=\u00bb0&#8243; top_padding=\u00bb2&#8243; bottom_padding=\u00bb2&#8243; overlay_alpha=\u00bb50&#8243; gutter_size=\u00bb3&#8243; column_width_percent=\u00bb100&#8243; shift_y=\u00bb0&#8243; z_index=\u00bb0&#8243; desktop_visibility=\u00bbyes\u00bb medium_visibility=\u00bbyes\u00bb uncode_shortcode_id=\u00bb180229&#8243;][vc_column column_width_percent=\u00bb100&#8243; gutter_size=\u00bb3&#8243; overlay_alpha=\u00bb50&#8243; shift_x=\u00bb0&#8243; shift_y=\u00bb0&#8243; shift_y_down=\u00bb0&#8243; z_index=\u00bb0&#8243; medium_width=\u00bb0&#8243; mobile_width=\u00bb0&#8243; width=\u00bb1\/1&#8243; uncode_shortcode_id=\u00bb185160&#8243; el_id=\u00bbheader__intern__image\u00bb][vc_single_image dynamic=\u00bbyes\u00bb dynamic_source=\u00bbsecondary\u00bb media_width_percent=\u00bb100&#8243; uncode_shortcode_id=\u00bb159053&#8243;][\/vc_column][\/vc_row][vc_row][vc_column width=\u00bb1\/1&#8243;][vc_row_inner][vc_column_inner width=\u00bb1\/6&#8243;][\/vc_column_inner][vc_column_inner column_width_percent=\u00bb100&#8243; gutter_size=\u00bb2&#8243; overlay_alpha=\u00bb50&#8243; shift_x=\u00bb0&#8243; shift_y=\u00bb0&#8243; shift_y_down=\u00bb0&#8243; z_index=\u00bb0&#8243; medium_width=\u00bb0&#8243; mobile_width=\u00bb0&#8243; width=\u00bb1\/2&#8243; uncode_shortcode_id=\u00bb145349&#8243;][vc_single_image media=\u00bb100&#8243; media_width_use_pixel=\u00bbyes\u00bb uncode_shortcode_id=\u00bb122009&#8243; media_width_pixel=\u00bb211&#8243;][vc_custom_heading text_size=\u00bbfontsize-551415&#8243; text_transform=\u00bbuppercase\u00bb uncode_shortcode_id=\u00bb140170&#8243;]ALGOD\u00d3N ORG\u00c1NICO EN CONVERSI\u00d3N,<br \/>\nUNA SOLUCI\u00d3N PARA SATISFACER<br \/>\nLA DEMANDA CRECIENTE DE ROPA SOSTENIBLE[\/vc_custom_heading][vc_column_text uncode_shortcode_id=\u00bb204144&#8243;]A pesar de todas las cosas que nos encantan del algod\u00f3n org\u00e1nico, la verdad es que su puntuaci\u00f3n es radicalmente baja en el \u00edndice de accesibilidad. \u00bfQu\u00e9 suministro de algod\u00f3n org\u00e1nico llega al mundo cada a\u00f1o? Un exiguo 1 % de la producci\u00f3n total de algod\u00f3n. Y eso es un aut\u00e9ntico problema porque, afortunadamente, cada a\u00f1o hay m\u00e1s consumidores que se decantan por la ropa sostenible. La industria textil tendr\u00e1 que renovar sus estrategias de aprovisionamiento y potenciar sus l\u00edneas de ropa sostenible para seguir siendo relevante y no perder oportunidades de mercado.<\/p>\n<p>El algod\u00f3n org\u00e1nico en conversi\u00f3n ofrece a las empresas una forma de satisfacer sus necesidades de algod\u00f3n sostenible y atender la creciente demanda de ropa sostenible. Exactamente igual que el algod\u00f3n org\u00e1nico, el algod\u00f3n org\u00e1nico en conversi\u00f3n es producto de las pr\u00e1cticas agr\u00edcolas org\u00e1nicas. La \u00fanica diferencia es que lo cultivan agricultores que todav\u00eda est\u00e1n esperando su certificaci\u00f3n org\u00e1nica. Pero, a lo largo de los tres a\u00f1os del periodo de transici\u00f3n, el algod\u00f3n se planta y se cultiva con cero uso de OMG, pesticidas qu\u00edmicos, fertilizantes sint\u00e9ticos y otros productos qu\u00edmicos perjudiciales.[\/vc_column_text][\/vc_column_inner][vc_column_inner width=\u00bb1\/3&#8243;][\/vc_column_inner][\/vc_row_inner][vc_empty_space empty_h=\u00bb2&#8243; mobile_visibility=\u00bbyes\u00bb][vc_row_inner][vc_column_inner column_width_percent=\u00bb100&#8243; gutter_size=\u00bb3&#8243; overlay_alpha=\u00bb50&#8243; shift_x=\u00bb0&#8243; shift_y=\u00bb0&#8243; shift_y_down=\u00bb0&#8243; z_index=\u00bb0&#8243; medium_width=\u00bb0&#8243; mobile_visibility=\u00bbyes\u00bb mobile_width=\u00bb0&#8243; width=\u00bb1\/6&#8243; uncode_shortcode_id=\u00bb115045&#8243;][\/vc_column_inner][vc_column_inner width=\u00bb2\/3&#8243;][vc_single_image media=\u00bb1441&#8243; media_width_percent=\u00bb100&#8243; uncode_shortcode_id=\u00bb620000&#8243;][\/vc_column_inner][vc_column_inner width=\u00bb1\/6&#8243;][\/vc_column_inner][\/vc_row_inner][vc_empty_space empty_h=\u00bb2&#8243;][vc_row_inner][vc_column_inner column_width_percent=\u00bb100&#8243; gutter_size=\u00bb3&#8243; overlay_alpha=\u00bb50&#8243; shift_x=\u00bb0&#8243; shift_y=\u00bb0&#8243; shift_y_down=\u00bb0&#8243; z_index=\u00bb0&#8243; medium_width=\u00bb0&#8243; mobile_visibility=\u00bbyes\u00bb mobile_width=\u00bb0&#8243; width=\u00bb1\/2&#8243; uncode_shortcode_id=\u00bb209288&#8243;][vc_single_image media=\u00bb1447&#8243; media_width_percent=\u00bb100&#8243; uncode_shortcode_id=\u00bb169321&#8243;][\/vc_column_inner][vc_column_inner width=\u00bb1\/12&#8243;][\/vc_column_inner][vc_column_inner column_width_percent=\u00bb100&#8243; position_vertical=\u00bbbottom\u00bb gutter_size=\u00bb2&#8243; overlay_alpha=\u00bb50&#8243; shift_x=\u00bb0&#8243; shift_y=\u00bb0&#8243; shift_y_down=\u00bb0&#8243; z_index=\u00bb0&#8243; medium_width=\u00bb0&#8243; mobile_width=\u00bb0&#8243; width=\u00bb5\/12&#8243; uncode_shortcode_id=\u00bb146859&#8243;][vc_custom_heading text_size=\u00bbfontsize-551415&#8243; text_transform=\u00bbuppercase\u00bb uncode_shortcode_id=\u00bb115952&#8243;]ALGOD\u00d3N DE ALTA CALIDAD<br \/>\nSIN CONCESIONES[\/vc_custom_heading][vc_column_text uncode_shortcode_id=\u00bb113112&#8243;]Siendo fieles a nuestro compromiso con la sostenibilidad y la calidad, en B&amp;C aplicamos el mismo cuidado, t\u00e9cnicas y control de calidad a todos los productos de algod\u00f3n, ya sea convencional, org\u00e1nico en conversi\u00f3n u org\u00e1nico. Todas las camisetas, polos y sudaderas de nuestra colecci\u00f3n de algod\u00f3n org\u00e1nico en conversi\u00f3n tienen garantizado el mismo nivel de imprimibilidad, flexibilidad de color, capacidad de dise\u00f1o, resistencia y durabilidad, sin necesitar ajuste alguno en los procesos de impresi\u00f3n y las t\u00e9cnicas de dise\u00f1o.<\/p>\n<p>Al a\u00f1adir algod\u00f3n org\u00e1nico en conversi\u00f3n a su colecci\u00f3n, puede ampliar la selecci\u00f3n de prendas sostenibles y de alta calidad disponibles para sus clientes, sin riesgo de interrupciones de suministro por escasez de algod\u00f3n org\u00e1nico.[\/vc_column_text][\/vc_column_inner][\/vc_row_inner][vc_empty_space empty_h=\u00bb2&#8243;][vc_row_inner][vc_column_inner column_width_percent=\u00bb100&#8243; gutter_size=\u00bb3&#8243; overlay_alpha=\u00bb50&#8243; shift_x=\u00bb0&#8243; shift_y=\u00bb0&#8243; shift_y_down=\u00bb0&#8243; z_index=\u00bb0&#8243; desktop_visibility=\u00bbyes\u00bb medium_visibility=\u00bbyes\u00bb medium_width=\u00bb0&#8243; mobile_width=\u00bb0&#8243; width=\u00bb1\/1&#8243; uncode_shortcode_id=\u00bb175909&#8243;][vc_single_image media=\u00bb1447&#8243; media_width_percent=\u00bb100&#8243; uncode_shortcode_id=\u00bb478691&#8243;][\/vc_column_inner][\/vc_row_inner][vc_empty_space empty_h=\u00bb2&#8243;][vc_row_inner][vc_column_inner width=\u00bb1\/6&#8243;][\/vc_column_inner][vc_column_inner column_width_percent=\u00bb100&#8243; gutter_size=\u00bb2&#8243; overlay_alpha=\u00bb50&#8243; shift_x=\u00bb0&#8243; shift_y=\u00bb0&#8243; shift_y_down=\u00bb0&#8243; z_index=\u00bb0&#8243; medium_width=\u00bb0&#8243; mobile_width=\u00bb0&#8243; width=\u00bb5\/12&#8243; uncode_shortcode_id=\u00bb108165&#8243;][vc_custom_heading text_size=\u00bbfontsize-551415&#8243; text_transform=\u00bbuppercase\u00bb uncode_shortcode_id=\u00bb207642&#8243;]ALGOD\u00d3N SOSTENIBLE PARA<br \/>\nCUALQUIER EMPRESA CONCIENCIADA[\/vc_custom_heading][vc_column_text uncode_shortcode_id=\u00bb847238&#8243;]Imagine la diferencia que supondr\u00eda que las marcas de ropa se decidieran a adoptar algod\u00f3n org\u00e1nico en conversi\u00f3n. Contribuir\u00edan a un mundo m\u00e1s sostenible, apoyar\u00edan a los agricultores en el largo y dificultoso camino hacia la certificaci\u00f3n org\u00e1nica y allanar\u00edan el camino para aumentar la agricultura org\u00e1nica en el futuro.<\/p>\n<p>B&amp;C Collection imagina un mundo en el que la ropa sostenible siempre es accesible, las telas org\u00e1nicas tienen un precio razonable y se compensa justamente a los agricultores de algod\u00f3n por optar por la agricultura sostenible. Ese es el tipo de futuro que esperamos crear al apoyar hoy al algod\u00f3n org\u00e1nico en conversi\u00f3n.[\/vc_column_text][\/vc_column_inner][vc_column_inner width=\u00bb5\/12&#8243;][\/vc_column_inner][\/vc_row_inner][vc_empty_space empty_h=\u00bb2&#8243;][vc_row_inner][vc_column_inner width=\u00bb1\/12&#8243;][\/vc_column_inner][vc_column_inner width=\u00bb5\/6&#8243;][vc_raw_html]PGlmcmFtZSB3aWR0aD0iNTYwIiBoZWlnaHQ9IjUwMCIgc3JjPSJodHRwczovL3d3dy55b3V0dWJlLmNvbS9lbWJlZC9rbkxabDNhcXhNbyIgdGl0bGU9IllvdVR1YmUgdmlkZW8gcGxheWVyIiBmcmFtZWJvcmRlcj0iMCIgYWxsb3c9ImFjY2VsZXJvbWV0ZXI7IGF1dG9wbGF5OyBjbGlwYm9hcmQtd3JpdGU7IGVuY3J5cHRlZC1tZWRpYTsgZ3lyb3Njb3BlOyBwaWN0dXJlLWluLXBpY3R1cmUiIGFsbG93ZnVsbHNjcmVlbj0iIj48L2lmcmFtZT4=[\/vc_raw_html][\/vc_column_inner][vc_column_inner width=\u00bb1\/12&#8243;][\/vc_column_inner][\/vc_row_inner][vc_empty_space empty_h=\u00bb1&#8243;][\/vc_column][\/vc_row][vc_row unlock_row_content=\u00bbyes\u00bb row_height_percent=\u00bb0&#8243; overlay_alpha=\u00bb60&#8243; gutter_size=\u00bb3&#8243; column_width_percent=\u00bb100&#8243; shift_y=\u00bb0&#8243; z_index=\u00bb0&#8243; uncode_shortcode_id=\u00bb892096&#8243; el_class=\u00bbpostblock-large-intern\u00bb][vc_column column_width_percent=\u00bb100&#8243; position_vertical=\u00bbmiddle\u00bb align_horizontal=\u00bbalign_center\u00bb gutter_size=\u00bb2&#8243; back_image=\u00bb442&#8243; back_repeat=\u00bbno-repeat\u00bb overlay_color=\u00bbcolor-118961&#8243; overlay_alpha=\u00bb60&#8243; shift_x=\u00bb0&#8243; shift_y=\u00bb0&#8243; shift_y_down=\u00bb0&#8243; z_index=\u00bb0&#8243; medium_width=\u00bb0&#8243; mobile_width=\u00bb0&#8243; width=\u00bb1\/1&#8243; uncode_shortcode_id=\u00bb960035&#8243; overlay_color_type=\u00bbuncode-palette\u00bb link_to=\u00bburl:%2Ffor-lasting-sustainability%2F|title:For%20lasting%20sustainability\u00bb][vc_column_text text_color=\u00bbcolor-xsdn\u00bb uncode_shortcode_id=\u00bb112686&#8243; text_color_type=\u00bbuncode-palette\u00bb]NEXT[\/vc_column_text][vc_custom_heading text_color=\u00bbcolor-xsdn\u00bb heading_semantic=\u00bbh3&#8243; text_size=\u00bbfontsize-828145&#8243; text_transform=\u00bbuppercase\u00bb uncode_shortcode_id=\u00bb138895&#8243; text_color_type=\u00bbuncode-palette\u00bb]UN MONDO<br \/>\nMAS SOSTENIBLE[\/vc_custom_heading][\/vc_column][\/vc_row]<\/p>\n<\/div>","protected":false},"excerpt":{"rendered":"<p>[vc_row row_height_percent=\u00bb0&#8243; override_padding=\u00bbyes\u00bb h_padding=\u00bb2&#8243; top_padding=\u00bb2&#8243; bottom_padding=\u00bb1&#8243; overlay_alpha=\u00bb50&#8243; gutter_size=\u00bb3&#8243; column_width_percent=\u00bb100&#8243; shift_y=\u00bb0&#8243; z_index=\u00bb0&#8243; uncode_shortcode_id=\u00bb168112&#8243;][vc_column width=\u00bb1\/1&#8243;][vc_empty_space empty_h=\u00bb3&#8243;][vc_empty_space empty_h=\u00bb0&#8243; desktop_visibility=\u00bbyes\u00bb medium_visibility=\u00bbyes\u00bb][vc_row_inner][vc_column_inner column_width_percent=\u00bb100&#8243; gutter_size=\u00bb1&#8243; overlay_alpha=\u00bb50&#8243; [&hellip;]<\/p>\n","protected":false},"author":1,"featured_media":356,"parent":0,"menu_order":0,"comment_status":"closed","ping_status":"closed","template":"","meta":{"footnotes":""},"class_list":["post-602","page","type-page","status-publish","has-post-thumbnail","hentry"],"yoast_head":"<!-- This site is optimized with the Yoast SEO plugin v23.1 - https:\/\/yoast.com\/wordpress\/plugins\/seo\/ -->\n<title>Para ti, para qu\u00e9 - Organic in conversion<\/title>\n<meta name=\"description\" content=\"El algod\u00f3n en conversi\u00f3n ofrece a las empresas una forma de satisfacer sus necesidades de algod\u00f3n sostenible y atender la creciente demanda de ropa sostenible.\" \/>\n<meta name=\"robots\" content=\"index, follow, max-snippet:-1, max-image-preview:large, max-video-preview:-1\" \/>\n<link rel=\"canonical\" href=\"https:\/\/organic-in-conversion.com\/es\/para-ti-para-que\/\" \/>\n<meta property=\"og:locale\" content=\"es_ES\" \/>\n<meta property=\"og:type\" content=\"article\" \/>\n<meta property=\"og:title\" content=\"Para ti, para qu\u00e9 - Organic in conversion\" \/>\n<meta property=\"og:description\" content=\"El algod\u00f3n en conversi\u00f3n ofrece a las empresas una forma de satisfacer sus necesidades de algod\u00f3n sostenible y atender la creciente demanda de ropa sostenible.\" \/>\n<meta property=\"og:url\" content=\"https:\/\/organic-in-conversion.com\/es\/para-ti-para-que\/\" \/>\n<meta property=\"og:site_name\" content=\"Organic in conversion\" \/>\n<meta property=\"article:modified_time\" content=\"2022-04-11T08:27:33+00:00\" \/>\n<meta property=\"og:image\" content=\"https:\/\/organic-in-conversion.com\/wp-content\/uploads\/2022\/03\/2203_BC_Site_OrganicInConversion_1_for-you-for-what_header.jpg\" \/>\n\t<meta property=\"og:image:width\" content=\"1920\" \/>\n\t<meta property=\"og:image:height\" content=\"760\" \/>\n\t<meta property=\"og:image:type\" content=\"image\/jpeg\" \/>\n<meta name=\"twitter:card\" content=\"summary_large_image\" \/>\n<meta name=\"twitter:label1\" content=\"Tiempo de lectura\" \/>\n\t<meta name=\"twitter:data1\" content=\"4 minutos\" \/>\n<script type=\"application\/ld+json\" class=\"yoast-schema-graph\">{\"@context\":\"https:\/\/schema.org\",\"@graph\":[{\"@type\":\"WebPage\",\"@id\":\"https:\/\/organic-in-conversion.com\/es\/para-ti-para-que\/\",\"url\":\"https:\/\/organic-in-conversion.com\/es\/para-ti-para-que\/\",\"name\":\"Para ti, para qu\u00e9 - Organic in conversion\",\"isPartOf\":{\"@id\":\"https:\/\/organic-in-conversion.com\/es\/#website\"},\"primaryImageOfPage\":{\"@id\":\"https:\/\/organic-in-conversion.com\/es\/para-ti-para-que\/#primaryimage\"},\"image\":{\"@id\":\"https:\/\/organic-in-conversion.com\/es\/para-ti-para-que\/#primaryimage\"},\"thumbnailUrl\":\"https:\/\/organic-in-conversion.com\/wp-content\/uploads\/2022\/03\/2203_BC_Site_OrganicInConversion_1_for-you-for-what_header.jpg\",\"datePublished\":\"2022-03-24T11:48:18+00:00\",\"dateModified\":\"2022-04-11T08:27:33+00:00\",\"description\":\"El algod\u00f3n en conversi\u00f3n ofrece a las empresas una forma de satisfacer sus necesidades de algod\u00f3n sostenible y atender la creciente demanda de ropa sostenible.\",\"breadcrumb\":{\"@id\":\"https:\/\/organic-in-conversion.com\/es\/para-ti-para-que\/#breadcrumb\"},\"inLanguage\":\"es\",\"potentialAction\":[{\"@type\":\"ReadAction\",\"target\":[\"https:\/\/organic-in-conversion.com\/es\/para-ti-para-que\/\"]}]},{\"@type\":\"ImageObject\",\"inLanguage\":\"es\",\"@id\":\"https:\/\/organic-in-conversion.com\/es\/para-ti-para-que\/#primaryimage\",\"url\":\"https:\/\/organic-in-conversion.com\/wp-content\/uploads\/2022\/03\/2203_BC_Site_OrganicInConversion_1_for-you-for-what_header.jpg\",\"contentUrl\":\"https:\/\/organic-in-conversion.com\/wp-content\/uploads\/2022\/03\/2203_BC_Site_OrganicInConversion_1_for-you-for-what_header.jpg\",\"width\":1920,\"height\":760},{\"@type\":\"BreadcrumbList\",\"@id\":\"https:\/\/organic-in-conversion.com\/es\/para-ti-para-que\/#breadcrumb\",\"itemListElement\":[{\"@type\":\"ListItem\",\"position\":1,\"name\":\"Home\",\"item\":\"https:\/\/organic-in-conversion.com\/es\/\"},{\"@type\":\"ListItem\",\"position\":2,\"name\":\"Para ti, para qu\u00e9\"}]},{\"@type\":\"WebSite\",\"@id\":\"https:\/\/organic-in-conversion.com\/es\/#website\",\"url\":\"https:\/\/organic-in-conversion.com\/es\/\",\"name\":\"Organic in conversion\",\"description\":\"\",\"potentialAction\":[{\"@type\":\"SearchAction\",\"target\":{\"@type\":\"EntryPoint\",\"urlTemplate\":\"https:\/\/organic-in-conversion.com\/es\/?s={search_term_string}\"},\"query-input\":\"required name=search_term_string\"}],\"inLanguage\":\"es\"}]}<\/script>\n<!-- \/ Yoast SEO plugin. -->","yoast_head_json":{"title":"Para ti, para qu\u00e9 - Organic in conversion","description":"El algod\u00f3n en conversi\u00f3n ofrece a las empresas una forma de satisfacer sus necesidades de algod\u00f3n sostenible y atender la creciente demanda de ropa sostenible.","robots":{"index":"index","follow":"follow","max-snippet":"max-snippet:-1","max-image-preview":"max-image-preview:large","max-video-preview":"max-video-preview:-1"},"canonical":"https:\/\/organic-in-conversion.com\/es\/para-ti-para-que\/","og_locale":"es_ES","og_type":"article","og_title":"Para ti, para qu\u00e9 - Organic in conversion","og_description":"El algod\u00f3n en conversi\u00f3n ofrece a las empresas una forma de satisfacer sus necesidades de algod\u00f3n sostenible y atender la creciente demanda de ropa sostenible.","og_url":"https:\/\/organic-in-conversion.com\/es\/para-ti-para-que\/","og_site_name":"Organic in conversion","article_modified_time":"2022-04-11T08:27:33+00:00","og_image":[{"width":1920,"height":760,"url":"https:\/\/organic-in-conversion.com\/wp-content\/uploads\/2022\/03\/2203_BC_Site_OrganicInConversion_1_for-you-for-what_header.jpg","type":"image\/jpeg"}],"twitter_card":"summary_large_image","twitter_misc":{"Tiempo de lectura":"4 minutos"},"schema":{"@context":"https:\/\/schema.org","@graph":[{"@type":"WebPage","@id":"https:\/\/organic-in-conversion.com\/es\/para-ti-para-que\/","url":"https:\/\/organic-in-conversion.com\/es\/para-ti-para-que\/","name":"Para ti, para qu\u00e9 - Organic in conversion","isPartOf":{"@id":"https:\/\/organic-in-conversion.com\/es\/#website"},"primaryImageOfPage":{"@id":"https:\/\/organic-in-conversion.com\/es\/para-ti-para-que\/#primaryimage"},"image":{"@id":"https:\/\/organic-in-conversion.com\/es\/para-ti-para-que\/#primaryimage"},"thumbnailUrl":"https:\/\/organic-in-conversion.com\/wp-content\/uploads\/2022\/03\/2203_BC_Site_OrganicInConversion_1_for-you-for-what_header.jpg","datePublished":"2022-03-24T11:48:18+00:00","dateModified":"2022-04-11T08:27:33+00:00","description":"El algod\u00f3n en conversi\u00f3n ofrece a las empresas una forma de satisfacer sus necesidades de algod\u00f3n sostenible y atender la creciente demanda de ropa sostenible.","breadcrumb":{"@id":"https:\/\/organic-in-conversion.com\/es\/para-ti-para-que\/#breadcrumb"},"inLanguage":"es","potentialAction":[{"@type":"ReadAction","target":["https:\/\/organic-in-conversion.com\/es\/para-ti-para-que\/"]}]},{"@type":"ImageObject","inLanguage":"es","@id":"https:\/\/organic-in-conversion.com\/es\/para-ti-para-que\/#primaryimage","url":"https:\/\/organic-in-conversion.com\/wp-content\/uploads\/2022\/03\/2203_BC_Site_OrganicInConversion_1_for-you-for-what_header.jpg","contentUrl":"https:\/\/organic-in-conversion.com\/wp-content\/uploads\/2022\/03\/2203_BC_Site_OrganicInConversion_1_for-you-for-what_header.jpg","width":1920,"height":760},{"@type":"BreadcrumbList","@id":"https:\/\/organic-in-conversion.com\/es\/para-ti-para-que\/#breadcrumb","itemListElement":[{"@type":"ListItem","position":1,"name":"Home","item":"https:\/\/organic-in-conversion.com\/es\/"},{"@type":"ListItem","position":2,"name":"Para ti, para qu\u00e9"}]},{"@type":"WebSite","@id":"https:\/\/organic-in-conversion.com\/es\/#website","url":"https:\/\/organic-in-conversion.com\/es\/","name":"Organic in conversion","description":"","potentialAction":[{"@type":"SearchAction","target":{"@type":"EntryPoint","urlTemplate":"https:\/\/organic-in-conversion.com\/es\/?s={search_term_string}"},"query-input":"required name=search_term_string"}],"inLanguage":"es"}]}},"_links":{"self":[{"href":"https:\/\/organic-in-conversion.com\/es\/wp-json\/wp\/v2\/pages\/602","targetHints":{"allow":["GET"]}}],"collection":[{"href":"https:\/\/organic-in-conversion.com\/es\/wp-json\/wp\/v2\/pages"}],"about":[{"href":"https:\/\/organic-in-conversion.com\/es\/wp-json\/wp\/v2\/types\/page"}],"author":[{"embeddable":true,"href":"https:\/\/organic-in-conversion.com\/es\/wp-json\/wp\/v2\/users\/1"}],"replies":[{"embeddable":true,"href":"https:\/\/organic-in-conversion.com\/es\/wp-json\/wp\/v2\/comments?post=602"}],"version-history":[{"count":14,"href":"https:\/\/organic-in-conversion.com\/es\/wp-json\/wp\/v2\/pages\/602\/revisions"}],"predecessor-version":[{"id":1453,"href":"https:\/\/organic-in-conversion.com\/es\/wp-json\/wp\/v2\/pages\/602\/revisions\/1453"}],"wp:featuredmedia":[{"embeddable":true,"href":"https:\/\/organic-in-conversion.com\/es\/wp-json\/wp\/v2\/media\/356"}],"wp:attachment":[{"href":"https:\/\/organic-in-conversion.com\/es\/wp-json\/wp\/v2\/media?parent=602"}],"curies":[{"name":"wp","href":"https:\/\/api.w.org\/{rel}","templated":true}]}}