{"id":587,"date":"2022-03-24T11:48:33","date_gmt":"2022-03-24T11:48:33","guid":{"rendered":"https:\/\/organic-in-conversion.com\/algodon-organico-en-conversion-un-paso-adelante-hacia-un-mundo-mas-sostenible\/"},"modified":"2022-04-19T07:47:25","modified_gmt":"2022-04-19T07:47:25","slug":"algodon-organico-en-conversion-un-paso-adelante-hacia-un-mundo-mas-sostenible","status":"publish","type":"page","link":"https:\/\/organic-in-conversion.com\/es\/algodon-organico-en-conversion-un-paso-adelante-hacia-un-mundo-mas-sostenible\/","title":{"rendered":"Un mundo m\u00e1s sostenible"},"content":{"rendered":"<div class=\"wpb-content-wrapper\"><p>[vc_row row_height_percent=\u00bb0&#8243; override_padding=\u00bbyes\u00bb h_padding=\u00bb2&#8243; top_padding=\u00bb2&#8243; bottom_padding=\u00bb1&#8243; overlay_alpha=\u00bb50&#8243; gutter_size=\u00bb3&#8243; column_width_percent=\u00bb100&#8243; shift_y=\u00bb0&#8243; z_index=\u00bb0&#8243; uncode_shortcode_id=\u00bb168112&#8243;][vc_column width=\u00bb1\/1&#8243;][vc_empty_space empty_h=\u00bb3&#8243;][vc_row_inner][vc_column_inner column_width_percent=\u00bb100&#8243; gutter_size=\u00bb1&#8243; overlay_alpha=\u00bb50&#8243; shift_x=\u00bb0&#8243; shift_y=\u00bb0&#8243; shift_y_down=\u00bb0&#8243; z_index=\u00bb0&#8243; medium_width=\u00bb0&#8243; mobile_width=\u00bb0&#8243; width=\u00bb2\/6&#8243; uncode_shortcode_id=\u00bb270358&#8243;][vc_custom_heading heading_semantic=\u00bbh1&#8243; text_size=\u00bbfontsize-172371&#8243; text_transform=\u00bbuppercase\u00bb uncode_shortcode_id=\u00bb186124&#8243;]Algod\u00f3n org\u00e1nico en conversi\u00f3n, un paso adelante hacia un mundo m\u00e1s sostenible[\/vc_custom_heading][\/vc_column_inner][vc_column_inner column_width_percent=\u00bb100&#8243; gutter_size=\u00bb3&#8243; overlay_alpha=\u00bb50&#8243; shift_x=\u00bb0&#8243; shift_y=\u00bb0&#8243; shift_y_down=\u00bb0&#8243; z_index=\u00bb0&#8243; medium_width=\u00bb0&#8243; mobile_visibility=\u00bbyes\u00bb mobile_width=\u00bb0&#8243; width=\u00bb3\/6&#8243; uncode_shortcode_id=\u00bb116336&#8243;][\/vc_column_inner][vc_column_inner column_width_percent=\u00bb100&#8243; position_vertical=\u00bbbottom\u00bb gutter_size=\u00bb3&#8243; overlay_alpha=\u00bb50&#8243; shift_x=\u00bb0&#8243; shift_y=\u00bb0&#8243; shift_y_down=\u00bb0&#8243; z_index=\u00bb0&#8243; medium_width=\u00bb0&#8243; mobile_width=\u00bb0&#8243; width=\u00bb1\/6&#8243; uncode_shortcode_id=\u00bb175373&#8243;][vc_empty_space empty_h=\u00bb0&#8243; desktop_visibility=\u00bbyes\u00bb medium_visibility=\u00bbyes\u00bb][uncode_socials][\/vc_column_inner][\/vc_row_inner][\/vc_column][\/vc_row][vc_row unlock_row_content=\u00bbyes\u00bb row_height_percent=\u00bb0&#8243; overlay_alpha=\u00bb50&#8243; gutter_size=\u00bb3&#8243; column_width_percent=\u00bb100&#8243; shift_y=\u00bb0&#8243; z_index=\u00bb0&#8243; mobile_visibility=\u00bbyes\u00bb uncode_shortcode_id=\u00bb148895&#8243;][vc_column column_width_percent=\u00bb100&#8243; gutter_size=\u00bb3&#8243; overlay_alpha=\u00bb50&#8243; shift_x=\u00bb0&#8243; shift_y=\u00bb0&#8243; shift_y_down=\u00bb0&#8243; z_index=\u00bb0&#8243; medium_width=\u00bb0&#8243; mobile_width=\u00bb0&#8243; width=\u00bb1\/1&#8243; uncode_shortcode_id=\u00bb215426&#8243; el_id=\u00bbheader__intern__image\u00bb][vc_single_image dynamic=\u00bbyes\u00bb media_width_percent=\u00bb100&#8243; uncode_shortcode_id=\u00bb918054&#8243;][\/vc_column][\/vc_row][vc_row unlock_row_content=\u00bbyes\u00bb row_height_percent=\u00bb0&#8243; override_padding=\u00bbyes\u00bb h_padding=\u00bb0&#8243; top_padding=\u00bb2&#8243; bottom_padding=\u00bb2&#8243; overlay_alpha=\u00bb50&#8243; gutter_size=\u00bb3&#8243; column_width_percent=\u00bb100&#8243; shift_y=\u00bb0&#8243; z_index=\u00bb0&#8243; desktop_visibility=\u00bbyes\u00bb medium_visibility=\u00bbyes\u00bb uncode_shortcode_id=\u00bb255651&#8243;][vc_column column_width_percent=\u00bb100&#8243; gutter_size=\u00bb3&#8243; overlay_alpha=\u00bb50&#8243; shift_x=\u00bb0&#8243; shift_y=\u00bb0&#8243; shift_y_down=\u00bb0&#8243; z_index=\u00bb0&#8243; medium_width=\u00bb0&#8243; mobile_width=\u00bb0&#8243; width=\u00bb1\/1&#8243; uncode_shortcode_id=\u00bb215426&#8243; el_id=\u00bbheader__intern__image\u00bb][vc_single_image dynamic=\u00bbyes\u00bb dynamic_source=\u00bbsecondary\u00bb media_width_percent=\u00bb100&#8243; uncode_shortcode_id=\u00bb205410&#8243;][\/vc_column][\/vc_row][vc_row][vc_column width=\u00bb1\/1&#8243;][vc_row_inner][vc_column_inner width=\u00bb1\/6&#8243;][\/vc_column_inner][vc_column_inner column_width_percent=\u00bb100&#8243; gutter_size=\u00bb2&#8243; overlay_alpha=\u00bb50&#8243; shift_x=\u00bb0&#8243; shift_y=\u00bb0&#8243; shift_y_down=\u00bb0&#8243; z_index=\u00bb0&#8243; medium_width=\u00bb0&#8243; mobile_width=\u00bb0&#8243; width=\u00bb1\/2&#8243; uncode_shortcode_id=\u00bb145349&#8243;][vc_custom_heading text_size=\u00bbfontsize-551415&#8243; text_transform=\u00bbuppercase\u00bb uncode_shortcode_id=\u00bb165130&#8243;]Normas estrictas de producci\u00f3n[\/vc_custom_heading][vc_column_text uncode_shortcode_id=\u00bb645637&#8243;]El cultivo de algod\u00f3n org\u00e1nico en conversi\u00f3n sigue reglas estrictas \u2014de hecho, las mismas reglas impuestas a la agricultura org\u00e1nica, y desde el primer d\u00eda de la conversi\u00f3n\u2014. En resumen: no se pueden usar ni productos qu\u00edmicos ni OMG, solo fertilizantes y repelentes org\u00e1nicos o naturales; los recursos deben utilizarse de forma responsable, sobre todo el agua, y debe haber un sistema de rotaci\u00f3n de cultivos adecuado para la producci\u00f3n sostenible, que sea bueno para el suelo, la naturaleza y la salud. La profunda dimensi\u00f3n social es un valor a\u00f1adido.[\/vc_column_text][vc_button button_color=\u00bbaccent\u00bb border_width=\u00bb0&#8243; link=\u00bburl:%2Fthe-way-to-more-organic-cotton%2F\u00bb button_color_type=\u00bbuncode-palette\u00bb uncode_shortcode_id=\u00bb193371&#8243;]Descubre el significado social del algod\u00f3n en conversi\u00f3n[\/vc_button][\/vc_column_inner][vc_column_inner column_width_percent=\u00bb100&#8243; gutter_size=\u00bb3&#8243; overlay_alpha=\u00bb50&#8243; shift_x=\u00bb0&#8243; shift_y=\u00bb0&#8243; shift_y_down=\u00bb0&#8243; z_index=\u00bb0&#8243; medium_width=\u00bb0&#8243; mobile_visibility=\u00bbyes\u00bb mobile_width=\u00bb0&#8243; width=\u00bb1\/3&#8243; uncode_shortcode_id=\u00bb600444&#8243;][\/vc_column_inner][\/vc_row_inner][vc_empty_space empty_h=\u00bb2&#8243; mobile_visibility=\u00bbyes\u00bb][vc_row_inner][vc_column_inner column_width_percent=\u00bb100&#8243; gutter_size=\u00bb3&#8243; overlay_alpha=\u00bb50&#8243; shift_x=\u00bb0&#8243; shift_y=\u00bb0&#8243; shift_y_down=\u00bb0&#8243; z_index=\u00bb0&#8243; medium_width=\u00bb0&#8243; mobile_visibility=\u00bbyes\u00bb mobile_width=\u00bb0&#8243; width=\u00bb1\/6&#8243; uncode_shortcode_id=\u00bb126941&#8243;][\/vc_column_inner][vc_column_inner width=\u00bb2\/3&#8243;][vc_single_image media=\u00bb449&#8243; media_width_percent=\u00bb100&#8243; uncode_shortcode_id=\u00bb208271&#8243;][\/vc_column_inner][vc_column_inner width=\u00bb1\/6&#8243;][\/vc_column_inner][\/vc_row_inner][vc_empty_space empty_h=\u00bb2&#8243;][vc_row_inner][vc_column_inner column_width_percent=\u00bb100&#8243; gutter_size=\u00bb3&#8243; overlay_alpha=\u00bb50&#8243; shift_x=\u00bb0&#8243; shift_y=\u00bb0&#8243; shift_y_down=\u00bb0&#8243; z_index=\u00bb0&#8243; medium_width=\u00bb0&#8243; mobile_visibility=\u00bbyes\u00bb mobile_width=\u00bb0&#8243; width=\u00bb1\/2&#8243; uncode_shortcode_id=\u00bb418513&#8243;][vc_single_image media=\u00bb455&#8243; media_width_percent=\u00bb100&#8243; uncode_shortcode_id=\u00bb136669&#8243;][\/vc_column_inner][vc_column_inner width=\u00bb1\/12&#8243;][\/vc_column_inner][vc_column_inner column_width_percent=\u00bb100&#8243; position_vertical=\u00bbbottom\u00bb gutter_size=\u00bb2&#8243; overlay_alpha=\u00bb50&#8243; shift_x=\u00bb0&#8243; shift_y=\u00bb0&#8243; shift_y_down=\u00bb0&#8243; z_index=\u00bb0&#8243; medium_width=\u00bb0&#8243; mobile_width=\u00bb0&#8243; width=\u00bb5\/12&#8243; uncode_shortcode_id=\u00bb146859&#8243;][vc_custom_heading text_size=\u00bbfontsize-551415&#8243; text_transform=\u00bbuppercase\u00bb uncode_shortcode_id=\u00bb126084&#8243;]Trazabilidad garantizada[\/vc_custom_heading][vc_column_text uncode_shortcode_id=\u00bb130968&#8243;]\u00bfLe gustar\u00eda saber con certeza cu\u00e1l es la procedencia de su camiseta de algod\u00f3n convencional? \u00a1Es casi siempre imposible!<\/p>\n<p>Nuestra promesa: nuestros productos de algod\u00f3n org\u00e1nico en conversi\u00f3n cumplen la legislaci\u00f3n que rige para los productores de algod\u00f3n org\u00e1nico en todos los aspectos. Pero no tiene que creernos sin m\u00e1s: tenemos la documentaci\u00f3n que lo prueba. Los certificados de transacci\u00f3n garantizan la trazabilidad total de nuestros productos.<\/p>\n<p><strong>Calidad equivalente y mayor sostenibilidad<\/strong><\/p>\n<p>\u00bfDesea actuar mejor para el planeta pero todav\u00eda est\u00e1 preocupado por el paso al algod\u00f3n org\u00e1nico en conversi\u00f3n? No se preocupe, no cambia nada en el d\u00eda a d\u00eda. Puede seguir ofreciendo a sus clientes los mismos dise\u00f1os, colores y calidad.<\/p>\n<p>Pero con una gran ventaja: un algod\u00f3n que se produce seg\u00fan las normas actuales para el org\u00e1nico, y que apoya la transici\u00f3n de una gran superficie de terreno que antes produc\u00eda algod\u00f3n convencional hacia una producci\u00f3n que sigue todas las normas del org\u00e1nico.[\/vc_column_text][vc_button button_color=\u00bbaccent\u00bb border_width=\u00bb0&#8243; link=\u00bburl:%2Ffor-you-for-what%2F\u00bb button_color_type=\u00bbuncode-palette\u00bb uncode_shortcode_id=\u00bb210710&#8243;]Conozca m\u00e1s sobre el valor agregado del algod\u00f3n en conversi\u00f3n para usted y sus clientes[\/vc_button][\/vc_column_inner][\/vc_row_inner][vc_empty_space empty_h=\u00bb2&#8243;][vc_row_inner][vc_column_inner column_width_percent=\u00bb100&#8243; gutter_size=\u00bb3&#8243; overlay_alpha=\u00bb50&#8243; shift_x=\u00bb0&#8243; shift_y=\u00bb0&#8243; shift_y_down=\u00bb0&#8243; z_index=\u00bb0&#8243; desktop_visibility=\u00bbyes\u00bb medium_visibility=\u00bbyes\u00bb medium_width=\u00bb0&#8243; mobile_width=\u00bb0&#8243; width=\u00bb1\/1&#8243; uncode_shortcode_id=\u00bb126828&#8243;][vc_single_image media=\u00bb455&#8243; media_width_percent=\u00bb100&#8243; uncode_shortcode_id=\u00bb136669&#8243;][\/vc_column_inner][\/vc_row_inner][vc_empty_space empty_h=\u00bb2&#8243;][\/vc_column][\/vc_row][vc_row unlock_row_content=\u00bbyes\u00bb row_height_percent=\u00bb0&#8243; overlay_alpha=\u00bb60&#8243; gutter_size=\u00bb3&#8243; column_width_percent=\u00bb100&#8243; shift_y=\u00bb0&#8243; z_index=\u00bb0&#8243; uncode_shortcode_id=\u00bb892096&#8243; el_class=\u00bbpostblock-large-intern\u00bb][vc_column column_width_percent=\u00bb100&#8243; position_vertical=\u00bbmiddle\u00bb align_horizontal=\u00bbalign_center\u00bb gutter_size=\u00bb2&#8243; back_image=\u00bb463&#8243; back_repeat=\u00bbno-repeat\u00bb overlay_color=\u00bbcolor-118961&#8243; overlay_alpha=\u00bb60&#8243; shift_x=\u00bb0&#8243; shift_y=\u00bb0&#8243; shift_y_down=\u00bb0&#8243; z_index=\u00bb0&#8243; medium_width=\u00bb0&#8243; mobile_width=\u00bb0&#8243; width=\u00bb1\/1&#8243; uncode_shortcode_id=\u00bb207629&#8243; overlay_color_type=\u00bbuncode-palette\u00bb link_to=\u00bburl:%2Fthe-way-to-more-organic-cotton%2F|title:The%20way%20to%20more%20organic%20cotton\u00bb][vc_column_text text_color=\u00bbcolor-xsdn\u00bb uncode_shortcode_id=\u00bb112686&#8243; text_color_type=\u00bbuncode-palette\u00bb]NEXT[\/vc_column_text][vc_custom_heading text_color=\u00bbcolor-xsdn\u00bb heading_semantic=\u00bbh3&#8243; text_size=\u00bbfontsize-828145&#8243; text_transform=\u00bbuppercase\u00bb uncode_shortcode_id=\u00bb199609&#8243; text_color_type=\u00bbuncode-palette\u00bb]EL CAMINO HACIA M\u00c1S ALGOD\u00d3N ORG\u00c1NICO[\/vc_custom_heading][\/vc_column][\/vc_row]<\/p>\n<\/div>","protected":false},"excerpt":{"rendered":"<p>[vc_row row_height_percent=\u00bb0&#8243; override_padding=\u00bbyes\u00bb h_padding=\u00bb2&#8243; top_padding=\u00bb2&#8243; bottom_padding=\u00bb1&#8243; overlay_alpha=\u00bb50&#8243; gutter_size=\u00bb3&#8243; column_width_percent=\u00bb100&#8243; shift_y=\u00bb0&#8243; z_index=\u00bb0&#8243; uncode_shortcode_id=\u00bb168112&#8243;][vc_column width=\u00bb1\/1&#8243;][vc_empty_space empty_h=\u00bb3&#8243;][vc_row_inner][vc_column_inner column_width_percent=\u00bb100&#8243; gutter_size=\u00bb1&#8243; overlay_alpha=\u00bb50&#8243; shift_x=\u00bb0&#8243; shift_y=\u00bb0&#8243; shift_y_down=\u00bb0&#8243; [&hellip;]<\/p>\n","protected":false},"author":1,"featured_media":447,"parent":0,"menu_order":0,"comment_status":"closed","ping_status":"closed","template":"","meta":{"footnotes":""},"class_list":["post-587","page","type-page","status-publish","has-post-thumbnail","hentry"],"yoast_head":"<!-- This site is optimized with the Yoast SEO plugin v23.1 - https:\/\/yoast.com\/wordpress\/plugins\/seo\/ -->\n<title>Un mundo m\u00e1s sostenible - Organic in conversion<\/title>\n<meta name=\"description\" content=\"Mucho m\u00e1s sostenible, trazable y solo ligeramente m\u00e1s caro que el algod\u00f3n convencional, el algod\u00f3n org\u00e1nico en conversi\u00f3n est\u00e1 eclipsando al algod\u00f3n org\u00e1nico.\" \/>\n<meta name=\"robots\" content=\"index, follow, max-snippet:-1, max-image-preview:large, max-video-preview:-1\" \/>\n<link rel=\"canonical\" href=\"https:\/\/organic-in-conversion.com\/es\/algodon-organico-en-conversion-un-paso-adelante-hacia-un-mundo-mas-sostenible\/\" \/>\n<meta property=\"og:locale\" content=\"es_ES\" \/>\n<meta property=\"og:type\" content=\"article\" \/>\n<meta property=\"og:title\" content=\"Un mundo m\u00e1s sostenible - Organic in conversion\" \/>\n<meta property=\"og:description\" content=\"Mucho m\u00e1s sostenible, trazable y solo ligeramente m\u00e1s caro que el algod\u00f3n convencional, el algod\u00f3n org\u00e1nico en conversi\u00f3n est\u00e1 eclipsando al algod\u00f3n org\u00e1nico.\" \/>\n<meta property=\"og:url\" content=\"https:\/\/organic-in-conversion.com\/es\/algodon-organico-en-conversion-un-paso-adelante-hacia-un-mundo-mas-sostenible\/\" \/>\n<meta property=\"og:site_name\" content=\"Organic in conversion\" \/>\n<meta property=\"article:modified_time\" content=\"2022-04-19T07:47:25+00:00\" \/>\n<meta property=\"og:image\" content=\"https:\/\/organic-in-conversion.com\/wp-content\/uploads\/2022\/03\/2203_BC_Site_OrganicInConversion_1_step-further_header.jpeg\" \/>\n\t<meta property=\"og:image:width\" content=\"1920\" \/>\n\t<meta property=\"og:image:height\" content=\"760\" \/>\n\t<meta property=\"og:image:type\" content=\"image\/jpeg\" \/>\n<meta name=\"twitter:card\" content=\"summary_large_image\" \/>\n<meta name=\"twitter:label1\" content=\"Tiempo de lectura\" \/>\n\t<meta name=\"twitter:data1\" content=\"3 minutos\" \/>\n<script type=\"application\/ld+json\" class=\"yoast-schema-graph\">{\"@context\":\"https:\/\/schema.org\",\"@graph\":[{\"@type\":\"WebPage\",\"@id\":\"https:\/\/organic-in-conversion.com\/es\/algodon-organico-en-conversion-un-paso-adelante-hacia-un-mundo-mas-sostenible\/\",\"url\":\"https:\/\/organic-in-conversion.com\/es\/algodon-organico-en-conversion-un-paso-adelante-hacia-un-mundo-mas-sostenible\/\",\"name\":\"Un mundo m\u00e1s sostenible - Organic in conversion\",\"isPartOf\":{\"@id\":\"https:\/\/organic-in-conversion.com\/es\/#website\"},\"primaryImageOfPage\":{\"@id\":\"https:\/\/organic-in-conversion.com\/es\/algodon-organico-en-conversion-un-paso-adelante-hacia-un-mundo-mas-sostenible\/#primaryimage\"},\"image\":{\"@id\":\"https:\/\/organic-in-conversion.com\/es\/algodon-organico-en-conversion-un-paso-adelante-hacia-un-mundo-mas-sostenible\/#primaryimage\"},\"thumbnailUrl\":\"https:\/\/organic-in-conversion.com\/wp-content\/uploads\/2022\/03\/2203_BC_Site_OrganicInConversion_1_step-further_header.jpeg\",\"datePublished\":\"2022-03-24T11:48:33+00:00\",\"dateModified\":\"2022-04-19T07:47:25+00:00\",\"description\":\"Mucho m\u00e1s sostenible, trazable y solo ligeramente m\u00e1s caro que el algod\u00f3n convencional, el algod\u00f3n org\u00e1nico en conversi\u00f3n est\u00e1 eclipsando al algod\u00f3n org\u00e1nico.\",\"breadcrumb\":{\"@id\":\"https:\/\/organic-in-conversion.com\/es\/algodon-organico-en-conversion-un-paso-adelante-hacia-un-mundo-mas-sostenible\/#breadcrumb\"},\"inLanguage\":\"es\",\"potentialAction\":[{\"@type\":\"ReadAction\",\"target\":[\"https:\/\/organic-in-conversion.com\/es\/algodon-organico-en-conversion-un-paso-adelante-hacia-un-mundo-mas-sostenible\/\"]}]},{\"@type\":\"ImageObject\",\"inLanguage\":\"es\",\"@id\":\"https:\/\/organic-in-conversion.com\/es\/algodon-organico-en-conversion-un-paso-adelante-hacia-un-mundo-mas-sostenible\/#primaryimage\",\"url\":\"https:\/\/organic-in-conversion.com\/wp-content\/uploads\/2022\/03\/2203_BC_Site_OrganicInConversion_1_step-further_header.jpeg\",\"contentUrl\":\"https:\/\/organic-in-conversion.com\/wp-content\/uploads\/2022\/03\/2203_BC_Site_OrganicInConversion_1_step-further_header.jpeg\",\"width\":1920,\"height\":760},{\"@type\":\"BreadcrumbList\",\"@id\":\"https:\/\/organic-in-conversion.com\/es\/algodon-organico-en-conversion-un-paso-adelante-hacia-un-mundo-mas-sostenible\/#breadcrumb\",\"itemListElement\":[{\"@type\":\"ListItem\",\"position\":1,\"name\":\"Home\",\"item\":\"https:\/\/organic-in-conversion.com\/es\/\"},{\"@type\":\"ListItem\",\"position\":2,\"name\":\"Un mundo m\u00e1s sostenible\"}]},{\"@type\":\"WebSite\",\"@id\":\"https:\/\/organic-in-conversion.com\/es\/#website\",\"url\":\"https:\/\/organic-in-conversion.com\/es\/\",\"name\":\"Organic in conversion\",\"description\":\"\",\"potentialAction\":[{\"@type\":\"SearchAction\",\"target\":{\"@type\":\"EntryPoint\",\"urlTemplate\":\"https:\/\/organic-in-conversion.com\/es\/?s={search_term_string}\"},\"query-input\":\"required name=search_term_string\"}],\"inLanguage\":\"es\"}]}<\/script>\n<!-- \/ Yoast SEO plugin. -->","yoast_head_json":{"title":"Un mundo m\u00e1s sostenible - Organic in conversion","description":"Mucho m\u00e1s sostenible, trazable y solo ligeramente m\u00e1s caro que el algod\u00f3n convencional, el algod\u00f3n org\u00e1nico en conversi\u00f3n est\u00e1 eclipsando al algod\u00f3n org\u00e1nico.","robots":{"index":"index","follow":"follow","max-snippet":"max-snippet:-1","max-image-preview":"max-image-preview:large","max-video-preview":"max-video-preview:-1"},"canonical":"https:\/\/organic-in-conversion.com\/es\/algodon-organico-en-conversion-un-paso-adelante-hacia-un-mundo-mas-sostenible\/","og_locale":"es_ES","og_type":"article","og_title":"Un mundo m\u00e1s sostenible - Organic in conversion","og_description":"Mucho m\u00e1s sostenible, trazable y solo ligeramente m\u00e1s caro que el algod\u00f3n convencional, el algod\u00f3n org\u00e1nico en conversi\u00f3n est\u00e1 eclipsando al algod\u00f3n org\u00e1nico.","og_url":"https:\/\/organic-in-conversion.com\/es\/algodon-organico-en-conversion-un-paso-adelante-hacia-un-mundo-mas-sostenible\/","og_site_name":"Organic in conversion","article_modified_time":"2022-04-19T07:47:25+00:00","og_image":[{"width":1920,"height":760,"url":"https:\/\/organic-in-conversion.com\/wp-content\/uploads\/2022\/03\/2203_BC_Site_OrganicInConversion_1_step-further_header.jpeg","type":"image\/jpeg"}],"twitter_card":"summary_large_image","twitter_misc":{"Tiempo de lectura":"3 minutos"},"schema":{"@context":"https:\/\/schema.org","@graph":[{"@type":"WebPage","@id":"https:\/\/organic-in-conversion.com\/es\/algodon-organico-en-conversion-un-paso-adelante-hacia-un-mundo-mas-sostenible\/","url":"https:\/\/organic-in-conversion.com\/es\/algodon-organico-en-conversion-un-paso-adelante-hacia-un-mundo-mas-sostenible\/","name":"Un mundo m\u00e1s sostenible - Organic in conversion","isPartOf":{"@id":"https:\/\/organic-in-conversion.com\/es\/#website"},"primaryImageOfPage":{"@id":"https:\/\/organic-in-conversion.com\/es\/algodon-organico-en-conversion-un-paso-adelante-hacia-un-mundo-mas-sostenible\/#primaryimage"},"image":{"@id":"https:\/\/organic-in-conversion.com\/es\/algodon-organico-en-conversion-un-paso-adelante-hacia-un-mundo-mas-sostenible\/#primaryimage"},"thumbnailUrl":"https:\/\/organic-in-conversion.com\/wp-content\/uploads\/2022\/03\/2203_BC_Site_OrganicInConversion_1_step-further_header.jpeg","datePublished":"2022-03-24T11:48:33+00:00","dateModified":"2022-04-19T07:47:25+00:00","description":"Mucho m\u00e1s sostenible, trazable y solo ligeramente m\u00e1s caro que el algod\u00f3n convencional, el algod\u00f3n org\u00e1nico en conversi\u00f3n est\u00e1 eclipsando al algod\u00f3n org\u00e1nico.","breadcrumb":{"@id":"https:\/\/organic-in-conversion.com\/es\/algodon-organico-en-conversion-un-paso-adelante-hacia-un-mundo-mas-sostenible\/#breadcrumb"},"inLanguage":"es","potentialAction":[{"@type":"ReadAction","target":["https:\/\/organic-in-conversion.com\/es\/algodon-organico-en-conversion-un-paso-adelante-hacia-un-mundo-mas-sostenible\/"]}]},{"@type":"ImageObject","inLanguage":"es","@id":"https:\/\/organic-in-conversion.com\/es\/algodon-organico-en-conversion-un-paso-adelante-hacia-un-mundo-mas-sostenible\/#primaryimage","url":"https:\/\/organic-in-conversion.com\/wp-content\/uploads\/2022\/03\/2203_BC_Site_OrganicInConversion_1_step-further_header.jpeg","contentUrl":"https:\/\/organic-in-conversion.com\/wp-content\/uploads\/2022\/03\/2203_BC_Site_OrganicInConversion_1_step-further_header.jpeg","width":1920,"height":760},{"@type":"BreadcrumbList","@id":"https:\/\/organic-in-conversion.com\/es\/algodon-organico-en-conversion-un-paso-adelante-hacia-un-mundo-mas-sostenible\/#breadcrumb","itemListElement":[{"@type":"ListItem","position":1,"name":"Home","item":"https:\/\/organic-in-conversion.com\/es\/"},{"@type":"ListItem","position":2,"name":"Un mundo m\u00e1s sostenible"}]},{"@type":"WebSite","@id":"https:\/\/organic-in-conversion.com\/es\/#website","url":"https:\/\/organic-in-conversion.com\/es\/","name":"Organic in conversion","description":"","potentialAction":[{"@type":"SearchAction","target":{"@type":"EntryPoint","urlTemplate":"https:\/\/organic-in-conversion.com\/es\/?s={search_term_string}"},"query-input":"required name=search_term_string"}],"inLanguage":"es"}]}},"_links":{"self":[{"href":"https:\/\/organic-in-conversion.com\/es\/wp-json\/wp\/v2\/pages\/587","targetHints":{"allow":["GET"]}}],"collection":[{"href":"https:\/\/organic-in-conversion.com\/es\/wp-json\/wp\/v2\/pages"}],"about":[{"href":"https:\/\/organic-in-conversion.com\/es\/wp-json\/wp\/v2\/types\/page"}],"author":[{"embeddable":true,"href":"https:\/\/organic-in-conversion.com\/es\/wp-json\/wp\/v2\/users\/1"}],"replies":[{"embeddable":true,"href":"https:\/\/organic-in-conversion.com\/es\/wp-json\/wp\/v2\/comments?post=587"}],"version-history":[{"count":21,"href":"https:\/\/organic-in-conversion.com\/es\/wp-json\/wp\/v2\/pages\/587\/revisions"}],"predecessor-version":[{"id":1641,"href":"https:\/\/organic-in-conversion.com\/es\/wp-json\/wp\/v2\/pages\/587\/revisions\/1641"}],"wp:featuredmedia":[{"embeddable":true,"href":"https:\/\/organic-in-conversion.com\/es\/wp-json\/wp\/v2\/media\/447"}],"wp:attachment":[{"href":"https:\/\/organic-in-conversion.com\/es\/wp-json\/wp\/v2\/media?parent=587"}],"curies":[{"name":"wp","href":"https:\/\/api.w.org\/{rel}","templated":true}]}}