{"id":626,"date":"2022-03-24T11:48:49","date_gmt":"2022-03-24T11:48:49","guid":{"rendered":"https:\/\/organic-in-conversion.com\/der-weg-zu-mehr-bio-baumwolle\/"},"modified":"2022-04-11T08:42:41","modified_gmt":"2022-04-11T08:42:41","slug":"der-weg-zu-mehr-bio-baumwolle","status":"publish","type":"page","link":"https:\/\/organic-in-conversion.com\/de\/der-weg-zu-mehr-bio-baumwolle\/","title":{"rendered":"Der Weg zu mehr Bio-Baumwolle"},"content":{"rendered":"<div class=\"wpb-content-wrapper\"><p>[vc_row row_height_percent=&#8220;0&#8243; override_padding=&#8220;yes&#8220; h_padding=&#8220;2&#8243; top_padding=&#8220;2&#8243; bottom_padding=&#8220;1&#8243; overlay_alpha=&#8220;50&#8243; gutter_size=&#8220;3&#8243; column_width_percent=&#8220;100&#8243; shift_y=&#8220;0&#8243; z_index=&#8220;0&#8243; uncode_shortcode_id=&#8220;168112&#8243;][vc_column width=&#8220;1\/1&#8243;][vc_empty_space empty_h=&#8220;3&#8243;][vc_row_inner][vc_column_inner column_width_percent=&#8220;100&#8243; gutter_size=&#8220;1&#8243; overlay_alpha=&#8220;50&#8243; shift_x=&#8220;0&#8243; shift_y=&#8220;0&#8243; shift_y_down=&#8220;0&#8243; z_index=&#8220;0&#8243; medium_width=&#8220;0&#8243; mobile_width=&#8220;0&#8243; width=&#8220;2\/6&#8243; uncode_shortcode_id=&#8220;270358&#8243;][vc_custom_heading heading_semantic=&#8220;h1&#8243; text_size=&#8220;fontsize-172371&#8243; text_transform=&#8220;uppercase&#8220; uncode_shortcode_id=&#8220;394071&#8243;]ORGANIC-IN-CONVERSION \u2013 DER WEG ZU MEHR BIO-BAUMWOLLE[\/vc_custom_heading][\/vc_column_inner][vc_column_inner column_width_percent=&#8220;100&#8243; gutter_size=&#8220;3&#8243; overlay_alpha=&#8220;50&#8243; shift_x=&#8220;0&#8243; shift_y=&#8220;0&#8243; shift_y_down=&#8220;0&#8243; z_index=&#8220;0&#8243; medium_width=&#8220;0&#8243; mobile_visibility=&#8220;yes&#8220; mobile_width=&#8220;0&#8243; width=&#8220;3\/6&#8243; uncode_shortcode_id=&#8220;972815&#8243;][\/vc_column_inner][vc_column_inner column_width_percent=&#8220;100&#8243; position_vertical=&#8220;bottom&#8220; gutter_size=&#8220;3&#8243; overlay_alpha=&#8220;50&#8243; shift_x=&#8220;0&#8243; shift_y=&#8220;0&#8243; shift_y_down=&#8220;0&#8243; z_index=&#8220;0&#8243; medium_width=&#8220;0&#8243; mobile_width=&#8220;0&#8243; width=&#8220;1\/6&#8243; uncode_shortcode_id=&#8220;175373&#8243;][vc_empty_space empty_h=&#8220;0&#8243; desktop_visibility=&#8220;yes&#8220; medium_visibility=&#8220;yes&#8220;][uncode_socials][\/vc_column_inner][\/vc_row_inner][\/vc_column][\/vc_row][vc_row unlock_row_content=&#8220;yes&#8220; row_height_percent=&#8220;0&#8243; overlay_alpha=&#8220;50&#8243; gutter_size=&#8220;3&#8243; column_width_percent=&#8220;100&#8243; shift_y=&#8220;0&#8243; z_index=&#8220;0&#8243; uncode_shortcode_id=&#8220;175269&#8243;][vc_column column_width_percent=&#8220;100&#8243; gutter_size=&#8220;3&#8243; overlay_alpha=&#8220;50&#8243; shift_x=&#8220;0&#8243; shift_y=&#8220;0&#8243; shift_y_down=&#8220;0&#8243; z_index=&#8220;0&#8243; medium_width=&#8220;0&#8243; mobile_width=&#8220;0&#8243; width=&#8220;1\/1&#8243; uncode_shortcode_id=&#8220;113539&#8243; el_id=&#8220;header__intern__image&#8220;][vc_single_image media=&#8220;463&#8243; media_width_percent=&#8220;100&#8243; uncode_shortcode_id=&#8220;156844&#8243;][\/vc_column][\/vc_row][vc_row][vc_column width=&#8220;1\/1&#8243;][vc_row_inner][vc_column_inner width=&#8220;1\/6&#8243;][\/vc_column_inner][vc_column_inner column_width_percent=&#8220;100&#8243; gutter_size=&#8220;2&#8243; overlay_alpha=&#8220;50&#8243; shift_x=&#8220;0&#8243; shift_y=&#8220;0&#8243; shift_y_down=&#8220;0&#8243; z_index=&#8220;0&#8243; medium_width=&#8220;0&#8243; mobile_width=&#8220;0&#8243; width=&#8220;1\/2&#8243; uncode_shortcode_id=&#8220;145349&#8243;][vc_custom_heading text_size=&#8220;fontsize-551415&#8243; text_transform=&#8220;uppercase&#8220; uncode_shortcode_id=&#8220;105702&#8243;]DIE WELT BRAUCHT MEHR \u00d6KOLOGISCHE LANDWIRTSCHAFT[\/vc_custom_heading][vc_column_text uncode_shortcode_id=&#8220;140756&#8243;]Mehr Bio-Baumwolle, bitte! Genau das braucht die Welt, und genau das w\u00fcnschen wir uns bei B&amp;C. Ein gro\u00dfes Angebot an Bio-Baumwolle tr\u00e4gt zu einer ges\u00fcnderen Umwelt und besseren Lebensbedingungen f\u00fcr die Erzeuger*innen bei. Wir glauben, dass die Unterst\u00fctzung f\u00fcr Organic-in-Conversion-Baumwolle, also Baumwolle aus Kulturen, die sich im Wechsel vom konventionellen zum \u00f6kologischen Anbau befinden, der beste Weg dorthin ist.<\/p>\n<p>Jahrelang betrug der Anteil der Bio-Baumwolle weniger als 1 % der weltweiten Baumwollproduktion. Viel mehr war auch nicht m\u00f6glich, da die Baumwolle haupts\u00e4chlich von kleinen Erzeugerbetrieben stammt, die nicht \u00fcber ausreichende Ressourcen f\u00fcr eine Ausweitung ihrer Aktivit\u00e4ten verf\u00fcgen.<\/p>\n<p>Aktuell kann das Angebot an Bio-Baumwolle am besten dadurch gesteigert werden, dass mehr konventionelle Erzeuger*innen auf einen \u00f6kologischen Anbau umsteigen. Ganz so leicht ist das allerdings nicht.[\/vc_column_text][\/vc_column_inner][vc_column_inner column_width_percent=&#8220;100&#8243; gutter_size=&#8220;3&#8243; overlay_alpha=&#8220;50&#8243; shift_x=&#8220;0&#8243; shift_y=&#8220;0&#8243; shift_y_down=&#8220;0&#8243; z_index=&#8220;0&#8243; medium_width=&#8220;0&#8243; mobile_visibility=&#8220;yes&#8220; mobile_width=&#8220;0&#8243; width=&#8220;1\/3&#8243; uncode_shortcode_id=&#8220;100206&#8243;][\/vc_column_inner][\/vc_row_inner][vc_empty_space empty_h=&#8220;2&#8243; mobile_visibility=&#8220;yes&#8220;][vc_row_inner][vc_column_inner column_width_percent=&#8220;100&#8243; gutter_size=&#8220;3&#8243; overlay_alpha=&#8220;50&#8243; shift_x=&#8220;0&#8243; shift_y=&#8220;0&#8243; shift_y_down=&#8220;0&#8243; z_index=&#8220;0&#8243; medium_width=&#8220;0&#8243; mobile_visibility=&#8220;yes&#8220; mobile_width=&#8220;0&#8243; width=&#8220;1\/6&#8243; uncode_shortcode_id=&#8220;782390&#8243;][\/vc_column_inner][vc_column_inner width=&#8220;2\/3&#8243;][vc_single_image media=&#8220;1531&#8243; media_width_percent=&#8220;100&#8243; uncode_shortcode_id=&#8220;144130&#8243;][\/vc_column_inner][vc_column_inner width=&#8220;1\/6&#8243;][\/vc_column_inner][\/vc_row_inner][vc_empty_space empty_h=&#8220;2&#8243;][vc_row_inner][vc_column_inner width=&#8220;1\/2&#8243;][vc_raw_html]PGlmcmFtZSB3aWR0aD0iNTYwIiBoZWlnaHQ9IjMxNSIgc3JjPSJodHRwczovL3d3dy55b3V0dWJlLmNvbS9lbWJlZC96M2Q5RkNpaWE4WSIgdGl0bGU9IllvdVR1YmUgdmlkZW8gcGxheWVyIiBmcmFtZWJvcmRlcj0iMCIgYWxsb3c9ImFjY2VsZXJvbWV0ZXI7IGF1dG9wbGF5OyBjbGlwYm9hcmQtd3JpdGU7IGVuY3J5cHRlZC1tZWRpYTsgZ3lyb3Njb3BlOyBwaWN0dXJlLWluLXBpY3R1cmUiIGFsbG93ZnVsbHNjcmVlbj0iIj48L2lmcmFtZT4=[\/vc_raw_html][\/vc_column_inner][vc_column_inner width=&#8220;1\/12&#8243;][\/vc_column_inner][vc_column_inner column_width_percent=&#8220;100&#8243; position_vertical=&#8220;bottom&#8220; gutter_size=&#8220;2&#8243; overlay_alpha=&#8220;50&#8243; shift_x=&#8220;0&#8243; shift_y=&#8220;0&#8243; shift_y_down=&#8220;0&#8243; z_index=&#8220;0&#8243; medium_width=&#8220;0&#8243; mobile_width=&#8220;0&#8243; width=&#8220;5\/12&#8243; uncode_shortcode_id=&#8220;146859&#8243;][vc_custom_heading text_size=&#8220;fontsize-551415&#8243; text_transform=&#8220;uppercase&#8220; uncode_shortcode_id=&#8220;198647&#8243;]DER LANGE UND SCHWIERIGE WEG ZUR \u00d6KOLOGISCHEN LANDWIRTSCHAFT[\/vc_custom_heading][vc_column_text uncode_shortcode_id=&#8220;289465&#8243;]F\u00fcr den Verkauf von Bio-Baumwolle ben\u00f6tigen die Erzeuger*innen eine Zertifizierung. Und das Verfahren daf\u00fcr ist ziemlich komplex.<\/p>\n<p>Den internationalen Vorschriften zufolge d\u00fcrfen auf Baumwollfeldern in drei aufeinander folgenden Jahren keinerlei Chemikalien oder GVOs zum Einsatz kommen. Erst dann gilt die Baumwolle als 100 % biologisch. Pestizide und synthetische D\u00fcngemittel sind vom Beginn des Wechsels an vollst\u00e4ndig verboten. F\u00fcr den Boden ist das wie ein chemische Reinigung. Nach jahrelanger Abh\u00e4ngigkeit von chemischen Substanzen kommt es zu Mangelerscheinungen und die Ertr\u00e4ge sinken.<\/p>\n<p>Erschwerend kommt hinzu, dass Organic-in-Conversion-Baumwolle nicht zum gleichen Preis verkauft werden kann wie bio-zertifizierte Baumwolle, die teurer ist. Die Erzeuger*innen m\u00fcssen also die hohen Kosten f\u00fcr einen \u00f6kologischen Anbau tragen, ohne daf\u00fcr die Ertr\u00e4ge f\u00fcr bessere und nachhaltigere Baumwolle zu erhalten.[\/vc_column_text][\/vc_column_inner][\/vc_row_inner][vc_empty_space empty_h=&#8220;2&#8243;][vc_row_inner][vc_column_inner width=&#8220;1\/6&#8243;][\/vc_column_inner][vc_column_inner column_width_percent=&#8220;100&#8243; gutter_size=&#8220;2&#8243; overlay_alpha=&#8220;50&#8243; shift_x=&#8220;0&#8243; shift_y=&#8220;0&#8243; shift_y_down=&#8220;0&#8243; z_index=&#8220;0&#8243; medium_width=&#8220;0&#8243; mobile_width=&#8220;0&#8243; width=&#8220;5\/12&#8243; uncode_shortcode_id=&#8220;108165&#8243;][vc_custom_heading text_size=&#8220;fontsize-551415&#8243; text_transform=&#8220;uppercase&#8220; uncode_shortcode_id=&#8220;152270&#8243;]ORGANIC-IN-CONVERSION-BAUMWOLLE IST DER RICHTIGE WEG[\/vc_custom_heading][vc_column_text uncode_shortcode_id=&#8220;528777&#8243;]Die Erzeuger*innen brauchen also unsere Hilfe, um w\u00e4hrend des schwierigen \u00dcbergangs zum \u00f6kologischen Anbau \u00fcberleben zu k\u00f6nnen. Wenn wir das Angebot an nachhaltiger Baumwolle sichern wollen, m\u00fcssen wir die Erzeuger*innen in der \u00dcbergangszeit mithilfe eines Preisaufschlags auf konventionelle Baumwolle unterst\u00fctzen.<\/p>\n<p>Wenn der Wechsel zum \u00f6kologischen Anbau lukrativ und ertragreich genug ist, steigen bei den Baumwollerzeugern auch der Wille und die Motivation, zugunsten von mehr Nachhaltigkeit auf GMO- und Chemikalien zu verzichten. Und mehr \u00f6kologische Erzeugung hat nicht nur Vorteile f\u00fcr die Erde, sondern sorgt auch daf\u00fcr, dass die verf\u00fcgbare Menge an Bio-Baumwolle erheblich steigt.[\/vc_column_text][\/vc_column_inner][vc_column_inner width=&#8220;5\/12&#8243;][\/vc_column_inner][\/vc_row_inner][vc_empty_space empty_h=&#8220;2&#8243;][vc_row_inner][vc_column_inner width=&#8220;1\/12&#8243;][\/vc_column_inner][vc_column_inner width=&#8220;5\/6&#8243;][vc_single_image media=&#8220;924&#8243; media_width_percent=&#8220;100&#8243; uncode_shortcode_id=&#8220;499590&#8243;][\/vc_column_inner][vc_column_inner width=&#8220;1\/12&#8243;][\/vc_column_inner][\/vc_row_inner][vc_empty_space empty_h=&#8220;1&#8243;][\/vc_column][\/vc_row][vc_row unlock_row_content=&#8220;yes&#8220; row_height_percent=&#8220;0&#8243; overlay_alpha=&#8220;60&#8243; gutter_size=&#8220;3&#8243; column_width_percent=&#8220;100&#8243; shift_y=&#8220;0&#8243; z_index=&#8220;0&#8243; uncode_shortcode_id=&#8220;892096&#8243; el_class=&#8220;postblock-large-intern&#8220;][vc_column column_width_percent=&#8220;100&#8243; position_vertical=&#8220;middle&#8220; align_horizontal=&#8220;align_center&#8220; gutter_size=&#8220;2&#8243; back_image=&#8220;476&#8243; back_repeat=&#8220;no-repeat&#8220; overlay_color=&#8220;color-118961&#8243; overlay_alpha=&#8220;60&#8243; shift_x=&#8220;0&#8243; shift_y=&#8220;0&#8243; shift_y_down=&#8220;0&#8243; z_index=&#8220;0&#8243; medium_width=&#8220;0&#8243; mobile_width=&#8220;0&#8243; width=&#8220;1\/1&#8243; uncode_shortcode_id=&#8220;108711&#8243; overlay_color_type=&#8220;uncode-palette&#8220; link_to=&#8220;url:%2Feverything-you-should-know%2F|title:Everything%20you%20should%20know&#8220;][vc_column_text text_color=&#8220;color-xsdn&#8220; uncode_shortcode_id=&#8220;112686&#8243; text_color_type=&#8220;uncode-palette&#8220;]NEXT[\/vc_column_text][vc_custom_heading text_color=&#8220;color-xsdn&#8220; heading_semantic=&#8220;h3&#8243; text_size=&#8220;fontsize-828145&#8243; text_transform=&#8220;uppercase&#8220; uncode_shortcode_id=&#8220;198794&#8243; text_color_type=&#8220;uncode-palette&#8220;]Alles, was Sie \u00fcber Organic-in-Conversion-Baumwolle wissen m\u00fcssen[\/vc_custom_heading][\/vc_column][\/vc_row]<\/p>\n<\/div>","protected":false},"excerpt":{"rendered":"<p>[vc_row row_height_percent=&#8220;0&#8243; override_padding=&#8220;yes&#8220; h_padding=&#8220;2&#8243; top_padding=&#8220;2&#8243; bottom_padding=&#8220;1&#8243; overlay_alpha=&#8220;50&#8243; gutter_size=&#8220;3&#8243; column_width_percent=&#8220;100&#8243; shift_y=&#8220;0&#8243; z_index=&#8220;0&#8243; uncode_shortcode_id=&#8220;168112&#8243;][vc_column width=&#8220;1\/1&#8243;][vc_empty_space empty_h=&#8220;3&#8243;][vc_row_inner][vc_column_inner column_width_percent=&#8220;100&#8243; gutter_size=&#8220;1&#8243; overlay_alpha=&#8220;50&#8243; shift_x=&#8220;0&#8243; shift_y=&#8220;0&#8243; shift_y_down=&#8220;0&#8243; [&hellip;]<\/p>\n","protected":false},"author":1,"featured_media":466,"parent":0,"menu_order":0,"comment_status":"closed","ping_status":"closed","template":"","meta":{"footnotes":""},"class_list":["post-626","page","type-page","status-publish","has-post-thumbnail","hentry"],"yoast_head":"<!-- This site is optimized with the Yoast SEO plugin v23.1 - https:\/\/yoast.com\/wordpress\/plugins\/seo\/ -->\n<title>Der Weg zu mehr Bio-Baumwolle - Organic in conversion<\/title>\n<meta name=\"description\" content=\"Die Welt braucht mehr Erzeuger*innen von Bio-Baumwolle. . Die Unterst\u00fctzung von Organic-in-Conversion-Baumwolle ist das beste Mittel, mehr Erzeuger*innen f\u00fcr den Wechsel zum \u00f6kologischen Anbau zu gewinnen.\" \/>\n<meta name=\"robots\" content=\"index, follow, max-snippet:-1, max-image-preview:large, max-video-preview:-1\" \/>\n<link rel=\"canonical\" href=\"https:\/\/organic-in-conversion.com\/de\/der-weg-zu-mehr-bio-baumwolle\/\" \/>\n<meta property=\"og:locale\" content=\"de_DE\" \/>\n<meta property=\"og:type\" content=\"article\" \/>\n<meta property=\"og:title\" content=\"Der Weg zu mehr Bio-Baumwolle - Organic in conversion\" \/>\n<meta property=\"og:description\" content=\"Die Welt braucht mehr Erzeuger*innen von Bio-Baumwolle. . Die Unterst\u00fctzung von Organic-in-Conversion-Baumwolle ist das beste Mittel, mehr Erzeuger*innen f\u00fcr den Wechsel zum \u00f6kologischen Anbau zu gewinnen.\" \/>\n<meta property=\"og:url\" content=\"https:\/\/organic-in-conversion.com\/de\/der-weg-zu-mehr-bio-baumwolle\/\" \/>\n<meta property=\"og:site_name\" content=\"Organic in conversion\" \/>\n<meta property=\"article:modified_time\" content=\"2022-04-11T08:42:41+00:00\" \/>\n<meta property=\"og:image\" content=\"https:\/\/organic-in-conversion.com\/wp-content\/uploads\/2022\/03\/2203_BC_Site_OrganicInConversion_1_way-to-more_header.jpeg\" \/>\n\t<meta property=\"og:image:width\" content=\"1920\" \/>\n\t<meta property=\"og:image:height\" content=\"760\" \/>\n\t<meta property=\"og:image:type\" content=\"image\/jpeg\" \/>\n<meta name=\"twitter:card\" content=\"summary_large_image\" \/>\n<meta name=\"twitter:label1\" content=\"Gesch\u00e4tzte Lesezeit\" \/>\n\t<meta name=\"twitter:data1\" content=\"3\u00a0Minuten\" \/>\n<script type=\"application\/ld+json\" class=\"yoast-schema-graph\">{\"@context\":\"https:\/\/schema.org\",\"@graph\":[{\"@type\":\"WebPage\",\"@id\":\"https:\/\/organic-in-conversion.com\/de\/der-weg-zu-mehr-bio-baumwolle\/\",\"url\":\"https:\/\/organic-in-conversion.com\/de\/der-weg-zu-mehr-bio-baumwolle\/\",\"name\":\"Der Weg zu mehr Bio-Baumwolle - Organic in conversion\",\"isPartOf\":{\"@id\":\"https:\/\/organic-in-conversion.com\/de\/#website\"},\"primaryImageOfPage\":{\"@id\":\"https:\/\/organic-in-conversion.com\/de\/der-weg-zu-mehr-bio-baumwolle\/#primaryimage\"},\"image\":{\"@id\":\"https:\/\/organic-in-conversion.com\/de\/der-weg-zu-mehr-bio-baumwolle\/#primaryimage\"},\"thumbnailUrl\":\"https:\/\/organic-in-conversion.com\/wp-content\/uploads\/2022\/03\/2203_BC_Site_OrganicInConversion_1_way-to-more_header.jpeg\",\"datePublished\":\"2022-03-24T11:48:49+00:00\",\"dateModified\":\"2022-04-11T08:42:41+00:00\",\"description\":\"Die Welt braucht mehr Erzeuger*innen von Bio-Baumwolle. . Die Unterst\u00fctzung von Organic-in-Conversion-Baumwolle ist das beste Mittel, mehr Erzeuger*innen f\u00fcr den Wechsel zum \u00f6kologischen Anbau zu gewinnen.\",\"breadcrumb\":{\"@id\":\"https:\/\/organic-in-conversion.com\/de\/der-weg-zu-mehr-bio-baumwolle\/#breadcrumb\"},\"inLanguage\":\"de\",\"potentialAction\":[{\"@type\":\"ReadAction\",\"target\":[\"https:\/\/organic-in-conversion.com\/de\/der-weg-zu-mehr-bio-baumwolle\/\"]}]},{\"@type\":\"ImageObject\",\"inLanguage\":\"de\",\"@id\":\"https:\/\/organic-in-conversion.com\/de\/der-weg-zu-mehr-bio-baumwolle\/#primaryimage\",\"url\":\"https:\/\/organic-in-conversion.com\/wp-content\/uploads\/2022\/03\/2203_BC_Site_OrganicInConversion_1_way-to-more_header.jpeg\",\"contentUrl\":\"https:\/\/organic-in-conversion.com\/wp-content\/uploads\/2022\/03\/2203_BC_Site_OrganicInConversion_1_way-to-more_header.jpeg\",\"width\":1920,\"height\":760},{\"@type\":\"BreadcrumbList\",\"@id\":\"https:\/\/organic-in-conversion.com\/de\/der-weg-zu-mehr-bio-baumwolle\/#breadcrumb\",\"itemListElement\":[{\"@type\":\"ListItem\",\"position\":1,\"name\":\"Home\",\"item\":\"https:\/\/organic-in-conversion.com\/de\/\"},{\"@type\":\"ListItem\",\"position\":2,\"name\":\"Der Weg zu mehr Bio-Baumwolle\"}]},{\"@type\":\"WebSite\",\"@id\":\"https:\/\/organic-in-conversion.com\/de\/#website\",\"url\":\"https:\/\/organic-in-conversion.com\/de\/\",\"name\":\"Organic in conversion\",\"description\":\"\",\"potentialAction\":[{\"@type\":\"SearchAction\",\"target\":{\"@type\":\"EntryPoint\",\"urlTemplate\":\"https:\/\/organic-in-conversion.com\/de\/?s={search_term_string}\"},\"query-input\":\"required name=search_term_string\"}],\"inLanguage\":\"de\"}]}<\/script>\n<!-- \/ Yoast SEO plugin. -->","yoast_head_json":{"title":"Der Weg zu mehr Bio-Baumwolle - Organic in conversion","description":"Die Welt braucht mehr Erzeuger*innen von Bio-Baumwolle. . Die Unterst\u00fctzung von Organic-in-Conversion-Baumwolle ist das beste Mittel, mehr Erzeuger*innen f\u00fcr den Wechsel zum \u00f6kologischen Anbau zu gewinnen.","robots":{"index":"index","follow":"follow","max-snippet":"max-snippet:-1","max-image-preview":"max-image-preview:large","max-video-preview":"max-video-preview:-1"},"canonical":"https:\/\/organic-in-conversion.com\/de\/der-weg-zu-mehr-bio-baumwolle\/","og_locale":"de_DE","og_type":"article","og_title":"Der Weg zu mehr Bio-Baumwolle - Organic in conversion","og_description":"Die Welt braucht mehr Erzeuger*innen von Bio-Baumwolle. . Die Unterst\u00fctzung von Organic-in-Conversion-Baumwolle ist das beste Mittel, mehr Erzeuger*innen f\u00fcr den Wechsel zum \u00f6kologischen Anbau zu gewinnen.","og_url":"https:\/\/organic-in-conversion.com\/de\/der-weg-zu-mehr-bio-baumwolle\/","og_site_name":"Organic in conversion","article_modified_time":"2022-04-11T08:42:41+00:00","og_image":[{"width":1920,"height":760,"url":"https:\/\/organic-in-conversion.com\/wp-content\/uploads\/2022\/03\/2203_BC_Site_OrganicInConversion_1_way-to-more_header.jpeg","type":"image\/jpeg"}],"twitter_card":"summary_large_image","twitter_misc":{"Gesch\u00e4tzte Lesezeit":"3\u00a0Minuten"},"schema":{"@context":"https:\/\/schema.org","@graph":[{"@type":"WebPage","@id":"https:\/\/organic-in-conversion.com\/de\/der-weg-zu-mehr-bio-baumwolle\/","url":"https:\/\/organic-in-conversion.com\/de\/der-weg-zu-mehr-bio-baumwolle\/","name":"Der Weg zu mehr Bio-Baumwolle - Organic in conversion","isPartOf":{"@id":"https:\/\/organic-in-conversion.com\/de\/#website"},"primaryImageOfPage":{"@id":"https:\/\/organic-in-conversion.com\/de\/der-weg-zu-mehr-bio-baumwolle\/#primaryimage"},"image":{"@id":"https:\/\/organic-in-conversion.com\/de\/der-weg-zu-mehr-bio-baumwolle\/#primaryimage"},"thumbnailUrl":"https:\/\/organic-in-conversion.com\/wp-content\/uploads\/2022\/03\/2203_BC_Site_OrganicInConversion_1_way-to-more_header.jpeg","datePublished":"2022-03-24T11:48:49+00:00","dateModified":"2022-04-11T08:42:41+00:00","description":"Die Welt braucht mehr Erzeuger*innen von Bio-Baumwolle. . Die Unterst\u00fctzung von Organic-in-Conversion-Baumwolle ist das beste Mittel, mehr Erzeuger*innen f\u00fcr den Wechsel zum \u00f6kologischen Anbau zu gewinnen.","breadcrumb":{"@id":"https:\/\/organic-in-conversion.com\/de\/der-weg-zu-mehr-bio-baumwolle\/#breadcrumb"},"inLanguage":"de","potentialAction":[{"@type":"ReadAction","target":["https:\/\/organic-in-conversion.com\/de\/der-weg-zu-mehr-bio-baumwolle\/"]}]},{"@type":"ImageObject","inLanguage":"de","@id":"https:\/\/organic-in-conversion.com\/de\/der-weg-zu-mehr-bio-baumwolle\/#primaryimage","url":"https:\/\/organic-in-conversion.com\/wp-content\/uploads\/2022\/03\/2203_BC_Site_OrganicInConversion_1_way-to-more_header.jpeg","contentUrl":"https:\/\/organic-in-conversion.com\/wp-content\/uploads\/2022\/03\/2203_BC_Site_OrganicInConversion_1_way-to-more_header.jpeg","width":1920,"height":760},{"@type":"BreadcrumbList","@id":"https:\/\/organic-in-conversion.com\/de\/der-weg-zu-mehr-bio-baumwolle\/#breadcrumb","itemListElement":[{"@type":"ListItem","position":1,"name":"Home","item":"https:\/\/organic-in-conversion.com\/de\/"},{"@type":"ListItem","position":2,"name":"Der Weg zu mehr Bio-Baumwolle"}]},{"@type":"WebSite","@id":"https:\/\/organic-in-conversion.com\/de\/#website","url":"https:\/\/organic-in-conversion.com\/de\/","name":"Organic in conversion","description":"","potentialAction":[{"@type":"SearchAction","target":{"@type":"EntryPoint","urlTemplate":"https:\/\/organic-in-conversion.com\/de\/?s={search_term_string}"},"query-input":"required name=search_term_string"}],"inLanguage":"de"}]}},"_links":{"self":[{"href":"https:\/\/organic-in-conversion.com\/de\/wp-json\/wp\/v2\/pages\/626","targetHints":{"allow":["GET"]}}],"collection":[{"href":"https:\/\/organic-in-conversion.com\/de\/wp-json\/wp\/v2\/pages"}],"about":[{"href":"https:\/\/organic-in-conversion.com\/de\/wp-json\/wp\/v2\/types\/page"}],"author":[{"embeddable":true,"href":"https:\/\/organic-in-conversion.com\/de\/wp-json\/wp\/v2\/users\/1"}],"replies":[{"embeddable":true,"href":"https:\/\/organic-in-conversion.com\/de\/wp-json\/wp\/v2\/comments?post=626"}],"version-history":[{"count":17,"href":"https:\/\/organic-in-conversion.com\/de\/wp-json\/wp\/v2\/pages\/626\/revisions"}],"predecessor-version":[{"id":1537,"href":"https:\/\/organic-in-conversion.com\/de\/wp-json\/wp\/v2\/pages\/626\/revisions\/1537"}],"wp:featuredmedia":[{"embeddable":true,"href":"https:\/\/organic-in-conversion.com\/de\/wp-json\/wp\/v2\/media\/466"}],"wp:attachment":[{"href":"https:\/\/organic-in-conversion.com\/de\/wp-json\/wp\/v2\/media?parent=626"}],"curies":[{"name":"wp","href":"https:\/\/api.w.org\/{rel}","templated":true}]}}