{"id":611,"date":"2022-03-24T11:48:03","date_gmt":"2022-03-24T11:48:03","guid":{"rendered":"https:\/\/organic-in-conversion.com\/warum-bc-auf-organic-in-conversion-setzt\/"},"modified":"2022-04-11T08:17:59","modified_gmt":"2022-04-11T08:17:59","slug":"warum-bc-auf-organic-in-conversion-setzt","status":"publish","type":"page","link":"https:\/\/organic-in-conversion.com\/de\/warum-bc-auf-organic-in-conversion-setzt\/","title":{"rendered":"Bio-Baumwolle braucht Unterst\u00fctzung"},"content":{"rendered":"<div class=\"wpb-content-wrapper\"><p>[vc_row row_height_percent=&#8220;0&#8243; override_padding=&#8220;yes&#8220; h_padding=&#8220;2&#8243; top_padding=&#8220;2&#8243; bottom_padding=&#8220;1&#8243; overlay_alpha=&#8220;50&#8243; gutter_size=&#8220;3&#8243; column_width_percent=&#8220;100&#8243; shift_y=&#8220;0&#8243; z_index=&#8220;0&#8243; uncode_shortcode_id=&#8220;168112&#8243;][vc_column width=&#8220;1\/1&#8243;][vc_empty_space empty_h=&#8220;3&#8243;][vc_row_inner][vc_column_inner column_width_percent=&#8220;100&#8243; gutter_size=&#8220;1&#8243; overlay_alpha=&#8220;50&#8243; shift_x=&#8220;0&#8243; shift_y=&#8220;0&#8243; shift_y_down=&#8220;0&#8243; z_index=&#8220;0&#8243; medium_width=&#8220;0&#8243; mobile_width=&#8220;0&#8243; width=&#8220;2\/6&#8243; uncode_shortcode_id=&#8220;270358&#8243;][vc_custom_heading heading_semantic=&#8220;h1&#8243; text_size=&#8220;fontsize-172371&#8243; text_transform=&#8220;uppercase&#8220; uncode_shortcode_id=&#8220;480253&#8243;]Warum B&amp;C auf \u201eOrganic in Conversion\u201c setzt[\/vc_custom_heading][\/vc_column_inner][vc_column_inner column_width_percent=&#8220;100&#8243; gutter_size=&#8220;3&#8243; overlay_alpha=&#8220;50&#8243; shift_x=&#8220;0&#8243; shift_y=&#8220;0&#8243; shift_y_down=&#8220;0&#8243; z_index=&#8220;0&#8243; medium_width=&#8220;0&#8243; mobile_visibility=&#8220;yes&#8220; mobile_width=&#8220;0&#8243; width=&#8220;3\/6&#8243; uncode_shortcode_id=&#8220;584271&#8243;][\/vc_column_inner][vc_column_inner column_width_percent=&#8220;100&#8243; position_vertical=&#8220;bottom&#8220; gutter_size=&#8220;3&#8243; overlay_alpha=&#8220;50&#8243; shift_x=&#8220;0&#8243; shift_y=&#8220;0&#8243; shift_y_down=&#8220;0&#8243; z_index=&#8220;0&#8243; medium_width=&#8220;0&#8243; mobile_width=&#8220;0&#8243; width=&#8220;1\/6&#8243; uncode_shortcode_id=&#8220;175373&#8243;][vc_empty_space empty_h=&#8220;0&#8243;][uncode_socials][\/vc_column_inner][\/vc_row_inner][\/vc_column][\/vc_row][vc_row unlock_row_content=&#8220;yes&#8220; row_height_percent=&#8220;0&#8243; overlay_alpha=&#8220;50&#8243; gutter_size=&#8220;3&#8243; column_width_percent=&#8220;100&#8243; shift_y=&#8220;0&#8243; z_index=&#8220;0&#8243; mobile_visibility=&#8220;yes&#8220; uncode_shortcode_id=&#8220;161744&#8243;][vc_column column_width_percent=&#8220;100&#8243; gutter_size=&#8220;3&#8243; overlay_alpha=&#8220;50&#8243; shift_x=&#8220;0&#8243; shift_y=&#8220;0&#8243; shift_y_down=&#8220;0&#8243; z_index=&#8220;0&#8243; medium_width=&#8220;0&#8243; mobile_width=&#8220;0&#8243; width=&#8220;1\/1&#8243; uncode_shortcode_id=&#8220;343403&#8243; el_id=&#8220;header__intern__image&#8220;][vc_single_image dynamic=&#8220;yes&#8220; media_width_percent=&#8220;100&#8243; uncode_shortcode_id=&#8220;181252&#8243;][\/vc_column][\/vc_row][vc_row unlock_row_content=&#8220;yes&#8220; row_height_percent=&#8220;0&#8243; override_padding=&#8220;yes&#8220; h_padding=&#8220;0&#8243; top_padding=&#8220;2&#8243; bottom_padding=&#8220;2&#8243; overlay_alpha=&#8220;50&#8243; gutter_size=&#8220;3&#8243; column_width_percent=&#8220;100&#8243; shift_y=&#8220;0&#8243; z_index=&#8220;0&#8243; desktop_visibility=&#8220;yes&#8220; medium_visibility=&#8220;yes&#8220; uncode_shortcode_id=&#8220;159907&#8243;][vc_column column_width_percent=&#8220;100&#8243; gutter_size=&#8220;3&#8243; overlay_alpha=&#8220;50&#8243; shift_x=&#8220;0&#8243; shift_y=&#8220;0&#8243; shift_y_down=&#8220;0&#8243; z_index=&#8220;0&#8243; medium_width=&#8220;0&#8243; mobile_width=&#8220;0&#8243; width=&#8220;1\/1&#8243; uncode_shortcode_id=&#8220;343403&#8243; el_id=&#8220;header__intern__image&#8220;][vc_single_image dynamic=&#8220;yes&#8220; dynamic_source=&#8220;secondary&#8220; media_width_percent=&#8220;100&#8243; uncode_shortcode_id=&#8220;544737&#8243;][\/vc_column][\/vc_row][vc_row][vc_column width=&#8220;1\/1&#8243;][vc_row_inner][vc_column_inner width=&#8220;1\/6&#8243;][\/vc_column_inner][vc_column_inner column_width_percent=&#8220;100&#8243; gutter_size=&#8220;2&#8243; overlay_alpha=&#8220;50&#8243; shift_x=&#8220;0&#8243; shift_y=&#8220;0&#8243; shift_y_down=&#8220;0&#8243; z_index=&#8220;0&#8243; medium_width=&#8220;0&#8243; mobile_width=&#8220;0&#8243; width=&#8220;1\/2&#8243; uncode_shortcode_id=&#8220;145349&#8243;][vc_custom_heading text_size=&#8220;fontsize-551415&#8243; text_transform=&#8220;uppercase&#8220; uncode_shortcode_id=&#8220;114196&#8243;]Bio-Baumwolle braucht Unterst\u00fctzung[\/vc_custom_heading][vc_column_text uncode_shortcode_id=&#8220;793303&#8243;]Bis vor einiger Zeit ging man davon aus, dass Bio-Baumwolle der Schl\u00fcssel zu mehr Nachhaltigkeit sei. Zahlreiche Bekleidungsmarken und Modelabels \u2013 auch wir \u2013 st\u00fcrzten sich mit Begeisterung darauf.<\/p>\n<p>Vor sechs Jahren pr\u00e4sentierte B&amp;C Collection eine Produktlinie aus Bio-Baumwolle. Zum damaligen Zeitpunkt schien dies der beste Weg zu sein, und voller Eifer bem\u00fchten wir uns um mehr Umwelt- und Sozialvertr\u00e4glichkeit und um wirtschaftliche Nachhaltigkeit. Schnell wurde dann aber klar, dass es mit Bio-Baumwolle allein nicht getan war.<\/p>\n<p>Das lag nicht an der Baumwolle an sich. Die Nachfrage nahm aber enorm zu, w\u00e4hrend nicht einmal 1 % der weltweiten Baumwollproduktion \u00f6kologisch erzeugt wurde. Bio-Baumwolle lieben alle. Sie ist das Ergebnis gesunder Kulturen und eines verantwortungsbewussten Anbaus. Der Wechsel zum \u00f6kologischen Anbau ist f\u00fcr die Baumwollerzeuger allerdings so schwierig, dass sich nur wenige diesen Weg leisten k\u00f6nnen.<\/p>\n<p>So setzen 99 % von ihnen bis heute auf herk\u00f6mmliche, konventionelle Anbaumethoden.<\/p>\n<p>Auch wenn der biologische Anbau jedes Jahr zulegt, liegt der konventionelle nach wie vor weit vorn. Bio-Baumwolle kann da nicht mithalten und die Lieferkette ist dadurch in Gefahr. Offenbar ist also etwas Unterst\u00fctzung durch die Marken erforderlich \u2013 f\u00fcr mehr Nachhaltigkeit. Deshalb haben wir von B&amp;C uns entschieden, k\u00fcnftig auf Organic-in-Conversion-Baumwolle aus Kulturen im \u00dcbergang zu setzen.[\/vc_column_text][\/vc_column_inner][vc_column_inner width=&#8220;1\/3&#8243;][\/vc_column_inner][\/vc_row_inner][vc_empty_space empty_h=&#8220;2&#8243; mobile_visibility=&#8220;yes&#8220;][vc_row_inner][vc_column_inner column_width_percent=&#8220;100&#8243; gutter_size=&#8220;3&#8243; overlay_alpha=&#8220;50&#8243; shift_x=&#8220;0&#8243; shift_y=&#8220;0&#8243; shift_y_down=&#8220;0&#8243; z_index=&#8220;0&#8243; medium_width=&#8220;0&#8243; mobile_visibility=&#8220;yes&#8220; mobile_width=&#8220;0&#8243; width=&#8220;1\/6&#8243; uncode_shortcode_id=&#8220;198517&#8243;][\/vc_column_inner][vc_column_inner width=&#8220;2\/3&#8243;][vc_single_image media=&#8220;1372&#8243; media_width_percent=&#8220;100&#8243; uncode_shortcode_id=&#8220;566268&#8243;][\/vc_column_inner][vc_column_inner width=&#8220;1\/6&#8243;][\/vc_column_inner][\/vc_row_inner][vc_empty_space empty_h=&#8220;2&#8243;][vc_row_inner][vc_column_inner column_width_percent=&#8220;100&#8243; gutter_size=&#8220;3&#8243; overlay_alpha=&#8220;50&#8243; shift_x=&#8220;0&#8243; shift_y=&#8220;0&#8243; shift_y_down=&#8220;0&#8243; z_index=&#8220;0&#8243; medium_width=&#8220;0&#8243; mobile_visibility=&#8220;yes&#8220; mobile_width=&#8220;0&#8243; width=&#8220;1\/2&#8243; uncode_shortcode_id=&#8220;211073&#8243;][vc_single_image media=&#8220;1378&#8243; media_width_percent=&#8220;100&#8243; uncode_shortcode_id=&#8220;529732&#8243;][\/vc_column_inner][vc_column_inner width=&#8220;1\/12&#8243;][\/vc_column_inner][vc_column_inner column_width_percent=&#8220;100&#8243; position_vertical=&#8220;bottom&#8220; gutter_size=&#8220;2&#8243; overlay_alpha=&#8220;50&#8243; shift_x=&#8220;0&#8243; shift_y=&#8220;0&#8243; shift_y_down=&#8220;0&#8243; z_index=&#8220;0&#8243; medium_width=&#8220;0&#8243; mobile_width=&#8220;0&#8243; width=&#8220;5\/12&#8243; uncode_shortcode_id=&#8220;655484&#8243;][vc_custom_heading text_size=&#8220;fontsize-551415&#8243; text_transform=&#8220;uppercase&#8220; uncode_shortcode_id=&#8220;489575&#8243;]Was bedeutet \u201eOrganic in Conversion\u201c?<\/p>\n<p>[\/vc_custom_heading][vc_column_text uncode_shortcode_id=&#8220;747895&#8243;]Organic-in-Conversion-Baumwolle stammt von Betrieben, die sich im \u00dcbergang vom konventionellen zum \u00f6kologischen Anbau befinden. F\u00fcr eine Bio-Zertifizierung m\u00fcssen Baumwollerzeuger*innen s\u00e4mtliche Vorschriften f\u00fcr die \u00f6kologische Landwirtschaft einhalten und w\u00e4hrend der gesamten \u00dcbergangszeit von drei Jahren auf Chemikalien und GVOs verzichten. Baumwolle mit dem Label \u201eOrganic in Conversion\u201c ist also genauso nachhaltig wie Bio-Baumwolle.[\/vc_column_text][\/vc_column_inner][\/vc_row_inner][vc_empty_space empty_h=&#8220;2&#8243;][vc_row_inner][vc_column_inner column_width_percent=&#8220;100&#8243; gutter_size=&#8220;3&#8243; overlay_alpha=&#8220;50&#8243; shift_x=&#8220;0&#8243; shift_y=&#8220;0&#8243; shift_y_down=&#8220;0&#8243; z_index=&#8220;0&#8243; desktop_visibility=&#8220;yes&#8220; medium_visibility=&#8220;yes&#8220; medium_width=&#8220;0&#8243; mobile_width=&#8220;0&#8243; width=&#8220;1\/1&#8243; uncode_shortcode_id=&#8220;627494&#8243;][vc_single_image media=&#8220;1378&#8243; media_width_percent=&#8220;100&#8243; uncode_shortcode_id=&#8220;145702&#8243;][\/vc_column_inner][\/vc_row_inner][vc_empty_space empty_h=&#8220;2&#8243;][vc_row_inner][vc_column_inner width=&#8220;1\/6&#8243;][\/vc_column_inner][vc_column_inner column_width_percent=&#8220;100&#8243; gutter_size=&#8220;2&#8243; overlay_alpha=&#8220;50&#8243; shift_x=&#8220;0&#8243; shift_y=&#8220;0&#8243; shift_y_down=&#8220;0&#8243; z_index=&#8220;0&#8243; medium_width=&#8220;0&#8243; mobile_width=&#8220;0&#8243; width=&#8220;5\/12&#8243; uncode_shortcode_id=&#8220;108165&#8243;][vc_custom_heading text_size=&#8220;fontsize-551415&#8243; text_transform=&#8220;uppercase&#8220; uncode_shortcode_id=&#8220;164790&#8243;]F\u00fcr echte und dauerhafte Nachhaltigkeit[\/vc_custom_heading][vc_column_text uncode_shortcode_id=&#8220;272164&#8243;]Langfristig streben wir danach, das Verh\u00e4ltnis umzukehren und einen entscheidenden Beitrag zu mehr \u00f6kologischem Anbau zu leisten. Das geht nach unserer \u00dcberzeugung nur durch Unterst\u00fctzung der Erzeuger, die jetzt auf einen \u00f6kologischen Anbau umstellen.<\/p>\n<p>Die Bio-Zertifizierung ist ein langwieriges und strenges Verfahren, das einen landwirtschaftlichen Betrieb komplett auf den Kopf stellen kann. F\u00fcr den Erhalt m\u00fcssen die Anbaufl\u00e4chen f\u00fcr die Baumwolle drei Jahre lang frei von Chemikalien und GVO-Saatgutgehalten werden. Dabei kann es durch die drastischen Ver\u00e4nderungen zu Ertragseinbu\u00dfen und damit zu erheblichen Einkommensverlusten kommen.<\/p>\n<p>Unser Engagement f\u00fcr Umwelt- und Sozialvertr\u00e4glichkeit und wirtschaftliche Nachhaltigkeit gebietet es uns, hier aktiv zu werden. Durch die Unterst\u00fctzung des Umstiegs auf \u00f6kologischen Anbau zus\u00e4tzlich zur Verwendung von Bio-Baumwolle erreichen wir hoffentlich, dass mehr Erzeuger*innen diesen Schritt wagen, der Einsatz von Chemikalien in der Landwirtschaft zur\u00fcckgeht und Bio-Baumwolle die anf\u00e4nglichen Erwartungen erf\u00fcllen kann.[\/vc_column_text][\/vc_column_inner][vc_column_inner width=&#8220;5\/12&#8243;][\/vc_column_inner][\/vc_row_inner][vc_empty_space empty_h=&#8220;2&#8243;][vc_row_inner][vc_column_inner width=&#8220;1\/12&#8243;][\/vc_column_inner][vc_column_inner width=&#8220;5\/6&#8243;][vc_raw_html]PGlmcmFtZSB3aWR0aD0iNTYwIiBoZWlnaHQ9IjUwMCIgc3JjPSJodHRwczovL3d3dy55b3V0dWJlLmNvbS9lbWJlZC9BWjBRblNiTlVpTSIgdGl0bGU9IllvdVR1YmUgdmlkZW8gcGxheWVyIiBmcmFtZWJvcmRlcj0iMCIgYWxsb3c9ImFjY2VsZXJvbWV0ZXI7IGF1dG9wbGF5OyBjbGlwYm9hcmQtd3JpdGU7IGVuY3J5cHRlZC1tZWRpYTsgZ3lyb3Njb3BlOyBwaWN0dXJlLWluLXBpY3R1cmUiIGFsbG93ZnVsbHNjcmVlbj0iIj48L2lmcmFtZT4=[\/vc_raw_html][\/vc_column_inner][vc_column_inner width=&#8220;1\/12&#8243;][\/vc_column_inner][\/vc_row_inner][vc_empty_space empty_h=&#8220;1&#8243;][\/vc_column][\/vc_row][vc_row unlock_row_content=&#8220;yes&#8220; row_height_percent=&#8220;0&#8243; overlay_alpha=&#8220;60&#8243; gutter_size=&#8220;3&#8243; column_width_percent=&#8220;100&#8243; shift_y=&#8220;0&#8243; z_index=&#8220;0&#8243; uncode_shortcode_id=&#8220;892096&#8243; el_class=&#8220;postblock-large-intern&#8220;][vc_column column_width_percent=&#8220;100&#8243; position_vertical=&#8220;middle&#8220; align_horizontal=&#8220;align_center&#8220; gutter_size=&#8220;2&#8243; back_image=&#8220;97&#8243; back_repeat=&#8220;no-repeat&#8220; overlay_color=&#8220;color-118961&#8243; overlay_alpha=&#8220;75&#8243; shift_x=&#8220;0&#8243; shift_y=&#8220;0&#8243; shift_y_down=&#8220;0&#8243; z_index=&#8220;0&#8243; medium_width=&#8220;0&#8243; mobile_width=&#8220;0&#8243; width=&#8220;1\/1&#8243; uncode_shortcode_id=&#8220;147343&#8243; overlay_color_type=&#8220;uncode-palette&#8220; link_to=&#8220;url:%2Ffor-you-for-what%2F|title:For%20you%2C%20For%20what&#8220;][vc_column_text text_color=&#8220;color-xsdn&#8220; uncode_shortcode_id=&#8220;112686&#8243; text_color_type=&#8220;uncode-palette&#8220;]NEXT[\/vc_column_text][vc_custom_heading text_color=&#8220;color-xsdn&#8220; heading_semantic=&#8220;h3&#8243; text_size=&#8220;fontsize-828145&#8243; text_transform=&#8220;uppercase&#8220; uncode_shortcode_id=&#8220;157053&#8243; text_color_type=&#8220;uncode-palette&#8220;]F\u00dcR SIE, F\u00dcR ALLE[\/vc_custom_heading][\/vc_column][\/vc_row]<\/p>\n<\/div>","protected":false},"excerpt":{"rendered":"<p>[vc_row row_height_percent=&#8220;0&#8243; override_padding=&#8220;yes&#8220; h_padding=&#8220;2&#8243; top_padding=&#8220;2&#8243; bottom_padding=&#8220;1&#8243; overlay_alpha=&#8220;50&#8243; gutter_size=&#8220;3&#8243; column_width_percent=&#8220;100&#8243; shift_y=&#8220;0&#8243; z_index=&#8220;0&#8243; uncode_shortcode_id=&#8220;168112&#8243;][vc_column width=&#8220;1\/1&#8243;][vc_empty_space empty_h=&#8220;3&#8243;][vc_row_inner][vc_column_inner column_width_percent=&#8220;100&#8243; gutter_size=&#8220;1&#8243; overlay_alpha=&#8220;50&#8243; shift_x=&#8220;0&#8243; shift_y=&#8220;0&#8243; shift_y_down=&#8220;0&#8243; [&hellip;]<\/p>\n","protected":false},"author":1,"featured_media":426,"parent":0,"menu_order":0,"comment_status":"closed","ping_status":"closed","template":"","meta":{"footnotes":""},"class_list":["post-611","page","type-page","status-publish","has-post-thumbnail","hentry"],"yoast_head":"<!-- This site is optimized with the Yoast SEO plugin v23.1 - https:\/\/yoast.com\/wordpress\/plugins\/seo\/ -->\n<title>Bio-Baumwolle braucht Unterst\u00fctzung - Organic in conversion<\/title>\n<meta name=\"description\" content=\"Die Zahlen sprechen f\u00fcr sich: Die weltweite Produktion von Bio-Baumwolle reicht nicht aus, um den Bedarf zu decken. Wir von B&amp;C haben eine Alternative gefunden, die genauso nachhaltig ist: Organic-in-Conversion-Baumwolle.\" \/>\n<meta name=\"robots\" content=\"index, follow, max-snippet:-1, max-image-preview:large, max-video-preview:-1\" \/>\n<link rel=\"canonical\" href=\"https:\/\/organic-in-conversion.com\/de\/warum-bc-auf-organic-in-conversion-setzt\/\" \/>\n<meta property=\"og:locale\" content=\"de_DE\" \/>\n<meta property=\"og:type\" content=\"article\" \/>\n<meta property=\"og:title\" content=\"Bio-Baumwolle braucht Unterst\u00fctzung - Organic in conversion\" \/>\n<meta property=\"og:description\" content=\"Die Zahlen sprechen f\u00fcr sich: Die weltweite Produktion von Bio-Baumwolle reicht nicht aus, um den Bedarf zu decken. Wir von B&amp;C haben eine Alternative gefunden, die genauso nachhaltig ist: Organic-in-Conversion-Baumwolle.\" \/>\n<meta property=\"og:url\" content=\"https:\/\/organic-in-conversion.com\/de\/warum-bc-auf-organic-in-conversion-setzt\/\" \/>\n<meta property=\"og:site_name\" content=\"Organic in conversion\" \/>\n<meta property=\"article:modified_time\" content=\"2022-04-11T08:17:59+00:00\" \/>\n<meta property=\"og:image\" content=\"https:\/\/organic-in-conversion.com\/wp-content\/uploads\/2022\/03\/WHY-DID-BC-ENGAGE-IN-ORGANIC-IN-CONVERSION.jpeg\" \/>\n\t<meta property=\"og:image:width\" content=\"1920\" \/>\n\t<meta property=\"og:image:height\" content=\"760\" \/>\n\t<meta property=\"og:image:type\" content=\"image\/jpeg\" \/>\n<meta name=\"twitter:card\" content=\"summary_large_image\" \/>\n<meta name=\"twitter:label1\" content=\"Gesch\u00e4tzte Lesezeit\" \/>\n\t<meta name=\"twitter:data1\" content=\"3\u00a0Minuten\" \/>\n<script type=\"application\/ld+json\" class=\"yoast-schema-graph\">{\"@context\":\"https:\/\/schema.org\",\"@graph\":[{\"@type\":\"WebPage\",\"@id\":\"https:\/\/organic-in-conversion.com\/de\/warum-bc-auf-organic-in-conversion-setzt\/\",\"url\":\"https:\/\/organic-in-conversion.com\/de\/warum-bc-auf-organic-in-conversion-setzt\/\",\"name\":\"Bio-Baumwolle braucht Unterst\u00fctzung - Organic in conversion\",\"isPartOf\":{\"@id\":\"https:\/\/organic-in-conversion.com\/de\/#website\"},\"primaryImageOfPage\":{\"@id\":\"https:\/\/organic-in-conversion.com\/de\/warum-bc-auf-organic-in-conversion-setzt\/#primaryimage\"},\"image\":{\"@id\":\"https:\/\/organic-in-conversion.com\/de\/warum-bc-auf-organic-in-conversion-setzt\/#primaryimage\"},\"thumbnailUrl\":\"https:\/\/organic-in-conversion.com\/wp-content\/uploads\/2022\/03\/WHY-DID-BC-ENGAGE-IN-ORGANIC-IN-CONVERSION.jpeg\",\"datePublished\":\"2022-03-24T11:48:03+00:00\",\"dateModified\":\"2022-04-11T08:17:59+00:00\",\"description\":\"Die Zahlen sprechen f\u00fcr sich: Die weltweite Produktion von Bio-Baumwolle reicht nicht aus, um den Bedarf zu decken. Wir von B&C haben eine Alternative gefunden, die genauso nachhaltig ist: Organic-in-Conversion-Baumwolle.\",\"breadcrumb\":{\"@id\":\"https:\/\/organic-in-conversion.com\/de\/warum-bc-auf-organic-in-conversion-setzt\/#breadcrumb\"},\"inLanguage\":\"de\",\"potentialAction\":[{\"@type\":\"ReadAction\",\"target\":[\"https:\/\/organic-in-conversion.com\/de\/warum-bc-auf-organic-in-conversion-setzt\/\"]}]},{\"@type\":\"ImageObject\",\"inLanguage\":\"de\",\"@id\":\"https:\/\/organic-in-conversion.com\/de\/warum-bc-auf-organic-in-conversion-setzt\/#primaryimage\",\"url\":\"https:\/\/organic-in-conversion.com\/wp-content\/uploads\/2022\/03\/WHY-DID-BC-ENGAGE-IN-ORGANIC-IN-CONVERSION.jpeg\",\"contentUrl\":\"https:\/\/organic-in-conversion.com\/wp-content\/uploads\/2022\/03\/WHY-DID-BC-ENGAGE-IN-ORGANIC-IN-CONVERSION.jpeg\",\"width\":1920,\"height\":760},{\"@type\":\"BreadcrumbList\",\"@id\":\"https:\/\/organic-in-conversion.com\/de\/warum-bc-auf-organic-in-conversion-setzt\/#breadcrumb\",\"itemListElement\":[{\"@type\":\"ListItem\",\"position\":1,\"name\":\"Home\",\"item\":\"https:\/\/organic-in-conversion.com\/de\/\"},{\"@type\":\"ListItem\",\"position\":2,\"name\":\"Bio-Baumwolle braucht Unterst\u00fctzung\"}]},{\"@type\":\"WebSite\",\"@id\":\"https:\/\/organic-in-conversion.com\/de\/#website\",\"url\":\"https:\/\/organic-in-conversion.com\/de\/\",\"name\":\"Organic in conversion\",\"description\":\"\",\"potentialAction\":[{\"@type\":\"SearchAction\",\"target\":{\"@type\":\"EntryPoint\",\"urlTemplate\":\"https:\/\/organic-in-conversion.com\/de\/?s={search_term_string}\"},\"query-input\":\"required name=search_term_string\"}],\"inLanguage\":\"de\"}]}<\/script>\n<!-- \/ Yoast SEO plugin. -->","yoast_head_json":{"title":"Bio-Baumwolle braucht Unterst\u00fctzung - Organic in conversion","description":"Die Zahlen sprechen f\u00fcr sich: Die weltweite Produktion von Bio-Baumwolle reicht nicht aus, um den Bedarf zu decken. Wir von B&C haben eine Alternative gefunden, die genauso nachhaltig ist: Organic-in-Conversion-Baumwolle.","robots":{"index":"index","follow":"follow","max-snippet":"max-snippet:-1","max-image-preview":"max-image-preview:large","max-video-preview":"max-video-preview:-1"},"canonical":"https:\/\/organic-in-conversion.com\/de\/warum-bc-auf-organic-in-conversion-setzt\/","og_locale":"de_DE","og_type":"article","og_title":"Bio-Baumwolle braucht Unterst\u00fctzung - Organic in conversion","og_description":"Die Zahlen sprechen f\u00fcr sich: Die weltweite Produktion von Bio-Baumwolle reicht nicht aus, um den Bedarf zu decken. Wir von B&C haben eine Alternative gefunden, die genauso nachhaltig ist: Organic-in-Conversion-Baumwolle.","og_url":"https:\/\/organic-in-conversion.com\/de\/warum-bc-auf-organic-in-conversion-setzt\/","og_site_name":"Organic in conversion","article_modified_time":"2022-04-11T08:17:59+00:00","og_image":[{"width":1920,"height":760,"url":"https:\/\/organic-in-conversion.com\/wp-content\/uploads\/2022\/03\/WHY-DID-BC-ENGAGE-IN-ORGANIC-IN-CONVERSION.jpeg","type":"image\/jpeg"}],"twitter_card":"summary_large_image","twitter_misc":{"Gesch\u00e4tzte Lesezeit":"3\u00a0Minuten"},"schema":{"@context":"https:\/\/schema.org","@graph":[{"@type":"WebPage","@id":"https:\/\/organic-in-conversion.com\/de\/warum-bc-auf-organic-in-conversion-setzt\/","url":"https:\/\/organic-in-conversion.com\/de\/warum-bc-auf-organic-in-conversion-setzt\/","name":"Bio-Baumwolle braucht Unterst\u00fctzung - Organic in conversion","isPartOf":{"@id":"https:\/\/organic-in-conversion.com\/de\/#website"},"primaryImageOfPage":{"@id":"https:\/\/organic-in-conversion.com\/de\/warum-bc-auf-organic-in-conversion-setzt\/#primaryimage"},"image":{"@id":"https:\/\/organic-in-conversion.com\/de\/warum-bc-auf-organic-in-conversion-setzt\/#primaryimage"},"thumbnailUrl":"https:\/\/organic-in-conversion.com\/wp-content\/uploads\/2022\/03\/WHY-DID-BC-ENGAGE-IN-ORGANIC-IN-CONVERSION.jpeg","datePublished":"2022-03-24T11:48:03+00:00","dateModified":"2022-04-11T08:17:59+00:00","description":"Die Zahlen sprechen f\u00fcr sich: Die weltweite Produktion von Bio-Baumwolle reicht nicht aus, um den Bedarf zu decken. Wir von B&C haben eine Alternative gefunden, die genauso nachhaltig ist: Organic-in-Conversion-Baumwolle.","breadcrumb":{"@id":"https:\/\/organic-in-conversion.com\/de\/warum-bc-auf-organic-in-conversion-setzt\/#breadcrumb"},"inLanguage":"de","potentialAction":[{"@type":"ReadAction","target":["https:\/\/organic-in-conversion.com\/de\/warum-bc-auf-organic-in-conversion-setzt\/"]}]},{"@type":"ImageObject","inLanguage":"de","@id":"https:\/\/organic-in-conversion.com\/de\/warum-bc-auf-organic-in-conversion-setzt\/#primaryimage","url":"https:\/\/organic-in-conversion.com\/wp-content\/uploads\/2022\/03\/WHY-DID-BC-ENGAGE-IN-ORGANIC-IN-CONVERSION.jpeg","contentUrl":"https:\/\/organic-in-conversion.com\/wp-content\/uploads\/2022\/03\/WHY-DID-BC-ENGAGE-IN-ORGANIC-IN-CONVERSION.jpeg","width":1920,"height":760},{"@type":"BreadcrumbList","@id":"https:\/\/organic-in-conversion.com\/de\/warum-bc-auf-organic-in-conversion-setzt\/#breadcrumb","itemListElement":[{"@type":"ListItem","position":1,"name":"Home","item":"https:\/\/organic-in-conversion.com\/de\/"},{"@type":"ListItem","position":2,"name":"Bio-Baumwolle braucht Unterst\u00fctzung"}]},{"@type":"WebSite","@id":"https:\/\/organic-in-conversion.com\/de\/#website","url":"https:\/\/organic-in-conversion.com\/de\/","name":"Organic in conversion","description":"","potentialAction":[{"@type":"SearchAction","target":{"@type":"EntryPoint","urlTemplate":"https:\/\/organic-in-conversion.com\/de\/?s={search_term_string}"},"query-input":"required name=search_term_string"}],"inLanguage":"de"}]}},"_links":{"self":[{"href":"https:\/\/organic-in-conversion.com\/de\/wp-json\/wp\/v2\/pages\/611","targetHints":{"allow":["GET"]}}],"collection":[{"href":"https:\/\/organic-in-conversion.com\/de\/wp-json\/wp\/v2\/pages"}],"about":[{"href":"https:\/\/organic-in-conversion.com\/de\/wp-json\/wp\/v2\/types\/page"}],"author":[{"embeddable":true,"href":"https:\/\/organic-in-conversion.com\/de\/wp-json\/wp\/v2\/users\/1"}],"replies":[{"embeddable":true,"href":"https:\/\/organic-in-conversion.com\/de\/wp-json\/wp\/v2\/comments?post=611"}],"version-history":[{"count":19,"href":"https:\/\/organic-in-conversion.com\/de\/wp-json\/wp\/v2\/pages\/611\/revisions"}],"predecessor-version":[{"id":1384,"href":"https:\/\/organic-in-conversion.com\/de\/wp-json\/wp\/v2\/pages\/611\/revisions\/1384"}],"wp:featuredmedia":[{"embeddable":true,"href":"https:\/\/organic-in-conversion.com\/de\/wp-json\/wp\/v2\/media\/426"}],"wp:attachment":[{"href":"https:\/\/organic-in-conversion.com\/de\/wp-json\/wp\/v2\/media?parent=611"}],"curies":[{"name":"wp","href":"https:\/\/api.w.org\/{rel}","templated":true}]}}