{"id":596,"date":"2022-03-24T11:48:18","date_gmt":"2022-03-24T11:48:18","guid":{"rendered":"https:\/\/organic-in-conversion.com\/fuer-sie-fuer-alle\/"},"modified":"2022-04-11T08:29:18","modified_gmt":"2022-04-11T08:29:18","slug":"fuer-sie-fuer-alle","status":"publish","type":"page","link":"https:\/\/organic-in-conversion.com\/de\/fuer-sie-fuer-alle\/","title":{"rendered":"F\u00fcr Sie, f\u00fcr alle"},"content":{"rendered":"<div class=\"wpb-content-wrapper\"><p>[vc_row row_height_percent=&#8220;0&#8243; override_padding=&#8220;yes&#8220; h_padding=&#8220;2&#8243; top_padding=&#8220;2&#8243; bottom_padding=&#8220;1&#8243; overlay_alpha=&#8220;50&#8243; gutter_size=&#8220;3&#8243; column_width_percent=&#8220;100&#8243; shift_y=&#8220;0&#8243; z_index=&#8220;0&#8243; uncode_shortcode_id=&#8220;168112&#8243;][vc_column width=&#8220;1\/1&#8243;][vc_empty_space empty_h=&#8220;3&#8243;][vc_empty_space empty_h=&#8220;0&#8243; desktop_visibility=&#8220;yes&#8220; medium_visibility=&#8220;yes&#8220;][vc_row_inner][vc_column_inner column_width_percent=&#8220;100&#8243; gutter_size=&#8220;1&#8243; overlay_alpha=&#8220;50&#8243; shift_x=&#8220;0&#8243; shift_y=&#8220;0&#8243; shift_y_down=&#8220;0&#8243; z_index=&#8220;0&#8243; medium_width=&#8220;0&#8243; mobile_width=&#8220;0&#8243; width=&#8220;2\/6&#8243; uncode_shortcode_id=&#8220;270358&#8243;][vc_custom_heading heading_semantic=&#8220;h1&#8243; text_size=&#8220;fontsize-172371&#8243; text_transform=&#8220;uppercase&#8220; uncode_shortcode_id=&#8220;783847&#8243;]F\u00fcr Sie<br \/>\nf\u00fcr alle[\/vc_custom_heading][\/vc_column_inner][vc_column_inner column_width_percent=&#8220;100&#8243; gutter_size=&#8220;3&#8243; overlay_alpha=&#8220;50&#8243; shift_x=&#8220;0&#8243; shift_y=&#8220;0&#8243; shift_y_down=&#8220;0&#8243; z_index=&#8220;0&#8243; medium_width=&#8220;0&#8243; mobile_visibility=&#8220;yes&#8220; mobile_width=&#8220;0&#8243; width=&#8220;3\/6&#8243; uncode_shortcode_id=&#8220;139844&#8243;][\/vc_column_inner][vc_column_inner column_width_percent=&#8220;100&#8243; position_vertical=&#8220;bottom&#8220; gutter_size=&#8220;3&#8243; overlay_alpha=&#8220;50&#8243; shift_x=&#8220;0&#8243; shift_y=&#8220;0&#8243; shift_y_down=&#8220;0&#8243; z_index=&#8220;0&#8243; medium_width=&#8220;0&#8243; mobile_width=&#8220;0&#8243; width=&#8220;1\/6&#8243; uncode_shortcode_id=&#8220;175373&#8243;][uncode_socials][\/vc_column_inner][\/vc_row_inner][\/vc_column][\/vc_row][vc_row unlock_row_content=&#8220;yes&#8220; row_height_percent=&#8220;0&#8243; overlay_alpha=&#8220;50&#8243; gutter_size=&#8220;3&#8243; column_width_percent=&#8220;100&#8243; shift_y=&#8220;0&#8243; z_index=&#8220;0&#8243; mobile_visibility=&#8220;yes&#8220; uncode_shortcode_id=&#8220;205629&#8243;][vc_column column_width_percent=&#8220;100&#8243; gutter_size=&#8220;3&#8243; overlay_alpha=&#8220;50&#8243; shift_x=&#8220;0&#8243; shift_y=&#8220;0&#8243; shift_y_down=&#8220;0&#8243; z_index=&#8220;0&#8243; medium_width=&#8220;0&#8243; mobile_width=&#8220;0&#8243; width=&#8220;1\/1&#8243; uncode_shortcode_id=&#8220;185160&#8243; el_id=&#8220;header__intern__image&#8220;][vc_single_image dynamic=&#8220;yes&#8220; media_width_percent=&#8220;100&#8243; uncode_shortcode_id=&#8220;612278&#8243;][\/vc_column][\/vc_row][vc_row unlock_row_content=&#8220;yes&#8220; row_height_percent=&#8220;0&#8243; override_padding=&#8220;yes&#8220; h_padding=&#8220;0&#8243; top_padding=&#8220;2&#8243; bottom_padding=&#8220;2&#8243; overlay_alpha=&#8220;50&#8243; gutter_size=&#8220;3&#8243; column_width_percent=&#8220;100&#8243; shift_y=&#8220;0&#8243; z_index=&#8220;0&#8243; desktop_visibility=&#8220;yes&#8220; medium_visibility=&#8220;yes&#8220; uncode_shortcode_id=&#8220;180229&#8243;][vc_column column_width_percent=&#8220;100&#8243; gutter_size=&#8220;3&#8243; overlay_alpha=&#8220;50&#8243; shift_x=&#8220;0&#8243; shift_y=&#8220;0&#8243; shift_y_down=&#8220;0&#8243; z_index=&#8220;0&#8243; medium_width=&#8220;0&#8243; mobile_width=&#8220;0&#8243; width=&#8220;1\/1&#8243; uncode_shortcode_id=&#8220;185160&#8243; el_id=&#8220;header__intern__image&#8220;][vc_single_image dynamic=&#8220;yes&#8220; dynamic_source=&#8220;secondary&#8220; media_width_percent=&#8220;100&#8243; uncode_shortcode_id=&#8220;159053&#8243;][\/vc_column][\/vc_row][vc_row][vc_column width=&#8220;1\/1&#8243;][vc_row_inner][vc_column_inner width=&#8220;1\/6&#8243;][\/vc_column_inner][vc_column_inner column_width_percent=&#8220;100&#8243; gutter_size=&#8220;2&#8243; overlay_alpha=&#8220;50&#8243; shift_x=&#8220;0&#8243; shift_y=&#8220;0&#8243; shift_y_down=&#8220;0&#8243; z_index=&#8220;0&#8243; medium_width=&#8220;0&#8243; mobile_width=&#8220;0&#8243; width=&#8220;1\/2&#8243; uncode_shortcode_id=&#8220;145349&#8243;][vc_single_image media=&#8220;100&#8243; media_width_use_pixel=&#8220;yes&#8220; uncode_shortcode_id=&#8220;122009&#8243; media_width_pixel=&#8220;211&#8243;][vc_custom_heading text_size=&#8220;fontsize-551415&#8243; text_transform=&#8220;uppercase&#8220; uncode_shortcode_id=&#8220;140170&#8243;]ORGANIC-IN-CONVERSION-BAUMWOLLE \u2013<br \/>\nEINE L\u00d6SUNG F\u00dcR DIE ZUNEHMENDE<br \/>\nNACHFRAGE NACH NACHHALTIGER KLEIDUNG[\/vc_custom_heading][vc_column_text uncode_shortcode_id=&#8220;204144&#8243;]So sehr wir Bio-Baumwolle auch sch\u00e4tzen: Die Wahrheit ist, dass ihre Verf\u00fcgbarkeit stark zu w\u00fcnschen \u00fcbrig l\u00e4sst. Wie viel Bio-Baumwolle weltweit j\u00e4hrlich angeboten wird? Es ist gerade einmal 1 % der gesamten Baumwollproduktion. Das ist ein echtes Problem, denn zum Gl\u00fcck entscheiden sich jedes Jahr mehr Verbraucher*innen f\u00fcr einen Wechsel zu nachhaltiger Kleidung. Bekleidungsunternehmen m\u00fcssen ihre Beschaffungsstrategien \u00fcberdenken und das Angebot an nachhaltiger Kleidung erweitern, wenn sie weiterhin eine Rolle spielen und keine Marktchancen verpassen m\u00f6chten.<\/p>\n<p>Organic-in-Conversion-Baumwolle bietet diesen Unternehmen die M\u00f6glichkeit, ihren Bedarf an nachhaltiger Baumwolle zu decken und auf die zunehmende Nachfrage nach nachhaltiger Kleidung zu reagieren. Genau wie Bio-Baumwolle ist die Organic-in-Conversion-Baumwolle das Ergebnis \u00f6kologischer Anbaumethoden. Der Unterschied besteht lediglich darin, dass die Erzeuger*innen noch auf ihre Bio-Zertifizierung warten. Aber auch w\u00e4hrend der dreij\u00e4hrigen \u00dcbergangszeit wird die Baumwolle komplett ohne GVOs, chemischen Pestizide, synthetische D\u00fcngemittel und sonstige sch\u00e4dlichen Chemikalien angebaut.[\/vc_column_text][\/vc_column_inner][vc_column_inner width=&#8220;1\/3&#8243;][\/vc_column_inner][\/vc_row_inner][vc_empty_space empty_h=&#8220;2&#8243; mobile_visibility=&#8220;yes&#8220;][vc_row_inner][vc_column_inner column_width_percent=&#8220;100&#8243; gutter_size=&#8220;3&#8243; overlay_alpha=&#8220;50&#8243; shift_x=&#8220;0&#8243; shift_y=&#8220;0&#8243; shift_y_down=&#8220;0&#8243; z_index=&#8220;0&#8243; medium_width=&#8220;0&#8243; mobile_visibility=&#8220;yes&#8220; mobile_width=&#8220;0&#8243; width=&#8220;1\/6&#8243; uncode_shortcode_id=&#8220;115045&#8243;][\/vc_column_inner][vc_column_inner width=&#8220;2\/3&#8243;][vc_single_image media=&#8220;1454&#8243; media_width_percent=&#8220;100&#8243; uncode_shortcode_id=&#8220;151703&#8243;][\/vc_column_inner][vc_column_inner width=&#8220;1\/6&#8243;][\/vc_column_inner][\/vc_row_inner][vc_empty_space empty_h=&#8220;2&#8243;][vc_row_inner][vc_column_inner column_width_percent=&#8220;100&#8243; gutter_size=&#8220;3&#8243; overlay_alpha=&#8220;50&#8243; shift_x=&#8220;0&#8243; shift_y=&#8220;0&#8243; shift_y_down=&#8220;0&#8243; z_index=&#8220;0&#8243; medium_width=&#8220;0&#8243; mobile_visibility=&#8220;yes&#8220; mobile_width=&#8220;0&#8243; width=&#8220;1\/2&#8243; uncode_shortcode_id=&#8220;209288&#8243;][vc_single_image media=&#8220;1460&#8243; media_width_percent=&#8220;100&#8243; uncode_shortcode_id=&#8220;117775&#8243;][\/vc_column_inner][vc_column_inner width=&#8220;1\/12&#8243;][\/vc_column_inner][vc_column_inner column_width_percent=&#8220;100&#8243; position_vertical=&#8220;bottom&#8220; gutter_size=&#8220;2&#8243; overlay_alpha=&#8220;50&#8243; shift_x=&#8220;0&#8243; shift_y=&#8220;0&#8243; shift_y_down=&#8220;0&#8243; z_index=&#8220;0&#8243; medium_width=&#8220;0&#8243; mobile_width=&#8220;0&#8243; width=&#8220;5\/12&#8243; uncode_shortcode_id=&#8220;146859&#8243;][vc_custom_heading text_size=&#8220;fontsize-551415&#8243; text_transform=&#8220;uppercase&#8220; uncode_shortcode_id=&#8220;115952&#8243;]HOCHWERTIGE BAUMWOLLE<br \/>\nOHNE KOMPROMISSE[\/vc_custom_heading][vc_column_text uncode_shortcode_id=&#8220;113112&#8243;]In unserem Streben nach Nachhaltigkeit und Qualit\u00e4t wenden wir bei B&amp;C bei allen Baumwollprodukten, ob aus konventionellem, \u00f6kologischem oder Organic-in-Conversion-Anbau, die gleiche Sorgfalt, die gleichen Techniken und die gleiche Qualit\u00e4tskontrolle an. Die T-Shirts, Polos und Sweatshirts in unserer Kollektion aus Organic-in-Conversion-Baumwolle bieten die gleiche Bedruckbarkeit, Farbflexibilit\u00e4t, Designfreiheit, Robustheit und Langlebigkeit, ohne dass \u00c4nderungen beim Druckverfahren oder bei den Designtechniken erforderlich sind.<\/p>\n<p>Dank Organic-in-Conversion-Baumwolle k\u00f6nnen Sie Ihr Angebot an hochwertiger und nachhaltiger Bekleidung erweitern, ganz ohne die Gefahr von Lieferengp\u00e4ssen durch einen Mangel an Bio-Baumwolle.[\/vc_column_text][\/vc_column_inner][\/vc_row_inner][vc_empty_space empty_h=&#8220;2&#8243;][vc_row_inner][vc_column_inner column_width_percent=&#8220;100&#8243; gutter_size=&#8220;3&#8243; overlay_alpha=&#8220;50&#8243; shift_x=&#8220;0&#8243; shift_y=&#8220;0&#8243; shift_y_down=&#8220;0&#8243; z_index=&#8220;0&#8243; desktop_visibility=&#8220;yes&#8220; medium_visibility=&#8220;yes&#8220; medium_width=&#8220;0&#8243; mobile_width=&#8220;0&#8243; width=&#8220;1\/1&#8243; uncode_shortcode_id=&#8220;175909&#8243;][vc_single_image media=&#8220;1460&#8243; media_width_percent=&#8220;100&#8243; uncode_shortcode_id=&#8220;773276&#8243;][\/vc_column_inner][\/vc_row_inner][vc_empty_space empty_h=&#8220;2&#8243;][vc_row_inner][vc_column_inner width=&#8220;1\/6&#8243;][\/vc_column_inner][vc_column_inner column_width_percent=&#8220;100&#8243; gutter_size=&#8220;2&#8243; overlay_alpha=&#8220;50&#8243; shift_x=&#8220;0&#8243; shift_y=&#8220;0&#8243; shift_y_down=&#8220;0&#8243; z_index=&#8220;0&#8243; medium_width=&#8220;0&#8243; mobile_width=&#8220;0&#8243; width=&#8220;5\/12&#8243; uncode_shortcode_id=&#8220;108165&#8243;][vc_custom_heading text_size=&#8220;fontsize-551415&#8243; text_transform=&#8220;uppercase&#8220; uncode_shortcode_id=&#8220;207642&#8243;]NACHHALTIGE BAUMWOLLE<br \/>\nF\u00dcR ENGAGIERTE UNTERNEHMEN[\/vc_custom_heading][vc_column_text uncode_shortcode_id=&#8220;847238&#8243;]Bekleidungsmarken, die sich f\u00fcr die Verwendung von Organic-in-Conversion-Baumwolle entscheiden, k\u00f6nnen einen gro\u00dfen Unterschied machen. Sie tragen zu einer nachhaltigeren Welt bei, unterst\u00fctzen die Erzeuger*innen auf dem langen und schwierigen Weg zu einer Bio-Zertifizierung und \u00f6ffnen die T\u00fcr zu mehr \u00f6kologischer Landwirtschaft in der Zukunft.<\/p>\n<p>B&amp;C Collection w\u00fcnscht sich eine Welt, in der nachhaltige Kleidung jederzeit verf\u00fcgbar ist, \u00d6ko-Stoffe erschwinglich sind und Baumwollerzeuger*innen fair f\u00fcr ihren Umstieg auf einen nachhaltigen Anbau bezahlt werden. Genau das m\u00f6chten wir mit unserer Unterst\u00fctzung f\u00fcr Organic-in-Conversion-Baumwolle heute schon erreichen.[\/vc_column_text][\/vc_column_inner][vc_column_inner width=&#8220;5\/12&#8243;][\/vc_column_inner][\/vc_row_inner][vc_empty_space empty_h=&#8220;2&#8243;][vc_row_inner][vc_column_inner width=&#8220;1\/12&#8243;][\/vc_column_inner][vc_column_inner width=&#8220;5\/6&#8243;][vc_raw_html]PGlmcmFtZSB3aWR0aD0iNTYwIiBoZWlnaHQ9IjUwMCIgc3JjPSJodHRwczovL3d3dy55b3V0dWJlLmNvbS9lbWJlZC9rbkxabDNhcXhNbyIgdGl0bGU9IllvdVR1YmUgdmlkZW8gcGxheWVyIiBmcmFtZWJvcmRlcj0iMCIgYWxsb3c9ImFjY2VsZXJvbWV0ZXI7IGF1dG9wbGF5OyBjbGlwYm9hcmQtd3JpdGU7IGVuY3J5cHRlZC1tZWRpYTsgZ3lyb3Njb3BlOyBwaWN0dXJlLWluLXBpY3R1cmUiIGFsbG93ZnVsbHNjcmVlbj0iIj48L2lmcmFtZT4=[\/vc_raw_html][\/vc_column_inner][vc_column_inner width=&#8220;1\/12&#8243;][\/vc_column_inner][\/vc_row_inner][vc_empty_space empty_h=&#8220;1&#8243;][\/vc_column][\/vc_row][vc_row unlock_row_content=&#8220;yes&#8220; row_height_percent=&#8220;0&#8243; overlay_alpha=&#8220;60&#8243; gutter_size=&#8220;3&#8243; column_width_percent=&#8220;100&#8243; shift_y=&#8220;0&#8243; z_index=&#8220;0&#8243; uncode_shortcode_id=&#8220;892096&#8243; el_class=&#8220;postblock-large-intern&#8220;][vc_column column_width_percent=&#8220;100&#8243; position_vertical=&#8220;middle&#8220; align_horizontal=&#8220;align_center&#8220; gutter_size=&#8220;2&#8243; back_image=&#8220;442&#8243; back_repeat=&#8220;no-repeat&#8220; overlay_color=&#8220;color-118961&#8243; overlay_alpha=&#8220;60&#8243; shift_x=&#8220;0&#8243; shift_y=&#8220;0&#8243; shift_y_down=&#8220;0&#8243; z_index=&#8220;0&#8243; medium_width=&#8220;0&#8243; mobile_width=&#8220;0&#8243; width=&#8220;1\/1&#8243; uncode_shortcode_id=&#8220;960035&#8243; overlay_color_type=&#8220;uncode-palette&#8220; link_to=&#8220;url:%2Ffor-lasting-sustainability%2F|title:For%20lasting%20sustainability&#8220;][vc_column_text text_color=&#8220;color-xsdn&#8220; uncode_shortcode_id=&#8220;112686&#8243; text_color_type=&#8220;uncode-palette&#8220;]NEXT[\/vc_column_text][vc_custom_heading text_color=&#8220;color-xsdn&#8220; heading_semantic=&#8220;h3&#8243; text_size=&#8220;fontsize-828145&#8243; text_transform=&#8220;uppercase&#8220; uncode_shortcode_id=&#8220;138895&#8243; text_color_type=&#8220;uncode-palette&#8220;]MEHR<br \/>\nNACHHALTIGKEIT[\/vc_custom_heading][\/vc_column][\/vc_row]<\/p>\n<\/div>","protected":false},"excerpt":{"rendered":"<p>[vc_row row_height_percent=&#8220;0&#8243; override_padding=&#8220;yes&#8220; h_padding=&#8220;2&#8243; top_padding=&#8220;2&#8243; bottom_padding=&#8220;1&#8243; overlay_alpha=&#8220;50&#8243; gutter_size=&#8220;3&#8243; column_width_percent=&#8220;100&#8243; shift_y=&#8220;0&#8243; z_index=&#8220;0&#8243; uncode_shortcode_id=&#8220;168112&#8243;][vc_column width=&#8220;1\/1&#8243;][vc_empty_space empty_h=&#8220;3&#8243;][vc_empty_space empty_h=&#8220;0&#8243; desktop_visibility=&#8220;yes&#8220; medium_visibility=&#8220;yes&#8220;][vc_row_inner][vc_column_inner column_width_percent=&#8220;100&#8243; gutter_size=&#8220;1&#8243; overlay_alpha=&#8220;50&#8243; [&hellip;]<\/p>\n","protected":false},"author":1,"featured_media":354,"parent":0,"menu_order":0,"comment_status":"closed","ping_status":"closed","template":"","meta":{"footnotes":""},"class_list":["post-596","page","type-page","status-publish","has-post-thumbnail","hentry"],"yoast_head":"<!-- This site is optimized with the Yoast SEO plugin v23.1 - https:\/\/yoast.com\/wordpress\/plugins\/seo\/ -->\n<title>F\u00fcr Sie, f\u00fcr alle - Organic in conversion<\/title>\n<meta name=\"description\" content=\"Organic-in-Conversion-Baumwolle bietet Unternehmen die M\u00f6glichkeit, ihren Bedarf an nachhaltiger Baumwolle zu decken und auf die zunehmende Nachfrage nach nachhaltiger Kleidung zu reagieren.\" \/>\n<meta name=\"robots\" content=\"index, follow, max-snippet:-1, max-image-preview:large, max-video-preview:-1\" \/>\n<link rel=\"canonical\" href=\"https:\/\/organic-in-conversion.com\/de\/fuer-sie-fuer-alle\/\" \/>\n<meta property=\"og:locale\" content=\"de_DE\" \/>\n<meta property=\"og:type\" content=\"article\" \/>\n<meta property=\"og:title\" content=\"F\u00fcr Sie, f\u00fcr alle - Organic in conversion\" \/>\n<meta property=\"og:description\" content=\"Organic-in-Conversion-Baumwolle bietet Unternehmen die M\u00f6glichkeit, ihren Bedarf an nachhaltiger Baumwolle zu decken und auf die zunehmende Nachfrage nach nachhaltiger Kleidung zu reagieren.\" \/>\n<meta property=\"og:url\" content=\"https:\/\/organic-in-conversion.com\/de\/fuer-sie-fuer-alle\/\" \/>\n<meta property=\"og:site_name\" content=\"Organic in conversion\" \/>\n<meta property=\"article:modified_time\" content=\"2022-04-11T08:29:18+00:00\" \/>\n<meta property=\"og:image\" content=\"https:\/\/organic-in-conversion.com\/wp-content\/uploads\/2022\/03\/2203_BC_Site_OrganicInConversion_1_for-you-for-what_header.jpg\" \/>\n\t<meta property=\"og:image:width\" content=\"1920\" \/>\n\t<meta property=\"og:image:height\" content=\"760\" \/>\n\t<meta property=\"og:image:type\" content=\"image\/jpeg\" \/>\n<meta name=\"twitter:card\" content=\"summary_large_image\" \/>\n<meta name=\"twitter:label1\" content=\"Gesch\u00e4tzte Lesezeit\" \/>\n\t<meta name=\"twitter:data1\" content=\"3\u00a0Minuten\" \/>\n<script type=\"application\/ld+json\" class=\"yoast-schema-graph\">{\"@context\":\"https:\/\/schema.org\",\"@graph\":[{\"@type\":\"WebPage\",\"@id\":\"https:\/\/organic-in-conversion.com\/de\/fuer-sie-fuer-alle\/\",\"url\":\"https:\/\/organic-in-conversion.com\/de\/fuer-sie-fuer-alle\/\",\"name\":\"F\u00fcr Sie, f\u00fcr alle - Organic in conversion\",\"isPartOf\":{\"@id\":\"https:\/\/organic-in-conversion.com\/de\/#website\"},\"primaryImageOfPage\":{\"@id\":\"https:\/\/organic-in-conversion.com\/de\/fuer-sie-fuer-alle\/#primaryimage\"},\"image\":{\"@id\":\"https:\/\/organic-in-conversion.com\/de\/fuer-sie-fuer-alle\/#primaryimage\"},\"thumbnailUrl\":\"https:\/\/organic-in-conversion.com\/wp-content\/uploads\/2022\/03\/2203_BC_Site_OrganicInConversion_1_for-you-for-what_header.jpg\",\"datePublished\":\"2022-03-24T11:48:18+00:00\",\"dateModified\":\"2022-04-11T08:29:18+00:00\",\"description\":\"Organic-in-Conversion-Baumwolle bietet Unternehmen die M\u00f6glichkeit, ihren Bedarf an nachhaltiger Baumwolle zu decken und auf die zunehmende Nachfrage nach nachhaltiger Kleidung zu reagieren.\",\"breadcrumb\":{\"@id\":\"https:\/\/organic-in-conversion.com\/de\/fuer-sie-fuer-alle\/#breadcrumb\"},\"inLanguage\":\"de\",\"potentialAction\":[{\"@type\":\"ReadAction\",\"target\":[\"https:\/\/organic-in-conversion.com\/de\/fuer-sie-fuer-alle\/\"]}]},{\"@type\":\"ImageObject\",\"inLanguage\":\"de\",\"@id\":\"https:\/\/organic-in-conversion.com\/de\/fuer-sie-fuer-alle\/#primaryimage\",\"url\":\"https:\/\/organic-in-conversion.com\/wp-content\/uploads\/2022\/03\/2203_BC_Site_OrganicInConversion_1_for-you-for-what_header.jpg\",\"contentUrl\":\"https:\/\/organic-in-conversion.com\/wp-content\/uploads\/2022\/03\/2203_BC_Site_OrganicInConversion_1_for-you-for-what_header.jpg\",\"width\":1920,\"height\":760},{\"@type\":\"BreadcrumbList\",\"@id\":\"https:\/\/organic-in-conversion.com\/de\/fuer-sie-fuer-alle\/#breadcrumb\",\"itemListElement\":[{\"@type\":\"ListItem\",\"position\":1,\"name\":\"Home\",\"item\":\"https:\/\/organic-in-conversion.com\/de\/\"},{\"@type\":\"ListItem\",\"position\":2,\"name\":\"F\u00fcr Sie, f\u00fcr alle\"}]},{\"@type\":\"WebSite\",\"@id\":\"https:\/\/organic-in-conversion.com\/de\/#website\",\"url\":\"https:\/\/organic-in-conversion.com\/de\/\",\"name\":\"Organic in conversion\",\"description\":\"\",\"potentialAction\":[{\"@type\":\"SearchAction\",\"target\":{\"@type\":\"EntryPoint\",\"urlTemplate\":\"https:\/\/organic-in-conversion.com\/de\/?s={search_term_string}\"},\"query-input\":\"required name=search_term_string\"}],\"inLanguage\":\"de\"}]}<\/script>\n<!-- \/ Yoast SEO plugin. -->","yoast_head_json":{"title":"F\u00fcr Sie, f\u00fcr alle - Organic in conversion","description":"Organic-in-Conversion-Baumwolle bietet Unternehmen die M\u00f6glichkeit, ihren Bedarf an nachhaltiger Baumwolle zu decken und auf die zunehmende Nachfrage nach nachhaltiger Kleidung zu reagieren.","robots":{"index":"index","follow":"follow","max-snippet":"max-snippet:-1","max-image-preview":"max-image-preview:large","max-video-preview":"max-video-preview:-1"},"canonical":"https:\/\/organic-in-conversion.com\/de\/fuer-sie-fuer-alle\/","og_locale":"de_DE","og_type":"article","og_title":"F\u00fcr Sie, f\u00fcr alle - Organic in conversion","og_description":"Organic-in-Conversion-Baumwolle bietet Unternehmen die M\u00f6glichkeit, ihren Bedarf an nachhaltiger Baumwolle zu decken und auf die zunehmende Nachfrage nach nachhaltiger Kleidung zu reagieren.","og_url":"https:\/\/organic-in-conversion.com\/de\/fuer-sie-fuer-alle\/","og_site_name":"Organic in conversion","article_modified_time":"2022-04-11T08:29:18+00:00","og_image":[{"width":1920,"height":760,"url":"https:\/\/organic-in-conversion.com\/wp-content\/uploads\/2022\/03\/2203_BC_Site_OrganicInConversion_1_for-you-for-what_header.jpg","type":"image\/jpeg"}],"twitter_card":"summary_large_image","twitter_misc":{"Gesch\u00e4tzte Lesezeit":"3\u00a0Minuten"},"schema":{"@context":"https:\/\/schema.org","@graph":[{"@type":"WebPage","@id":"https:\/\/organic-in-conversion.com\/de\/fuer-sie-fuer-alle\/","url":"https:\/\/organic-in-conversion.com\/de\/fuer-sie-fuer-alle\/","name":"F\u00fcr Sie, f\u00fcr alle - Organic in conversion","isPartOf":{"@id":"https:\/\/organic-in-conversion.com\/de\/#website"},"primaryImageOfPage":{"@id":"https:\/\/organic-in-conversion.com\/de\/fuer-sie-fuer-alle\/#primaryimage"},"image":{"@id":"https:\/\/organic-in-conversion.com\/de\/fuer-sie-fuer-alle\/#primaryimage"},"thumbnailUrl":"https:\/\/organic-in-conversion.com\/wp-content\/uploads\/2022\/03\/2203_BC_Site_OrganicInConversion_1_for-you-for-what_header.jpg","datePublished":"2022-03-24T11:48:18+00:00","dateModified":"2022-04-11T08:29:18+00:00","description":"Organic-in-Conversion-Baumwolle bietet Unternehmen die M\u00f6glichkeit, ihren Bedarf an nachhaltiger Baumwolle zu decken und auf die zunehmende Nachfrage nach nachhaltiger Kleidung zu reagieren.","breadcrumb":{"@id":"https:\/\/organic-in-conversion.com\/de\/fuer-sie-fuer-alle\/#breadcrumb"},"inLanguage":"de","potentialAction":[{"@type":"ReadAction","target":["https:\/\/organic-in-conversion.com\/de\/fuer-sie-fuer-alle\/"]}]},{"@type":"ImageObject","inLanguage":"de","@id":"https:\/\/organic-in-conversion.com\/de\/fuer-sie-fuer-alle\/#primaryimage","url":"https:\/\/organic-in-conversion.com\/wp-content\/uploads\/2022\/03\/2203_BC_Site_OrganicInConversion_1_for-you-for-what_header.jpg","contentUrl":"https:\/\/organic-in-conversion.com\/wp-content\/uploads\/2022\/03\/2203_BC_Site_OrganicInConversion_1_for-you-for-what_header.jpg","width":1920,"height":760},{"@type":"BreadcrumbList","@id":"https:\/\/organic-in-conversion.com\/de\/fuer-sie-fuer-alle\/#breadcrumb","itemListElement":[{"@type":"ListItem","position":1,"name":"Home","item":"https:\/\/organic-in-conversion.com\/de\/"},{"@type":"ListItem","position":2,"name":"F\u00fcr Sie, f\u00fcr alle"}]},{"@type":"WebSite","@id":"https:\/\/organic-in-conversion.com\/de\/#website","url":"https:\/\/organic-in-conversion.com\/de\/","name":"Organic in conversion","description":"","potentialAction":[{"@type":"SearchAction","target":{"@type":"EntryPoint","urlTemplate":"https:\/\/organic-in-conversion.com\/de\/?s={search_term_string}"},"query-input":"required name=search_term_string"}],"inLanguage":"de"}]}},"_links":{"self":[{"href":"https:\/\/organic-in-conversion.com\/de\/wp-json\/wp\/v2\/pages\/596","targetHints":{"allow":["GET"]}}],"collection":[{"href":"https:\/\/organic-in-conversion.com\/de\/wp-json\/wp\/v2\/pages"}],"about":[{"href":"https:\/\/organic-in-conversion.com\/de\/wp-json\/wp\/v2\/types\/page"}],"author":[{"embeddable":true,"href":"https:\/\/organic-in-conversion.com\/de\/wp-json\/wp\/v2\/users\/1"}],"replies":[{"embeddable":true,"href":"https:\/\/organic-in-conversion.com\/de\/wp-json\/wp\/v2\/comments?post=596"}],"version-history":[{"count":18,"href":"https:\/\/organic-in-conversion.com\/de\/wp-json\/wp\/v2\/pages\/596\/revisions"}],"predecessor-version":[{"id":1466,"href":"https:\/\/organic-in-conversion.com\/de\/wp-json\/wp\/v2\/pages\/596\/revisions\/1466"}],"wp:featuredmedia":[{"embeddable":true,"href":"https:\/\/organic-in-conversion.com\/de\/wp-json\/wp\/v2\/media\/354"}],"wp:attachment":[{"href":"https:\/\/organic-in-conversion.com\/de\/wp-json\/wp\/v2\/media?parent=596"}],"curies":[{"name":"wp","href":"https:\/\/api.w.org\/{rel}","templated":true}]}}