{"id":581,"date":"2022-03-24T11:48:33","date_gmt":"2022-03-24T11:48:33","guid":{"rendered":"https:\/\/organic-in-conversion.com\/organic-in-conversion-baumwolle-ein-weiterer-schritt-in-eine-nachhaltigere-welt\/"},"modified":"2022-04-19T07:46:01","modified_gmt":"2022-04-19T07:46:01","slug":"organic-in-conversion-baumwolle-ein-weiterer-schritt-in-eine-nachhaltigere-welt","status":"publish","type":"page","link":"https:\/\/organic-in-conversion.com\/de\/organic-in-conversion-baumwolle-ein-weiterer-schritt-in-eine-nachhaltigere-welt\/","title":{"rendered":"Mehr Nachhaltigkeit"},"content":{"rendered":"<div class=\"wpb-content-wrapper\"><p>[vc_row row_height_percent=&#8220;0&#8243; override_padding=&#8220;yes&#8220; h_padding=&#8220;2&#8243; top_padding=&#8220;2&#8243; bottom_padding=&#8220;1&#8243; overlay_alpha=&#8220;50&#8243; gutter_size=&#8220;3&#8243; column_width_percent=&#8220;100&#8243; shift_y=&#8220;0&#8243; z_index=&#8220;0&#8243; uncode_shortcode_id=&#8220;168112&#8243;][vc_column width=&#8220;1\/1&#8243;][vc_empty_space empty_h=&#8220;3&#8243;][vc_row_inner][vc_column_inner column_width_percent=&#8220;100&#8243; gutter_size=&#8220;1&#8243; overlay_alpha=&#8220;50&#8243; shift_x=&#8220;0&#8243; shift_y=&#8220;0&#8243; shift_y_down=&#8220;0&#8243; z_index=&#8220;0&#8243; medium_width=&#8220;0&#8243; mobile_width=&#8220;0&#8243; width=&#8220;2\/6&#8243; uncode_shortcode_id=&#8220;270358&#8243;][vc_custom_heading heading_semantic=&#8220;h1&#8243; text_size=&#8220;fontsize-172371&#8243; text_transform=&#8220;uppercase&#8220; uncode_shortcode_id=&#8220;186124&#8243;]Organic-in-Conversion-Baumwolle: ein weiterer Schritt in eine nachhaltigere Welt[\/vc_custom_heading][\/vc_column_inner][vc_column_inner column_width_percent=&#8220;100&#8243; gutter_size=&#8220;3&#8243; overlay_alpha=&#8220;50&#8243; shift_x=&#8220;0&#8243; shift_y=&#8220;0&#8243; shift_y_down=&#8220;0&#8243; z_index=&#8220;0&#8243; medium_width=&#8220;0&#8243; mobile_visibility=&#8220;yes&#8220; mobile_width=&#8220;0&#8243; width=&#8220;3\/6&#8243; uncode_shortcode_id=&#8220;116336&#8243;][\/vc_column_inner][vc_column_inner column_width_percent=&#8220;100&#8243; position_vertical=&#8220;bottom&#8220; gutter_size=&#8220;3&#8243; overlay_alpha=&#8220;50&#8243; shift_x=&#8220;0&#8243; shift_y=&#8220;0&#8243; shift_y_down=&#8220;0&#8243; z_index=&#8220;0&#8243; medium_width=&#8220;0&#8243; mobile_width=&#8220;0&#8243; width=&#8220;1\/6&#8243; uncode_shortcode_id=&#8220;175373&#8243;][vc_empty_space empty_h=&#8220;0&#8243; desktop_visibility=&#8220;yes&#8220; medium_visibility=&#8220;yes&#8220;][uncode_socials][\/vc_column_inner][\/vc_row_inner][\/vc_column][\/vc_row][vc_row unlock_row_content=&#8220;yes&#8220; row_height_percent=&#8220;0&#8243; overlay_alpha=&#8220;50&#8243; gutter_size=&#8220;3&#8243; column_width_percent=&#8220;100&#8243; shift_y=&#8220;0&#8243; z_index=&#8220;0&#8243; mobile_visibility=&#8220;yes&#8220; uncode_shortcode_id=&#8220;148895&#8243;][vc_column column_width_percent=&#8220;100&#8243; gutter_size=&#8220;3&#8243; overlay_alpha=&#8220;50&#8243; shift_x=&#8220;0&#8243; shift_y=&#8220;0&#8243; shift_y_down=&#8220;0&#8243; z_index=&#8220;0&#8243; medium_width=&#8220;0&#8243; mobile_width=&#8220;0&#8243; width=&#8220;1\/1&#8243; uncode_shortcode_id=&#8220;215426&#8243; el_id=&#8220;header__intern__image&#8220;][vc_single_image dynamic=&#8220;yes&#8220; media_width_percent=&#8220;100&#8243; uncode_shortcode_id=&#8220;918054&#8243;][\/vc_column][\/vc_row][vc_row unlock_row_content=&#8220;yes&#8220; row_height_percent=&#8220;0&#8243; override_padding=&#8220;yes&#8220; h_padding=&#8220;0&#8243; top_padding=&#8220;2&#8243; bottom_padding=&#8220;2&#8243; overlay_alpha=&#8220;50&#8243; gutter_size=&#8220;3&#8243; column_width_percent=&#8220;100&#8243; shift_y=&#8220;0&#8243; z_index=&#8220;0&#8243; desktop_visibility=&#8220;yes&#8220; medium_visibility=&#8220;yes&#8220; uncode_shortcode_id=&#8220;255651&#8243;][vc_column column_width_percent=&#8220;100&#8243; gutter_size=&#8220;3&#8243; overlay_alpha=&#8220;50&#8243; shift_x=&#8220;0&#8243; shift_y=&#8220;0&#8243; shift_y_down=&#8220;0&#8243; z_index=&#8220;0&#8243; medium_width=&#8220;0&#8243; mobile_width=&#8220;0&#8243; width=&#8220;1\/1&#8243; uncode_shortcode_id=&#8220;215426&#8243; el_id=&#8220;header__intern__image&#8220;][vc_single_image dynamic=&#8220;yes&#8220; dynamic_source=&#8220;secondary&#8220; media_width_percent=&#8220;100&#8243; uncode_shortcode_id=&#8220;205410&#8243;][\/vc_column][\/vc_row][vc_row][vc_column width=&#8220;1\/1&#8243;][vc_row_inner][vc_column_inner width=&#8220;1\/6&#8243;][\/vc_column_inner][vc_column_inner column_width_percent=&#8220;100&#8243; gutter_size=&#8220;2&#8243; overlay_alpha=&#8220;50&#8243; shift_x=&#8220;0&#8243; shift_y=&#8220;0&#8243; shift_y_down=&#8220;0&#8243; z_index=&#8220;0&#8243; medium_width=&#8220;0&#8243; mobile_width=&#8220;0&#8243; width=&#8220;1\/2&#8243; uncode_shortcode_id=&#8220;145349&#8243;][vc_custom_heading text_size=&#8220;fontsize-551415&#8243; text_transform=&#8220;uppercase&#8220; uncode_shortcode_id=&#8220;165130&#8243;]Strenge Produktionsstandards[\/vc_custom_heading][vc_column_text uncode_shortcode_id=&#8220;645637&#8243;]Beim Umstieg zu einem \u00f6kologischen Baumwollanbau gelten strenge Regeln. Das sind im Grunde die gleichen wie f\u00fcr den \u00f6kologischen Anbau selbst, und zwar vom ersten Tag an. Es gilt: keine Verwendung von Chemikalien oder GVOs, ausschlie\u00dflich biologische oder nat\u00fcrliche D\u00fcnge- und Pflanzenschutzmittel, verantwortungsbewusster Umgang mit Ressourcen (vor allem mit Wasser) und Einhaltung eines angemessenen Fruchtwechselsystems f\u00fcr eine nachhaltige Erzeugung, die gut f\u00fcr B\u00f6den, Natur und Gesundheit ist. Die ausgepr\u00e4gte soziale Dimension ist ein weiterer Pluspunkt.[\/vc_column_text][vc_button button_color=&#8220;accent&#8220; border_width=&#8220;0&#8243; link=&#8220;url:%2Fthe-way-to-more-organic-cotton%2F&#8220; button_color_type=&#8220;uncode-palette&#8220; uncode_shortcode_id=&#8220;193371&#8243;]Entdecken Sie die gesellschaftliche Bedeutung von In Conversion Cotton[\/vc_button][\/vc_column_inner][vc_column_inner column_width_percent=&#8220;100&#8243; gutter_size=&#8220;3&#8243; overlay_alpha=&#8220;50&#8243; shift_x=&#8220;0&#8243; shift_y=&#8220;0&#8243; shift_y_down=&#8220;0&#8243; z_index=&#8220;0&#8243; medium_width=&#8220;0&#8243; mobile_visibility=&#8220;yes&#8220; mobile_width=&#8220;0&#8243; width=&#8220;1\/3&#8243; uncode_shortcode_id=&#8220;600444&#8243;][\/vc_column_inner][\/vc_row_inner][vc_empty_space empty_h=&#8220;2&#8243; mobile_visibility=&#8220;yes&#8220;][vc_row_inner][vc_column_inner column_width_percent=&#8220;100&#8243; gutter_size=&#8220;3&#8243; overlay_alpha=&#8220;50&#8243; shift_x=&#8220;0&#8243; shift_y=&#8220;0&#8243; shift_y_down=&#8220;0&#8243; z_index=&#8220;0&#8243; medium_width=&#8220;0&#8243; mobile_visibility=&#8220;yes&#8220; mobile_width=&#8220;0&#8243; width=&#8220;1\/6&#8243; uncode_shortcode_id=&#8220;126941&#8243;][\/vc_column_inner][vc_column_inner width=&#8220;2\/3&#8243;][vc_single_image media=&#8220;449&#8243; media_width_percent=&#8220;100&#8243; uncode_shortcode_id=&#8220;208271&#8243;][\/vc_column_inner][vc_column_inner width=&#8220;1\/6&#8243;][\/vc_column_inner][\/vc_row_inner][vc_empty_space empty_h=&#8220;2&#8243;][vc_row_inner][vc_column_inner column_width_percent=&#8220;100&#8243; gutter_size=&#8220;3&#8243; overlay_alpha=&#8220;50&#8243; shift_x=&#8220;0&#8243; shift_y=&#8220;0&#8243; shift_y_down=&#8220;0&#8243; z_index=&#8220;0&#8243; medium_width=&#8220;0&#8243; mobile_visibility=&#8220;yes&#8220; mobile_width=&#8220;0&#8243; width=&#8220;1\/2&#8243; uncode_shortcode_id=&#8220;418513&#8243;][vc_single_image media=&#8220;455&#8243; media_width_percent=&#8220;100&#8243; uncode_shortcode_id=&#8220;136669&#8243;][\/vc_column_inner][vc_column_inner width=&#8220;1\/12&#8243;][\/vc_column_inner][vc_column_inner column_width_percent=&#8220;100&#8243; position_vertical=&#8220;bottom&#8220; gutter_size=&#8220;2&#8243; overlay_alpha=&#8220;50&#8243; shift_x=&#8220;0&#8243; shift_y=&#8220;0&#8243; shift_y_down=&#8220;0&#8243; z_index=&#8220;0&#8243; medium_width=&#8220;0&#8243; mobile_width=&#8220;0&#8243; width=&#8220;5\/12&#8243; uncode_shortcode_id=&#8220;146859&#8243;][vc_custom_heading text_size=&#8220;fontsize-551415&#8243; text_transform=&#8220;uppercase&#8220; uncode_shortcode_id=&#8220;126084&#8243;]Garantierte R\u00fcckverfolgbarkeit[\/vc_custom_heading][vc_column_text uncode_shortcode_id=&#8220;130968&#8243;]Sie wollen wissen, woher die konventionell angebaute Baumwolle f\u00fcr Ihre T-Shirts kommt? Das ist in der Regel unm\u00f6glich.<\/p>\n<p>Wir versprechen allerdings, dass unsere Produkte aus Organic-in-Conversion-Baumwolle s\u00e4mtlichen Vorschriften gen\u00fcgen, die f\u00fcr Erzeuger*innen von Bio-Baumwolle gelten. Und das k\u00f6nnen wir auch belegen Die vollst\u00e4ndige R\u00fcckverfolgbarkeit unserer Produkte wird durch Transaktionszertifikate garantiert.<\/p>\n<p><strong>Gleiche Qualit\u00e4t \u2013 mehr Nachhaltigkeit<\/strong><\/p>\n<p>Sie m\u00f6chten mehr f\u00fcr die Umwelt tun, sind aber noch nicht von den Vorteilen der Organic-in-Conversion-Baumwolle \u00fcberzeugt? Keine Sorge: Eigentlich \u00e4ndert sich f\u00fcr Sie nichts. Sie k\u00f6nnen Ihren Kund*innen die gleichen Designs, die gleichen Farben und die gleiche Qualit\u00e4t anbieten wie zuvor, allerdings mit einem gro\u00dfen Pluspunkt: Die Baumwolle wird nach aktuellen Bio-Standards erzeugt.<\/p>\n<p>Damit unterst\u00fctzen Sie die Umwandlung gro\u00dfer Fl\u00e4chen mit konventionell angebauter Baumwolle zu Bio-Kulturen.[\/vc_column_text][vc_button button_color=&#8220;accent&#8220; border_width=&#8220;0&#8243; link=&#8220;url:%2Ffor-you-for-what%2F&#8220; button_color_type=&#8220;uncode-palette&#8220; uncode_shortcode_id=&#8220;210710&#8243;]Erfahren Sie mehr \u00fcber den Mehrwert von In Conversion Cotton f\u00fcr Sie und Ihre Kunden[\/vc_button][\/vc_column_inner][\/vc_row_inner][vc_empty_space empty_h=&#8220;2&#8243;][vc_row_inner][vc_column_inner column_width_percent=&#8220;100&#8243; gutter_size=&#8220;3&#8243; overlay_alpha=&#8220;50&#8243; shift_x=&#8220;0&#8243; shift_y=&#8220;0&#8243; shift_y_down=&#8220;0&#8243; z_index=&#8220;0&#8243; desktop_visibility=&#8220;yes&#8220; medium_visibility=&#8220;yes&#8220; medium_width=&#8220;0&#8243; mobile_width=&#8220;0&#8243; width=&#8220;1\/1&#8243; uncode_shortcode_id=&#8220;126828&#8243;][vc_single_image media=&#8220;455&#8243; media_width_percent=&#8220;100&#8243; uncode_shortcode_id=&#8220;136669&#8243;][\/vc_column_inner][\/vc_row_inner][vc_empty_space empty_h=&#8220;2&#8243;][\/vc_column][\/vc_row][vc_row unlock_row_content=&#8220;yes&#8220; row_height_percent=&#8220;0&#8243; overlay_alpha=&#8220;60&#8243; gutter_size=&#8220;3&#8243; column_width_percent=&#8220;100&#8243; shift_y=&#8220;0&#8243; z_index=&#8220;0&#8243; uncode_shortcode_id=&#8220;892096&#8243; el_class=&#8220;postblock-large-intern&#8220;][vc_column column_width_percent=&#8220;100&#8243; position_vertical=&#8220;middle&#8220; align_horizontal=&#8220;align_center&#8220; gutter_size=&#8220;2&#8243; back_image=&#8220;463&#8243; back_repeat=&#8220;no-repeat&#8220; overlay_color=&#8220;color-118961&#8243; overlay_alpha=&#8220;60&#8243; shift_x=&#8220;0&#8243; shift_y=&#8220;0&#8243; shift_y_down=&#8220;0&#8243; z_index=&#8220;0&#8243; medium_width=&#8220;0&#8243; mobile_width=&#8220;0&#8243; width=&#8220;1\/1&#8243; uncode_shortcode_id=&#8220;207629&#8243; overlay_color_type=&#8220;uncode-palette&#8220; link_to=&#8220;url:%2Fthe-way-to-more-organic-cotton%2F|title:The%20way%20to%20more%20organic%20cotton&#8220;][vc_column_text text_color=&#8220;color-xsdn&#8220; uncode_shortcode_id=&#8220;112686&#8243; text_color_type=&#8220;uncode-palette&#8220;]NEXT[\/vc_column_text][vc_custom_heading text_color=&#8220;color-xsdn&#8220; heading_semantic=&#8220;h3&#8243; text_size=&#8220;fontsize-828145&#8243; text_transform=&#8220;uppercase&#8220; uncode_shortcode_id=&#8220;199609&#8243; text_color_type=&#8220;uncode-palette&#8220;]DER WEG ZU MEHR BIO-BAUMWOLLE[\/vc_custom_heading][\/vc_column][\/vc_row]<\/p>\n<\/div>","protected":false},"excerpt":{"rendered":"<p>[vc_row row_height_percent=&#8220;0&#8243; override_padding=&#8220;yes&#8220; h_padding=&#8220;2&#8243; top_padding=&#8220;2&#8243; bottom_padding=&#8220;1&#8243; overlay_alpha=&#8220;50&#8243; gutter_size=&#8220;3&#8243; column_width_percent=&#8220;100&#8243; shift_y=&#8220;0&#8243; z_index=&#8220;0&#8243; uncode_shortcode_id=&#8220;168112&#8243;][vc_column width=&#8220;1\/1&#8243;][vc_empty_space empty_h=&#8220;3&#8243;][vc_row_inner][vc_column_inner column_width_percent=&#8220;100&#8243; gutter_size=&#8220;1&#8243; overlay_alpha=&#8220;50&#8243; shift_x=&#8220;0&#8243; shift_y=&#8220;0&#8243; shift_y_down=&#8220;0&#8243; [&hellip;]<\/p>\n","protected":false},"author":1,"featured_media":445,"parent":0,"menu_order":0,"comment_status":"closed","ping_status":"closed","template":"","meta":{"footnotes":""},"class_list":["post-581","page","type-page","status-publish","has-post-thumbnail","hentry"],"yoast_head":"<!-- This site is optimized with the Yoast SEO plugin v23.1 - https:\/\/yoast.com\/wordpress\/plugins\/seo\/ -->\n<title>Mehr Nachhaltigkeit - Organic in conversion<\/title>\n<meta name=\"description\" content=\"Organic-in-Conversion-Baumwolle ist deutlich nachhaltiger, r\u00fcckverfolgbar und nur geringf\u00fcgig teurer als konventionelle Baumwolle. Ein gro\u00dfer Vorteil gegen\u00fcber Bio-Baumwolle.\" \/>\n<meta name=\"robots\" content=\"index, follow, max-snippet:-1, max-image-preview:large, max-video-preview:-1\" \/>\n<link rel=\"canonical\" href=\"https:\/\/organic-in-conversion.com\/de\/organic-in-conversion-baumwolle-ein-weiterer-schritt-in-eine-nachhaltigere-welt\/\" \/>\n<meta property=\"og:locale\" content=\"de_DE\" \/>\n<meta property=\"og:type\" content=\"article\" \/>\n<meta property=\"og:title\" content=\"Mehr Nachhaltigkeit - Organic in conversion\" \/>\n<meta property=\"og:description\" content=\"Organic-in-Conversion-Baumwolle ist deutlich nachhaltiger, r\u00fcckverfolgbar und nur geringf\u00fcgig teurer als konventionelle Baumwolle. Ein gro\u00dfer Vorteil gegen\u00fcber Bio-Baumwolle.\" \/>\n<meta property=\"og:url\" content=\"https:\/\/organic-in-conversion.com\/de\/organic-in-conversion-baumwolle-ein-weiterer-schritt-in-eine-nachhaltigere-welt\/\" \/>\n<meta property=\"og:site_name\" content=\"Organic in conversion\" \/>\n<meta property=\"article:modified_time\" content=\"2022-04-19T07:46:01+00:00\" \/>\n<meta property=\"og:image\" content=\"https:\/\/organic-in-conversion.com\/wp-content\/uploads\/2022\/03\/2203_BC_Site_OrganicInConversion_1_step-further_header.jpeg\" \/>\n\t<meta property=\"og:image:width\" content=\"1920\" \/>\n\t<meta property=\"og:image:height\" content=\"760\" \/>\n\t<meta property=\"og:image:type\" content=\"image\/jpeg\" \/>\n<meta name=\"twitter:card\" content=\"summary_large_image\" \/>\n<meta name=\"twitter:label1\" content=\"Gesch\u00e4tzte Lesezeit\" \/>\n\t<meta name=\"twitter:data1\" content=\"2\u00a0Minuten\" \/>\n<script type=\"application\/ld+json\" class=\"yoast-schema-graph\">{\"@context\":\"https:\/\/schema.org\",\"@graph\":[{\"@type\":\"WebPage\",\"@id\":\"https:\/\/organic-in-conversion.com\/de\/organic-in-conversion-baumwolle-ein-weiterer-schritt-in-eine-nachhaltigere-welt\/\",\"url\":\"https:\/\/organic-in-conversion.com\/de\/organic-in-conversion-baumwolle-ein-weiterer-schritt-in-eine-nachhaltigere-welt\/\",\"name\":\"Mehr Nachhaltigkeit - Organic in conversion\",\"isPartOf\":{\"@id\":\"https:\/\/organic-in-conversion.com\/de\/#website\"},\"primaryImageOfPage\":{\"@id\":\"https:\/\/organic-in-conversion.com\/de\/organic-in-conversion-baumwolle-ein-weiterer-schritt-in-eine-nachhaltigere-welt\/#primaryimage\"},\"image\":{\"@id\":\"https:\/\/organic-in-conversion.com\/de\/organic-in-conversion-baumwolle-ein-weiterer-schritt-in-eine-nachhaltigere-welt\/#primaryimage\"},\"thumbnailUrl\":\"https:\/\/organic-in-conversion.com\/wp-content\/uploads\/2022\/03\/2203_BC_Site_OrganicInConversion_1_step-further_header.jpeg\",\"datePublished\":\"2022-03-24T11:48:33+00:00\",\"dateModified\":\"2022-04-19T07:46:01+00:00\",\"description\":\"Organic-in-Conversion-Baumwolle ist deutlich nachhaltiger, r\u00fcckverfolgbar und nur geringf\u00fcgig teurer als konventionelle Baumwolle. Ein gro\u00dfer Vorteil gegen\u00fcber Bio-Baumwolle.\",\"breadcrumb\":{\"@id\":\"https:\/\/organic-in-conversion.com\/de\/organic-in-conversion-baumwolle-ein-weiterer-schritt-in-eine-nachhaltigere-welt\/#breadcrumb\"},\"inLanguage\":\"de\",\"potentialAction\":[{\"@type\":\"ReadAction\",\"target\":[\"https:\/\/organic-in-conversion.com\/de\/organic-in-conversion-baumwolle-ein-weiterer-schritt-in-eine-nachhaltigere-welt\/\"]}]},{\"@type\":\"ImageObject\",\"inLanguage\":\"de\",\"@id\":\"https:\/\/organic-in-conversion.com\/de\/organic-in-conversion-baumwolle-ein-weiterer-schritt-in-eine-nachhaltigere-welt\/#primaryimage\",\"url\":\"https:\/\/organic-in-conversion.com\/wp-content\/uploads\/2022\/03\/2203_BC_Site_OrganicInConversion_1_step-further_header.jpeg\",\"contentUrl\":\"https:\/\/organic-in-conversion.com\/wp-content\/uploads\/2022\/03\/2203_BC_Site_OrganicInConversion_1_step-further_header.jpeg\",\"width\":1920,\"height\":760},{\"@type\":\"BreadcrumbList\",\"@id\":\"https:\/\/organic-in-conversion.com\/de\/organic-in-conversion-baumwolle-ein-weiterer-schritt-in-eine-nachhaltigere-welt\/#breadcrumb\",\"itemListElement\":[{\"@type\":\"ListItem\",\"position\":1,\"name\":\"Home\",\"item\":\"https:\/\/organic-in-conversion.com\/de\/\"},{\"@type\":\"ListItem\",\"position\":2,\"name\":\"Mehr Nachhaltigkeit\"}]},{\"@type\":\"WebSite\",\"@id\":\"https:\/\/organic-in-conversion.com\/de\/#website\",\"url\":\"https:\/\/organic-in-conversion.com\/de\/\",\"name\":\"Organic in conversion\",\"description\":\"\",\"potentialAction\":[{\"@type\":\"SearchAction\",\"target\":{\"@type\":\"EntryPoint\",\"urlTemplate\":\"https:\/\/organic-in-conversion.com\/de\/?s={search_term_string}\"},\"query-input\":\"required name=search_term_string\"}],\"inLanguage\":\"de\"}]}<\/script>\n<!-- \/ Yoast SEO plugin. -->","yoast_head_json":{"title":"Mehr Nachhaltigkeit - Organic in conversion","description":"Organic-in-Conversion-Baumwolle ist deutlich nachhaltiger, r\u00fcckverfolgbar und nur geringf\u00fcgig teurer als konventionelle Baumwolle. Ein gro\u00dfer Vorteil gegen\u00fcber Bio-Baumwolle.","robots":{"index":"index","follow":"follow","max-snippet":"max-snippet:-1","max-image-preview":"max-image-preview:large","max-video-preview":"max-video-preview:-1"},"canonical":"https:\/\/organic-in-conversion.com\/de\/organic-in-conversion-baumwolle-ein-weiterer-schritt-in-eine-nachhaltigere-welt\/","og_locale":"de_DE","og_type":"article","og_title":"Mehr Nachhaltigkeit - Organic in conversion","og_description":"Organic-in-Conversion-Baumwolle ist deutlich nachhaltiger, r\u00fcckverfolgbar und nur geringf\u00fcgig teurer als konventionelle Baumwolle. Ein gro\u00dfer Vorteil gegen\u00fcber Bio-Baumwolle.","og_url":"https:\/\/organic-in-conversion.com\/de\/organic-in-conversion-baumwolle-ein-weiterer-schritt-in-eine-nachhaltigere-welt\/","og_site_name":"Organic in conversion","article_modified_time":"2022-04-19T07:46:01+00:00","og_image":[{"width":1920,"height":760,"url":"https:\/\/organic-in-conversion.com\/wp-content\/uploads\/2022\/03\/2203_BC_Site_OrganicInConversion_1_step-further_header.jpeg","type":"image\/jpeg"}],"twitter_card":"summary_large_image","twitter_misc":{"Gesch\u00e4tzte Lesezeit":"2\u00a0Minuten"},"schema":{"@context":"https:\/\/schema.org","@graph":[{"@type":"WebPage","@id":"https:\/\/organic-in-conversion.com\/de\/organic-in-conversion-baumwolle-ein-weiterer-schritt-in-eine-nachhaltigere-welt\/","url":"https:\/\/organic-in-conversion.com\/de\/organic-in-conversion-baumwolle-ein-weiterer-schritt-in-eine-nachhaltigere-welt\/","name":"Mehr Nachhaltigkeit - Organic in conversion","isPartOf":{"@id":"https:\/\/organic-in-conversion.com\/de\/#website"},"primaryImageOfPage":{"@id":"https:\/\/organic-in-conversion.com\/de\/organic-in-conversion-baumwolle-ein-weiterer-schritt-in-eine-nachhaltigere-welt\/#primaryimage"},"image":{"@id":"https:\/\/organic-in-conversion.com\/de\/organic-in-conversion-baumwolle-ein-weiterer-schritt-in-eine-nachhaltigere-welt\/#primaryimage"},"thumbnailUrl":"https:\/\/organic-in-conversion.com\/wp-content\/uploads\/2022\/03\/2203_BC_Site_OrganicInConversion_1_step-further_header.jpeg","datePublished":"2022-03-24T11:48:33+00:00","dateModified":"2022-04-19T07:46:01+00:00","description":"Organic-in-Conversion-Baumwolle ist deutlich nachhaltiger, r\u00fcckverfolgbar und nur geringf\u00fcgig teurer als konventionelle Baumwolle. Ein gro\u00dfer Vorteil gegen\u00fcber Bio-Baumwolle.","breadcrumb":{"@id":"https:\/\/organic-in-conversion.com\/de\/organic-in-conversion-baumwolle-ein-weiterer-schritt-in-eine-nachhaltigere-welt\/#breadcrumb"},"inLanguage":"de","potentialAction":[{"@type":"ReadAction","target":["https:\/\/organic-in-conversion.com\/de\/organic-in-conversion-baumwolle-ein-weiterer-schritt-in-eine-nachhaltigere-welt\/"]}]},{"@type":"ImageObject","inLanguage":"de","@id":"https:\/\/organic-in-conversion.com\/de\/organic-in-conversion-baumwolle-ein-weiterer-schritt-in-eine-nachhaltigere-welt\/#primaryimage","url":"https:\/\/organic-in-conversion.com\/wp-content\/uploads\/2022\/03\/2203_BC_Site_OrganicInConversion_1_step-further_header.jpeg","contentUrl":"https:\/\/organic-in-conversion.com\/wp-content\/uploads\/2022\/03\/2203_BC_Site_OrganicInConversion_1_step-further_header.jpeg","width":1920,"height":760},{"@type":"BreadcrumbList","@id":"https:\/\/organic-in-conversion.com\/de\/organic-in-conversion-baumwolle-ein-weiterer-schritt-in-eine-nachhaltigere-welt\/#breadcrumb","itemListElement":[{"@type":"ListItem","position":1,"name":"Home","item":"https:\/\/organic-in-conversion.com\/de\/"},{"@type":"ListItem","position":2,"name":"Mehr Nachhaltigkeit"}]},{"@type":"WebSite","@id":"https:\/\/organic-in-conversion.com\/de\/#website","url":"https:\/\/organic-in-conversion.com\/de\/","name":"Organic in conversion","description":"","potentialAction":[{"@type":"SearchAction","target":{"@type":"EntryPoint","urlTemplate":"https:\/\/organic-in-conversion.com\/de\/?s={search_term_string}"},"query-input":"required name=search_term_string"}],"inLanguage":"de"}]}},"_links":{"self":[{"href":"https:\/\/organic-in-conversion.com\/de\/wp-json\/wp\/v2\/pages\/581","targetHints":{"allow":["GET"]}}],"collection":[{"href":"https:\/\/organic-in-conversion.com\/de\/wp-json\/wp\/v2\/pages"}],"about":[{"href":"https:\/\/organic-in-conversion.com\/de\/wp-json\/wp\/v2\/types\/page"}],"author":[{"embeddable":true,"href":"https:\/\/organic-in-conversion.com\/de\/wp-json\/wp\/v2\/users\/1"}],"replies":[{"embeddable":true,"href":"https:\/\/organic-in-conversion.com\/de\/wp-json\/wp\/v2\/comments?post=581"}],"version-history":[{"count":25,"href":"https:\/\/organic-in-conversion.com\/de\/wp-json\/wp\/v2\/pages\/581\/revisions"}],"predecessor-version":[{"id":1637,"href":"https:\/\/organic-in-conversion.com\/de\/wp-json\/wp\/v2\/pages\/581\/revisions\/1637"}],"wp:featuredmedia":[{"embeddable":true,"href":"https:\/\/organic-in-conversion.com\/de\/wp-json\/wp\/v2\/media\/445"}],"wp:attachment":[{"href":"https:\/\/organic-in-conversion.com\/de\/wp-json\/wp\/v2\/media?parent=581"}],"curies":[{"name":"wp","href":"https:\/\/api.w.org\/{rel}","templated":true}]}}